{"id":4202,"date":"2026-03-24T16:06:44","date_gmt":"2026-03-24T16:06:44","guid":{"rendered":"https:\/\/www.mkreborns.com\/?post_type=product&#038;p=4202"},"modified":"2026-03-25T00:45:53","modified_gmt":"2026-03-25T00:45:53","slug":"full-body-silicone-twins-mini-reborn-baby-girl-dolls","status":"publish","type":"product","link":"https:\/\/www.mkreborns.com\/sk\/product\/full-body-silicone-twins-mini-reborn-baby-girl-dolls\/","title":{"rendered":"Silik\u00f3nov\u00e9 reborn b\u00e1biky Tracy a Tasha s dvoj\u010datami cel\u00e9ho tela"},"content":{"rendered":"<h2>Silik\u00f3nov\u00e9 dvoj\u010dat\u00e1 Tracy a Tasha na cel\u00e9 telo<\/h2>\n<div>Tracy a Tasha s\u00fa rafinovan\u00fd p\u00e1r celotelov\u00fdch silik\u00f3nov\u00fdch dvoj\u010diat, prec\u00edzne vymodelovan\u00fdch tak, aby odr\u00e1\u017eali m\u00e4kkos\u0165 a symetriu novorodenca. Tieto celotelov\u00e9 silik\u00f3nov\u00e9 dvoj\u010dat\u00e1 na predaj s\u00fa obdivovan\u00e9 pre svoju drobn\u00fa 33-centimetrov\u00fa ve\u013ekos\u0165 a vyv\u00e1\u017een\u00e9 proporcie, v\u010faka \u010domu s\u00fa vynikaj\u00facou vo\u013ebou pre zberate\u013eov, ktor\u00ed h\u013eadaj\u00fa roztomil\u00e9 reborn b\u00e1biky s dvoj\u010datami a v\u00fdraznou identitou.<\/div>\n<h3>Diev\u010densk\u00e9 dvoji\u010dky znovuzroden\u00e9 s mini detailmi<\/h3>\n<div>Tracy a Tasha, znovuzroden\u00e9 diev\u010datk\u00e1-dvoji\u010dky, maj\u00fa m\u00e4kk\u00e9 silik\u00f3nov\u00e9 tel\u00e1 a jemn\u00e9 v\u00fdrazy tv\u00e1re, ktor\u00e9 odr\u00e1\u017eaj\u00fa skuto\u010dn\u00e9 b\u00e1b\u00e4tk\u00e1. Tieto b\u00e1biky reborn dvoji\u010diek s\u00fa \u013eahk\u00e9 a maj\u00fa pru\u017en\u00fa \u0161trukt\u00faru, ktor\u00e1 zvy\u0161uje realizmus a z\u00e1rove\u0148 sa s nimi \u013eahko manipuluje a vystavuj\u00fa.<\/div>\n<h3>Vlastnosti a v\u00fdhody<\/h3>\n<ol>\n<li>Kompaktn\u00e1 13-palcov\u00e1 mini ve\u013ekos\u0165 s detailn\u00fdm tvarovan\u00edm<\/li>\n<li>Celotelov\u00e1 silik\u00f3nov\u00e1 kon\u0161trukcia s m\u00e4kk\u00fdm povrchom<\/li>\n<li>\u013dahk\u00fd dizajn pre bezprobl\u00e9mov\u00e9 p\u00f3zovanie<\/li>\n<li>Vyroben\u00e9 bez pou\u017eitia chemik\u00e1li\u00ed s vysok\u00fdm obsahom l\u00e1tok<\/li>\n<\/ol>\n<div>\u0160pecifik\u00e1cie<\/div>\n<ul>\n<li>Materi\u00e1l: Silik\u00f3n<\/li>\n<li>Ve\u013ekos\u0165: 13 palcov<\/li>\n<li>Vlastnosti: Mini, m\u00e4kk\u00e9<\/li>\n<li>Pohlavie: Diev\u010dat\u00e1<\/li>\n<li>Vysoko rizikov\u00e1 chemik\u00e1lia: \u017diadna<\/li>\n<\/ul>\n<div>Tracy a Tasha vytv\u00e1raj\u00fa harmonick\u00fd vzh\u013ead dvoj\u010diat, v\u010faka \u010domu s\u00fa v\u00fdnimo\u010dn\u00fdm doplnkom ka\u017edej kolekcie silik\u00f3nov\u00fdch dvoj\u010diat s pln\u00fdm telom.<\/div>","protected":false},"excerpt":{"rendered":"<p>Tracy a Tasha prin\u00e1\u0161aj\u00fa jemn\u00fa dvoj\u010dat\u00fa podobu s m\u00e4kkou silik\u00f3novou text\u00farou a realistick\u00fdmi \u010drtami novorodenca, ktor\u00e9 s\u00fa navrhnut\u00e9 tak, aby okam\u017eite up\u00fatali pozornos\u0165.<\/p>","protected":false},"featured_media":4203,"comment_status":"open","ping_status":"closed","template":"","meta":[],"product_brand":[],"product_cat":[236,238,146,156,153],"product_tag":[],"class_list":{"0":"post-4202","1":"product","2":"type-product","3":"status-publish","4":"has-post-thumbnail","6":"product_cat-twin-reborn-dolls","7":"product_cat-13-inch-reborn-dolls","8":"product_cat-full-silicone-reborn-dolls","9":"product_cat-life-sized-dolls","10":"product_cat-newborn-reborn-dolls","12":"first","13":"instock","14":"sale","15":"shipping-taxable","16":"purchasable","17":"product-type-simple"},"_links":{"self":[{"href":"https:\/\/www.mkreborns.com\/sk\/wp-json\/wp\/v2\/product\/4202","targetHints":{"allow":["GET"]}}],"collection":[{"href":"https:\/\/www.mkreborns.com\/sk\/wp-json\/wp\/v2\/product"}],"about":[{"href":"https:\/\/www.mkreborns.com\/sk\/wp-json\/wp\/v2\/types\/product"}],"replies":[{"embeddable":true,"href":"https:\/\/www.mkreborns.com\/sk\/wp-json\/wp\/v2\/comments?post=4202"}],"wp:featuredmedia":[{"embeddable":true,"href":"https:\/\/www.mkreborns.com\/sk\/wp-json\/wp\/v2\/media\/4203"}],"wp:attachment":[{"href":"https:\/\/www.mkreborns.com\/sk\/wp-json\/wp\/v2\/media?parent=4202"}],"wp:term":[{"taxonomy":"product_brand","embeddable":true,"href":"https:\/\/www.mkreborns.com\/sk\/wp-json\/wp\/v2\/product_brand?post=4202"},{"taxonomy":"product_cat","embeddable":true,"href":"https:\/\/www.mkreborns.com\/sk\/wp-json\/wp\/v2\/product_cat?post=4202"},{"taxonomy":"product_tag","embeddable":true,"href":"https:\/\/www.mkreborns.com\/sk\/wp-json\/wp\/v2\/product_tag?post=4202"}],"curies":[{"name":"pracovn\u00fd list","href":"https:\/\/api.w.org\/{rel}","templated":true}]}}