{"id":4195,"date":"2026-03-24T08:06:41","date_gmt":"2026-03-24T08:06:41","guid":{"rendered":"https:\/\/www.mkreborns.com\/?post_type=product&#038;p=4195"},"modified":"2026-03-24T08:33:50","modified_gmt":"2026-03-24T08:33:50","slug":"realistic-bonnie-brown-20-inch-vinyl-boy-twin-reborn-doll","status":"publish","type":"product","link":"https:\/\/www.mkreborns.com\/sk\/product\/realistic-bonnie-brown-20-inch-vinyl-boy-twin-reborn-doll\/","title":{"rendered":"Realistick\u00e1 reborn b\u00e1bika Bonnie Brown s rozmerom 20 palcov, vinylov\u00fd chlapec s dvoj\u010da\u0165om"},"content":{"rendered":"<h2>Majstrovsk\u00e9 umenie dvoj\u010da\u0165a Bonnie Brownovej A<\/h2>\n<div>Mk Reborns predstavuje vynikaj\u00face stv\u00e1rnenie ikonickej sochy dvoj\u010da\u0165a Bonnie Brownovej, ktor\u00e1 zachyt\u00e1va \u00e9terick\u00fa nevinnos\u0165 detstva. Ka\u017ed\u00e1 20-palcov\u00e1 vinylov\u00e1 b\u00e1bika sa vyzna\u010duje ru\u010dne ma\u013eovan\u00fdmi \u0161kvrnami na ko\u017ei a m\u00e4kk\u00fdmi kon\u010datinami, ktor\u00e9 napodob\u0148uj\u00fa pru\u017enos\u0165 skuto\u010dnej poko\u017eky. Hoci s\u00fa tieto b\u00e1biky reborn dvoj\u010dat\u00e1 cenovo dostupn\u00e9, ich sofistikovan\u00e9 remeseln\u00e9 spracovanie im zaru\u010duje prest\u00ed\u017ene miesto vo va\u0161ej vybranej v\u00fdstave.<\/div>\n<h3>Autentick\u00e9 vlastnosti b\u00e1bik Reborn Twins Baby<\/h3>\n<div>Tieto b\u00e1biky znovuzroden\u00fdch dvoj\u010diat prich\u00e1dzaj\u00fa v r\u00fachu na mieru a s hmatov\u00fdm vzh\u013eadom, ktor\u00fd si vy\u017eaduje jemn\u00e9 zaobch\u00e1dzanie. Ich anatomick\u00e1 presnos\u0165 a pokojn\u00e9 v\u00fdrazy tv\u00e1re poskytuj\u00fa terapeutick\u00fd \u00fastredn\u00fd bod pre t\u00fdch, ktor\u00ed h\u013eadaj\u00fa realistick\u00fa simul\u00e1ciu starostlivosti.<\/div>\n<ul>\n<li>Vyroben\u00e9 z prvotriedneho, netoxick\u00e9ho vinylu pre trval\u00fa \u0161truktur\u00e1lnu integritu.<\/li>\n<li>Meran\u00e9 na 50 cm, aby poskytovalo zna\u010dn\u00fa a realistick\u00fa hmotnos\u0165 v kol\u00edske.<\/li>\n<li>Detailn\u00e9 mikro\u017eilkovanie a priesvitn\u00e9 nechtov\u00e9 l\u00f4\u017eka pre vizu\u00e1lnu h\u013abku.<\/li>\n<\/ul>\n<div>Majitelia si cenia dvojit\u00fa spolo\u010dnos\u0165, ktor\u00fa tieto roztomil\u00e9 reborn b\u00e1biky dvoj\u010diat pon\u00fakaj\u00fa, preto\u017ee dokonale zachyt\u00e1vaj\u00fa synchronizovan\u00e9 \u010daro s\u00farodencov. Ka\u017ed\u00e1 estetick\u00e1 vo\u013eba umoc\u0148uje nepopierate\u013en\u00e9 \u010daro vysoko vernej reborn b\u00e1biky Bonnie Brown Boy Twin.<\/div>","protected":false},"excerpt":{"rendered":"<div>Adoptovanie t\u00fdchto krehk\u00fdch obyvate\u013eov \u0161k\u00f4lky prin\u00e1\u0161a do ka\u017ed\u00e9ho zberate\u013esk\u00e9ho \u00fato\u010diska hlbok\u00fd pocit pokoja. T\u00edto starostlivo vyv\u00e1\u017een\u00ed spolo\u010dn\u00edci odr\u00e1\u017eaj\u00fa jemn\u00e9 nuansy neonat\u00e1lnej anat\u00f3mie a vytv\u00e1raj\u00fa okam\u017eit\u00e9 emocion\u00e1lne puto, ktor\u00e9 presahuje oby\u010dajn\u00fd kon\u00ed\u010dek.<\/div>","protected":false},"featured_media":4196,"comment_status":"open","ping_status":"closed","template":"","meta":[],"product_brand":[],"product_cat":[237,145,236,152],"product_tag":[],"class_list":{"0":"post-4195","1":"product","2":"type-product","3":"status-publish","4":"has-post-thumbnail","6":"product_cat-20-inch-reborn-dolls","7":"product_cat-baby-boy-reborn-dolls","8":"product_cat-twin-reborn-dolls","9":"product_cat-vinyl-reborn-dolls","11":"first","12":"instock","13":"sale","14":"shipping-taxable","15":"purchasable","16":"product-type-simple"},"_links":{"self":[{"href":"https:\/\/www.mkreborns.com\/sk\/wp-json\/wp\/v2\/product\/4195","targetHints":{"allow":["GET"]}}],"collection":[{"href":"https:\/\/www.mkreborns.com\/sk\/wp-json\/wp\/v2\/product"}],"about":[{"href":"https:\/\/www.mkreborns.com\/sk\/wp-json\/wp\/v2\/types\/product"}],"replies":[{"embeddable":true,"href":"https:\/\/www.mkreborns.com\/sk\/wp-json\/wp\/v2\/comments?post=4195"}],"wp:featuredmedia":[{"embeddable":true,"href":"https:\/\/www.mkreborns.com\/sk\/wp-json\/wp\/v2\/media\/4196"}],"wp:attachment":[{"href":"https:\/\/www.mkreborns.com\/sk\/wp-json\/wp\/v2\/media?parent=4195"}],"wp:term":[{"taxonomy":"product_brand","embeddable":true,"href":"https:\/\/www.mkreborns.com\/sk\/wp-json\/wp\/v2\/product_brand?post=4195"},{"taxonomy":"product_cat","embeddable":true,"href":"https:\/\/www.mkreborns.com\/sk\/wp-json\/wp\/v2\/product_cat?post=4195"},{"taxonomy":"product_tag","embeddable":true,"href":"https:\/\/www.mkreborns.com\/sk\/wp-json\/wp\/v2\/product_tag?post=4195"}],"curies":[{"name":"pracovn\u00fd list","href":"https:\/\/api.w.org\/{rel}","templated":true}]}}