{"id":4184,"date":"2026-03-22T15:16:30","date_gmt":"2026-03-22T15:16:30","guid":{"rendered":"https:\/\/www.mkreborns.com\/product\/22-inch-baby-soft-vinyl-toy-reborn-doll\/"},"modified":"2026-03-22T15:46:25","modified_gmt":"2026-03-22T15:46:25","slug":"22-inch-baby-soft-vinyl-toy-reborn-doll","status":"publish","type":"product","link":"https:\/\/www.mkreborns.com\/sk\/product\/22-inch-baby-soft-vinyl-toy-reborn-doll\/","title":{"rendered":"22-pal\u010dna otro\u0161ka mehka vinilna igra\u010da reborn b\u00e1bika"},"content":{"rendered":"<p>55 cm vysok\u00e1 Reborn b\u00e1bika je skvel\u00e1 kreat\u00edvna hra\u010dka. T\u00e1to Reborn b\u00e1bika je diev\u010datko, tak\u017ee ak m\u00e1te radi diev\u010dat\u00e1 alebo va\u0161e die\u0165a potrebuje kamar\u00e1ta na hranie, toto by bola dobr\u00e1 vo\u013eba. Reborn b\u00e1bika nem\u00e1 zlo\u017eit\u00e9 elektronick\u00e9 s\u00fa\u010diastky, v\u010faka \u010domu sa o \u0148u \u013eahko star\u00e1.<\/p>\n<p>Materi\u00e1l: Celoplo\u0161n\u00e9 PVC<br \/>\nPohlavie: Diev\u010da<br \/>\nV\u00fd\u0161ka: 22 palcov<br \/>\nHmotnos\u0165: 1,6 kg<br \/>\nMihalnice: Lepiace mihalnice<br \/>\nHmotnos\u0165 balenia: 2,8 kg<br \/>\nRozmery balenia: 55*20*14 cm<br \/>\nKompletn\u00e9 balenie obsahuje: oble\u010denie, plienku, magnetick\u00fd cuml\u00edk a f\u013ea\u0161u.<\/p>\n<p><img decoding=\"async\" class=\"aligncenter wp-image-4188 size-full\" src=\"https:\/\/www.mkreborns.com\/wp-content\/themes\/woodmart\/images\/lazy.svg\" data-src=\"https:\/\/www.mkreborns.com\/wp-content\/uploads\/2026\/03\/O1CN01PpFvNU1Q2wt0qnoX3_2214704711919-0-cib.jpg\" alt=\"Znovuzroden\u00e1 b\u00e1bika s realistick\u00fdm m\u00e4kk\u00fdm vinylom, ku\u010derav\u00fdmi vlasmi a modr\u00fdmi o\u010dami, ide\u00e1lna pre zberate\u013eov.\" width=\"1200\" height=\"1200\" title=\"\" srcset=\"\" data-srcset=\"https:\/\/www.mkreborns.com\/wp-content\/uploads\/2026\/03\/O1CN01PpFvNU1Q2wt0qnoX3_2214704711919-0-cib.jpg 1200w, https:\/\/www.mkreborns.com\/wp-content\/uploads\/2026\/03\/O1CN01PpFvNU1Q2wt0qnoX3_2214704711919-0-cib-300x300.jpg 300w, https:\/\/www.mkreborns.com\/wp-content\/uploads\/2026\/03\/O1CN01PpFvNU1Q2wt0qnoX3_2214704711919-0-cib-800x800.jpg 800w, https:\/\/www.mkreborns.com\/wp-content\/uploads\/2026\/03\/O1CN01PpFvNU1Q2wt0qnoX3_2214704711919-0-cib-150x150.jpg 150w, https:\/\/www.mkreborns.com\/wp-content\/uploads\/2026\/03\/O1CN01PpFvNU1Q2wt0qnoX3_2214704711919-0-cib-768x768.jpg 768w, https:\/\/www.mkreborns.com\/wp-content\/uploads\/2026\/03\/O1CN01PpFvNU1Q2wt0qnoX3_2214704711919-0-cib-12x12.jpg 12w, https:\/\/www.mkreborns.com\/wp-content\/uploads\/2026\/03\/O1CN01PpFvNU1Q2wt0qnoX3_2214704711919-0-cib-700x700.jpg 700w\" sizes=\"(max-width: 1200px) 100vw, 1200px\" \/><\/p>\n<p><img decoding=\"async\" class=\"aligncenter wp-image-4185 size-full\" src=\"https:\/\/www.mkreborns.com\/wp-content\/themes\/woodmart\/images\/lazy.svg\" data-src=\"https:\/\/www.mkreborns.com\/wp-content\/uploads\/2026\/03\/O1CN01xiOrQd1Q2wt261hyq_2214704711919-0-cib.jpg\" alt=\"Vysoko detailn\u00e1 22-palcov\u00e1 reborn b\u00e1bika s m\u00e4kk\u00fdm vinylov\u00fdm telom a realistick\u00fdmi prvkami pre zberate\u013eov.\" width=\"1200\" height=\"1200\" title=\"\" srcset=\"\" data-srcset=\"https:\/\/www.mkreborns.com\/wp-content\/uploads\/2026\/03\/O1CN01xiOrQd1Q2wt261hyq_2214704711919-0-cib.jpg 1200w, https:\/\/www.mkreborns.com\/wp-content\/uploads\/2026\/03\/O1CN01xiOrQd1Q2wt261hyq_2214704711919-0-cib-300x300.jpg 300w, https:\/\/www.mkreborns.com\/wp-content\/uploads\/2026\/03\/O1CN01xiOrQd1Q2wt261hyq_2214704711919-0-cib-800x800.jpg 800w, https:\/\/www.mkreborns.com\/wp-content\/uploads\/2026\/03\/O1CN01xiOrQd1Q2wt261hyq_2214704711919-0-cib-150x150.jpg 150w, https:\/\/www.mkreborns.com\/wp-content\/uploads\/2026\/03\/O1CN01xiOrQd1Q2wt261hyq_2214704711919-0-cib-768x768.jpg 768w, https:\/\/www.mkreborns.com\/wp-content\/uploads\/2026\/03\/O1CN01xiOrQd1Q2wt261hyq_2214704711919-0-cib-12x12.jpg 12w, https:\/\/www.mkreborns.com\/wp-content\/uploads\/2026\/03\/O1CN01xiOrQd1Q2wt261hyq_2214704711919-0-cib-700x700.jpg 700w\" sizes=\"(max-width: 1200px) 100vw, 1200px\" \/><\/p>\n<p>Pros\u00edm, po\u010d\u00edtajte s manu\u00e1lnou toleranciou 0,5-1 palca, preto\u017ee produkt bol meran\u00fd manu\u00e1lne.<\/p>","protected":false},"excerpt":{"rendered":"<p>Reborn b\u00e1bika je vyroben\u00e1 z PVC, je um\u00fdvate\u013en\u00e1 a \u013eahko sa pren\u00e1\u0161a.<\/p>","protected":false},"featured_media":4185,"comment_status":"open","ping_status":"closed","template":"","meta":[],"product_brand":[],"product_cat":[235,144,155,156,154,157,152],"product_tag":[],"class_list":{"0":"post-4184","1":"product","2":"type-product","3":"status-publish","4":"has-post-thumbnail","6":"product_cat-22-inch-reborn-dolls","7":"product_cat-baby-girl-reborn-dolls","8":"product_cat-cute-reborn-dolls","9":"product_cat-life-sized-dolls","10":"product_cat-lifelike-reborn-dolls","11":"product_cat-real-life-baby-dolls","12":"product_cat-vinyl-reborn-dolls","14":"first","15":"instock","16":"sale","17":"shipping-taxable","18":"purchasable","19":"product-type-simple"},"_links":{"self":[{"href":"https:\/\/www.mkreborns.com\/sk\/wp-json\/wp\/v2\/product\/4184","targetHints":{"allow":["GET"]}}],"collection":[{"href":"https:\/\/www.mkreborns.com\/sk\/wp-json\/wp\/v2\/product"}],"about":[{"href":"https:\/\/www.mkreborns.com\/sk\/wp-json\/wp\/v2\/types\/product"}],"replies":[{"embeddable":true,"href":"https:\/\/www.mkreborns.com\/sk\/wp-json\/wp\/v2\/comments?post=4184"}],"wp:featuredmedia":[{"embeddable":true,"href":"https:\/\/www.mkreborns.com\/sk\/wp-json\/wp\/v2\/media\/4185"}],"wp:attachment":[{"href":"https:\/\/www.mkreborns.com\/sk\/wp-json\/wp\/v2\/media?parent=4184"}],"wp:term":[{"taxonomy":"product_brand","embeddable":true,"href":"https:\/\/www.mkreborns.com\/sk\/wp-json\/wp\/v2\/product_brand?post=4184"},{"taxonomy":"product_cat","embeddable":true,"href":"https:\/\/www.mkreborns.com\/sk\/wp-json\/wp\/v2\/product_cat?post=4184"},{"taxonomy":"product_tag","embeddable":true,"href":"https:\/\/www.mkreborns.com\/sk\/wp-json\/wp\/v2\/product_tag?post=4184"}],"curies":[{"name":"pracovn\u00fd list","href":"https:\/\/api.w.org\/{rel}","templated":true}]}}