{"id":4165,"date":"2026-03-22T14:35:28","date_gmt":"2026-03-22T14:35:28","guid":{"rendered":"https:\/\/www.mkreborns.com\/product\/18-inch-soft-vinyl-open-eye-reborn-baby-doll\/"},"modified":"2026-03-22T15:34:35","modified_gmt":"2026-03-22T15:34:35","slug":"18-inch-soft-vinyl-open-eye-reborn-baby-doll","status":"publish","type":"product","link":"https:\/\/www.mkreborns.com\/sk\/product\/18-inch-soft-vinyl-open-eye-reborn-baby-doll\/","title":{"rendered":"18-palcov\u00e1 m\u00e4kk\u00e1 vinylov\u00e1 reborn b\u00e1bika s otvoren\u00fdmi o\u010dami"},"content":{"rendered":"<p>T\u00e1to reborn b\u00e1bika m\u00e1 jasne vidite\u013en\u00e9 \u017eilky a je ve\u013emi realistick\u00e1. M\u00f4\u017ee sedie\u0165 alebo le\u017ea\u0165, nehovor\u00ed ani ne\u017emurka a nem\u00e1 \u017eiadne zlo\u017eit\u00e9 elektronick\u00e9 s\u00fa\u010diastky, v\u010faka \u010domu sa o \u0148u \u013eahko star\u00e1 a je ide\u00e1lna na zber. Pri \u010disten\u00ed b\u00e1biky s \u0148ou zaobch\u00e1dzajte opatrne; vyhnite sa siln\u00e9mu \u0161krabaniu obo\u010dia, aby ste predi\u0161li vyblednutiu farby.<\/p>\n<p>&nbsp;<\/p>\n<p>Materi\u00e1l: Celoplo\u0161n\u00e9 PVC<br \/>\nPohlavie: Vyberte si medzi chlapcom alebo diev\u010da\u0165om<br \/>\nV\u00fd\u0161ka: 18 palcov<br \/>\nHmotnos\u0165: 1,1 kg<br \/>\nMihalnice: Lepiace mihalnice<br \/>\nHmotnos\u0165 balenia: 1,6 kg<br \/>\nRozmery balenia: 46*20*13 cm<br \/>\nKompletn\u00e9 balenie obsahuje: oble\u010denie, plienku, magnetick\u00fd cuml\u00edk, f\u013ea\u0161u a rodn\u00fd list.<\/p>\n<p>&nbsp;<\/p>\n<p><img decoding=\"async\" src=\"https:\/\/www.mkreborns.com\/wp-content\/uploads\/2026\/03\/O1CN01PhbSDV1lsnmHX7b7l_2831564875-0-cib.jpg\" alt=\"\" title=\"\"><\/p>\n<p><img decoding=\"async\" src=\"https:\/\/www.mkreborns.com\/wp-content\/uploads\/2026\/03\/O1CN01Fqa8AT1lsnmKDSTq1_2831564875-0-cib.jpg\" alt=\"\" title=\"\"><\/p>\n<p>Pros\u00edm, po\u010d\u00edtajte s manu\u00e1lnou toleranciou 0,5-1 palca, preto\u017ee produkt bol meran\u00fd manu\u00e1lne.<\/p>","protected":false},"excerpt":{"rendered":"<p>Ako opatrovate\u013e\/ka reborn b\u00e1biky si m\u00f4\u017eete k\u00fapi\u0165 r\u00f4zne \u0161t\u00fdly oble\u010denia pre b\u00e1biku na r\u00f4zne pr\u00edle\u017eitosti.<\/p>","protected":false},"featured_media":4167,"comment_status":"open","ping_status":"closed","template":"","meta":[],"product_brand":[],"product_cat":[151,145,144,155,156,154,157,152],"product_tag":[],"class_list":{"0":"post-4165","1":"product","2":"type-product","3":"status-publish","4":"has-post-thumbnail","6":"product_cat-18-inch-reborn-dolls","7":"product_cat-baby-boy-reborn-dolls","8":"product_cat-baby-girl-reborn-dolls","9":"product_cat-cute-reborn-dolls","10":"product_cat-life-sized-dolls","11":"product_cat-lifelike-reborn-dolls","12":"product_cat-real-life-baby-dolls","13":"product_cat-vinyl-reborn-dolls","15":"first","16":"instock","17":"sale","18":"shipping-taxable","19":"purchasable","20":"product-type-variable","21":"has-default-attributes"},"_links":{"self":[{"href":"https:\/\/www.mkreborns.com\/sk\/wp-json\/wp\/v2\/product\/4165","targetHints":{"allow":["GET"]}}],"collection":[{"href":"https:\/\/www.mkreborns.com\/sk\/wp-json\/wp\/v2\/product"}],"about":[{"href":"https:\/\/www.mkreborns.com\/sk\/wp-json\/wp\/v2\/types\/product"}],"replies":[{"embeddable":true,"href":"https:\/\/www.mkreborns.com\/sk\/wp-json\/wp\/v2\/comments?post=4165"}],"wp:featuredmedia":[{"embeddable":true,"href":"https:\/\/www.mkreborns.com\/sk\/wp-json\/wp\/v2\/media\/4167"}],"wp:attachment":[{"href":"https:\/\/www.mkreborns.com\/sk\/wp-json\/wp\/v2\/media?parent=4165"}],"wp:term":[{"taxonomy":"product_brand","embeddable":true,"href":"https:\/\/www.mkreborns.com\/sk\/wp-json\/wp\/v2\/product_brand?post=4165"},{"taxonomy":"product_cat","embeddable":true,"href":"https:\/\/www.mkreborns.com\/sk\/wp-json\/wp\/v2\/product_cat?post=4165"},{"taxonomy":"product_tag","embeddable":true,"href":"https:\/\/www.mkreborns.com\/sk\/wp-json\/wp\/v2\/product_tag?post=4165"}],"curies":[{"name":"pracovn\u00fd list","href":"https:\/\/api.w.org\/{rel}","templated":true}]}}