{"id":4123,"date":"2026-03-19T03:34:52","date_gmt":"2026-03-19T03:34:52","guid":{"rendered":"https:\/\/www.mkreborns.com\/?post_type=product&#038;p=4123"},"modified":"2026-04-03T16:00:43","modified_gmt":"2026-04-03T16:00:43","slug":"magnetic-pacifiers-for-reborn-dolls-cute-dummy-set","status":"publish","type":"product","link":"https:\/\/www.mkreborns.com\/sk\/product\/magnetic-pacifiers-for-reborn-dolls-cute-dummy-set\/","title":{"rendered":"Magnetick\u00e9 cuml\u00edky pre Reborn b\u00e1biky, roztomil\u00e1 sada cuml\u00edkov"},"content":{"rendered":"<div class=\"product-specs-list-container\"><\/div>\n<div class=\"detailmodule_text\">\n<h2>Magnetick\u00e9 cuml\u00edky pre Reborn b\u00e1biky s realistick\u00fdmi detailmi<\/h2>\n<div>Magnetick&eacute; cuml&iacute;ky pre reborn b&aacute;biky s&uacute; vyroben&eacute; tak, aby odr&aacute;\u017eali autentick&eacute; detsk&eacute; doplnky a pon&uacute;kaj&uacute; vycibren&uacute; estetiku pre zberate\u013eov a umelcov b&aacute;bik. Ka\u017ed&yacute; kus je vyroben&yacute; z odoln&eacute;ho ABS plastu, tak\u017ee si zachov&aacute;va \u013eahk&yacute; profil a z&aacute;rove\u0148 zais\u0165uje pevn&yacute; magnetick&yacute; &uacute;chop. Tieto magnetick&eacute; cuml&iacute;ky pre reborn b&aacute;biky sa hladko integruj&uacute; s f\u013ea&scaron;ti\u010dkami pre reborn b&aacute;biky a bez n&aacute;mahy sa hodia k f\u013ea&scaron;ti\u010dk&aacute;m a cuml&iacute;kom pre reborn b&aacute;biky, \u010d&iacute;m vytv&aacute;raj&uacute; ucelen&yacute; dojem, ktor&yacute; zvy&scaron;uje realizmus displeja.&lt;\/p&gt;<\/div>\n<h3>Presn\u00e9 prisp\u00f4sobenie a jemn\u00e9 remeseln\u00e9 spracovanie<\/h3>\n<div>Kompaktn\u00e1 kon\u0161trukcia s rozmermi 4 \u00d7 2,8 cm, navrhnut\u00e1 pre b\u00e1biky s ve\u013ekos\u0165ou 20 \u2013 22 palcov, zais\u0165uje proporcion\u00e1lnu presnos\u0165. Detailn\u00e9 prevedenie bradaviek poskytuje presved\u010div\u00fd vizu\u00e1lny prvok, v\u010faka ktor\u00e9mu ka\u017ed\u00fd doplnok p\u00f4sob\u00ed starostlivo vybran\u00fdm, a nie masovo vyroben\u00fdm dojmom.<\/div>\n<div>V\u00fdhody a vlastnosti produktu<\/div>\n<ol>\n<li>Stabiln\u00fd vn\u00fatorn\u00fd magnet pre konzistentn\u00e9 umiestnenie<\/li>\n<li>Hladk\u00fd povrch ABS s jemn\u00fdmi kont\u00farami<\/li>\n<li>Zmen\u0161en\u00e9 rozmery pre realistick\u00e9 proporcie<\/li>\n<li>Harmonizuje s f\u013ea\u0161ti\u010dkami a s\u00fapravami pre b\u00e1biky Reborn<\/li>\n<li>Jemn\u00e9 tvarovanie bradaviek pre autentick\u00fd vzh\u013ead<\/li>\n<\/ol>\n<div>Pre zberate\u013eov, ktor\u00ed si cenia prec\u00edzne detaily a ucelen\u00fd \u0161t\u00fdl, tieto doplnky dop\u013a\u0148aj\u00fa ak\u00fako\u013evek expoz\u00edciu vyv\u00e1\u017eenos\u0165ou a eleganciou, v\u010faka \u010domu s\u00fa magnetick\u00e9 cuml\u00edky pre reborn b\u00e1biky nevyhnutn\u00e9.<\/div>\n<\/div>\n<div><\/div>\n<div>\n<div>Materi\u00e1l: ABS plast<br \/>\nRozmery: pribli\u017ene 4*2,8 cm \/ 1,57*1,10\u201d<br \/>\nPohlavie: Unisex<br \/>\nFunkcia 1: Magnetick\u00fd cuml\u00edk pre b\u00e1biky<br \/>\nFunkcia 2: Umel\u00e9 bradavky<br \/>\nFunkcia 3: F\u013ea\u0161a na doj\u010denie<br \/>\nPou\u017eitie: Magnetick\u00fd cuml\u00edk je vhodn\u00fd pre simulovan\u00fa b\u00e1biku.<br \/>\nVhodn\u00e9 pre b\u00e1biku s ve\u013ekos\u0165ou 20-22 palcov<\/div>\n<div><\/div>\n<\/div>\n<div class=\"detailmodule_image\"><img decoding=\"async\" class=\"detail-desc-decorate-image\" src=\"https:\/\/www.mkreborns.com\/wp-content\/uploads\/2026\/03\/kf-S248844369ace4c1aa7ecadd1fb1d0d77o.webp\" alt=\"Roztomil\u00e1 sada figur\u00edn pre reborn b\u00e1biky s farebn\u00fdmi vzormi.\" title=\"\"> <img decoding=\"async\" class=\"detail-desc-decorate-image\" src=\"https:\/\/www.mkreborns.com\/wp-content\/uploads\/2026\/03\/kf-S6c63382f84a445439fd1199024f840611.webp\" alt=\"Roztomil\u00fd ru\u017eov\u00fd cuml\u00edk v tvare srdca pre reborn b\u00e1biky, ide\u00e1lny ako realistick\u00e9 doplnky pre b\u00e1biky.\" title=\"\"> <img decoding=\"async\" class=\"detail-desc-decorate-image\" src=\"https:\/\/www.mkreborns.com\/wp-content\/uploads\/2026\/03\/kf-S488c94b7729a465194d2961210c54cf4W.webp\" alt=\"Sada ru\u017eov\u00fdch magnetick\u00fdch cuml\u00edkov pre reborn b\u00e1biky, ide\u00e1lna na realistick\u00e9 doplnky a hranie s b\u00e1bikami.\" title=\"\"> <img decoding=\"async\" class=\"detail-desc-decorate-image\" src=\"https:\/\/www.mkreborns.com\/wp-content\/uploads\/2026\/03\/kf-S6d9fe9cd873645dab6046f8da360a0a8b.webp\" alt=\"Roztomil\u00fd cuml\u00edk pre b\u00e1biky Reborn s leopard\u00edm vzorom v ru\u017eovej a zelenej farbe.\" title=\"\"> <img decoding=\"async\" class=\"detail-desc-decorate-image\" src=\"https:\/\/www.mkreborns.com\/wp-content\/uploads\/2026\/03\/kf-S36de425f031d44459e8cd61cbd96964e7.webp\" alt=\"Cuml\u00edky pre reborn b\u00e1biky s magnetick\u00fdmi klipmi, ru\u017eov\u00e9 a modr\u00e9, ide\u00e1lne ako realistick\u00e9 doplnky pre b\u00e1biky.\" title=\"\"> <img decoding=\"async\" class=\"detail-desc-decorate-image\" src=\"https:\/\/www.mkreborns.com\/wp-content\/uploads\/2026\/03\/kf-S8f01849a5e554d6f9882dc6eb12f4d74Q.webp\" alt=\"Cuml\u00edk pre b\u00e1biku Reborn s n\u00e1pisom &quot;Love My Daddy&quot; a ru\u017eov\u00fdm srdcom.\" title=\"\"> <img decoding=\"async\" class=\"detail-desc-decorate-image\" src=\"https:\/\/www.mkreborns.com\/wp-content\/uploads\/2026\/03\/kf-S360412167aed492087b732d2883baf0dO.webp\" alt=\"\" title=\"\"><img decoding=\"async\" class=\"detail-desc-decorate-image\" src=\"https:\/\/www.mkreborns.com\/wp-content\/uploads\/2026\/03\/kf-Sf7b9cb29f2514cbaa1e852f7cbcb87d3y.webp\" alt=\"Roztomil\u00e1 sada figur\u00edn pre reborn b\u00e1biky - pr\u00edslu\u0161enstvo.\" title=\"\"> <img decoding=\"async\" class=\"detail-desc-decorate-image\" src=\"https:\/\/www.mkreborns.com\/wp-content\/uploads\/2026\/03\/kf-S764e1e37d2424828804a097b43bc71c2k.webp\" alt=\"Realistick\u00e9 magnetick\u00e9 cuml\u00edky pre reborn b\u00e1biky, ide\u00e1lne na doplnenie va\u0161ej zbierky o roztomil\u00fa sadu cuml\u00edkov.\" title=\"\"> <img decoding=\"async\" class=\"detail-desc-decorate-image\" src=\"https:\/\/www.mkreborns.com\/wp-content\/uploads\/2026\/03\/kf-Sf1b85ed7bf994100bf9924d9ab1847392.webp\" alt=\"\" title=\"\"><\/div>\n<div class=\"detailmodule_image\"><img decoding=\"async\" class=\"detail-desc-decorate-image\" src=\"https:\/\/www.mkreborns.com\/wp-content\/uploads\/2026\/03\/kf-S5a111b8135df4b96aa04929da0abd73b6.webp\" alt=\"Cuml\u00edk pre reborn b\u00e1biky so \u017elt\u00fdm dizajnom ka\u010dky a \u010dervenou r\u00fa\u010dkou, ide\u00e1lny pre realistick\u00e9 doplnky pre b\u00e1biky.\" title=\"\"><\/div>","protected":false},"excerpt":{"rendered":"<p>Magnetick\u00e9 cuml\u00edky pre reborn b\u00e1biky s bezpe\u010dn\u00fdm uchyten\u00edm a realistick\u00fdm dizajnom. Perfektn\u00fd doplnok k f\u013ea\u0161ti\u010dk\u00e1m a cuml\u00edkom pre reborn b\u00e1biky.<\/p>","protected":false},"featured_media":4124,"comment_status":"open","ping_status":"closed","template":"","meta":[],"product_brand":[],"product_cat":[148,162],"product_tag":[],"class_list":{"0":"post-4123","1":"product","2":"type-product","3":"status-publish","4":"has-post-thumbnail","6":"product_cat-reborn-doll-accessories","7":"product_cat-reborn-pacifier","9":"first","10":"instock","11":"sale","12":"shipping-taxable","13":"purchasable","14":"product-type-variable"},"_links":{"self":[{"href":"https:\/\/www.mkreborns.com\/sk\/wp-json\/wp\/v2\/product\/4123","targetHints":{"allow":["GET"]}}],"collection":[{"href":"https:\/\/www.mkreborns.com\/sk\/wp-json\/wp\/v2\/product"}],"about":[{"href":"https:\/\/www.mkreborns.com\/sk\/wp-json\/wp\/v2\/types\/product"}],"replies":[{"embeddable":true,"href":"https:\/\/www.mkreborns.com\/sk\/wp-json\/wp\/v2\/comments?post=4123"}],"wp:featuredmedia":[{"embeddable":true,"href":"https:\/\/www.mkreborns.com\/sk\/wp-json\/wp\/v2\/media\/4124"}],"wp:attachment":[{"href":"https:\/\/www.mkreborns.com\/sk\/wp-json\/wp\/v2\/media?parent=4123"}],"wp:term":[{"taxonomy":"product_brand","embeddable":true,"href":"https:\/\/www.mkreborns.com\/sk\/wp-json\/wp\/v2\/product_brand?post=4123"},{"taxonomy":"product_cat","embeddable":true,"href":"https:\/\/www.mkreborns.com\/sk\/wp-json\/wp\/v2\/product_cat?post=4123"},{"taxonomy":"product_tag","embeddable":true,"href":"https:\/\/www.mkreborns.com\/sk\/wp-json\/wp\/v2\/product_tag?post=4123"}],"curies":[{"name":"pracovn\u00fd list","href":"https:\/\/api.w.org\/{rel}","templated":true}]}}