{"id":4094,"date":"2026-03-19T02:43:43","date_gmt":"2026-03-19T02:43:43","guid":{"rendered":"https:\/\/www.mkreborns.com\/?post_type=product&#038;p=4094"},"modified":"2026-03-19T15:52:52","modified_gmt":"2026-03-19T15:52:52","slug":"reborn-baby-doll-magnetic-pacifier-realistic-fit","status":"publish","type":"product","link":"https:\/\/www.mkreborns.com\/sk\/product\/reborn-baby-doll-magnetic-pacifier-realistic-fit\/","title":{"rendered":"B\u00e1bika Reborn s magnetick\u00fdm cuml\u00edkom a realistick\u00fdm tvarom"},"content":{"rendered":"<h2>Reborn b\u00e1b\u00e4tko s magnetick\u00fdm cuml\u00edkom<\/h2>\n<div>Magnetick\u00fd cuml\u00edk pre b\u00e1biku Reborn je navrhnut\u00fd tak, aby vytvoril presved\u010div\u00fa a prirodzen\u00fa interakciu medzi b\u00e1bikou a jej pr\u00edslu\u0161enstvom. Tento cuml\u00edk je vyroben\u00fd pre kompatibilitu s novorodencami Reborn s magnetick\u00fdm cuml\u00edkom a bezprobl\u00e9movo sa pripev\u0148uje k b\u00e1bik\u00e1m vybaven\u00fdm vn\u00fatorn\u00fdmi magnetmi. Jeho vyv\u00e1\u017een\u00e1 \u0161trukt\u00fara zais\u0165uje spr\u00e1vne zarovnanie bez posunutia a zachov\u00e1va tak realistick\u00fd vzh\u013ead.<\/div>\n<h3>Bezpe\u010dn\u00e9 uchytenie a realistick\u00e9 detaily<\/h3>\n<div>Tento cuml\u00edk m\u00e1 zabudovan\u00e9 magnetick\u00e9 jadro, ktor\u00e9 umo\u017e\u0148uje jednoduch\u00e9 umiestnenie a vybratie a z\u00e1rove\u0148 zachov\u00e1va stabilitu. Je vhodn\u00fd najm\u00e4 pre realistick\u00e9 b\u00e1biky Reborn, ktor\u00e9 m\u00f4\u017eu pou\u017e\u00edva\u0165 skuto\u010dn\u00e9 cuml\u00edky, a pon\u00faka vizu\u00e1lne presn\u00fa p\u00f3zu na k\u0155menie alebo upokojenie. Hladk\u00fd vonkaj\u0161\u00ed povrch zais\u0165uje bezpe\u010dn\u00fa manipul\u00e1ciu a prepracovan\u00fa povrchov\u00fa \u00fapravu.<\/div>\n<h3>K\u013e\u00fa\u010dov\u00e9 vlastnosti a v\u00fdhody<\/h3>\n<ul>\n<li>Siln\u00fd vn\u00fatorn\u00fd magnet pre stabiln\u00e9 umiestnenie<\/li>\n<li>Ur\u010den\u00e9 pre novorodenca reborn b\u00e1biku s magnetick\u00fdm cuml\u00edkom<\/li>\n<li>Kompatibiln\u00e9 s realistick\u00fdmi reborn b\u00e1bikami, ktor\u00e9 m\u00f4\u017eu pou\u017e\u00edva\u0165 skuto\u010dn\u00e9 cuml\u00edky.<\/li>\n<li>\u013dahk\u00e1 kon\u0161trukcia pre prirodzen\u00e9 umiestnenie<\/li>\n<li>Odoln\u00fd materi\u00e1l pre opakovan\u00e9 pou\u017eitie<\/li>\n<\/ul>\n<div>Toto pr\u00edslu\u0161enstvo zvy\u0161uje celkov\u00fd realizmus va\u0161ej zbierky, v\u010faka \u010domu je nevyhnutn\u00fdm doplnkom pre zberate\u013eov h\u013eadaj\u00facich kvalitn\u00fd magnetick\u00fd cuml\u00edk pre b\u00e1biku Reborn.<\/div>\n<div>Magnetick\u00fd cuml\u00edk, nevyhnutnos\u0165 pre znovuzroden\u00e9 b\u00e1b\u00e4tko! S n\u00edm m\u00f4\u017ee b\u00e1bika (zatvoren\u00e9 \u00fasta) cm\u00fa\u013ea\u0165 cuml\u00edk! Ale v prvom rade by mal by\u0165 magnetom v \u00fastach b\u00e1biky.<\/div>\n<div>Ve\u013ekos\u0165: ako ukazuj\u00fa fotografie<\/div>\n<div>Balenie obsahuje: 1 ks<\/div>\n<div class=\"detailmodule_image\"><img decoding=\"async\" class=\"detail-desc-decorate-image\" src=\"https:\/\/www.mkreborns.com\/wp-content\/uploads\/2026\/03\/kf-S57fdc27edc6e45fd90840739bcbc10bdK.webp\" alt=\"\" title=\"\"><img decoding=\"async\" class=\"detail-desc-decorate-image\" src=\"https:\/\/www.mkreborns.com\/wp-content\/uploads\/2026\/03\/kf-Scd0b0263191840aca2c6d9d9092853bb8.webp\" alt=\"\" title=\"\"><img decoding=\"async\" class=\"detail-desc-decorate-image\" src=\"https:\/\/www.mkreborns.com\/wp-content\/uploads\/2026\/03\/kf-Sad85ad6e0e2e4333b9ffe757ec183004e.webp\" alt=\"\" title=\"\"><img decoding=\"async\" class=\"detail-desc-decorate-image\" src=\"https:\/\/www.mkreborns.com\/wp-content\/uploads\/2026\/03\/kf-Sca74611577a2480781484c8c07bd4ff2F.webp\" alt=\"\" title=\"\"><img decoding=\"async\" class=\"detail-desc-decorate-image\" src=\"https:\/\/www.mkreborns.com\/wp-content\/uploads\/2026\/03\/kf-Sa13d45d1c7c54ba29181db819686fb23X.webp\" alt=\"\" title=\"\"><img decoding=\"async\" class=\"detail-desc-decorate-image\" src=\"https:\/\/www.mkreborns.com\/wp-content\/uploads\/2026\/03\/kf-S5499cdc26d4a40e9903777a859be4f1eP.webp\" alt=\"\" title=\"\"><img decoding=\"async\" class=\"detail-desc-decorate-image\" src=\"https:\/\/www.mkreborns.com\/wp-content\/uploads\/2026\/03\/kf-S11408845c0cb4f4193474b5608f40c9fI.webp\" alt=\"\" title=\"\"><img decoding=\"async\" class=\"detail-desc-decorate-image\" src=\"https:\/\/www.mkreborns.com\/wp-content\/uploads\/2026\/03\/kf-S0113e3dd80594293b07c453364e8fb07i.webp\" alt=\"\" title=\"\"><\/div>","protected":false},"excerpt":{"rendered":"<p>Prec\u00edzne vyroben\u00fd magnetick\u00fd cuml\u00edk navrhnut\u00fd pre zv\u00fd\u0161enie realizmu a pon\u00faka bezpe\u010dn\u00e9 a prirodzen\u00e9 uchytenie pre kompatibiln\u00e9 reborn b\u00e1biky.<\/p>","protected":false},"featured_media":4095,"comment_status":"open","ping_status":"closed","template":"","meta":[],"product_brand":[],"product_cat":[162,148],"product_tag":[],"class_list":{"0":"post-4094","1":"product","2":"type-product","3":"status-publish","4":"has-post-thumbnail","6":"product_cat-reborn-pacifier","7":"product_cat-reborn-doll-accessories","9":"first","10":"instock","11":"sale","12":"shipping-taxable","13":"purchasable","14":"product-type-variable"},"_links":{"self":[{"href":"https:\/\/www.mkreborns.com\/sk\/wp-json\/wp\/v2\/product\/4094","targetHints":{"allow":["GET"]}}],"collection":[{"href":"https:\/\/www.mkreborns.com\/sk\/wp-json\/wp\/v2\/product"}],"about":[{"href":"https:\/\/www.mkreborns.com\/sk\/wp-json\/wp\/v2\/types\/product"}],"replies":[{"embeddable":true,"href":"https:\/\/www.mkreborns.com\/sk\/wp-json\/wp\/v2\/comments?post=4094"}],"wp:featuredmedia":[{"embeddable":true,"href":"https:\/\/www.mkreborns.com\/sk\/wp-json\/wp\/v2\/media\/4095"}],"wp:attachment":[{"href":"https:\/\/www.mkreborns.com\/sk\/wp-json\/wp\/v2\/media?parent=4094"}],"wp:term":[{"taxonomy":"product_brand","embeddable":true,"href":"https:\/\/www.mkreborns.com\/sk\/wp-json\/wp\/v2\/product_brand?post=4094"},{"taxonomy":"product_cat","embeddable":true,"href":"https:\/\/www.mkreborns.com\/sk\/wp-json\/wp\/v2\/product_cat?post=4094"},{"taxonomy":"product_tag","embeddable":true,"href":"https:\/\/www.mkreborns.com\/sk\/wp-json\/wp\/v2\/product_tag?post=4094"}],"curies":[{"name":"pracovn\u00fd list","href":"https:\/\/api.w.org\/{rel}","templated":true}]}}