{"id":4000,"date":"2026-03-18T14:46:48","date_gmt":"2026-03-18T14:46:48","guid":{"rendered":"https:\/\/www.mkreborns.com\/?post_type=product&#038;p=4000"},"modified":"2026-03-19T15:52:09","modified_gmt":"2026-03-19T15:52:09","slug":"american-girl-doll-clothes-fit-18-inch-reborns-set","status":"publish","type":"product","link":"https:\/\/www.mkreborns.com\/sk\/product\/american-girl-doll-clothes-fit-18-inch-reborns-set\/","title":{"rendered":"oble\u010denie pre b\u00e1biky American Girl vhodn\u00e9 pre 46 cm reborn b\u00e1biky set"},"content":{"rendered":"<div class=\"product-specs-list-container\">\n<h2>Oble\u010denie pre b\u00e1biky American Girl pasuje na reborn b\u00e1biky<\/h2>\n<div>Oble\u010denie pre b\u00e1biky American Girl sed\u00ed s pozoruhodnou presnos\u0165ou na reborn b\u00e1bik\u00e1ch, \u010do zais\u0165uje kompatibilitu s 45-centimetrov\u00fdmi b\u00e1bikami, ktor\u00e9 maj\u00fa realistick\u00e9 proporcie. Tieto outfity s\u00fa \u0161trukt\u00farovan\u00e9 tak, aby ladili s telami l\u00e1tkov\u00fdch b\u00e1bik reborn v nov\u00fdch \u0161t\u00fdloch a pon\u00fakaj\u00fa vyv\u00e1\u017een\u00fa siluetu, ktor\u00e1 zvy\u0161uje autenticitu. \u010ci u\u017e je navrhnut\u00fd na vystavenie alebo na jemn\u00e9 zaobch\u00e1dzanie, ka\u017ed\u00fd kus odr\u00e1\u017ea premyslen\u00e9 remeseln\u00e9 spracovanie.<\/div>\n<h3>Dizajn na mieru a integrita materi\u00e1lov<\/h3>\n<div>Tieto ru\u010dne vyroben\u00e9 s\u00fapravy oble\u010denia pre reborn b\u00e1biky s\u00fa vyroben\u00e9 z m\u00e4kkej, no z\u00e1rove\u0148 odolnej l\u00e1tky a zachov\u00e1vaj\u00fa si \u0161trukt\u00faru bez toho, aby boli stuhnut\u00e9. \u0160itie kop\u00edruje anatomick\u00e9 kont\u00fary, v\u010faka \u010domu odev prirodzene sed\u00ed na r\u00e1me b\u00e1biky. To zais\u0165uje vizu\u00e1lnu presnos\u0165 aj dlhodob\u00fa pou\u017eite\u013enos\u0165.<\/div>\n<h3>K\u013e\u00fa\u010dov\u00e9 vlastnosti a v\u00fdhody<\/h3>\n<ul>\n<li>Navrhnut\u00e9 tak, aby presne sedeli reborncom s ve\u013ekos\u0165ou 43 cm \/ 18 palcov<\/li>\n<li>Vhodn\u00e9 pre oble\u010denie pre reborn b\u00e1biky pre chlap\u010dekov aj pre neutr\u00e1lne \u0161t\u00fdly<\/li>\n<li>Zosilnen\u00e9 \u0161vy pre dlh\u0161iu odolnos\u0165<\/li>\n<li>\u013dahk\u00e1 text\u00edlia pre pohodln\u00fa manipul\u00e1ciu<\/li>\n<li>Kompatibiln\u00e9 s nov\u00fdmi \u0161t\u00fdlmi tiel l\u00e1tkov\u00fdch b\u00e1bik Reborn<\/li>\n<\/ul>\n<div>V\u010faka rovnov\u00e1he medzi \u0161trukt\u00farou a m\u00e4kkos\u0165ou tento set oble\u010denia dod\u00e1va ka\u017edej zbierke h\u013abku a realistickos\u0165, \u010d\u00edm sa st\u00e1va spo\u013eahlivou vo\u013ebou pre zberate\u013eov, ktor\u00ed h\u013eadaj\u00fa oble\u010denie pre b\u00e1biky American Girl pasuj\u00face na reborn b\u00e1biky.<\/div>\n<div><\/div>\n<\/div>\n<div class=\"detailmodule_html\">\n<div class=\"detail-desc-decorate-richtext\">\n<p style=\"text-align: center; margin: 0px;\" align=\"center\"><img decoding=\"async\" src=\"https:\/\/www.mkreborns.com\/wp-content\/uploads\/2026\/03\/kf-Sbb815d83d55a42c6b75a953932f9eec9r.webp\" alt=\"\" title=\"\"><img decoding=\"async\" src=\"https:\/\/www.mkreborns.com\/wp-content\/uploads\/2026\/03\/kf-Sc2b352c412684bd7acc6bb9bcdf0c927X.webp\" alt=\"\" title=\"\"><img decoding=\"async\" src=\"https:\/\/www.mkreborns.com\/wp-content\/uploads\/2026\/03\/kf-S359e5961003a4ef683ca7929699e081fB.webp\" alt=\"\" title=\"\"><img decoding=\"async\" src=\"https:\/\/www.mkreborns.com\/wp-content\/uploads\/2026\/03\/kf-Scc518a1bba6e434daac8f2dece7ee61fs.webp\" alt=\"\" title=\"\"><img decoding=\"async\" src=\"https:\/\/www.mkreborns.com\/wp-content\/uploads\/2026\/03\/kf-S5c9fd673d94b407495c1b13241048299B.webp\" alt=\"\" title=\"\"><img decoding=\"async\" src=\"https:\/\/www.mkreborns.com\/wp-content\/uploads\/2026\/03\/kf-S4b118a05358c496d84bb2426874d92c8u.webp\" alt=\"\" title=\"\"><img decoding=\"async\" src=\"https:\/\/www.mkreborns.com\/wp-content\/uploads\/2026\/03\/kf-S41958fdfe8b14b4481003fedf9275197D.webp\" alt=\"\" title=\"\"><img decoding=\"async\" src=\"https:\/\/www.mkreborns.com\/wp-content\/uploads\/2026\/03\/kf-Sb7de3410d1f5466194271c86cc3b11047.webp\" alt=\"\" title=\"\"><img decoding=\"async\" src=\"https:\/\/www.mkreborns.com\/wp-content\/uploads\/2026\/03\/kf-Sf2d8e29dcfbb4426a9b5e0f048bc41bbl.webp\" alt=\"\" title=\"\"><img decoding=\"async\" src=\"https:\/\/www.mkreborns.com\/wp-content\/uploads\/2026\/03\/kf-S87f2002a343949f78d65c595eb6297c7W.webp\" alt=\"\" title=\"\"><img decoding=\"async\" src=\"https:\/\/www.mkreborns.com\/wp-content\/uploads\/2026\/03\/kf-Se889b72926b445a58aea59fc7b6b49b5L.webp\" alt=\"\" title=\"\"><\/p>\n<\/div>\n<\/div>","protected":false},"excerpt":{"rendered":"<div>Starostlivo u\u0161it\u00e9 outfity navrhnut\u00e9 tak, aby sedeli 45-centimetrov\u00fdm novorodencom, ktor\u00e9 sp\u00e1jaj\u00fa klasick\u00fd \u0161t\u00fdl s m\u00e4kk\u00fdmi materi\u00e1lmi pre rafinovan\u00fd a realistick\u00fd vzh\u013ead.<\/div>","protected":false},"featured_media":4001,"comment_status":"open","ping_status":"closed","template":"","meta":[],"product_brand":[],"product_cat":[159,148],"product_tag":[],"class_list":{"0":"post-4000","1":"product","2":"type-product","3":"status-publish","4":"has-post-thumbnail","6":"product_cat-clothes-for-reborn-dolls","7":"product_cat-reborn-doll-accessories","9":"first","10":"instock","11":"sale","12":"shipping-taxable","13":"purchasable","14":"product-type-variable","15":"has-default-attributes"},"_links":{"self":[{"href":"https:\/\/www.mkreborns.com\/sk\/wp-json\/wp\/v2\/product\/4000","targetHints":{"allow":["GET"]}}],"collection":[{"href":"https:\/\/www.mkreborns.com\/sk\/wp-json\/wp\/v2\/product"}],"about":[{"href":"https:\/\/www.mkreborns.com\/sk\/wp-json\/wp\/v2\/types\/product"}],"replies":[{"embeddable":true,"href":"https:\/\/www.mkreborns.com\/sk\/wp-json\/wp\/v2\/comments?post=4000"}],"wp:featuredmedia":[{"embeddable":true,"href":"https:\/\/www.mkreborns.com\/sk\/wp-json\/wp\/v2\/media\/4001"}],"wp:attachment":[{"href":"https:\/\/www.mkreborns.com\/sk\/wp-json\/wp\/v2\/media?parent=4000"}],"wp:term":[{"taxonomy":"product_brand","embeddable":true,"href":"https:\/\/www.mkreborns.com\/sk\/wp-json\/wp\/v2\/product_brand?post=4000"},{"taxonomy":"product_cat","embeddable":true,"href":"https:\/\/www.mkreborns.com\/sk\/wp-json\/wp\/v2\/product_cat?post=4000"},{"taxonomy":"product_tag","embeddable":true,"href":"https:\/\/www.mkreborns.com\/sk\/wp-json\/wp\/v2\/product_tag?post=4000"}],"curies":[{"name":"pracovn\u00fd list","href":"https:\/\/api.w.org\/{rel}","templated":true}]}}