{"id":3914,"date":"2026-03-18T13:49:16","date_gmt":"2026-03-18T13:49:16","guid":{"rendered":"https:\/\/www.mkreborns.com\/?post_type=product&#038;p=3914"},"modified":"2026-03-19T15:50:41","modified_gmt":"2026-03-19T15:50:41","slug":"handmade-20-22-inch-reborn-doll-outfits-and-princess-dress-sets","status":"publish","type":"product","link":"https:\/\/www.mkreborns.com\/sk\/product\/handmade-20-22-inch-reborn-doll-outfits-and-princess-dress-sets\/","title":{"rendered":"Ru\u010dne vyroben\u00e9 kost\u00fdmy a sady \u0161iat pre reborn b\u00e1biky s ve\u013ekos\u0165ou 20-22 palcov"},"content":{"rendered":"<div class=\"product-specs-list-container\">\n<h2>Vynikaj\u00face z\u00e1kladn\u00e9 k\u00fasky \u0161atn\u00edka pre va\u0161e realistick\u00e9 b\u00e1b\u00e4tk\u00e1<\/h2>\n<div>Starostlivos\u0165 o znovuzroden\u00e9 b\u00e1b\u00e4tko si vy\u017eaduje viac ne\u017e len jemn\u00e9 dotyky; vy\u017eaduje si \u0161atn\u00edk, ktor\u00fd odr\u00e1\u017ea jeho krehk\u00fa kr\u00e1su. Na\u0161a vybran\u00e1 kolekcia oble\u010denia pre reborn b\u00e1biky s ve\u013ekos\u0165ou 20-22 palcov poskytuje bezprobl\u00e9mov\u00e9 strihanie pre b\u00e1biky s ve\u013ekos\u0165ou od p\u00e4\u0165desiat do p\u00e4\u0165desiatp\u00e4\u0165 centimetrov. Ka\u017ed\u00fd komplet je starostlivo u\u0161it\u00fd z pr\u00e9miov\u00fdch text\u00edli\u00ed, ktor\u00e9 pon\u00fakaj\u00fa jemn\u00fd hmatov\u00fd pocit na vinylovom alebo silik\u00f3novom povrchu v\u00e1\u0161ho zbierkov\u00e9ho predmetu. \u010ci u\u017e obliekate bato\u013ea alebo novorodenca, toto oble\u010denie poskytuje estetick\u00fa eleganciu, ktor\u00fa si va\u0161e hobby vy\u017eaduje, bez pr\u00e9miovej ceny.<\/div>\n<h3>V\u0161estrann\u00e9 sez\u00f3nne \u0161t\u00fdly a funk\u010dn\u00e9 doplnky<\/h3>\n<div>Zachovanie realistick\u00e9ho \u0161t\u00fdlu va\u0161ej detskej izby znamen\u00e1 ma\u0165 spr\u00e1vne oble\u010denie pre ka\u017ed\u00e9 podnebie. Od priedu\u0161n\u00fdch bavlnen\u00fdch zmes\u00ed na letn\u00e9 v\u00fdlety a\u017e po vrstven\u00e9, \u00fatuln\u00e9 \u00faplety na zimn\u00e9 predstavenia, n\u00e1\u0161 v\u00fdber uspokoj\u00ed v\u0161etky \u0161t\u00fdlov\u00e9 preferencie. Toto lacn\u00e9 oble\u010denie pre reborn b\u00e1biky pon\u00faka cenovo dostupn\u00fd sp\u00f4sob, ako roz\u0161\u00edri\u0165 v\u0161estrannos\u0165 va\u0161ej zbierky a z\u00e1rove\u0148 zachova\u0165 vysok\u00e9 \u0161tandardy remeseln\u00e9ho spracovania.<\/div>\n<ul>\n<li>Ru\u010dne \u0161it\u00e9 princeznovsk\u00e9 \u0161aty s prepracovanou \u010dipkou a stuhami.<\/li>\n<li>Odoln\u00e1 l\u00e1tkov\u00e1 kon\u0161trukcia, ktor\u00e1 odol\u00e1 \u010dast\u00e9mu obliekaniu a p\u00f3zovaniu.<\/li>\n<li>\u017div\u00e9, netoxick\u00e9 farbiv\u00e1 zais\u0165uj\u00face bezpe\u010dnos\u0165 a dlhotrvaj\u00facu s\u00fdtos\u0165 farieb.<\/li>\n<li>Koordinovan\u00e9 sady, ktor\u00e9 zjednodu\u0161uj\u00fa styling pre amat\u00e9rskych aj profesion\u00e1lnych zberate\u013eov.<\/li>\n<\/ul>\n<div>Rados\u0165 z vlastn\u00edctva b\u00e1biky sa e\u0161te zv\u00fd\u0161i, ke\u010f si vyberiete perfektn\u00e9 oble\u010denie a doplnky pre reborn silik\u00f3nov\u00e9 b\u00e1biky, ktor\u00e9 dotvoria jedine\u010dn\u00fd vzh\u013ead va\u0161ej detskej izby. V\u00fdberom n\u00e1\u0161ho vysoko kvalitn\u00e9ho oble\u010denia pre 20-palcov\u00e9 reborn b\u00e1biky zabezpe\u010d\u00edte, \u017ee va\u0161e b\u00e1b\u00e4tko zostane stredobodom va\u0161ej zbierky, a to v tom najkvalitnej\u0161om oble\u010den\u00ed pre 22-palcov\u00e9 reborn b\u00e1biky.<\/div>\n<\/div>\n<p><img decoding=\"async\" src=\"https:\/\/www.mkreborns.com\/wp-content\/uploads\/2026\/03\/kf-S2e01ded1844b4877bf4c33f55020ae11c.webp\" alt=\"\" title=\"\"><img decoding=\"async\" src=\"https:\/\/www.mkreborns.com\/wp-content\/uploads\/2026\/03\/kf-S9e3f070a33d54057b89198cde073cd612.webp\" alt=\"\" title=\"\"><img decoding=\"async\" src=\"https:\/\/www.mkreborns.com\/wp-content\/uploads\/2026\/03\/kf-S6e3bf7adc684427696336b2801fea85fY.webp\" alt=\"\" title=\"\"><img decoding=\"async\" src=\"https:\/\/www.mkreborns.com\/wp-content\/uploads\/2026\/03\/kf-S33fd522146264b3d872df87a701c2946b.webp\" alt=\"\" title=\"\"><img decoding=\"async\" src=\"https:\/\/www.mkreborns.com\/wp-content\/uploads\/2026\/03\/kf-Sbf836be53df845d68bbc0b7a1f9c781f2.webp\" alt=\"\" title=\"\"><img decoding=\"async\" src=\"https:\/\/www.mkreborns.com\/wp-content\/uploads\/2026\/03\/kf-Sf1a7b314b8d347688f83c99d60dce0a3A.webp\" alt=\"\" title=\"\"><img decoding=\"async\" src=\"https:\/\/www.mkreborns.com\/wp-content\/uploads\/2026\/03\/kf-S61f931d28b264579b6dae3d8565e2e50T.webp\" alt=\"\" title=\"\"><img decoding=\"async\" src=\"https:\/\/www.mkreborns.com\/wp-content\/uploads\/2026\/03\/kf-S0c2952b48d644b18bd24e6028052eb98U.webp\" alt=\"\" title=\"\"><img decoding=\"async\" src=\"https:\/\/www.mkreborns.com\/wp-content\/uploads\/2026\/03\/kf-S9e63ed215fae43ad819d86d2033ee969r.webp\" alt=\"\" title=\"\"><img decoding=\"async\" src=\"https:\/\/www.mkreborns.com\/wp-content\/uploads\/2026\/03\/kf-S753c136e65d641e4943f67baf9baf5ccc.webp\" alt=\"\" title=\"\"><img decoding=\"async\" src=\"https:\/\/www.mkreborns.com\/wp-content\/uploads\/2026\/03\/kf-S67c85d54bdd34203a836b3a36c4bd4eaS.webp\" alt=\"\" title=\"\"><img decoding=\"async\" src=\"https:\/\/www.mkreborns.com\/wp-content\/uploads\/2026\/03\/kf-S50dfe06eb5cd479983c46dcf6260faee1.webp\" alt=\"\" title=\"\"><img decoding=\"async\" src=\"https:\/\/www.mkreborns.com\/wp-content\/uploads\/2026\/03\/kf-Sb5f6a65275bd4f43ab927c391e4be4d5i.webp\" alt=\"\" title=\"\"><img decoding=\"async\" src=\"https:\/\/www.mkreborns.com\/wp-content\/uploads\/2026\/03\/kf-S267c5a5569df43c99eeeb243ed4f3022A.webp\" alt=\"\" title=\"\"><img decoding=\"async\" src=\"https:\/\/www.mkreborns.com\/wp-content\/uploads\/2026\/03\/kf-Sfd4f91fa317844e6a20bedeb546fe009P.webp\" alt=\"Princeznovsk\u00e9 \u0161aty pre reborn b\u00e1biku s vol\u00e1nikmi a pastelov\u00fdmi farbami.\" title=\"\"> <img decoding=\"async\" src=\"https:\/\/www.mkreborns.com\/wp-content\/uploads\/2026\/03\/kf-Sf6881c96b70f469dae3e5e917a9a797c2.webp\" alt=\"\" title=\"\"><img decoding=\"async\" src=\"https:\/\/www.mkreborns.com\/wp-content\/uploads\/2026\/03\/kf-S37d300d49be64c689cdc2d9ac655ee8ef.webp\" alt=\"\" title=\"\"><img decoding=\"async\" src=\"https:\/\/www.mkreborns.com\/wp-content\/uploads\/2026\/03\/kf-Se12b5d5751db49a598419c27633fa249h.webp\" alt=\"S\u00faprava \u0161iat pre princezn\u00fa Reborn s potla\u010dou galaxie a ru\u017eov\u00fdmi detailmi, ide\u00e1lna pre b\u00e1biky s ve\u013ekos\u0165ou 20-22 palcov. Uni.\" title=\"\"> <img decoding=\"async\" src=\"https:\/\/www.mkreborns.com\/wp-content\/uploads\/2026\/03\/kf-Sfec6353fabc249739a9bfc7ff9c19194J.webp\" alt=\"Rozko\u0161n\u00e9 ru\u010dne vyroben\u00e9 \u0161aty pre reborn b\u00e1biku s ve\u013ekos\u0165ou 20-22 palcov s potla\u010dou galaxie a ru\u017eov\u00fdmi detailmi.\" title=\"\"> <img decoding=\"async\" src=\"https:\/\/www.mkreborns.com\/wp-content\/uploads\/2026\/03\/kf-S2fe53c2cf60a4dca806d62c9507c1527k.webp\" alt=\"\" title=\"\"><img decoding=\"async\" src=\"https:\/\/www.mkreborns.com\/wp-content\/uploads\/2026\/03\/kf-Scc80fb4332204489b9e54a2f1cd37684Y.webp\" alt=\"Oble\u010denie pre reborn b\u00e1biku s ru\u017eov\u00fdmi kockovan\u00fdmi \u0161atami s \u010dipkovan\u00fdm lemom a bielou spodni\u010dkou. Ide\u00e1lne pre...\" title=\"\"> <img decoding=\"async\" src=\"https:\/\/www.mkreborns.com\/wp-content\/uploads\/2026\/03\/kf-Sa287f36538e54509a74becedf5d1e80aI.webp\" alt=\"Oble\u010denie pre reborn b\u00e1biku s ru\u017eov\u00fdm k\u00e1rovan\u00fdm vol\u00e1nom a sat\u00e9nov\u00fdmi ma\u0161\u013eami, ide\u00e1lne pre b\u00e1biky s ve\u013ekos\u0165ou 20-22 palcov.\" title=\"\"> <img decoding=\"async\" src=\"https:\/\/www.mkreborns.com\/wp-content\/uploads\/2026\/03\/kf-S804968ae87294c959b219b6c3d88016bB.webp\" alt=\"Znovuzroden\u00e1 b\u00e1bika v kvetinov\u00fdch princeznovsk\u00fdch \u0161at\u00e1ch, dr\u017eiaca ru\u017eov\u00e9ho ply\u0161ov\u00e9ho plameniaka a ne\u010faleko f\u013ea\u0161ti\u010dku.\" title=\"\"> <img decoding=\"async\" src=\"https:\/\/www.mkreborns.com\/wp-content\/uploads\/2026\/03\/kf-Sd9fc481645ee4d3288511c710a4aa6fac.webp\" alt=\"\" title=\"\"><img decoding=\"async\" src=\"https:\/\/www.mkreborns.com\/wp-content\/uploads\/2026\/03\/kf-S5d746b3f7dda43a98510624ed31c719bq.webp\" alt=\"\" title=\"\"><img decoding=\"async\" src=\"https:\/\/www.mkreborns.com\/wp-content\/uploads\/2026\/03\/kf-Sdb0e2483cf38440085aa085deb7e8e72l.webp\" alt=\"S\u00faprava \u0161iat pre princezn\u00fa Reborn s kvetinovou potla\u010dou, ru\u010dne vyroben\u00e1 pre b\u00e1biky s ve\u013ekos\u0165ou 20-22 palcov.\" title=\"\"> <img decoding=\"async\" src=\"https:\/\/www.mkreborns.com\/wp-content\/uploads\/2026\/03\/kf-S9b482f7f72f848b28fede3ec4a85ed32b.webp\" alt=\"\" title=\"\"><img decoding=\"async\" src=\"https:\/\/www.mkreborns.com\/wp-content\/uploads\/2026\/03\/kf-S09152d43a02f4b4f9bef4d5cfa7531daK.webp\" alt=\"Oble\u010denie pre reborn b\u00e1biku s kvetinov\u00fdmi \u0161atami a \u017eltou stuhou, ide\u00e1lne pre b\u00e1biky s ve\u013ekos\u0165ou 20-22 palcov.\" title=\"\"> <img decoding=\"async\" src=\"https:\/\/www.mkreborns.com\/wp-content\/uploads\/2026\/03\/kf-Sc4c910a0f2e8414fa5bd80aa5709c8ecK.webp\" alt=\"\" title=\"\"><img decoding=\"async\" src=\"https:\/\/www.mkreborns.com\/wp-content\/uploads\/2026\/03\/kf-S6f2f906babe64407abb39604df6914a1J.webp\" alt=\"\" title=\"\"><img decoding=\"async\" src=\"https:\/\/www.mkreborns.com\/wp-content\/uploads\/2026\/03\/kf-S3492369ac2ce462f897f81971cc88ea2i.webp\" alt=\"Znovuzroden\u00e1 b\u00e1bika v ru\u010dne vyroben\u00fdch ru\u017eov\u00fdch princeznovsk\u00fdch \u0161at\u00e1ch s bielym nad\u00fdchan\u00fdm golierom a brmbolcami.\" title=\"\"> <img decoding=\"async\" src=\"https:\/\/www.mkreborns.com\/wp-content\/uploads\/2026\/03\/kf-Se51597a0a9504fc688712ba8acc06b61X.webp\" alt=\"\" title=\"\"><img decoding=\"async\" src=\"https:\/\/www.mkreborns.com\/wp-content\/uploads\/2026\/03\/kf-S2cd722838c3444e8853dfdd6cb7c6eeaF.webp\" alt=\"Oble\u010denie pre reborn b\u00e1biku s ru\u017eov\u00fdmi \u0161atami, bielymi leg\u00ednami a zodpovedaj\u00facimi \u010di\u017emami pre b\u00e1biky s ve\u013ekos\u0165ou 20-22 palcov.\" title=\"\"> <img decoding=\"async\" src=\"https:\/\/www.mkreborns.com\/wp-content\/uploads\/2026\/03\/kf-S4485fab01df04a52b37771c9fd6fb6808.webp\" alt=\"S\u00faprava oble\u010denia pre reborn b\u00e1biku s nohavicami s potla\u010dou plameniakov a sl\u00fachadlami v jednej farbe, ide\u00e1lna na ru\u010dn\u00e9 pr\u00e1ce.\" title=\"\"> <img decoding=\"async\" src=\"https:\/\/www.mkreborns.com\/wp-content\/uploads\/2026\/03\/kf-S119e2ed0c63449e780a45353deed672fV.webp\" alt=\"Ru\u017eov\u00e9 \u010di\u017emi\u010dky pre reborn b\u00e1biky s bielym lemom z umelej ko\u017eu\u0161iny pre b\u00e1biky s ve\u013ekos\u0165ou 20-22 palcov.\" title=\"\"> <img decoding=\"async\" src=\"https:\/\/www.mkreborns.com\/wp-content\/uploads\/2026\/03\/kf-Sc540755ac9cf4146835605b7b7171a0fT.webp\" alt=\"Oble\u010denie pre reborn b\u00e1biku s ru\u017eov\u00fdmi \u0161atami, bielymi leg\u00ednami a zodpovedaj\u00facimi \u010di\u017emami pre b\u00e1biky s ve\u013ekos\u0165ou 20-22 palcov.\" title=\"\"><\/p>\n<div style=\"width: 640px;\" class=\"wp-video\"><video class=\"wp-video-shortcode\" id=\"video-3914-1\" width=\"640\" height=\"360\" preload=\"metadata\" controls=\"controls\"><source type=\"video\/mp4\" src=\"https:\/\/video.aliexpress-media.com\/play\/u\/ae_sg_item\/2216133796552\/p\/1\/e\/6\/t\/10301\/1100164358417.mp4?_=1\" \/><a href=\"https:\/\/video.aliexpress-media.com\/play\/u\/ae_sg_item\/2216133796552\/p\/1\/e\/6\/t\/10301\/1100164358417.mp4\" target=\"_blank\" rel=\"noopener\">https:\/\/video.aliexpress-media.com\/play\/u\/ae_sg_item\/2216133796552\/p\/1\/e\/6\/t\/10301\/1100164358417.mp4<\/a><\/video><\/div>","protected":false},"excerpt":{"rendered":"<p>Oble\u010dte svojho milovan\u00e9ho spolo\u010dn\u00edka do n\u00e1dhern\u00e9ho, ru\u010dne vyroben\u00e9ho oble\u010denia navrhnut\u00e9ho tak, aby odr\u00e1\u017ealo \u010daro skuto\u010dn\u00e9ho detsk\u00e9ho oble\u010denia, a zabezpe\u010dte, aby ka\u017ed\u00fd okamih hrania bol pozoruhodne autentick\u00fd a hrejiv\u00fd.<\/p>","protected":false},"featured_media":3915,"comment_status":"open","ping_status":"closed","template":"","meta":[],"product_brand":[],"product_cat":[159,148],"product_tag":[],"class_list":{"0":"post-3914","1":"product","2":"type-product","3":"status-publish","4":"has-post-thumbnail","6":"product_cat-clothes-for-reborn-dolls","7":"product_cat-reborn-doll-accessories","9":"first","10":"instock","11":"sale","12":"shipping-taxable","13":"purchasable","14":"product-type-variable","15":"has-default-attributes"},"_links":{"self":[{"href":"https:\/\/www.mkreborns.com\/sk\/wp-json\/wp\/v2\/product\/3914","targetHints":{"allow":["GET"]}}],"collection":[{"href":"https:\/\/www.mkreborns.com\/sk\/wp-json\/wp\/v2\/product"}],"about":[{"href":"https:\/\/www.mkreborns.com\/sk\/wp-json\/wp\/v2\/types\/product"}],"replies":[{"embeddable":true,"href":"https:\/\/www.mkreborns.com\/sk\/wp-json\/wp\/v2\/comments?post=3914"}],"wp:featuredmedia":[{"embeddable":true,"href":"https:\/\/www.mkreborns.com\/sk\/wp-json\/wp\/v2\/media\/3915"}],"wp:attachment":[{"href":"https:\/\/www.mkreborns.com\/sk\/wp-json\/wp\/v2\/media?parent=3914"}],"wp:term":[{"taxonomy":"product_brand","embeddable":true,"href":"https:\/\/www.mkreborns.com\/sk\/wp-json\/wp\/v2\/product_brand?post=3914"},{"taxonomy":"product_cat","embeddable":true,"href":"https:\/\/www.mkreborns.com\/sk\/wp-json\/wp\/v2\/product_cat?post=3914"},{"taxonomy":"product_tag","embeddable":true,"href":"https:\/\/www.mkreborns.com\/sk\/wp-json\/wp\/v2\/product_tag?post=3914"}],"curies":[{"name":"pracovn\u00fd list","href":"https:\/\/api.w.org\/{rel}","templated":true}]}}