{"id":3908,"date":"2026-03-18T13:24:18","date_gmt":"2026-03-18T13:24:18","guid":{"rendered":"https:\/\/www.mkreborns.com\/?post_type=product&#038;p=3908"},"modified":"2026-03-19T15:51:18","modified_gmt":"2026-03-19T15:51:18","slug":"18-inch-reborn-dolls-clothes-for-baby-doll-outfits","status":"publish","type":"product","link":"https:\/\/www.mkreborns.com\/sk\/product\/18-inch-reborn-dolls-clothes-for-baby-doll-outfits\/","title":{"rendered":"Oble\u010denie pre 18-palcov\u00e9 reborn b\u00e1biky"},"content":{"rendered":"<h2>\u0160t\u00fdlov\u00e9 oble\u010denie pre 45-centimetrov\u00e9 Reborn b\u00e1biky na ka\u017ed\u00fa pr\u00edle\u017eitos\u0165<\/h2>\n<div>Dodajte svojej zbierke b\u00e1bik \u0161arm a autentickos\u0165 s na\u0161\u00edm oble\u010den\u00edm pre 45-centimetrov\u00e9 reborn b\u00e1biky. Ka\u017ed\u00fd outfit je premyslene navrhnut\u00fd tak, aby reborn b\u00e1bik\u00e1m dokonale sedel a z\u00e1rove\u0148 poskytoval pohodlie a realistick\u00fd vzh\u013ead. Toto oble\u010denie je ide\u00e1lne na hranie aj na vystavovanie a premen\u00ed ka\u017ed\u00fa b\u00e1biku na m\u00f3dnu spolo\u010dn\u00ed\u010dku.<\/div>\n<h3>Detailn\u00e9 dizajny a pohodln\u00e9 nosenie<\/h3>\n<div>Na\u0161a kolekcia predstavuje oble\u010denie pre reborn b\u00e1biky na predaj s d\u00f4razom na l\u00e1tkov\u00e9 telo reborn b\u00e1bik, \u010d\u00edm zabezpe\u010duje, \u017ee ka\u017ed\u00fd kus pohodlne sed\u00ed a z\u00e1rove\u0148 zd\u00f4raz\u0148uje realistick\u00e9 \u010drty. Od hrav\u00fdch overalov a\u017e po elegantn\u00e9 \u0161aty, tieto outfity poskytuj\u00fa v\u0161estrannos\u0165 a \u0161t\u00fdl, v\u010faka \u010domu va\u0161a 45-centimetrov\u00e1 b\u00e1bika vynikne.<\/div>\n<ul>\n<li>Presn\u00e1 ve\u013ekos\u0165: Navrhnut\u00e9 pre b\u00e1biky s ve\u013ekos\u0165ou 45 cm pre zabezpe\u010denie perfektn\u00e9ho prisp\u00f4sobenia a jednoduch\u00e9ho obliekania.<\/li>\n<li>Vysokokvalitn\u00e9 l\u00e1tky: M\u00e4kk\u00e9 a odoln\u00e9 materi\u00e1ly poskytuj\u00fa pohodlie a dlh\u00fa \u017eivotnos\u0165.<\/li>\n<li>Realistick\u00e9 detaily: Zlo\u017eit\u00e9 \u0161itie a vzory odr\u00e1\u017eaj\u00fa autentick\u00e9 detsk\u00e9 oble\u010denie.<\/li>\n<li>Rozmanitos\u0165 \u0161t\u00fdlov: Zah\u0155\u0148a le\u017e\u00e9rne, form\u00e1lne a sez\u00f3nne oble\u010denie pre v\u0161etky pr\u00edle\u017eitosti.<\/li>\n<li>Vylep\u0161en\u00fd realizmus b\u00e1biky: Prisp\u00f4soben\u00e9 tak, aby dop\u013a\u0148alo l\u00e1tkov\u00e9 telo reborn b\u00e1biky pre realistick\u00fd \u0161arm.<\/li>\n<\/ul>\n<div>Vylep\u0161ite si \u0161atn\u00edk pre b\u00e1biky t\u00fdmto n\u00e1dhern\u00fdm oble\u010den\u00edm pre 45-centimetrov\u00e9 reborn b\u00e1biky, ktor\u00e9 sp\u00e1ja \u0161t\u00fdl, pohodlie a autentick\u00fd vzh\u013ead.<\/div>\n<p style=\"text-align: center;\" align=\"center\"><img decoding=\"async\" src=\"https:\/\/www.mkreborns.com\/wp-content\/uploads\/2026\/03\/kf-S9d31fc2e9fcd434fafe9c0f471411531G.webp\" alt=\"\" title=\"\"><img decoding=\"async\" src=\"https:\/\/www.mkreborns.com\/wp-content\/uploads\/2026\/03\/kf-Sb94cdf6699bc46d3a5df6fd0f3b9305eP.webp\" alt=\"\" title=\"\"><img decoding=\"async\" src=\"https:\/\/www.mkreborns.com\/wp-content\/uploads\/2026\/03\/kf-S2c32be6ab85b4bc298e8b61239d41026x.webp\" alt=\"\" title=\"\"><img decoding=\"async\" src=\"https:\/\/www.mkreborns.com\/wp-content\/uploads\/2026\/03\/kf-S572f25d107b74315a31d1340abf1216fq.webp\" alt=\"\" title=\"\"><img decoding=\"async\" src=\"https:\/\/www.mkreborns.com\/wp-content\/uploads\/2026\/03\/kf-S5255329b890042289e03e8edbc8650fdh.webp\" alt=\"\" title=\"\"><\/p>","protected":false},"excerpt":{"rendered":"<p>Ozdobte svoju 45-centimetrov\u00fa reborn b\u00e1biku \u0161t\u00fdlov\u00fdmi, m\u00e4kk\u00fdmi a detailn\u00fdmi outfitmi vytvoren\u00fdmi pre realistick\u00fa hru a trval\u00fa eleganciu.<\/p>","protected":false},"featured_media":3909,"comment_status":"open","ping_status":"closed","template":"","meta":[],"product_brand":[],"product_cat":[159,148],"product_tag":[],"class_list":{"0":"post-3908","1":"product","2":"type-product","3":"status-publish","4":"has-post-thumbnail","6":"product_cat-clothes-for-reborn-dolls","7":"product_cat-reborn-doll-accessories","9":"first","10":"instock","11":"sale","12":"shipping-taxable","13":"purchasable","14":"product-type-simple"},"_links":{"self":[{"href":"https:\/\/www.mkreborns.com\/sk\/wp-json\/wp\/v2\/product\/3908","targetHints":{"allow":["GET"]}}],"collection":[{"href":"https:\/\/www.mkreborns.com\/sk\/wp-json\/wp\/v2\/product"}],"about":[{"href":"https:\/\/www.mkreborns.com\/sk\/wp-json\/wp\/v2\/types\/product"}],"replies":[{"embeddable":true,"href":"https:\/\/www.mkreborns.com\/sk\/wp-json\/wp\/v2\/comments?post=3908"}],"wp:featuredmedia":[{"embeddable":true,"href":"https:\/\/www.mkreborns.com\/sk\/wp-json\/wp\/v2\/media\/3909"}],"wp:attachment":[{"href":"https:\/\/www.mkreborns.com\/sk\/wp-json\/wp\/v2\/media?parent=3908"}],"wp:term":[{"taxonomy":"product_brand","embeddable":true,"href":"https:\/\/www.mkreborns.com\/sk\/wp-json\/wp\/v2\/product_brand?post=3908"},{"taxonomy":"product_cat","embeddable":true,"href":"https:\/\/www.mkreborns.com\/sk\/wp-json\/wp\/v2\/product_cat?post=3908"},{"taxonomy":"product_tag","embeddable":true,"href":"https:\/\/www.mkreborns.com\/sk\/wp-json\/wp\/v2\/product_tag?post=3908"}],"curies":[{"name":"pracovn\u00fd list","href":"https:\/\/api.w.org\/{rel}","templated":true}]}}