{"id":3890,"date":"2026-03-18T13:08:27","date_gmt":"2026-03-18T13:08:27","guid":{"rendered":"https:\/\/www.mkreborns.com\/?post_type=product&#038;p=3890"},"modified":"2026-03-19T15:52:23","modified_gmt":"2026-03-19T15:52:23","slug":"baby-doll-clothes-17-18-inch-reborn-outfits-for-girls","status":"publish","type":"product","link":"https:\/\/www.mkreborns.com\/sk\/product\/baby-doll-clothes-17-18-inch-reborn-outfits-for-girls\/","title":{"rendered":"Oble\u010denie pre b\u00e1biky 17, 18 palcov, Reborn kost\u00fdmy pre diev\u010dat\u00e1"},"content":{"rendered":"<div class=\"detailmodule_html\">\n<div class=\"detail-desc-decorate-richtext\">\n<h2>O\u010daruj\u00face \u0161t\u00fdly oble\u010denia pre b\u00e1biky Reborn 17 18 palcov<\/h2>\n<div>Pozdvihnite svoju kolekciu Reborn s na\u0161\u00edm pr\u00e9miov\u00fdm oble\u010den\u00edm pre b\u00e1biky Reborn vo ve\u013ekosti 17 a 18 palcov. Ka\u017ed\u00fd outfit je starostlivo navrhnut\u00fd tak, aby dop\u013a\u0148al oble\u010denie pre b\u00e1biky Reborn pre diev\u010dat\u00e1 a kombinuje pohodlie, odolnos\u0165 a realistick\u00e9 detaily. \u010ci u\u017e ide o hranie alebo v\u00fdstavu, toto oble\u010denie pon\u00faka perfektn\u00fd strih a \u017eiariv\u00e9 a p\u00fatav\u00e9 dizajny.<\/div>\n<h3>Jedine\u010dn\u00e9 dizajny a vzorovan\u00e9 detaily<\/h3>\n<div>N\u00e1\u0161 v\u00fdber obsahuje prepracovan\u00e9 l\u00e1tkov\u00e9 vzory na telo reborn b\u00e1biky, v\u010faka ktor\u00fdm ka\u017ed\u00e1 b\u00e1bika m\u00f4\u017ee predvies\u0165 svoju osobnos\u0165 a \u0161t\u00fdl. Vyberte si zo \u0161iat, overalov a zladen\u00fdch s\u00faprav prisp\u00f4soben\u00fdch pre 17-palcov\u00e9 aj 18-palcov\u00e9 reborn b\u00e1biky. V\u010faka m\u00e4kk\u00fdm l\u00e1tkam a realistick\u00fdm povrchov\u00fdm \u00faprav\u00e1m ka\u017ed\u00fd outfit umocn\u00ed realistick\u00e9 \u010daro va\u0161ej b\u00e1biky.<\/div>\n<ul>\n<li>Prisp\u00f4soben\u00e9: Presn\u00e1 ve\u013ekos\u0165 pre 47-46 cm reborn b\u00e1biky pre bezprobl\u00e9mov\u00e9 obliekanie.<\/li>\n<li>Vysokokvalitn\u00e9 materi\u00e1ly: Jemn\u00e9 a odoln\u00e9 l\u00e1tky, ktor\u00e9 si zachov\u00e1vaj\u00fa tvar a farbu.<\/li>\n<li>Vzorovan\u00e1 rozmanitos\u0165: Vzor l\u00e1tky na telo reborn b\u00e1biky dod\u00e1va ka\u017ed\u00e9mu outfitu individualitu.<\/li>\n<li>V\u0161estrann\u00fd \u0161atn\u00edk: Zah\u0155\u0148a oble\u010denie na be\u017en\u00e9 nosenie, spolo\u010densk\u00e9 \u0161aty a hrav\u00e9 s\u00fapravy.<\/li>\n<li>Vylep\u0161en\u00fd realizmus: Detailn\u00e9 \u0161itie a povrchov\u00e1 \u00faprava dod\u00e1vaj\u00fa ka\u017ed\u00e9mu kusu autentickos\u0165.<\/li>\n<\/ul>\n<div>Prineste rados\u0165 a sofistikovanos\u0165 do ka\u017edej b\u00e1bikovej v\u00fdstavy s t\u00fdmto kr\u00e1sne vyroben\u00fdm oble\u010den\u00edm pre b\u00e1biky Reborn s rozmermi 17 18 palcov, ktor\u00e9 kombinuje \u0161t\u00fdl, pohodlie a realistick\u00fa eleganciu.<\/div>\n<div><\/div>\n<p style=\"text-align: center; margin: 0px;\" align=\"center\"><img decoding=\"async\" src=\"https:\/\/www.mkreborns.com\/wp-content\/uploads\/2026\/03\/kf-Sff4af0a0ce8d4485b7c09410cb094249I.webp\" alt=\"\" title=\"\"><img decoding=\"async\" src=\"https:\/\/www.mkreborns.com\/wp-content\/uploads\/2026\/03\/kf-S10d68fad596841c589219dc0c10319fbZ.webp\" alt=\"\" title=\"\"><img decoding=\"async\" src=\"https:\/\/www.mkreborns.com\/wp-content\/uploads\/2026\/03\/kf-S8dbdfa36fe014c8fa0765011983d82caD.webp\" alt=\"\" title=\"\"><img decoding=\"async\" src=\"https:\/\/www.mkreborns.com\/wp-content\/uploads\/2026\/03\/kf-S920d035ab985467b8517b1483d4f6bbaY.webp\" alt=\"\" title=\"\"><img decoding=\"async\" src=\"https:\/\/www.mkreborns.com\/wp-content\/uploads\/2026\/03\/kf-S4b96cea014a44b709b752532f6113fbfu.webp\" alt=\"\" title=\"\"><img decoding=\"async\" src=\"https:\/\/www.mkreborns.com\/wp-content\/uploads\/2026\/03\/kf-S44c92652455b47b98527b3aa131f6b1eT.webp\" alt=\"\" title=\"\"><img decoding=\"async\" src=\"https:\/\/www.mkreborns.com\/wp-content\/uploads\/2026\/03\/kf-S56de3d76be034bbfb5ae1261f59232a1O.webp\" alt=\"\" title=\"\"><img decoding=\"async\" src=\"https:\/\/www.mkreborns.com\/wp-content\/uploads\/2026\/03\/kf-S0590e45ab54740c38d581d7611ef244cS.webp\" alt=\"\" title=\"\"><img decoding=\"async\" src=\"https:\/\/www.mkreborns.com\/wp-content\/uploads\/2026\/03\/kf-S4d9af2659e454d8b87e97bd159ed9cdfz.webp\" alt=\"\" title=\"\"><img decoding=\"async\" src=\"https:\/\/www.mkreborns.com\/wp-content\/uploads\/2026\/03\/kf-Sb9c38680031e40f6b3db3e4e386af5c5l.webp\" alt=\"\" title=\"\"><\/p>\n<\/div>\n<\/div>","protected":false},"excerpt":{"rendered":"<p>Preme\u0148te svoju znovuzroden\u00fa b\u00e1biku na \u0161t\u00fdlov\u00fa spolo\u010dn\u00ed\u010dku s m\u00e4kk\u00fdm a detailne prepracovan\u00fdm oble\u010den\u00edm navrhnut\u00fdm pre realistick\u00fa hru a nekone\u010dn\u00e9 p\u00f4vab.<\/p>","protected":false},"featured_media":3891,"comment_status":"open","ping_status":"closed","template":"","meta":[],"product_brand":[],"product_cat":[159,148],"product_tag":[],"class_list":{"0":"post-3890","1":"product","2":"type-product","3":"status-publish","4":"has-post-thumbnail","6":"product_cat-clothes-for-reborn-dolls","7":"product_cat-reborn-doll-accessories","9":"first","10":"instock","11":"sale","12":"shipping-taxable","13":"purchasable","14":"product-type-variable","15":"has-default-attributes"},"_links":{"self":[{"href":"https:\/\/www.mkreborns.com\/sk\/wp-json\/wp\/v2\/product\/3890","targetHints":{"allow":["GET"]}}],"collection":[{"href":"https:\/\/www.mkreborns.com\/sk\/wp-json\/wp\/v2\/product"}],"about":[{"href":"https:\/\/www.mkreborns.com\/sk\/wp-json\/wp\/v2\/types\/product"}],"replies":[{"embeddable":true,"href":"https:\/\/www.mkreborns.com\/sk\/wp-json\/wp\/v2\/comments?post=3890"}],"wp:featuredmedia":[{"embeddable":true,"href":"https:\/\/www.mkreborns.com\/sk\/wp-json\/wp\/v2\/media\/3891"}],"wp:attachment":[{"href":"https:\/\/www.mkreborns.com\/sk\/wp-json\/wp\/v2\/media?parent=3890"}],"wp:term":[{"taxonomy":"product_brand","embeddable":true,"href":"https:\/\/www.mkreborns.com\/sk\/wp-json\/wp\/v2\/product_brand?post=3890"},{"taxonomy":"product_cat","embeddable":true,"href":"https:\/\/www.mkreborns.com\/sk\/wp-json\/wp\/v2\/product_cat?post=3890"},{"taxonomy":"product_tag","embeddable":true,"href":"https:\/\/www.mkreborns.com\/sk\/wp-json\/wp\/v2\/product_tag?post=3890"}],"curies":[{"name":"pracovn\u00fd list","href":"https:\/\/api.w.org\/{rel}","templated":true}]}}