{"id":3859,"date":"2026-03-09T16:08:41","date_gmt":"2026-03-09T16:08:41","guid":{"rendered":"https:\/\/www.mkreborns.com\/?post_type=product&#038;p=3859"},"modified":"2026-03-20T15:54:07","modified_gmt":"2026-03-20T15:54:07","slug":"peter-custom-silicone-toy-reborn-doll","status":"publish","type":"product","link":"https:\/\/www.mkreborns.com\/sk\/product\/peter-custom-silicone-toy-reborn-doll\/","title":{"rendered":"Peter \u2013 vlastn\u00e1 reborn b\u00e1bika zo silik\u00f3nu"},"content":{"rendered":"<p>Reborn b\u00e1biky nie s\u00fa len umeleck\u00e9 diela; m\u00f4\u017eu sl\u00fa\u017ei\u0165 aj ako jemn\u00e1 sk\u00fa\u0161ka pre nast\u00e1vaj\u00facich rodi\u010dov a poskytn\u00fa\u0165 im pohlcuj\u00faci z\u00e1\u017eitok. N\u00e1cvik preba\u013eovania, zavi\u0148ovania a jemn\u00e9ho dr\u017eania nov\u00e9ho \u017eivota so 40 cm vysokou silik\u00f3novou reborn b\u00e1bikou m\u00f4\u017ee pom\u00f4c\u0165 \u010derstv\u00fdm rodi\u010dom zmierni\u0165 \u00fazkos\u0165 a vybudova\u0165 si sebavedomie.<\/p>\n<p>Pohlavie: Chlapec<br \/>\nV\u00fd\u0161ka: 40 cm<br \/>\nHmotnos\u0165: 1,6 kg<br \/>\nHmotnos\u0165 balenia: 2,3 kg<br \/>\nRozmery balenia: 46*21*15 cm<\/p>\n<p>&nbsp;<\/p>\n<p><img decoding=\"async\" class=\"aligncenter wp-image-3860 size-full\" src=\"https:\/\/www.mkreborns.com\/wp-content\/themes\/woodmart\/images\/lazy.svg\" data-src=\"https:\/\/www.mkreborns.com\/wp-content\/uploads\/2026\/03\/Peter-reborn-doll1.jpg\" alt=\"\" width=\"1500\" height=\"1500\" title=\"\" srcset=\"\" data-srcset=\"https:\/\/www.mkreborns.com\/wp-content\/uploads\/2026\/03\/Peter-reborn-doll1.jpg 1500w, https:\/\/www.mkreborns.com\/wp-content\/uploads\/2026\/03\/Peter-reborn-doll1-300x300.jpg 300w, https:\/\/www.mkreborns.com\/wp-content\/uploads\/2026\/03\/Peter-reborn-doll1-800x800.jpg 800w, https:\/\/www.mkreborns.com\/wp-content\/uploads\/2026\/03\/Peter-reborn-doll1-150x150.jpg 150w, https:\/\/www.mkreborns.com\/wp-content\/uploads\/2026\/03\/Peter-reborn-doll1-768x768.jpg 768w, https:\/\/www.mkreborns.com\/wp-content\/uploads\/2026\/03\/Peter-reborn-doll1-12x12.jpg 12w, https:\/\/www.mkreborns.com\/wp-content\/uploads\/2026\/03\/Peter-reborn-doll1-700x700.jpg 700w\" sizes=\"(max-width: 1500px) 100vw, 1500px\" \/> <img decoding=\"async\" class=\"aligncenter wp-image-3867 size-full\" src=\"https:\/\/www.mkreborns.com\/wp-content\/themes\/woodmart\/images\/lazy.svg\" data-src=\"https:\/\/www.mkreborns.com\/wp-content\/uploads\/2026\/03\/Peter-reborn-doll8.jpg\" alt=\"Realistick\u00e1 silik\u00f3nov\u00e1 reborn b\u00e1bika Kelly s m\u00e4kk\u00fdm ply\u0161ov\u00fdm medved\u00edkom, ide\u00e1lna pre kreat\u00edvnych zberate\u013eov dar\u010dekov.\" width=\"1500\" height=\"1500\" title=\"\" srcset=\"\" data-srcset=\"https:\/\/www.mkreborns.com\/wp-content\/uploads\/2026\/03\/Peter-reborn-doll8.jpg 1500w, https:\/\/www.mkreborns.com\/wp-content\/uploads\/2026\/03\/Peter-reborn-doll8-300x300.jpg 300w, https:\/\/www.mkreborns.com\/wp-content\/uploads\/2026\/03\/Peter-reborn-doll8-800x800.jpg 800w, https:\/\/www.mkreborns.com\/wp-content\/uploads\/2026\/03\/Peter-reborn-doll8-150x150.jpg 150w, https:\/\/www.mkreborns.com\/wp-content\/uploads\/2026\/03\/Peter-reborn-doll8-768x768.jpg 768w, https:\/\/www.mkreborns.com\/wp-content\/uploads\/2026\/03\/Peter-reborn-doll8-12x12.jpg 12w, https:\/\/www.mkreborns.com\/wp-content\/uploads\/2026\/03\/Peter-reborn-doll8-700x700.jpg 700w\" sizes=\"(max-width: 1500px) 100vw, 1500px\" \/><\/p>","protected":false},"excerpt":{"rendered":"<p>Najdoj\u00edmavej\u0161\u00edm aspektom silik\u00f3novej reborn b\u00e1biky je, \u017ee \u017eije vo ve\u010dnom pr\u00edtomnom okamihu.<\/p>","protected":false},"featured_media":3865,"comment_status":"open","ping_status":"closed","template":"","meta":[],"product_brand":[],"product_cat":[158,145,155,146,154,153,157],"product_tag":[],"class_list":{"0":"post-3859","1":"product","2":"type-product","3":"status-publish","4":"has-post-thumbnail","6":"product_cat-15-inch-baby-dolls","7":"product_cat-baby-boy-reborn-dolls","8":"product_cat-cute-reborn-dolls","9":"product_cat-full-silicone-reborn-dolls","10":"product_cat-lifelike-reborn-dolls","11":"product_cat-newborn-reborn-dolls","12":"product_cat-real-life-baby-dolls","14":"first","15":"instock","16":"sale","17":"shipping-taxable","18":"purchasable","19":"product-type-simple"},"_links":{"self":[{"href":"https:\/\/www.mkreborns.com\/sk\/wp-json\/wp\/v2\/product\/3859","targetHints":{"allow":["GET"]}}],"collection":[{"href":"https:\/\/www.mkreborns.com\/sk\/wp-json\/wp\/v2\/product"}],"about":[{"href":"https:\/\/www.mkreborns.com\/sk\/wp-json\/wp\/v2\/types\/product"}],"replies":[{"embeddable":true,"href":"https:\/\/www.mkreborns.com\/sk\/wp-json\/wp\/v2\/comments?post=3859"}],"wp:featuredmedia":[{"embeddable":true,"href":"https:\/\/www.mkreborns.com\/sk\/wp-json\/wp\/v2\/media\/3865"}],"wp:attachment":[{"href":"https:\/\/www.mkreborns.com\/sk\/wp-json\/wp\/v2\/media?parent=3859"}],"wp:term":[{"taxonomy":"product_brand","embeddable":true,"href":"https:\/\/www.mkreborns.com\/sk\/wp-json\/wp\/v2\/product_brand?post=3859"},{"taxonomy":"product_cat","embeddable":true,"href":"https:\/\/www.mkreborns.com\/sk\/wp-json\/wp\/v2\/product_cat?post=3859"},{"taxonomy":"product_tag","embeddable":true,"href":"https:\/\/www.mkreborns.com\/sk\/wp-json\/wp\/v2\/product_tag?post=3859"}],"curies":[{"name":"pracovn\u00fd list","href":"https:\/\/api.w.org\/{rel}","templated":true}]}}