{"id":3849,"date":"2026-03-09T15:51:22","date_gmt":"2026-03-09T15:51:22","guid":{"rendered":"https:\/\/www.mkreborns.com\/?post_type=product&#038;p=3849"},"modified":"2026-03-20T15:51:13","modified_gmt":"2026-03-20T15:51:13","slug":"kelly-silicone-creative-gifts-reborn-doll","status":"publish","type":"product","link":"https:\/\/www.mkreborns.com\/sk\/product\/kelly-silicone-creative-gifts-reborn-doll\/","title":{"rendered":"Silik\u00f3nov\u00e9 kreat\u00edvne dar\u010deky Kelly Reborn B\u00e1bika"},"content":{"rendered":"<p>Pri starostlivosti o mal\u00fa reborn b\u00e1biku, obliekan\u00ed, jemnom hojdan\u00ed a sledovan\u00ed, ako sa sch\u00falila na va\u0161om ramene so zatvoren\u00fdmi o\u010dami, v tej chv\u00edli sa aj vzduch c\u00edti jemn\u00fd a kr\u00e1sny. Spiaca reborn b\u00e1bika je mimoriadne roztomil\u00e1 a ne\u017en\u00e1. Silik\u00f3nov\u00e1 b\u00e1bika je diev\u010datko a m\u00f4\u017eete si vybra\u0165 reborn b\u00e1biku pod\u013ea svojich vlastn\u00fdch preferenci\u00ed.<\/p>\n<p>Pohlavie: Diev\u010da<br \/>\nV\u00fd\u0161ka: 40 cm<br \/>\nHmotnos\u0165: 1,75 kg<br \/>\nHmotnos\u0165 balenia: 2,5 kg<br \/>\nRozmery balenia: 46*21*15 cm<\/p>\n<p>&nbsp;<\/p>\n<p><img decoding=\"async\" class=\"aligncenter wp-image-3857 size-full\" src=\"https:\/\/www.mkreborns.com\/wp-content\/themes\/woodmart\/images\/lazy.svg\" data-src=\"https:\/\/www.mkreborns.com\/wp-content\/uploads\/2026\/03\/Kelly-Reborn-doll8.jpg\" alt=\"\" width=\"1400\" height=\"1400\" title=\"\" srcset=\"\" data-srcset=\"https:\/\/www.mkreborns.com\/wp-content\/uploads\/2026\/03\/Kelly-Reborn-doll8.jpg 1400w, https:\/\/www.mkreborns.com\/wp-content\/uploads\/2026\/03\/Kelly-Reborn-doll8-300x300.jpg 300w, https:\/\/www.mkreborns.com\/wp-content\/uploads\/2026\/03\/Kelly-Reborn-doll8-800x800.jpg 800w, https:\/\/www.mkreborns.com\/wp-content\/uploads\/2026\/03\/Kelly-Reborn-doll8-150x150.jpg 150w, https:\/\/www.mkreborns.com\/wp-content\/uploads\/2026\/03\/Kelly-Reborn-doll8-768x768.jpg 768w, https:\/\/www.mkreborns.com\/wp-content\/uploads\/2026\/03\/Kelly-Reborn-doll8-12x12.jpg 12w, https:\/\/www.mkreborns.com\/wp-content\/uploads\/2026\/03\/Kelly-Reborn-doll8-700x700.jpg 700w\" sizes=\"(max-width: 1400px) 100vw, 1400px\" \/> <img decoding=\"async\" class=\"aligncenter wp-image-3856 size-full\" src=\"https:\/\/www.mkreborns.com\/wp-content\/themes\/woodmart\/images\/lazy.svg\" data-src=\"https:\/\/www.mkreborns.com\/wp-content\/uploads\/2026\/03\/Kelly-Reborn-doll7.jpg\" alt=\"\" width=\"1400\" height=\"1400\" title=\"\" srcset=\"\" data-srcset=\"https:\/\/www.mkreborns.com\/wp-content\/uploads\/2026\/03\/Kelly-Reborn-doll7.jpg 1400w, https:\/\/www.mkreborns.com\/wp-content\/uploads\/2026\/03\/Kelly-Reborn-doll7-300x300.jpg 300w, https:\/\/www.mkreborns.com\/wp-content\/uploads\/2026\/03\/Kelly-Reborn-doll7-800x800.jpg 800w, https:\/\/www.mkreborns.com\/wp-content\/uploads\/2026\/03\/Kelly-Reborn-doll7-150x150.jpg 150w, https:\/\/www.mkreborns.com\/wp-content\/uploads\/2026\/03\/Kelly-Reborn-doll7-768x768.jpg 768w, https:\/\/www.mkreborns.com\/wp-content\/uploads\/2026\/03\/Kelly-Reborn-doll7-12x12.jpg 12w, https:\/\/www.mkreborns.com\/wp-content\/uploads\/2026\/03\/Kelly-Reborn-doll7-700x700.jpg 700w\" sizes=\"(max-width: 1400px) 100vw, 1400px\" \/> <img decoding=\"async\" class=\"aligncenter wp-image-3855 size-full\" src=\"https:\/\/www.mkreborns.com\/wp-content\/themes\/woodmart\/images\/lazy.svg\" data-src=\"https:\/\/www.mkreborns.com\/wp-content\/uploads\/2026\/03\/Kelly-Reborn-doll6.jpg\" alt=\"\" width=\"1400\" height=\"1400\" title=\"\" srcset=\"\" data-srcset=\"https:\/\/www.mkreborns.com\/wp-content\/uploads\/2026\/03\/Kelly-Reborn-doll6.jpg 1400w, https:\/\/www.mkreborns.com\/wp-content\/uploads\/2026\/03\/Kelly-Reborn-doll6-300x300.jpg 300w, https:\/\/www.mkreborns.com\/wp-content\/uploads\/2026\/03\/Kelly-Reborn-doll6-800x800.jpg 800w, https:\/\/www.mkreborns.com\/wp-content\/uploads\/2026\/03\/Kelly-Reborn-doll6-150x150.jpg 150w, https:\/\/www.mkreborns.com\/wp-content\/uploads\/2026\/03\/Kelly-Reborn-doll6-768x768.jpg 768w, https:\/\/www.mkreborns.com\/wp-content\/uploads\/2026\/03\/Kelly-Reborn-doll6-12x12.jpg 12w, https:\/\/www.mkreborns.com\/wp-content\/uploads\/2026\/03\/Kelly-Reborn-doll6-700x700.jpg 700w\" sizes=\"(max-width: 1400px) 100vw, 1400px\" \/><\/p>","protected":false},"excerpt":{"rendered":"<p>Reborn b\u00e1bika je skvel\u00fd a kreat\u00edvny dar\u010dek pre priate\u013eov a rodinu. M\u00f4\u017ee sl\u00fa\u017ei\u0165 ako spolo\u010dn\u00ed\u010dka a zosta\u0165 s va\u0161\u00edm die\u0165a\u0165om po cel\u00fd jeho \u017eivot.<\/p>","protected":false},"featured_media":3854,"comment_status":"open","ping_status":"closed","template":"","meta":[],"product_brand":[],"product_cat":[158,144,155,146,154,153,157],"product_tag":[],"class_list":{"0":"post-3849","1":"product","2":"type-product","3":"status-publish","4":"has-post-thumbnail","6":"product_cat-15-inch-baby-dolls","7":"product_cat-baby-girl-reborn-dolls","8":"product_cat-cute-reborn-dolls","9":"product_cat-full-silicone-reborn-dolls","10":"product_cat-lifelike-reborn-dolls","11":"product_cat-newborn-reborn-dolls","12":"product_cat-real-life-baby-dolls","14":"first","15":"instock","16":"sale","17":"shipping-taxable","18":"purchasable","19":"product-type-simple"},"_links":{"self":[{"href":"https:\/\/www.mkreborns.com\/sk\/wp-json\/wp\/v2\/product\/3849","targetHints":{"allow":["GET"]}}],"collection":[{"href":"https:\/\/www.mkreborns.com\/sk\/wp-json\/wp\/v2\/product"}],"about":[{"href":"https:\/\/www.mkreborns.com\/sk\/wp-json\/wp\/v2\/types\/product"}],"replies":[{"embeddable":true,"href":"https:\/\/www.mkreborns.com\/sk\/wp-json\/wp\/v2\/comments?post=3849"}],"wp:featuredmedia":[{"embeddable":true,"href":"https:\/\/www.mkreborns.com\/sk\/wp-json\/wp\/v2\/media\/3854"}],"wp:attachment":[{"href":"https:\/\/www.mkreborns.com\/sk\/wp-json\/wp\/v2\/media?parent=3849"}],"wp:term":[{"taxonomy":"product_brand","embeddable":true,"href":"https:\/\/www.mkreborns.com\/sk\/wp-json\/wp\/v2\/product_brand?post=3849"},{"taxonomy":"product_cat","embeddable":true,"href":"https:\/\/www.mkreborns.com\/sk\/wp-json\/wp\/v2\/product_cat?post=3849"},{"taxonomy":"product_tag","embeddable":true,"href":"https:\/\/www.mkreborns.com\/sk\/wp-json\/wp\/v2\/product_tag?post=3849"}],"curies":[{"name":"pracovn\u00fd list","href":"https:\/\/api.w.org\/{rel}","templated":true}]}}