{"id":3815,"date":"2026-03-09T03:08:37","date_gmt":"2026-03-09T03:08:37","guid":{"rendered":"https:\/\/www.mkreborns.com\/?post_type=product&#038;p=3815"},"modified":"2026-03-18T15:28:50","modified_gmt":"2026-03-18T15:28:50","slug":"mary-realistic-silicone-toy-reborn-doll","status":"publish","type":"product","link":"https:\/\/www.mkreborns.com\/sk\/product\/mary-realistic-silicone-toy-reborn-doll\/","title":{"rendered":"Realistick\u00e1 silik\u00f3nov\u00e1 hra\u010dka Reborn B\u00e1bika M\u00e1ria"},"content":{"rendered":"<p>\u00dadr\u017eba silik\u00f3novej reborn b\u00e1biky je tie\u017e ve\u013emi jednoduch\u00e1. Sta\u010d\u00ed ju vyh\u00fdba\u0165 nam\u00e1\u010daniu a uchov\u00e1va\u0165 mimo zdrojov tepla. Jemne ju utrite m\u00e4kkou vlhkou handri\u010dkou a zachov\u00e1 si svoj p\u00f4vodn\u00fd vzh\u013ead. Pri spr\u00e1vnej starostlivosti v\u00e1s realistick\u00e1 reborn b\u00e1bika m\u00f4\u017ee sprev\u00e1dza\u0165 ako hra\u010dka alebo umeleck\u00e9 dielo, pri\u010dom zostane nezmenen\u00e1 a pevn\u00e1.<\/p>\n<p>Pohlavie: Diev\u010da<br \/>\nV\u00fd\u0161ka: 40 cm<br \/>\nHmotnos\u0165: 1,75 kg<br \/>\nHmotnos\u0165 balenia: 2,5 kg<br \/>\nRozmery balenia: 46*21*15 cm<\/p>\n<p><img decoding=\"async\" class=\"aligncenter wp-image-3826 size-full\" src=\"https:\/\/www.mkreborns.com\/wp-content\/themes\/woodmart\/images\/lazy.svg\" data-src=\"https:\/\/www.mkreborns.com\/wp-content\/uploads\/2026\/03\/Mary-Reborn-doll11.jpg\" alt=\"\" width=\"1400\" height=\"933\" title=\"\" srcset=\"\" data-srcset=\"https:\/\/www.mkreborns.com\/wp-content\/uploads\/2026\/03\/Mary-Reborn-doll11.jpg 1400w, https:\/\/www.mkreborns.com\/wp-content\/uploads\/2026\/03\/Mary-Reborn-doll11-400x267.jpg 400w, https:\/\/www.mkreborns.com\/wp-content\/uploads\/2026\/03\/Mary-Reborn-doll11-1200x800.jpg 1200w, https:\/\/www.mkreborns.com\/wp-content\/uploads\/2026\/03\/Mary-Reborn-doll11-768x512.jpg 768w, https:\/\/www.mkreborns.com\/wp-content\/uploads\/2026\/03\/Mary-Reborn-doll11-18x12.jpg 18w, https:\/\/www.mkreborns.com\/wp-content\/uploads\/2026\/03\/Mary-Reborn-doll11-700x467.jpg 700w, https:\/\/www.mkreborns.com\/wp-content\/uploads\/2026\/03\/Mary-Reborn-doll11-150x100.jpg 150w\" sizes=\"(max-width: 1400px) 100vw, 1400px\" \/> <img decoding=\"async\" class=\"aligncenter wp-image-3830 size-full\" src=\"https:\/\/www.mkreborns.com\/wp-content\/themes\/woodmart\/images\/lazy.svg\" data-src=\"https:\/\/www.mkreborns.com\/wp-content\/uploads\/2026\/03\/Mary-Reborn-doll15.jpg\" alt=\"Reborn b\u00e1bika Bonnie, vyroben\u00e1 zo silik\u00f3nu, s realistick\u00fdmi \u010drtami, le\u017eiaca na fialovej deke v \u00fatulnom oble\u010den\u00ed.\" width=\"1400\" height=\"933\" title=\"\" srcset=\"\" data-srcset=\"https:\/\/www.mkreborns.com\/wp-content\/uploads\/2026\/03\/Mary-Reborn-doll15.jpg 1400w, https:\/\/www.mkreborns.com\/wp-content\/uploads\/2026\/03\/Mary-Reborn-doll15-400x267.jpg 400w, https:\/\/www.mkreborns.com\/wp-content\/uploads\/2026\/03\/Mary-Reborn-doll15-1200x800.jpg 1200w, https:\/\/www.mkreborns.com\/wp-content\/uploads\/2026\/03\/Mary-Reborn-doll15-768x512.jpg 768w, https:\/\/www.mkreborns.com\/wp-content\/uploads\/2026\/03\/Mary-Reborn-doll15-18x12.jpg 18w, https:\/\/www.mkreborns.com\/wp-content\/uploads\/2026\/03\/Mary-Reborn-doll15-700x467.jpg 700w, https:\/\/www.mkreborns.com\/wp-content\/uploads\/2026\/03\/Mary-Reborn-doll15-150x100.jpg 150w\" sizes=\"(max-width: 1400px) 100vw, 1400px\" \/><\/p>","protected":false},"excerpt":{"rendered":"<p>Ak uva\u017eujete o tom, \u017ee darujete priate\u013eovi alebo rodine diev\u010densk\u00fa reborn b\u00e1biku, nemus\u00ed to by\u0165 len tak oby\u010dajn\u00fd dar\u010dek. Reborn b\u00e1bika bude darom pln\u00fdm l\u00e1skavosti a lie\u010divej sily.<\/p>","protected":false},"featured_media":3827,"comment_status":"open","ping_status":"closed","template":"","meta":[],"product_brand":[],"product_cat":[158,144,155,146,154,153,157],"product_tag":[],"class_list":{"0":"post-3815","1":"product","2":"type-product","3":"status-publish","4":"has-post-thumbnail","6":"product_cat-15-inch-baby-dolls","7":"product_cat-baby-girl-reborn-dolls","8":"product_cat-cute-reborn-dolls","9":"product_cat-full-silicone-reborn-dolls","10":"product_cat-lifelike-reborn-dolls","11":"product_cat-newborn-reborn-dolls","12":"product_cat-real-life-baby-dolls","14":"first","15":"instock","16":"sale","17":"shipping-taxable","18":"purchasable","19":"product-type-simple"},"_links":{"self":[{"href":"https:\/\/www.mkreborns.com\/sk\/wp-json\/wp\/v2\/product\/3815","targetHints":{"allow":["GET"]}}],"collection":[{"href":"https:\/\/www.mkreborns.com\/sk\/wp-json\/wp\/v2\/product"}],"about":[{"href":"https:\/\/www.mkreborns.com\/sk\/wp-json\/wp\/v2\/types\/product"}],"replies":[{"embeddable":true,"href":"https:\/\/www.mkreborns.com\/sk\/wp-json\/wp\/v2\/comments?post=3815"}],"wp:featuredmedia":[{"embeddable":true,"href":"https:\/\/www.mkreborns.com\/sk\/wp-json\/wp\/v2\/media\/3827"}],"wp:attachment":[{"href":"https:\/\/www.mkreborns.com\/sk\/wp-json\/wp\/v2\/media?parent=3815"}],"wp:term":[{"taxonomy":"product_brand","embeddable":true,"href":"https:\/\/www.mkreborns.com\/sk\/wp-json\/wp\/v2\/product_brand?post=3815"},{"taxonomy":"product_cat","embeddable":true,"href":"https:\/\/www.mkreborns.com\/sk\/wp-json\/wp\/v2\/product_cat?post=3815"},{"taxonomy":"product_tag","embeddable":true,"href":"https:\/\/www.mkreborns.com\/sk\/wp-json\/wp\/v2\/product_tag?post=3815"}],"curies":[{"name":"pracovn\u00fd list","href":"https:\/\/api.w.org\/{rel}","templated":true}]}}