{"id":3800,"date":"2026-03-08T16:05:18","date_gmt":"2026-03-08T16:05:18","guid":{"rendered":"https:\/\/www.mkreborns.com\/?post_type=product&#038;p=3800"},"modified":"2026-03-18T15:18:26","modified_gmt":"2026-03-18T15:18:26","slug":"bonnie-all-silicone-realistic-reborn-doll","status":"publish","type":"product","link":"https:\/\/www.mkreborns.com\/sk\/product\/bonnie-all-silicone-realistic-reborn-doll\/","title":{"rendered":"Realistick\u00e1 reborn b\u00e1bika Bonnie, cel\u00e1 zo silik\u00f3nu"},"content":{"rendered":"<p>T\u00e1to reborn b\u00e1bika, vyroben\u00e1 v\u00fdlu\u010dne zo silik\u00f3nu, nielen\u017ee p\u00f4sob\u00ed realisticky, ale z\u00e1rove\u0148 symbolizuje bezpe\u010dnos\u0165 a odolnos\u0165. Silik\u00f3nov\u00e1 reborn b\u00e1bika je netoxick\u00e1, bez z\u00e1pachu a \u0161etrn\u00e1 k poko\u017eke, tak\u017ee ju m\u00f4\u017eete bezpe\u010dne obja\u0165. Neobsahuje \u017eiadne bat\u00e9rie ani zlo\u017eit\u00e9 elektronick\u00e9 s\u00fa\u010diastky, v\u010faka \u010domu je skuto\u010dne \u010distou a tichou hra\u010dkou.<\/p>\n<p>Pohlavie: Diev\u010da<br \/>\nV\u00fd\u0161ka: 40 cm<br \/>\nHmotnos\u0165: 1,5 kg<br \/>\nHmotnos\u0165 balenia: 2,2 kg<br \/>\nRozmery balenia: 46*21*15 cm<\/p>\n<p>&nbsp;<\/p>\n<p><img decoding=\"async\" class=\"aligncenter wp-image-3805 size-full\" src=\"https:\/\/www.mkreborns.com\/wp-content\/themes\/woodmart\/images\/lazy.svg\" data-src=\"https:\/\/www.mkreborns.com\/wp-content\/uploads\/2026\/03\/Boy-reborn-doll5.jpg\" alt=\"\" width=\"1400\" height=\"933\" title=\"\" srcset=\"\" data-srcset=\"https:\/\/www.mkreborns.com\/wp-content\/uploads\/2026\/03\/Boy-reborn-doll5.jpg 1400w, https:\/\/www.mkreborns.com\/wp-content\/uploads\/2026\/03\/Boy-reborn-doll5-400x267.jpg 400w, https:\/\/www.mkreborns.com\/wp-content\/uploads\/2026\/03\/Boy-reborn-doll5-1200x800.jpg 1200w, https:\/\/www.mkreborns.com\/wp-content\/uploads\/2026\/03\/Boy-reborn-doll5-768x512.jpg 768w, https:\/\/www.mkreborns.com\/wp-content\/uploads\/2026\/03\/Boy-reborn-doll5-18x12.jpg 18w, https:\/\/www.mkreborns.com\/wp-content\/uploads\/2026\/03\/Boy-reborn-doll5-700x467.jpg 700w, https:\/\/www.mkreborns.com\/wp-content\/uploads\/2026\/03\/Boy-reborn-doll5-150x100.jpg 150w\" sizes=\"(max-width: 1400px) 100vw, 1400px\" \/><img decoding=\"async\" class=\"aligncenter wp-image-3814 size-full\" src=\"https:\/\/www.mkreborns.com\/wp-content\/themes\/woodmart\/images\/lazy.svg\" data-src=\"https:\/\/www.mkreborns.com\/wp-content\/uploads\/2026\/03\/Boy-reborn-doll14.jpg\" alt=\"\" width=\"1400\" height=\"933\" title=\"\" srcset=\"\" data-srcset=\"https:\/\/www.mkreborns.com\/wp-content\/uploads\/2026\/03\/Boy-reborn-doll14.jpg 1400w, https:\/\/www.mkreborns.com\/wp-content\/uploads\/2026\/03\/Boy-reborn-doll14-400x267.jpg 400w, https:\/\/www.mkreborns.com\/wp-content\/uploads\/2026\/03\/Boy-reborn-doll14-1200x800.jpg 1200w, https:\/\/www.mkreborns.com\/wp-content\/uploads\/2026\/03\/Boy-reborn-doll14-768x512.jpg 768w, https:\/\/www.mkreborns.com\/wp-content\/uploads\/2026\/03\/Boy-reborn-doll14-18x12.jpg 18w, https:\/\/www.mkreborns.com\/wp-content\/uploads\/2026\/03\/Boy-reborn-doll14-700x467.jpg 700w, https:\/\/www.mkreborns.com\/wp-content\/uploads\/2026\/03\/Boy-reborn-doll14-150x100.jpg 150w\" sizes=\"(max-width: 1400px) 100vw, 1400px\" \/><\/p>","protected":false},"excerpt":{"rendered":"<p>Realistick\u00e9 reborn b\u00e1biky s\u00fa vhodn\u00e9 pre r\u00f4znych \u013eud\u00ed. M\u00f4\u017eu sl\u00fa\u017ei\u0165 nielen ako spolo\u010dn\u00edci pre deti, ale aj zmierni\u0165 osamelos\u0165 star\u0161\u00edch \u013eud\u00ed, mlad\u00fdch \u013eud\u00ed a \u013eud\u00ed stredn\u00e9ho veku.<\/p>","protected":false},"featured_media":3806,"comment_status":"open","ping_status":"closed","template":"","meta":[],"product_brand":[],"product_cat":[158,144,155,146,153],"product_tag":[],"class_list":{"0":"post-3800","1":"product","2":"type-product","3":"status-publish","4":"has-post-thumbnail","6":"product_cat-15-inch-baby-dolls","7":"product_cat-baby-girl-reborn-dolls","8":"product_cat-cute-reborn-dolls","9":"product_cat-full-silicone-reborn-dolls","10":"product_cat-newborn-reborn-dolls","12":"first","13":"instock","14":"sale","15":"shipping-taxable","16":"purchasable","17":"product-type-simple"},"_links":{"self":[{"href":"https:\/\/www.mkreborns.com\/sk\/wp-json\/wp\/v2\/product\/3800","targetHints":{"allow":["GET"]}}],"collection":[{"href":"https:\/\/www.mkreborns.com\/sk\/wp-json\/wp\/v2\/product"}],"about":[{"href":"https:\/\/www.mkreborns.com\/sk\/wp-json\/wp\/v2\/types\/product"}],"replies":[{"embeddable":true,"href":"https:\/\/www.mkreborns.com\/sk\/wp-json\/wp\/v2\/comments?post=3800"}],"wp:featuredmedia":[{"embeddable":true,"href":"https:\/\/www.mkreborns.com\/sk\/wp-json\/wp\/v2\/media\/3806"}],"wp:attachment":[{"href":"https:\/\/www.mkreborns.com\/sk\/wp-json\/wp\/v2\/media?parent=3800"}],"wp:term":[{"taxonomy":"product_brand","embeddable":true,"href":"https:\/\/www.mkreborns.com\/sk\/wp-json\/wp\/v2\/product_brand?post=3800"},{"taxonomy":"product_cat","embeddable":true,"href":"https:\/\/www.mkreborns.com\/sk\/wp-json\/wp\/v2\/product_cat?post=3800"},{"taxonomy":"product_tag","embeddable":true,"href":"https:\/\/www.mkreborns.com\/sk\/wp-json\/wp\/v2\/product_tag?post=3800"}],"curies":[{"name":"pracovn\u00fd list","href":"https:\/\/api.w.org\/{rel}","templated":true}]}}