{"id":3782,"date":"2026-03-08T15:57:12","date_gmt":"2026-03-08T15:57:12","guid":{"rendered":"https:\/\/www.mkreborns.com\/?post_type=product&#038;p=3782"},"modified":"2026-03-18T15:02:57","modified_gmt":"2026-03-18T15:02:57","slug":"ashley-silicone-lifelike-baby-reborn-doll","status":"publish","type":"product","link":"https:\/\/www.mkreborns.com\/sk\/product\/ashley-silicone-lifelike-baby-reborn-doll\/","title":{"rendered":"Silik\u00f3nov\u00e1 realistick\u00e1 reborn b\u00e1bika Ashley"},"content":{"rendered":"<p>T\u00e1to realistick\u00e1 reborn b\u00e1bika m\u00e1 perfektn\u00fa ve\u013ekos\u0165; preto\u017ee je dostato\u010dne mal\u00e1, potrebuje len trochu miesta a d\u00e1 sa \u013eahko umiestni\u0165 na no\u010dn\u00fd stol\u00edk alebo do rohu pohovky, \u010d\u00edm sa stane tich\u00fdm a tepl\u00fdm miestom v miestnosti. Ke\u010f po dlhom dni pr\u00eddete domov a obj\u00edmete reborn b\u00e1biku, va\u0161a n\u00e1lada sa okam\u017eite uvo\u013en\u00ed.<\/p>\n<p>Pohlavie: Diev\u010da<br \/>\nV\u00fd\u0161ka: 40 cm<br \/>\nHmotnos\u0165: 1,7 kg<br \/>\nHmotnos\u0165 balenia: 2,5 kg<br \/>\nRozmery balenia: 46*21*15 cm<\/p>\n<p><img decoding=\"async\" class=\"aligncenter wp-image-3798 size-full\" src=\"https:\/\/www.mkreborns.com\/wp-content\/themes\/woodmart\/images\/lazy.svg\" data-src=\"https:\/\/www.mkreborns.com\/wp-content\/uploads\/2026\/03\/ashley-reborn-doll16.jpg\" alt=\"Silik\u00f3nov\u00e1 b\u00e1bika Reborn, realistick\u00e1 b\u00e1bika pre zberate\u013eov a deti, m\u00e4kk\u00e1 a \u017eiv\u00e1.\" width=\"1400\" height=\"933\" title=\"\" srcset=\"\" data-srcset=\"https:\/\/www.mkreborns.com\/wp-content\/uploads\/2026\/03\/ashley-reborn-doll16.jpg 1400w, https:\/\/www.mkreborns.com\/wp-content\/uploads\/2026\/03\/ashley-reborn-doll16-400x267.jpg 400w, https:\/\/www.mkreborns.com\/wp-content\/uploads\/2026\/03\/ashley-reborn-doll16-1200x800.jpg 1200w, https:\/\/www.mkreborns.com\/wp-content\/uploads\/2026\/03\/ashley-reborn-doll16-768x512.jpg 768w, https:\/\/www.mkreborns.com\/wp-content\/uploads\/2026\/03\/ashley-reborn-doll16-18x12.jpg 18w, https:\/\/www.mkreborns.com\/wp-content\/uploads\/2026\/03\/ashley-reborn-doll16-700x467.jpg 700w, https:\/\/www.mkreborns.com\/wp-content\/uploads\/2026\/03\/ashley-reborn-doll16-150x100.jpg 150w\" sizes=\"(max-width: 1400px) 100vw, 1400px\" \/> <img decoding=\"async\" class=\"aligncenter wp-image-3799 size-full\" src=\"https:\/\/www.mkreborns.com\/wp-content\/themes\/woodmart\/images\/lazy.svg\" data-src=\"https:\/\/www.mkreborns.com\/wp-content\/uploads\/2026\/03\/ashley-reborn-doll17.jpg\" alt=\"Realistick\u00e1 40 cm silik\u00f3nov\u00e1 reborn b\u00e1bika pre pred\u010dasne naroden\u00e9 deti, ide\u00e1lna pre zberate\u013eov a detsk\u00e9 izby.\" width=\"1400\" height=\"933\" title=\"\" srcset=\"\" data-srcset=\"https:\/\/www.mkreborns.com\/wp-content\/uploads\/2026\/03\/ashley-reborn-doll17.jpg 1400w, https:\/\/www.mkreborns.com\/wp-content\/uploads\/2026\/03\/ashley-reborn-doll17-400x267.jpg 400w, https:\/\/www.mkreborns.com\/wp-content\/uploads\/2026\/03\/ashley-reborn-doll17-1200x800.jpg 1200w, https:\/\/www.mkreborns.com\/wp-content\/uploads\/2026\/03\/ashley-reborn-doll17-768x512.jpg 768w, https:\/\/www.mkreborns.com\/wp-content\/uploads\/2026\/03\/ashley-reborn-doll17-18x12.jpg 18w, https:\/\/www.mkreborns.com\/wp-content\/uploads\/2026\/03\/ashley-reborn-doll17-700x467.jpg 700w, https:\/\/www.mkreborns.com\/wp-content\/uploads\/2026\/03\/ashley-reborn-doll17-150x100.jpg 150w\" sizes=\"(max-width: 1400px) 100vw, 1400px\" \/> <img decoding=\"async\" class=\"aligncenter wp-image-3796 size-full\" src=\"https:\/\/www.mkreborns.com\/wp-content\/themes\/woodmart\/images\/lazy.svg\" data-src=\"https:\/\/www.mkreborns.com\/wp-content\/uploads\/2026\/03\/ashley-reborn-doll14.jpg\" alt=\"Realistick\u00e1 40 cm silik\u00f3nov\u00e1 reborn b\u00e1bika pre pred\u010dasne naroden\u00e9 deti, ide\u00e1lna pre zberate\u013eov a deti.\" width=\"1400\" height=\"933\" title=\"\" srcset=\"\" data-srcset=\"https:\/\/www.mkreborns.com\/wp-content\/uploads\/2026\/03\/ashley-reborn-doll14.jpg 1400w, https:\/\/www.mkreborns.com\/wp-content\/uploads\/2026\/03\/ashley-reborn-doll14-400x267.jpg 400w, https:\/\/www.mkreborns.com\/wp-content\/uploads\/2026\/03\/ashley-reborn-doll14-1200x800.jpg 1200w, https:\/\/www.mkreborns.com\/wp-content\/uploads\/2026\/03\/ashley-reborn-doll14-768x512.jpg 768w, https:\/\/www.mkreborns.com\/wp-content\/uploads\/2026\/03\/ashley-reborn-doll14-18x12.jpg 18w, https:\/\/www.mkreborns.com\/wp-content\/uploads\/2026\/03\/ashley-reborn-doll14-700x467.jpg 700w, https:\/\/www.mkreborns.com\/wp-content\/uploads\/2026\/03\/ashley-reborn-doll14-150x100.jpg 150w\" sizes=\"(max-width: 1400px) 100vw, 1400px\" \/><\/p>","protected":false},"excerpt":{"rendered":"<p>T\u00e1to roztomil\u00e1 znovuzroden\u00e1 b\u00e1bika vyzer\u00e1 ve\u013emi ru\u017eovo a ne\u017ene, s roztomil\u00fdmi mal\u00fdmi ru\u010di\u010dkami a no\u017ei\u010dkami. S jemne zatvoren\u00fdmi o\u010dami sa zd\u00e1, akoby bola skuto\u010dne ponoren\u00e1 do sladk\u00e9ho sna.<\/p>","protected":false},"featured_media":3785,"comment_status":"open","ping_status":"closed","template":"","meta":[],"product_brand":[],"product_cat":[158,144,155,146,153],"product_tag":[],"class_list":{"0":"post-3782","1":"product","2":"type-product","3":"status-publish","4":"has-post-thumbnail","6":"product_cat-15-inch-baby-dolls","7":"product_cat-baby-girl-reborn-dolls","8":"product_cat-cute-reborn-dolls","9":"product_cat-full-silicone-reborn-dolls","10":"product_cat-newborn-reborn-dolls","12":"first","13":"instock","14":"sale","15":"shipping-taxable","16":"purchasable","17":"product-type-simple"},"_links":{"self":[{"href":"https:\/\/www.mkreborns.com\/sk\/wp-json\/wp\/v2\/product\/3782","targetHints":{"allow":["GET"]}}],"collection":[{"href":"https:\/\/www.mkreborns.com\/sk\/wp-json\/wp\/v2\/product"}],"about":[{"href":"https:\/\/www.mkreborns.com\/sk\/wp-json\/wp\/v2\/types\/product"}],"replies":[{"embeddable":true,"href":"https:\/\/www.mkreborns.com\/sk\/wp-json\/wp\/v2\/comments?post=3782"}],"wp:featuredmedia":[{"embeddable":true,"href":"https:\/\/www.mkreborns.com\/sk\/wp-json\/wp\/v2\/media\/3785"}],"wp:attachment":[{"href":"https:\/\/www.mkreborns.com\/sk\/wp-json\/wp\/v2\/media?parent=3782"}],"wp:term":[{"taxonomy":"product_brand","embeddable":true,"href":"https:\/\/www.mkreborns.com\/sk\/wp-json\/wp\/v2\/product_brand?post=3782"},{"taxonomy":"product_cat","embeddable":true,"href":"https:\/\/www.mkreborns.com\/sk\/wp-json\/wp\/v2\/product_cat?post=3782"},{"taxonomy":"product_tag","embeddable":true,"href":"https:\/\/www.mkreborns.com\/sk\/wp-json\/wp\/v2\/product_tag?post=3782"}],"curies":[{"name":"pracovn\u00fd list","href":"https:\/\/api.w.org\/{rel}","templated":true}]}}