{"id":3728,"date":"2026-03-07T16:32:17","date_gmt":"2026-03-07T16:32:17","guid":{"rendered":"https:\/\/www.mkreborns.com\/?post_type=product&#038;p=3728"},"modified":"2026-03-18T14:20:16","modified_gmt":"2026-03-18T14:20:16","slug":"elisa-mini-silicone-cuddle-reborn-doll","status":"publish","type":"product","link":"https:\/\/www.mkreborns.com\/sk\/product\/elisa-mini-silicone-cuddle-reborn-doll\/","title":{"rendered":"Silik\u00f3nov\u00e1 b\u00e1bika Elisa Mini Cuddle Reborn"},"content":{"rendered":"<p>Kto by odolal rozko\u0161nej b\u00e1bike v n\u00e1ru\u010d\u00ed? Tieto ply\u0161ov\u00e9 reborn b\u00e1biky s\u00fa rovnako realistick\u00e9 ako skuto\u010dn\u00e9 novorodencov; poh\u013ead na ne v\u00e1m roztop\u00ed srdce. Mini reborn b\u00e1bika je tak\u00e1 jemn\u00e1 a mal\u00e1, \u017ee ke\u010f ju dr\u017e\u00edte v n\u00e1ru\u010d\u00ed, m\u00f4\u017ee vo v\u00e1s r\u00fdchlo vyvola\u0165 ochrann\u00fd in\u0161tinkt. Starostlivos\u0165 o reborn b\u00e1biku m\u00f4\u017ee by\u0165 ve\u013emi pr\u00edjemn\u00fdm z\u00e1\u017eitkom, ktor\u00fd v\u00e1m poskytne ve\u013ek\u00fd pocit emocion\u00e1lneho uspokojenia a \u00faspechu.<\/p>\n<p>&nbsp;<\/p>\n<p>Pohlavie: Chlapec<br \/>\nV\u00fd\u0161ka: 40 cm<br \/>\nHmotnos\u0165: 1,6 kg<br \/>\nHmotnos\u0165 balenia: 2,5 kg<br \/>\nRozmery balenia: 46*21*15 cm<\/p>\n<p>&nbsp;<\/p>\n<p><img decoding=\"async\" class=\"aligncenter wp-image-3738 size-full\" src=\"https:\/\/www.mkreborns.com\/wp-content\/themes\/woodmart\/images\/lazy.svg\" data-src=\"https:\/\/www.mkreborns.com\/wp-content\/uploads\/2026\/03\/reborn-doll10.jpg\" alt=\"Realistick\u00e1 silik\u00f3nov\u00e1 reborn b\u00e1bika pre zberate\u013eov a deti.\" width=\"1400\" height=\"2100\" title=\"\" srcset=\"\" data-srcset=\"https:\/\/www.mkreborns.com\/wp-content\/uploads\/2026\/03\/reborn-doll10.jpg 1400w, https:\/\/www.mkreborns.com\/wp-content\/uploads\/2026\/03\/reborn-doll10-200x300.jpg 200w, https:\/\/www.mkreborns.com\/wp-content\/uploads\/2026\/03\/reborn-doll10-533x800.jpg 533w, https:\/\/www.mkreborns.com\/wp-content\/uploads\/2026\/03\/reborn-doll10-768x1152.jpg 768w, https:\/\/www.mkreborns.com\/wp-content\/uploads\/2026\/03\/reborn-doll10-1024x1536.jpg 1024w, https:\/\/www.mkreborns.com\/wp-content\/uploads\/2026\/03\/reborn-doll10-1365x2048.jpg 1365w, https:\/\/www.mkreborns.com\/wp-content\/uploads\/2026\/03\/reborn-doll10-8x12.jpg 8w, https:\/\/www.mkreborns.com\/wp-content\/uploads\/2026\/03\/reborn-doll10-700x1050.jpg 700w, https:\/\/www.mkreborns.com\/wp-content\/uploads\/2026\/03\/reborn-doll10-150x225.jpg 150w\" sizes=\"(max-width: 1400px) 100vw, 1400px\" \/> <img decoding=\"async\" class=\"aligncenter wp-image-3735 size-full\" src=\"https:\/\/www.mkreborns.com\/wp-content\/themes\/woodmart\/images\/lazy.svg\" data-src=\"https:\/\/www.mkreborns.com\/wp-content\/uploads\/2026\/03\/reborn-doll7.jpg\" alt=\"\" width=\"1400\" height=\"2100\" title=\"\" srcset=\"\" data-srcset=\"https:\/\/www.mkreborns.com\/wp-content\/uploads\/2026\/03\/reborn-doll7.jpg 1400w, https:\/\/www.mkreborns.com\/wp-content\/uploads\/2026\/03\/reborn-doll7-200x300.jpg 200w, https:\/\/www.mkreborns.com\/wp-content\/uploads\/2026\/03\/reborn-doll7-533x800.jpg 533w, https:\/\/www.mkreborns.com\/wp-content\/uploads\/2026\/03\/reborn-doll7-768x1152.jpg 768w, https:\/\/www.mkreborns.com\/wp-content\/uploads\/2026\/03\/reborn-doll7-1024x1536.jpg 1024w, https:\/\/www.mkreborns.com\/wp-content\/uploads\/2026\/03\/reborn-doll7-1365x2048.jpg 1365w, https:\/\/www.mkreborns.com\/wp-content\/uploads\/2026\/03\/reborn-doll7-8x12.jpg 8w, https:\/\/www.mkreborns.com\/wp-content\/uploads\/2026\/03\/reborn-doll7-700x1050.jpg 700w, https:\/\/www.mkreborns.com\/wp-content\/uploads\/2026\/03\/reborn-doll7-150x225.jpg 150w\" sizes=\"(max-width: 1400px) 100vw, 1400px\" \/> <img decoding=\"async\" class=\"aligncenter wp-image-3741 size-full\" src=\"https:\/\/www.mkreborns.com\/wp-content\/themes\/woodmart\/images\/lazy.svg\" data-src=\"https:\/\/www.mkreborns.com\/wp-content\/uploads\/2026\/03\/reborn-doll13.jpg\" alt=\"\" width=\"1400\" height=\"2100\" title=\"\" srcset=\"\" data-srcset=\"https:\/\/www.mkreborns.com\/wp-content\/uploads\/2026\/03\/reborn-doll13.jpg 1400w, https:\/\/www.mkreborns.com\/wp-content\/uploads\/2026\/03\/reborn-doll13-200x300.jpg 200w, https:\/\/www.mkreborns.com\/wp-content\/uploads\/2026\/03\/reborn-doll13-533x800.jpg 533w, https:\/\/www.mkreborns.com\/wp-content\/uploads\/2026\/03\/reborn-doll13-768x1152.jpg 768w, https:\/\/www.mkreborns.com\/wp-content\/uploads\/2026\/03\/reborn-doll13-1024x1536.jpg 1024w, https:\/\/www.mkreborns.com\/wp-content\/uploads\/2026\/03\/reborn-doll13-1365x2048.jpg 1365w, https:\/\/www.mkreborns.com\/wp-content\/uploads\/2026\/03\/reborn-doll13-8x12.jpg 8w, https:\/\/www.mkreborns.com\/wp-content\/uploads\/2026\/03\/reborn-doll13-700x1050.jpg 700w, https:\/\/www.mkreborns.com\/wp-content\/uploads\/2026\/03\/reborn-doll13-150x225.jpg 150w\" sizes=\"(max-width: 1400px) 100vw, 1400px\" \/><\/p>","protected":false},"excerpt":{"rendered":"<p>Silik\u00f3n je ve\u013emi be\u017en\u00fd a ob\u013e\u00faben\u00fd materi\u00e1l vo svete reborn b\u00e1bik. Ak ste alergick\u00ed na in\u00e9 materi\u00e1ly, silik\u00f3nov\u00e9 reborn b\u00e1biky s\u00fa pre v\u00e1s ur\u010dite dobrou vo\u013ebou.<\/p>","protected":false},"featured_media":3736,"comment_status":"open","ping_status":"closed","template":"","meta":[],"product_brand":[],"product_cat":[145,158,155,146,153],"product_tag":[],"class_list":{"0":"post-3728","1":"product","2":"type-product","3":"status-publish","4":"has-post-thumbnail","6":"product_cat-baby-boy-reborn-dolls","7":"product_cat-15-inch-baby-dolls","8":"product_cat-cute-reborn-dolls","9":"product_cat-full-silicone-reborn-dolls","10":"product_cat-newborn-reborn-dolls","12":"first","13":"instock","14":"sale","15":"shipping-taxable","16":"purchasable","17":"product-type-simple"},"_links":{"self":[{"href":"https:\/\/www.mkreborns.com\/sk\/wp-json\/wp\/v2\/product\/3728","targetHints":{"allow":["GET"]}}],"collection":[{"href":"https:\/\/www.mkreborns.com\/sk\/wp-json\/wp\/v2\/product"}],"about":[{"href":"https:\/\/www.mkreborns.com\/sk\/wp-json\/wp\/v2\/types\/product"}],"replies":[{"embeddable":true,"href":"https:\/\/www.mkreborns.com\/sk\/wp-json\/wp\/v2\/comments?post=3728"}],"wp:featuredmedia":[{"embeddable":true,"href":"https:\/\/www.mkreborns.com\/sk\/wp-json\/wp\/v2\/media\/3736"}],"wp:attachment":[{"href":"https:\/\/www.mkreborns.com\/sk\/wp-json\/wp\/v2\/media?parent=3728"}],"wp:term":[{"taxonomy":"product_brand","embeddable":true,"href":"https:\/\/www.mkreborns.com\/sk\/wp-json\/wp\/v2\/product_brand?post=3728"},{"taxonomy":"product_cat","embeddable":true,"href":"https:\/\/www.mkreborns.com\/sk\/wp-json\/wp\/v2\/product_cat?post=3728"},{"taxonomy":"product_tag","embeddable":true,"href":"https:\/\/www.mkreborns.com\/sk\/wp-json\/wp\/v2\/product_tag?post=3728"}],"curies":[{"name":"pracovn\u00fd list","href":"https:\/\/api.w.org\/{rel}","templated":true}]}}