{"id":3622,"date":"2026-02-04T15:19:37","date_gmt":"2026-02-04T15:19:37","guid":{"rendered":"https:\/\/www.mkreborns.com\/?post_type=product&#038;p=3622"},"modified":"2026-03-18T15:10:13","modified_gmt":"2026-03-18T15:10:13","slug":"bagot-miniature-cuddle-fake-reborn-dolls","status":"publish","type":"product","link":"https:\/\/www.mkreborns.com\/sk\/product\/bagot-miniature-cuddle-fake-reborn-dolls\/","title":{"rendered":"Miniat\u00farne falo\u0161n\u00e9 reborn b\u00e1biky Bagot Cuddle"},"content":{"rendered":"<p>Reborn b\u00e1biky maj\u00fa realistick\u00fd vzh\u013ead a m\u00f4\u017eu sa pou\u017e\u00edva\u0165 ako vzdel\u00e1vacie hra\u010dky pre deti. Miniat\u00farne reborn b\u00e1biky s\u00fa \u013eahk\u00e9 a mal\u00e9, tak\u017ee ich deti m\u00f4\u017eu \u013eahko zdvihn\u00fa\u0165 a polo\u017ei\u0165. Realistick\u00fd vzh\u013ead reborn b\u00e1bik m\u00f4\u017ee deti vies\u0165 k rozvoju empatie a zodpovednosti prostredn\u00edctvom hrania rol\u00ed a nau\u010di\u0165 sa stara\u0165 sa o ostatn\u00fdch.<\/p>\n<p>&nbsp;<\/p>\n<p>Pohlavie: Chlapec<br \/>\nHmotnos\u0165: 1,3 kg<br \/>\nV\u00fd\u0161ka: 18 palcov<br \/>\nMateri\u00e1l: PVC<\/p>\n<p>&nbsp;<\/p>\n<div style=\"width: 720px;\" class=\"wp-video\"><video class=\"wp-video-shortcode\" id=\"video-3622-1\" width=\"720\" height=\"960\" preload=\"metadata\" controls=\"controls\"><source type=\"video\/mp4\" src=\"https:\/\/www.mkreborns.com\/wp-content\/uploads\/2026\/02\/Bagot-Cuddle-Reborn.mp4?_=1\" \/><a href=\"https:\/\/www.mkreborns.com\/wp-content\/uploads\/2026\/02\/Bagot-Cuddle-Reborn.mp4\">https:\/\/www.mkreborns.com\/wp-content\/uploads\/2026\/02\/Bagot-Cuddle-Reborn.mp4<\/a><\/video><\/div>\n<p><img decoding=\"async\" class=\"aligncenter wp-image-3631 size-full\" src=\"https:\/\/www.mkreborns.com\/wp-content\/themes\/woodmart\/images\/lazy.svg\" data-src=\"https:\/\/www.mkreborns.com\/wp-content\/uploads\/2026\/02\/Bagot-Cuddle-Reborn9.jpg\" alt=\"Autentick\u00e1 miniat\u00farna reborn b\u00e1bika Bagot s m\u00e4kk\u00fdmi rukami a ochabnutou tv\u00e1rou.\" width=\"800\" height=\"800\" title=\"\" srcset=\"\" data-srcset=\"https:\/\/www.mkreborns.com\/wp-content\/uploads\/2026\/02\/Bagot-Cuddle-Reborn9.jpg 800w, https:\/\/www.mkreborns.com\/wp-content\/uploads\/2026\/02\/Bagot-Cuddle-Reborn9-150x150.jpg 150w, https:\/\/www.mkreborns.com\/wp-content\/uploads\/2026\/02\/Bagot-Cuddle-Reborn9-700x700.jpg 700w, https:\/\/www.mkreborns.com\/wp-content\/uploads\/2026\/02\/Bagot-Cuddle-Reborn9-300x300.jpg 300w, https:\/\/www.mkreborns.com\/wp-content\/uploads\/2026\/02\/Bagot-Cuddle-Reborn9-768x768.jpg 768w\" sizes=\"(max-width: 800px) 100vw, 800px\" \/> <img decoding=\"async\" class=\"aligncenter wp-image-3629 size-full\" src=\"https:\/\/www.mkreborns.com\/wp-content\/themes\/woodmart\/images\/lazy.svg\" data-src=\"https:\/\/www.mkreborns.com\/wp-content\/uploads\/2026\/02\/Bagot-Cuddle-Reborn7.jpg\" alt=\"Rozko\u0161n\u00e1 miniat\u00farna reborn b\u00e1bika chlapca s oble\u010den\u00edm, klob\u00fakom a doplnkami pre zberate\u013eov.\" width=\"800\" height=\"800\" title=\"\" srcset=\"\" data-srcset=\"https:\/\/www.mkreborns.com\/wp-content\/uploads\/2026\/02\/Bagot-Cuddle-Reborn7.jpg 800w, https:\/\/www.mkreborns.com\/wp-content\/uploads\/2026\/02\/Bagot-Cuddle-Reborn7-150x150.jpg 150w, https:\/\/www.mkreborns.com\/wp-content\/uploads\/2026\/02\/Bagot-Cuddle-Reborn7-700x700.jpg 700w, https:\/\/www.mkreborns.com\/wp-content\/uploads\/2026\/02\/Bagot-Cuddle-Reborn7-300x300.jpg 300w, https:\/\/www.mkreborns.com\/wp-content\/uploads\/2026\/02\/Bagot-Cuddle-Reborn7-768x768.jpg 768w\" sizes=\"(max-width: 800px) 100vw, 800px\" \/><\/p>","protected":false},"excerpt":{"rendered":"<p>Miniat\u00farne reborn b\u00e1biky sa daj\u00fa pou\u017ei\u0165 ako hra\u010dky, ktor\u00e9 pom\u00e1haj\u00fa \u013eu\u010fom, ktor\u00ed stratili die\u0165a, vyrovna\u0165 sa so zlomen\u00fdm srdcom a zmierni\u0165 sm\u00fatok.<\/p>\n<p>\u00dasta b\u00e1biky Reborn s\u00fa magnetick\u00e9, \u010do umo\u017e\u0148uje pou\u017e\u00edva\u0165 magnetick\u00fd cuml\u00edk.<\/p>","protected":false},"featured_media":3630,"comment_status":"open","ping_status":"closed","template":"","meta":[],"product_brand":[],"product_cat":[151,145,154,153,152],"product_tag":[],"class_list":{"0":"post-3622","1":"product","2":"type-product","3":"status-publish","4":"has-post-thumbnail","6":"product_cat-18-inch-reborn-dolls","7":"product_cat-baby-boy-reborn-dolls","8":"product_cat-lifelike-reborn-dolls","9":"product_cat-newborn-reborn-dolls","10":"product_cat-vinyl-reborn-dolls","12":"first","13":"instock","14":"sale","15":"shipping-taxable","16":"purchasable","17":"product-type-simple"},"_links":{"self":[{"href":"https:\/\/www.mkreborns.com\/sk\/wp-json\/wp\/v2\/product\/3622","targetHints":{"allow":["GET"]}}],"collection":[{"href":"https:\/\/www.mkreborns.com\/sk\/wp-json\/wp\/v2\/product"}],"about":[{"href":"https:\/\/www.mkreborns.com\/sk\/wp-json\/wp\/v2\/types\/product"}],"replies":[{"embeddable":true,"href":"https:\/\/www.mkreborns.com\/sk\/wp-json\/wp\/v2\/comments?post=3622"}],"wp:featuredmedia":[{"embeddable":true,"href":"https:\/\/www.mkreborns.com\/sk\/wp-json\/wp\/v2\/media\/3630"}],"wp:attachment":[{"href":"https:\/\/www.mkreborns.com\/sk\/wp-json\/wp\/v2\/media?parent=3622"}],"wp:term":[{"taxonomy":"product_brand","embeddable":true,"href":"https:\/\/www.mkreborns.com\/sk\/wp-json\/wp\/v2\/product_brand?post=3622"},{"taxonomy":"product_cat","embeddable":true,"href":"https:\/\/www.mkreborns.com\/sk\/wp-json\/wp\/v2\/product_cat?post=3622"},{"taxonomy":"product_tag","embeddable":true,"href":"https:\/\/www.mkreborns.com\/sk\/wp-json\/wp\/v2\/product_tag?post=3622"}],"curies":[{"name":"pracovn\u00fd list","href":"https:\/\/api.w.org\/{rel}","templated":true}]}}