{"id":3515,"date":"2026-01-27T09:55:51","date_gmt":"2026-01-27T09:55:51","guid":{"rendered":"https:\/\/www.mkreborns.com\/?page_id=3515"},"modified":"2026-03-19T09:31:16","modified_gmt":"2026-03-19T09:31:16","slug":"reborn-doll-care","status":"publish","type":"page","link":"https:\/\/www.mkreborns.com\/sk\/reborn-doll-care\/","title":{"rendered":"Starostlivos\u0165 o reborn b\u00e1biky"},"content":{"rendered":"<div>Silik\u00f3nov\u00e1 b\u00e1bika Mk Reborns nie je len suven\u00edr, ale soch\u00e1rske umeleck\u00e9 dielo \u2013 vytvoren\u00e9 tak, aby vydr\u017ealo a bolo si v\u00e1\u017een\u00e9. Ka\u017ed\u00e1 b\u00e1bika je vyroben\u00e1 z prvotriedneho platinov\u00e9ho silik\u00f3nu a je navrhnut\u00e1 tak, aby v\u00e1s sprev\u00e1dzala desa\u0165ro\u010dia, ak sa s \u0148ou zaobch\u00e1dza trpezlivo a ne\u017ene.<br \/>\nPlat\u00ed jednoduch\u00e1 z\u00e1sada: starajte sa o svoju reborn b\u00e1biku ako o skuto\u010dn\u00e9 die\u0165a.<\/div>\n<h2>Prevent\u00edvna starostlivos\u0165<\/h2>\n<div>Pre zachovanie jemn\u00fdch detailov v\u017edy uchov\u00e1vajte svoju reborn b\u00e1biku mimo dosahu dom\u00e1cich zvierat. Ani to najkvalitnej\u0161ie remeseln\u00e9 spracovanie nevydr\u017e\u00ed \u017euvanie alebo opakovan\u00e9 hryzenie.<br \/>\nTieto b\u00e1biky nie s\u00fa ur\u010den\u00e9 pre mal\u00e9 deti ani pre intenz\u00edvne zaobch\u00e1dzanie. Nadmern\u00e1 manipul\u00e1cia m\u00f4\u017ee naru\u0161i\u0165 integritu lakovan\u00fdch prvkov, \u0161vov alebo silik\u00f3nu.<\/div>\n<h2>\u010cistenie silik\u00f3nov\u00fdch reborn b\u00e1bik<\/h2>\n<div>Na povrchov\u00e9 ne\u010distoty alebo zvy\u0161ky pou\u017eite mierne navlh\u010den\u00fa m\u00e4kk\u00fa handri\u010dku.<br \/>\nNikdy nedrhnite ani netla\u010dte, preto\u017ee by to mohlo po\u0161kodi\u0165 ru\u010dne ma\u013eovan\u00e9 vrstvy a prirodzen\u00e9 odtiene pleti.<\/div>\n<ul>\n<li>Vyhnite sa nas\u00fdteniu tela b\u00e1biky.<\/li>\n<li>Jemne osu\u0161te \u010dist\u00fdm uter\u00e1kom.<\/li>\n<li>Uistite sa, \u017ee vn\u00fatorn\u00e1 v\u00fdpl\u0148 zostane such\u00e1, aby ste predi\u0161li plesniam.<\/li>\n<\/ul>\n<div>Miesta, kde sa detsk\u00fd p\u00fader zotrel, m\u00f4\u017eu pri\u0165ahova\u0165 vl\u00e1kna alebo prach. Pred op\u00e4tovn\u00fdm nanesen\u00edm tenkej vrstvy p\u00fadru tieto miesta starostlivo o\u010distite.<\/div>\n<h2>Starostlivos\u0165 o vlasy a ich konzerv\u00e1cia<\/h2>\n<div>Starostlivos\u0165 o vlasy je neoddelite\u013enou s\u00fa\u010das\u0165ou starostlivosti o reborn b\u00e1biku.<\/div>\n<ul>\n<li>Pou\u017e\u00edvajte iba kefku s m\u00e4kk\u00fdmi \u0161tetinami.<\/li>\n<li>Pevn\u00e9 \u0161tetce m\u00f4\u017eu uvo\u013eni\u0165 zakorenen\u00e9 vlasy alebo naru\u0161i\u0165 farbu na tv\u00e1ri.<\/li>\n<li>Jemn\u00e9 kefovanie odstra\u0148uje prach a \u010dastice zo vzduchu.<\/li>\n<\/ul>\n<div>Mokr\u00e9 vlasy s\u00fa obzvl\u00e1\u0161\u0165 krehk\u00e9. Um\u00fdvanie sa neodpor\u00fa\u010da. Namiesto toho v pr\u00edpade potreby poko\u017eku hlavy jemne utrite mierne navlh\u010denou handri\u010dkou.<\/div>\n<div>Tip na starostlivos\u0165: Jemn\u00fd sprej na chemick\u00e9 \u010distenie m\u00f4\u017ee zn\u00ed\u017ei\u0165 umel\u00fd lesk na svetl\u00fdch syntetick\u00fdch vlasoch a obnovi\u0165 tak autentickej\u0161\u00ed vzh\u013ead.<\/div>\n<h2>Starostlivos\u0165 o o\u010di<\/h2>\n<div>U b\u00e1bik s otvoren\u00fdmi o\u010dami sa okolo o\u010d\u00ed m\u00f4\u017ee ob\u010das usadi\u0165 prach.<\/div>\n<ul>\n<li>Na odstr\u00e1nenie \u010dast\u00edc pou\u017eite \u010dist\u00fd kozmetick\u00fd \u0161tetec alebo vatov\u00fd tamp\u00f3n.<\/li>\n<li>Nepou\u017e\u00edvajte mokr\u00e9 handri\u010dky v bl\u00edzkosti o\u010d\u00ed.<\/li>\n<li>Zadr\u017eiavanie vlhkosti m\u00f4\u017ee po\u0161kodi\u0165 mihalnice alebo okolit\u00e9 materi\u00e1ly.<\/li>\n<\/ul>\n<div>S oblas\u0165ou o\u010d\u00ed v\u017edy zaobch\u00e1dzajte s mimoriadnou jemnos\u0165ou.<\/div>\n<div><\/div>\n<div>S d\u00f4kladnou starostlivos\u0165ou si va\u0161a b\u00e1bika Mk Reborns zachov\u00e1 svoj realizmus, jemnos\u0165 a emocion\u00e1lnu pr\u00edtomnos\u0165 po mnoho \u010fal\u0161\u00edch rokov.<\/div>","protected":false},"excerpt":{"rendered":"<p>Silik\u00f3nov\u00e1 b\u00e1bika Mk Reborns nie je len suven\u00edr, ale soch\u00e1rske umeleck\u00e9 dielo \u2013 vytvoren\u00e9 tak, aby vydr\u017ealo a vydr\u017ealo.<\/p>","protected":false},"author":1,"featured_media":0,"parent":0,"menu_order":0,"comment_status":"closed","ping_status":"closed","template":"","meta":{"footnotes":""},"class_list":["post-3515","page","type-page","status-publish","hentry"],"_links":{"self":[{"href":"https:\/\/www.mkreborns.com\/sk\/wp-json\/wp\/v2\/pages\/3515","targetHints":{"allow":["GET"]}}],"collection":[{"href":"https:\/\/www.mkreborns.com\/sk\/wp-json\/wp\/v2\/pages"}],"about":[{"href":"https:\/\/www.mkreborns.com\/sk\/wp-json\/wp\/v2\/types\/page"}],"author":[{"embeddable":true,"href":"https:\/\/www.mkreborns.com\/sk\/wp-json\/wp\/v2\/users\/1"}],"replies":[{"embeddable":true,"href":"https:\/\/www.mkreborns.com\/sk\/wp-json\/wp\/v2\/comments?post=3515"}],"version-history":[{"count":0,"href":"https:\/\/www.mkreborns.com\/sk\/wp-json\/wp\/v2\/pages\/3515\/revisions"}],"wp:attachment":[{"href":"https:\/\/www.mkreborns.com\/sk\/wp-json\/wp\/v2\/media?parent=3515"}],"curies":[{"name":"pracovn\u00fd list","href":"https:\/\/api.w.org\/{rel}","templated":true}]}}