{"id":3458,"date":"2026-01-21T15:19:57","date_gmt":"2026-01-21T15:19:57","guid":{"rendered":"https:\/\/www.mkreborns.com\/?page_id=3458"},"modified":"2026-01-22T14:02:09","modified_gmt":"2026-01-22T14:02:09","slug":"payment-methods","status":"publish","type":"page","link":"https:\/\/www.mkreborns.com\/sk\/payment-methods\/","title":{"rendered":"Sp\u00f4soby platby"},"content":{"rendered":"<div>O <strong>Mk Reborns<\/strong>, uprednost\u0148ujeme bezpe\u010dnos\u0165 transakci\u00ed, diskr\u00e9tnos\u0165 a pohodlie.<br \/>\nAby sme zabezpe\u010dili bezprobl\u00e9mov\u00fd proces platby, podporujeme viacero glob\u00e1lne uzn\u00e1van\u00fdch platobn\u00fdch rie\u0161en\u00ed, ktor\u00e9 s\u00fa v\u0161etky spracovan\u00e9 prostredn\u00edctvom \u0161ifrovan\u00fdch a kompatibiln\u00fdch platobn\u00fdch br\u00e1n.<\/div>\n<hr \/>\n<h2>PayPal<\/h2>\n<div>PayPal patr\u00ed medzi najzavedenej\u0161ie a najd\u00f4veryhodnej\u0161ie ekosyst\u00e9my digit\u00e1lnych platieb na svete.<\/div>\n<div>Prostredn\u00edctvom slu\u017eby PayPal akceptujeme \u0161irok\u00fa \u0161k\u00e1lu zdrojov financovania vr\u00e1tane:<\/div>\n<ul>\n<li>V\u00edzum<\/li>\n<li>MasterCard<\/li>\n<li>American Express<\/li>\n<li>Objavte<\/li>\n<li>Prepojen\u00e9 bankov\u00e9 \u00fa\u010dty<\/li>\n<\/ul>\n<div>Ak m\u00e1te akt\u00edvny \u00fa\u010det PayPal, m\u00f4\u017eete n\u00e1kup dokon\u010di\u0165 pomocou zostatku na \u00fa\u010dte PayPal, ulo\u017een\u00fdch kreditn\u00fdch alebo debetn\u00fdch kariet alebo priraden\u00e9ho bankov\u00e9ho \u00fa\u010dtu \u2013 bez op\u00e4tovn\u00e9ho zad\u00e1vania citliv\u00fdch finan\u010dn\u00fdch inform\u00e1ci\u00ed.<\/div>\n<h3>M\u00f4\u017eem pou\u017e\u00edva\u0165 PayPal bez vytvorenia \u00fa\u010dtu?<\/h3>\n<div>\u00c1no.<br \/>\nPo odoslan\u00ed objedn\u00e1vky budete presmerovan\u00ed na zabezpe\u010den\u00e9 platobn\u00e9 rozhranie slu\u017eby PayPal.<br \/>\nAk si ne\u017eel\u00e1te zaregistrova\u0165 \u00fa\u010det PayPal, jednoducho vyberte mo\u017enos\u0165 \u201cPlatba debetnou alebo kreditnou kartou\u201d (alebo \u201cNem\u00e1m \u00fa\u010det PayPal\u201d) a pokra\u010dujte ako hos\u0165 priamym zadan\u00edm \u00fadajov o svojej karte.<\/div>\n<div>Na platbu hos\u0165om nie je potrebn\u00fd \u00fa\u010det PayPal.<\/div>\n<hr \/>\n<h2>Kreditn\u00e9 a debetn\u00e9 karty<\/h2>\n<div>Prij\u00edmame v\u0161etky hlavn\u00e9 medzin\u00e1rodn\u00e9 kreditn\u00e9 a debetn\u00e9 karty vr\u00e1tane:<\/div>\n<ul>\n<li>V\u00edzum<\/li>\n<li>MasterCard<\/li>\n<li>American Express<\/li>\n<li>Objavte<\/li>\n<\/ul>\n<div>V\u0161etky platby kartou s\u00fa spracovan\u00e9 prostredn\u00edctvom platobn\u00fdch br\u00e1n certifikovan\u00fdch v tomto odvetv\u00ed a chr\u00e1nen\u00e9 256-bitov\u00fdm SSL \u0161ifrovan\u00edm, v kombin\u00e1cii s 3D Secure overovan\u00edm, kde je to relevantn\u00e9.<\/div>\n<div>Inform\u00e1cie o va\u0161ej karte sa nikdy neukladaj\u00fa na na\u0161e servery.<\/div>\n<h2>Pre\u010do bola moja platba kartou zamietnut\u00e1?<\/h2>\n<div>K zamietnutiu transakcie m\u00f4\u017ee d\u00f4js\u0165 z nieko\u013ek\u00fdch d\u00f4vodov, vr\u00e1tane, ale nie v\u00fdlu\u010dne:<\/div>\n<ul>\n<li>Nespr\u00e1vne \u010d\u00edslo karty, d\u00e1tum expir\u00e1cie alebo k\u00f3d CVV<\/li>\n<li>Nedostato\u010dn\u00fd dostupn\u00fd zostatok<\/li>\n<li>Prekro\u010den\u00e9 denn\u00e9 alebo transak\u010dn\u00e9 limity stanoven\u00e9 va\u0161ou vyd\u00e1vaj\u00facou bankou<\/li>\n<li>Online alebo medzin\u00e1rodn\u00e9 transakcie s\u00fa obmedzen\u00e9 va\u0161ou bankou<\/li>\n<\/ul>\n<h3>Ako vyrie\u0161i\u0165 probl\u00e9my s platbou kartou<\/h3>\n<ul>\n<li><strong>Overte si \u00fadaje o karte<\/strong><br \/>\nDvakr\u00e1t skontrolujte \u010d\u00edslo karty, d\u00e1tum exspir\u00e1cie, CVV k\u00f3d a faktura\u010dn\u00fa adresu.<\/li>\n<li><strong>Kontaktujte svoju banku<\/strong><br \/>\nPo\u017eiadajte o autoriz\u00e1ciu transakcie alebo odstr\u00e1nenie obmedzen\u00ed online\/cezhrani\u010dn\u00fdch platieb.<\/li>\n<li><strong>Vysk\u00fa\u0161ajte alternat\u00edvnu kartu<\/strong><br \/>\nPou\u017eitie inej kreditnej alebo debetnej karty \u010dasto probl\u00e9m okam\u017eite vyrie\u0161i.<\/li>\n<\/ul>\n<hr \/>\n<h2>Zabezpe\u010denie bezpe\u010dnosti<\/h2>\n<div>\ud83d\udd12 Ozn\u00e1menie o bezpe\u010dnosti platieb<\/div>\n<div>V\u0161etky transakcie na Mk Reborns s\u00fa \u0161ifrovan\u00e9 od za\u010diatku do konca a spracovan\u00e9 prostredn\u00edctvom bezpe\u010dn\u00fdch platobn\u00fdch infra\u0161trukt\u00far kompatibiln\u00fdch s PCI.<\/div>\n<div>V \u017eiadnej f\u00e1ze transakcie neuchov\u00e1vame ani nem\u00e1me pr\u00edstup k va\u0161im \u00fapln\u00fdm platobn\u00fdm \u00fadajom, \u010d\u00edm zabezpe\u010dujeme, \u017ee va\u0161e osobn\u00e9 a finan\u010dn\u00e9 inform\u00e1cie zostan\u00fa v\u017edy d\u00f4vern\u00e9 a chr\u00e1nen\u00e9.<\/div>","protected":false},"excerpt":{"rendered":"<p>V Mk Reborns kladieme d\u00f4raz na bezpe\u010dnos\u0165 transakci\u00ed, diskr\u00e9tnos\u0165 a pohodlie. Aby sme zabezpe\u010dili bezprobl\u00e9mov\u00fd proces platby, podporujeme viacero platobn\u00fdch syst\u00e9mov po celom svete.<\/p>","protected":false},"author":1,"featured_media":0,"parent":0,"menu_order":0,"comment_status":"closed","ping_status":"closed","template":"","meta":{"footnotes":""},"class_list":["post-3458","page","type-page","status-publish","hentry"],"_links":{"self":[{"href":"https:\/\/www.mkreborns.com\/sk\/wp-json\/wp\/v2\/pages\/3458","targetHints":{"allow":["GET"]}}],"collection":[{"href":"https:\/\/www.mkreborns.com\/sk\/wp-json\/wp\/v2\/pages"}],"about":[{"href":"https:\/\/www.mkreborns.com\/sk\/wp-json\/wp\/v2\/types\/page"}],"author":[{"embeddable":true,"href":"https:\/\/www.mkreborns.com\/sk\/wp-json\/wp\/v2\/users\/1"}],"replies":[{"embeddable":true,"href":"https:\/\/www.mkreborns.com\/sk\/wp-json\/wp\/v2\/comments?post=3458"}],"version-history":[{"count":0,"href":"https:\/\/www.mkreborns.com\/sk\/wp-json\/wp\/v2\/pages\/3458\/revisions"}],"wp:attachment":[{"href":"https:\/\/www.mkreborns.com\/sk\/wp-json\/wp\/v2\/media?parent=3458"}],"curies":[{"name":"pracovn\u00fd list","href":"https:\/\/api.w.org\/{rel}","templated":true}]}}