{"id":3455,"date":"2026-01-21T15:17:36","date_gmt":"2026-01-21T15:17:36","guid":{"rendered":"https:\/\/www.mkreborns.com\/?page_id=3455"},"modified":"2026-01-21T15:17:36","modified_gmt":"2026-01-21T15:17:36","slug":"help-faqs","status":"publish","type":"page","link":"https:\/\/www.mkreborns.com\/sk\/help-faqs\/","title":{"rendered":"Pomocn\u00edk a naj\u010dastej\u0161ie ot\u00e1zky"},"content":{"rendered":"<h3>Ako sa m\u00e1m k\u00fapa\u0165 a stara\u0165 o svoju reborn b\u00e1biku?<\/h3>\n<div>Plne silik\u00f3nov\u00e9 b\u00e1biky sa m\u00f4\u017eu jemne k\u00fapa\u0165. B\u00e1biky s l\u00e1tkov\u00fdm telom by sa mali \u010disti\u0165 iba mierne navlh\u010denou handri\u010dkou a potom su\u0161i\u0165 na vzduchu v dobre vetranom priestore.<br \/>\nKe\u010f b\u00e1biku nepou\u017e\u00edvate, odpor\u00fa\u010dame ju bezpe\u010dne uskladni\u0165 v jej krabici a chr\u00e1ni\u0165 ju pred dlhodob\u00fdm slne\u010dn\u00fdm \u017eiaren\u00edm.<\/div>\n<hr \/>\n<h3>M\u00f4\u017eu by\u0165 va\u0161e b\u00e1b\u00e4tk\u00e1 p\u00f3zovan\u00e9?<\/h3>\n<div>\u00c1no. V\u0161etky b\u00e1b\u00e4tk\u00e1 Mk Reborns maj\u00fa ur\u010dit\u00fd stupe\u0148 artikul\u00e1cie. Av\u0161ak, podobne ako skuto\u010dn\u00e9 b\u00e1b\u00e4tk\u00e1, m\u00f4\u017eu potrebova\u0165 jemn\u00fa oporu alebo kol\u00edsku, aby si udr\u017eali ur\u010dit\u00e9 polohy.<\/div>\n<hr \/>\n<h3>Dod\u00e1vaj\u00fa sa reborn b\u00e1biky s pr\u00edslu\u0161enstvom?<\/h3>\n<div>Rozhodne. Ka\u017ed\u00e9 b\u00e1b\u00e4tko Mk Reborn prich\u00e1dza kompletne oble\u010den\u00e9, s cuml\u00edkom a plienkou. Va\u0161a b\u00e1bika je pripraven\u00e1 na maznanie hne\u010f po vybalen\u00ed z krabice.<\/div>\n<hr \/>\n<h3>S\u00fa tmavo\u010derven\u00e9 z\u00e1hyby na ko\u017ei defekty alebo \u0161krabance?<\/h3>\n<div>V\u00f4bec nie. Tieto hlb\u0161ie \u010derven\u00e9 z\u00e1hyby s\u00fa charakteristick\u00fdm a z\u00e1mern\u00fdm znakom, nie chybou. Prirodzene sa objavuj\u00fa okolo kon\u010dat\u00edn, najm\u00e4 na b\u00e1bik\u00e1ch s ve\u013ekos\u0165ou 22 \u2013 24 palcov, a zvy\u0161uj\u00fa realizmus.<\/div>\n<hr \/>\n<h3>Ak\u00e9 ve\u013ekosti oble\u010denia sedia r\u00f4znym ve\u013ekostiam reborn b\u00e1bik?<\/h3>\n<div>Na\u0161e b\u00e1biky maj\u00fa ve\u013ekos\u0165 od 5 do 24 palcov:<\/div>\n<ul>\n<li>5 palcov: Vy\u017eaduje sa oble\u010denie \u0161it\u00e9 na mieru<\/li>\n<li>30\u201351 cm: Vhodn\u00e9 pre oble\u010denie pre novorodencov \/ b\u00e1b\u00e4tk\u00e1 vo veku 0\u20133 mesiacov<\/li>\n<li>22 palcov: Vhodn\u00e9 pre oble\u010denie pre 3 \u2013 6 mesiacov b\u00e1b\u00e4tiek<\/li>\n<li>24 palcov: Vhodn\u00e9 pre oble\u010denie pre 6 \u2013 9-mesa\u010dn\u00e9 b\u00e1b\u00e4tk\u00e1<\/li>\n<\/ul>\n<hr \/>\n<h3>Obsahuj\u00fa va\u0161e reborn b\u00e1biky magnety?<\/h3>\n<div>\u00c1no. Mnoh\u00e9 z na\u0161ich b\u00e1bik obsahuj\u00fa mal\u00e9 magnety (na cuml\u00edky alebo pr\u00edslu\u0161enstvo). Tieto b\u00e1biky sa neodpor\u00fa\u010daj\u00fa pre osoby s kardiostimul\u00e1tormi, na\u010d\u00favac\u00edmi pr\u00edstrojmi alebo citliv\u00e9 na magnetick\u00e9 polia.<\/div>\n<hr \/>\n<h3>S\u00fa va\u0161e b\u00e1biky vhodn\u00e9 pre deti do 14 rokov?<\/h3>\n<div>V\u0161etky b\u00e1biky Mk Reborns s\u00fa testovan\u00e9 na bezpe\u010dnos\u0165 a vhodn\u00e9 pre deti od 3 rokov, hoci si ich obzvl\u00e1\u0161\u0165 cenia dospel\u00ed zberatelia.<br \/>\nNa\u0161e mini 12-centimetrov\u00e9 b\u00e1biky s\u00fa vhodn\u00e9 pre mlad\u0161ie deti len pod pr\u00edsnym doh\u013eadom dospelej osoby.<\/div>\n<hr \/>\n<h3>Ak\u00e9 sp\u00f4soby platby akceptujete?<\/h3>\n<div>Objedn\u00e1vky je mo\u017en\u00e9 zada\u0165 priamo na na\u0161ej webovej str\u00e1nke pomocou hlavn\u00fdch kreditn\u00fdch kariet, debetn\u00fdch kariet alebo slu\u017eby PayPal.<\/div>\n<hr \/>\n<h3>Ako m\u00f4\u017eem sledova\u0165 svoju objedn\u00e1vku a \u010das doru\u010denia?<\/h3>\n<div>Po odoslan\u00ed va\u0161ej objedn\u00e1vky dostanete potvrdzovac\u00ed e-mail s \u010d\u00edslom sledovania.<br \/>\nSp\u00f4soby dopravy a odhadovan\u00e9 dodacie lehoty n\u00e1jdete na na\u0161ej str\u00e1nke s inform\u00e1ciami o doprave.<\/div>\n<hr \/>\n<h3>Zasielate do mojej krajiny?<\/h3>\n<div>\u00c1no. Udr\u017eiavame lok\u00e1lne z\u00e1soby v Spojen\u00fdch \u0161t\u00e1toch, E\u00da, Kanade, Austr\u00e1lii a Spojenom kr\u00e1\u013eovstve.<br \/>\nObjedn\u00e1vky s\u00fa doru\u010den\u00e9 do 3 \u2013 7 pracovn\u00fdch dn\u00ed a na v\u0161etky n\u00e1kupy reborn b\u00e1bik sa vz\u0165ahuje doprava zdarma.<\/div>\n<hr \/>\n<h3>St\u00e1le potrebujete pomoc?<\/h3>\n<div>V\u017edy radi pom\u00f4\u017eeme.<\/div>\n<div>\ud83d\udce7 E-mail: <a href=\"mailto:support@mkreborns.com\">support@mkreborns.com<\/a><\/div>","protected":false},"excerpt":{"rendered":"<p>Ako by som sa mala k\u00fapa\u0165 a stara\u0165 o svoju reborn b\u00e1biku? Plne silik\u00f3nov\u00e9 b\u00e1biky sa m\u00f4\u017eu k\u00fapa\u0165 jemne. B\u00e1biky s l\u00e1tkov\u00fdm telom by sa mali<\/p>","protected":false},"author":1,"featured_media":0,"parent":0,"menu_order":0,"comment_status":"closed","ping_status":"closed","template":"","meta":{"footnotes":""},"class_list":["post-3455","page","type-page","status-publish","hentry"],"_links":{"self":[{"href":"https:\/\/www.mkreborns.com\/sk\/wp-json\/wp\/v2\/pages\/3455","targetHints":{"allow":["GET"]}}],"collection":[{"href":"https:\/\/www.mkreborns.com\/sk\/wp-json\/wp\/v2\/pages"}],"about":[{"href":"https:\/\/www.mkreborns.com\/sk\/wp-json\/wp\/v2\/types\/page"}],"author":[{"embeddable":true,"href":"https:\/\/www.mkreborns.com\/sk\/wp-json\/wp\/v2\/users\/1"}],"replies":[{"embeddable":true,"href":"https:\/\/www.mkreborns.com\/sk\/wp-json\/wp\/v2\/comments?post=3455"}],"version-history":[{"count":0,"href":"https:\/\/www.mkreborns.com\/sk\/wp-json\/wp\/v2\/pages\/3455\/revisions"}],"wp:attachment":[{"href":"https:\/\/www.mkreborns.com\/sk\/wp-json\/wp\/v2\/media?parent=3455"}],"curies":[{"name":"pracovn\u00fd list","href":"https:\/\/api.w.org\/{rel}","templated":true}]}}