{"id":3454,"date":"2026-01-21T15:16:46","date_gmt":"2026-01-21T15:16:46","guid":{"rendered":"https:\/\/www.mkreborns.com\/?page_id=3454"},"modified":"2026-01-28T02:26:13","modified_gmt":"2026-01-28T02:26:13","slug":"shipping-policy","status":"publish","type":"page","link":"https:\/\/www.mkreborns.com\/sk\/shipping-policy\/","title":{"rendered":"Z\u00e1sady prepravy"},"content":{"rendered":"<div>\u010eakujeme, \u017ee ste si vybrali Mk Reborns. Va\u0161a objedn\u00e1vka bola starostlivo pripraven\u00e1 a odoslan\u00e1 efekt\u00edvne a diskr\u00e9tne.<\/div>\n<hr \/>\n<h2>Bezplatn\u00e1 doprava po celom svete<\/h2>\n<div>Pon\u00fakame bezplatn\u00fa dopravu zo strategicky umiestnen\u00fdch z\u00e1morsk\u00fdch skladov v Spojen\u00fdch \u0161t\u00e1toch, Eur\u00f3pe, Kanade, Spojenom kr\u00e1\u013eovstve a Austr\u00e1lii.<br \/>\nAk s\u00fa k dispoz\u00edcii lok\u00e1lne z\u00e1soby, polo\u017eky sa odosielaj\u00fa z najbli\u017e\u0161ej prev\u00e1dzky, aby sa zabezpe\u010dilo r\u00fdchlej\u0161ie doru\u010denie.<\/div>\n<hr \/>\n<h2>Odhadovan\u00e1 dodacia lehota (skladom)<\/h2>\n<div>\n<table border=\"1\" data-coda-grid-id=\"grid-O7-V0P1M6p\" data-coda-display-column-id=\"c-gzvnCsHVXd\" data-coda-view-config-inheritsdefaultformat=\"false\" data-coda-view-config-tablesearch=\"&quot;AlwaysShow&quot;\" data-coda-grid-configuration-set=\"SimpleTable\">\n<tbody>\n<tr>\n<td>Los Angeles, USA<\/td>\n<td>\n<div>Spojen\u00e9 \u0161t\u00e1ty (Alja\u0161ka a Havaj vy\u017eaduj\u00fa pr\u00edplatok pribli\u017ene 100 USD)<\/div>\n<\/td>\n<td>3\u20135 pracovn\u00fdch dn\u00ed<\/td>\n<\/tr>\n<tr>\n<td>Sklady E\u00da (Nemecko \/ Po\u013esko)<\/td>\n<td>V\u00e4\u010d\u0161ina kraj\u00edn E\u00da a vybran\u00e9 krajiny EHP<\/td>\n<td>3\u201310 pracovn\u00fdch dn\u00ed<\/td>\n<\/tr>\n<tr>\n<td>Vancouver<\/td>\n<td>Kanada<\/td>\n<td>3\u20135 pracovn\u00fdch dn\u00ed<\/td>\n<\/tr>\n<tr>\n<td>Sydney<\/td>\n<td>Austr\u00e1lia<\/td>\n<td>3\u20137 pracovn\u00fdch dn\u00ed<\/td>\n<\/tr>\n<tr>\n<td>Spojen\u00e9 kr\u00e1\u013eovstvo<\/td>\n<td>Spojen\u00e9 kr\u00e1\u013eovstvo<\/td>\n<td>3\u20137 pracovn\u00fdch dn\u00ed<\/td>\n<\/tr>\n<\/tbody>\n<\/table>\n<\/div>\n<div>Pozn\u00e1mka: V\u00e4\u010d\u0161ina objedn\u00e1vok je spracovan\u00e1 a odoslan\u00e1 do 48 hod\u00edn. Priemern\u00e1 dodacia lehota je 3 \u2013 5 pracovn\u00fdch dn\u00ed, pokia\u013e neexistuj\u00fa v\u00fdnimo\u010dn\u00e9 okolnosti.<\/div>\n<hr \/>\n<h2>Cl\u00e1 a poplatky<\/h2>\n<div>Ak nie s\u00fa miestne z\u00e1soby k dispoz\u00edcii, polo\u017eky m\u00f4\u017eu by\u0165 odoslan\u00e9 z inej krajiny.<br \/>\nV obmedzen\u00fdch pr\u00edpadoch m\u00f4\u017eu by\u0165 pr\u00edjemcovia po\u017eiadan\u00ed o pomoc s coln\u00fdm odbaven\u00edm alebo dovozn\u00fdmi clami.<\/div>\n<div>V pr\u00edpade N\u00f3rska, \u0160vaj\u010diarska, Islandu a Mexika je coln\u00e9 odbavenie a pr\u00edslu\u0161n\u00e9 dane v\u00fdlu\u010dnou zodpovednos\u0165ou pr\u00edjemcu.<\/div>\n<hr \/>\n<h2>Sledovanie objedn\u00e1vky<\/h2>\n<div>Po odoslan\u00ed bude odoslan\u00fd potvrdzovac\u00ed e-mail s podrobnos\u0165ami o sledovan\u00ed.<br \/>\nAktualiz\u00e1cia inform\u00e1ci\u00ed o sledovan\u00ed m\u00f4\u017ee trva\u0165 a\u017e 48 hod\u00edn.<\/div>\n<hr \/>\n<h2>Rozdelen\u00e9 z\u00e1sielky<\/h2>\n<div>Objedn\u00e1vky obsahuj\u00face viacero polo\u017eiek m\u00f4\u017eu pr\u00eds\u0165 v samostatn\u00fdch bal\u00edkoch.<br \/>\nAk \u010das\u0165 va\u0161ej objedn\u00e1vky doraz\u00ed sk\u00f4r, zvy\u0161n\u00e9 polo\u017eky s\u00fa st\u00e1le na ceste.<\/div>\n<hr \/>\n<h2>Probl\u00e9my s doru\u010den\u00edm<\/h2>\n<ul>\n<li>Ozna\u010den\u00e9 ako doru\u010den\u00e9, ale nedoru\u010den\u00e9: Okam\u017eite kontaktujte kuri\u00e9ra a po\u0161lite e-mail <a href=\"http:\/\/\">support@mkreborns.com<\/a>.<\/li>\n<li>Po\u0161koden\u00e9 polo\u017eky: Zdokumentujte po\u0161kodenie jasn\u00fdmi fotografiami alebo videami a potom podajte reklam\u00e1ciu kuri\u00e9rovi.<\/li>\n<li>Nespr\u00e1vne polo\u017eky: Pros\u00edm, poskytnite fotografick\u00e9 a video d\u00f4kazy a n\u00e1\u0161 t\u00edm z\u00e1kazn\u00edckej podpory probl\u00e9m \u010do najsk\u00f4r vyrie\u0161i.<\/li>\n<\/ul>\n<hr \/>\n<h2>Vr\u00e1tenie a v\u00fdmena tovaru<\/h2>\n<div>Pros\u00edm, kontaktujte <a href=\"http:\/\/\">support@mkreborns.com<\/a> pred za\u010dat\u00edm ak\u00e9hoko\u013evek vr\u00e1tenia.<br \/>\nNeopr\u00e1vnen\u00e9 vr\u00e1tenie alebo odmietnut\u00e9 doru\u010denie nebude akceptovan\u00e9.<\/div>\n<div>Tovar mus\u00ed zosta\u0165 nepou\u017eit\u00fd a s neotvoren\u00fdm vn\u00fatorn\u00fdm ochrann\u00fdm obalom.<br \/>\nPodrobn\u00e9 podmienky n\u00e1jdete v na\u0161ich \u00fapln\u00fdch Z\u00e1sad\u00e1ch vr\u00e1tenia tovaru.<\/div>","protected":false},"excerpt":{"rendered":"<p>\u010eakujeme, \u017ee ste si vybrali Mk Reborns. Va\u0161a objedn\u00e1vka bola starostlivo pripraven\u00e1 a odoslan\u00e1 efekt\u00edvne a diskr\u00e9tne. Doprava zdarma po celom svete.<\/p>","protected":false},"author":1,"featured_media":0,"parent":0,"menu_order":0,"comment_status":"closed","ping_status":"closed","template":"","meta":{"footnotes":""},"class_list":["post-3454","page","type-page","status-publish","hentry"],"_links":{"self":[{"href":"https:\/\/www.mkreborns.com\/sk\/wp-json\/wp\/v2\/pages\/3454","targetHints":{"allow":["GET"]}}],"collection":[{"href":"https:\/\/www.mkreborns.com\/sk\/wp-json\/wp\/v2\/pages"}],"about":[{"href":"https:\/\/www.mkreborns.com\/sk\/wp-json\/wp\/v2\/types\/page"}],"author":[{"embeddable":true,"href":"https:\/\/www.mkreborns.com\/sk\/wp-json\/wp\/v2\/users\/1"}],"replies":[{"embeddable":true,"href":"https:\/\/www.mkreborns.com\/sk\/wp-json\/wp\/v2\/comments?post=3454"}],"version-history":[{"count":0,"href":"https:\/\/www.mkreborns.com\/sk\/wp-json\/wp\/v2\/pages\/3454\/revisions"}],"wp:attachment":[{"href":"https:\/\/www.mkreborns.com\/sk\/wp-json\/wp\/v2\/media?parent=3454"}],"curies":[{"name":"pracovn\u00fd list","href":"https:\/\/api.w.org\/{rel}","templated":true}]}}