{"id":3449,"date":"2026-01-20T14:40:52","date_gmt":"2026-01-20T14:40:52","guid":{"rendered":"https:\/\/www.mkreborns.com\/?page_id=3449"},"modified":"2026-01-28T02:03:34","modified_gmt":"2026-01-28T02:03:34","slug":"terms-conditions","status":"publish","type":"page","link":"https:\/\/www.mkreborns.com\/sk\/terms-conditions\/","title":{"rendered":"Zmluvn\u00e9 podmienky"},"content":{"rendered":"<h2 class=\"wp-block-heading\">1. \u00davod<\/h2>\r\n\r\n\r\n\r\n<p>Tieto zmluvn\u00e9 podmienky (\u201cpodmienky\u201d) upravuj\u00fa v\u00e1\u0161 pr\u00edstup k a pou\u017e\u00edvanie <strong>mkreborns.com<\/strong> (\u201cwebov\u00e1 str\u00e1nka\u201d), digit\u00e1lny majetok prev\u00e1dzkovan\u00fd spolo\u010dnos\u0165ou <strong>Mk Reborns<\/strong> (\u201cmy\u201d, \u201cn\u00e1s\u201d, \u201cna\u0161e\u201d).<\/p>\r\n\r\n\r\n\r\n<p>Aby sa predi\u0161lo pochybnostiam, ak\u00fdko\u013evek odkaz na \u201cvy\u201d, \u201cv\u00e1\u0161\u201d alebo \u201cz\u00e1kazn\u00edk\u201d v tomto dokumente znamen\u00e1 ak\u00fako\u013evek osobu alebo subjekt, ktor\u00fd si kupuje produkty od spolo\u010dnosti Mk Reborns prostredn\u00edctvom tejto webovej str\u00e1nky.<\/p>\r\n\r\n\r\n\r\n<p>Va\u0161e z\u00e1konn\u00e9 spotrebite\u013esk\u00e9 pr\u00e1va zost\u00e1vaj\u00fa nedotknut\u00e9.<\/p>\r\n\r\n\r\n\r\n<p>Pr\u00edstupom, prehliadan\u00edm alebo zadan\u00edm objedn\u00e1vky prostredn\u00edctvom tejto webovej str\u00e1nky potvrdzujete, \u017ee ste si pre\u010d\u00edtali, porozumeli a s\u00fahlas\u00edte s t\u00fdm, \u017ee ste pr\u00e1vne viazan\u00ed t\u00fdmito Podmienkami spolu s na\u0161imi <strong>Z\u00e1sady ochrany osobn\u00fdch \u00fadajov<\/strong>, <strong>Z\u00e1sady vr\u00e1tenia tovaru<\/strong>, a <strong>Z\u00e1sady prepravy<\/strong>, ktor\u00e9 spolo\u010dne tvoria cel\u00fa zmluvu medzi vami a spolo\u010dnos\u0165ou Mk Reborns.<\/p>\r\n\r\n\r\n\r\n<p>Ak s t\u00fdmito Podmienkami v plnom rozsahu nes\u00fahlas\u00edte, nesmiete prostredn\u00edctvom tejto webovej str\u00e1nky zada\u0165 objedn\u00e1vku.<\/p>\r\n\r\n\r\n<hr class=\"wp-block-separator has-alpha-channel-opacity\" \/>\r\n\r\n\r\n<h2 class=\"wp-block-heading\">2. Zmeny t\u00fdchto podmienok<\/h2>\r\n\r\n\r\n\r\n<p>Spolo\u010dnos\u0165 Mk Reborns si vyhradzuje pr\u00e1vo kedyko\u013evek bez predch\u00e1dzaj\u00faceho upozornenia revidova\u0165, meni\u0165 alebo nahradi\u0165 tieto Podmienky.<br \/>Na dan\u00fa transakciu sa vz\u0165ahuj\u00fa Podmienky platn\u00e9 v \u010dase odoslania objedn\u00e1vky.<\/p>\r\n\r\n\r\n\r\n<p>Odpor\u00fa\u010dame v\u00e1m, aby ste si tieto Podmienky pre\u010d\u00edtali pred ka\u017ed\u00fdm n\u00e1kupom.<\/p>\r\n\r\n\r\n<hr class=\"wp-block-separator has-alpha-channel-opacity\" \/>\r\n\r\n\r\n<h2 class=\"wp-block-heading\">3. Po\u017eiadavka z\u00e1konn\u00e9ho veku<\/h2>\r\n\r\n\r\n\r\n<p>Odoslan\u00edm objedn\u00e1vky na tejto webovej str\u00e1nke vyhlasujete a zaru\u010dujete, \u017ee ste plnolet\u00fd\/\u00e1 na n\u00e1kup pon\u00fakan\u00fdch produktov.<\/p>\r\n\r\n\r\n\r\n<p>Ak m\u00e1me d\u00f4vodn\u00e9 podozrenie, \u017ee objedn\u00e1vku zadala osoba, ktor\u00e1 nesp\u013a\u0148a z\u00e1konom stanoven\u00fd vek, vyhradzujeme si pr\u00e1vo tak\u00fato objedn\u00e1vku zru\u0161i\u0165 bez akejko\u013evek zodpovednosti.<\/p>\r\n\r\n\r\n<hr class=\"wp-block-separator has-alpha-channel-opacity\" \/>\r\n\r\n\r\n<h2 class=\"wp-block-heading\">4. Uzatvorenie zmluvy<\/h2>\r\n\r\n\r\n\r\n<p>V\u0161etky objedn\u00e1vky odoslan\u00e9 prostredn\u00edctvom tejto webovej str\u00e1nky podliehaj\u00fa schv\u00e1leniu spolo\u010dnos\u0165ou Mk Reborns a dostupnosti produktu.<\/p>\r\n\r\n\r\n\r\n<p>Vyhradzujeme si absol\u00fatne pr\u00e1vo odmietnu\u0165 alebo zru\u0161i\u0165 ak\u00fako\u013evek objedn\u00e1vku z ak\u00e9hoko\u013evek d\u00f4vodu, vr\u00e1tane, ale nie v\u00fdlu\u010dne, obmedzen\u00ed z\u00e1sob, nepresnost\u00ed v cen\u00e1ch alebo podozrenia z podvodnej \u010dinnosti.<\/p>\r\n\r\n\r\n\r\n<p>Z\u00e1v\u00e4zn\u00e1 zmluva sa pova\u017euje za uzavret\u00fa a\u017e vtedy, ke\u010f Mk Reborns odo\u0161le objednan\u00fd tovar a za\u0161le e-mail s potvrden\u00edm o odoslan\u00ed.<\/p>\r\n\r\n\r\n<hr class=\"wp-block-separator has-alpha-channel-opacity\" \/>\r\n\r\n\r\n<h2 class=\"wp-block-heading\">5. Cena a presnos\u0165<\/h2>\r\n\r\n\r\n\r\n<p>Hoci sa sna\u017e\u00edme zabezpe\u010di\u0165, aby v\u0161etky zobrazen\u00e9 ceny boli presn\u00e9 v \u010dase zverejnenia, vyhradzujeme si pr\u00e1vo kedyko\u013evek ich zmeni\u0165.<\/p>\r\n\r\n\r\n\r\n<p>Ak by \u00faprava ceny podstatne ovplyvnila va\u0161u objedn\u00e1vku, budete o tom informovan\u00ed pred odoslan\u00edm.<\/p>\r\n\r\n\r\n<hr class=\"wp-block-separator has-alpha-channel-opacity\" \/>\r\n\r\n\r\n<h2 class=\"wp-block-heading\">6. Pr\u00e1vo na odst\u00fapenie od zmluvy (spotrebitelia z E\u00da a Spojen\u00e9ho kr\u00e1\u013eovstva)<\/h2>\r\n\r\n\r\n\r\n<p>Ak ste spotrebite\u013e so s\u00eddlom v Eur\u00f3pskej \u00fanii alebo Spojenom kr\u00e1\u013eovstve, m\u00e1te pr\u00e1vo zru\u0161i\u0165 svoju objedn\u00e1vku do \u0161trn\u00e1stich (14) pracovn\u00fdch dn\u00ed od prevzatia tovaru v s\u00falade s platn\u00fdmi pr\u00e1vnymi predpismi na ochranu spotrebite\u013ea.<\/p>\r\n\r\n\r\n\r\n<p>Vr\u00e1tenie pe\u0148az\u00ed po zru\u0161en\u00ed bude spracovan\u00e9 v s\u00falade s va\u0161imi z\u00e1konn\u00fdmi pr\u00e1vami.<\/p>\r\n\r\n\r\n\r\n<p>Podmienky a postupy vr\u00e1tenia tovaru sa m\u00f4\u017eu v jednotliv\u00fdch regi\u00f3noch l\u00ed\u0161i\u0165. Pre\u010d\u00edtajte si, pros\u00edm, na\u0161e <strong>Z\u00e1sady vr\u00e1tenia tovaru<\/strong> pre podrobnosti.<\/p>\r\n\r\n\r\n<hr class=\"wp-block-separator has-alpha-channel-opacity\" \/>\r\n\r\n\r\n<h2 class=\"wp-block-heading\">7. Marketingov\u00e1 komunik\u00e1cia<\/h2>\r\n\r\n\r\n\r\n<p>Inform\u00e1cie t\u00fdkaj\u00face sa e-mailovej komunik\u00e1cie a propaga\u010dn\u00fdch spr\u00e1v s\u00fa podrobne uveden\u00e9 v na\u0161ich <strong>Z\u00e1sady ochrany osobn\u00fdch \u00fadajov<\/strong>.<\/p>\r\n\r\n\r\n\r\n<p>Poskytnut\u00edm svojich kontaktn\u00fdch \u00fadajov s\u00fahlas\u00edte so zasielan\u00edm komunik\u00e1cie v s\u00falade s t\u00fdmito z\u00e1sadami.<\/p>\r\n\r\n\r\n<hr class=\"wp-block-separator has-alpha-channel-opacity\" \/>\r\n\r\n\r\n<h2 class=\"wp-block-heading\">8. Ochrana s\u00fakromia a \u00fadajov<\/h2>\r\n\r\n\r\n\r\n<p>Na\u0161e <strong>Z\u00e1sady ochrany osobn\u00fdch \u00fadajov<\/strong> vysvet\u013euje, ako sa osobn\u00e9 \u00fadaje zhroma\u017e\u010fuj\u00fa, spracov\u00e1vaj\u00fa, ukladaj\u00fa, zdie\u013eaj\u00fa a uchov\u00e1vaj\u00fa.<\/p>\r\n\r\n\r\n\r\n<p>Zav\u00e1dzame komer\u010dne primeran\u00e9 z\u00e1ruky na zaistenie bezpe\u010dnosti \u00fadajov a s\u00faladu s platn\u00fdmi z\u00e1konmi o ochrane \u00fadajov vo va\u0161ej jurisdikcii.<\/p>\r\n\r\n\r\n\r\n<p>Na zlep\u0161enie funk\u010dnosti webovej str\u00e1nky sa pou\u017e\u00edvaj\u00fa s\u00fabory cookie a podobn\u00e9 technol\u00f3gie. \u010eal\u0161ie podrobnosti n\u00e1jdete v na\u0161ich <strong>Z\u00e1sady pou\u017e\u00edvania s\u00faborov cookie<\/strong>.<\/p>\r\n\r\n\r\n<hr class=\"wp-block-separator has-alpha-channel-opacity\" \/>\r\n\r\n\r\n<h2 class=\"wp-block-heading\">9. Predch\u00e1dzanie podvodom<\/h2>\r\n\r\n\r\n\r\n<p>Mk Reborns zav\u00e1dza pr\u00edsne opatrenia na predch\u00e1dzanie podvodom a vyu\u017e\u00edva overovacie a monitorovacie slu\u017eby tret\u00edch str\u00e1n.<\/p>\r\n\r\n\r\n\r\n<p>Ak\u00fdko\u013evek pokus o poskytnutie nepravdiv\u00fdch, zav\u00e1dzaj\u00facich alebo nepresn\u00fdch inform\u00e1ci\u00ed za \u00fa\u010delom podvodu m\u00f4\u017ee by\u0165 nahl\u00e1sen\u00fd pr\u00edslu\u0161n\u00fdm org\u00e1nom pre boj proti podvodom.<\/p>\r\n\r\n\r\n\r\n<p>Vyhradzujeme si pr\u00e1vo pozastavi\u0165 alebo zru\u0161i\u0165 \u00fa\u010dty spojen\u00e9 s podozren\u00edm z podvodn\u00e9ho spr\u00e1vania.<\/p>\r\n\r\n\r\n<hr class=\"wp-block-separator has-alpha-channel-opacity\" \/>\r\n\r\n\r\n<h2 class=\"wp-block-heading\">10. Automatizovan\u00fd pr\u00edstup a webov\u00e9 roboty<\/h2>\r\n\r\n\r\n\r\n<p>Na t\u00fato webov\u00fa str\u00e1nku maj\u00fa pr\u00edstup iba automatizovan\u00e9 softv\u00e9rov\u00e9 aplik\u00e1cie v\u00fdslovne autorizovan\u00e9 spolo\u010dnos\u0165ou Mk Reborns a ktor\u00e9 s\u00fa v s\u00falade s na\u0161imi z\u00e1sadami pou\u017e\u00edvania robotov (\u201cPovolen\u00e9 roboty\u201d).<\/p>\r\n\r\n\r\n\r\n<p>Medzi neautorizovan\u00e9 boty patria okrem in\u00e9ho skripty, ktor\u00e9 pre\u0165a\u017euj\u00fa servery, automatizuj\u00fa aktivitu v n\u00e1kupnom ko\u0161\u00edku, scrapinguj\u00fa obsah alebo nar\u00fa\u0161aj\u00fa z\u00e1kazn\u00edcku sk\u00fasenos\u0165.<\/p>\r\n\r\n\r\n\r\n<p>Vyhradzujeme si pr\u00e1vo zablokova\u0165 tak\u00fdto pr\u00edstup a okam\u017eite pozastavi\u0165 s\u00favisiace \u00fa\u010dty.<\/p>\r\n\r\n\r\n\r\n<p>S\u00fahlas\u00edte s t\u00fdm, \u017ee od\u0161kodn\u00edte spolo\u010dnos\u0165 Mk Reborns za v\u0161etky straty, n\u00e1klady a v\u00fddavky vypl\u00fdvaj\u00face z neopr\u00e1vnen\u00e9ho automatizovan\u00e9ho pr\u00edstupu.<\/p>\r\n\r\n\r\n<hr class=\"wp-block-separator has-alpha-channel-opacity\" \/>\r\n\r\n\r\n<h2 class=\"wp-block-heading\">11. Du\u0161evn\u00e9 vlastn\u00edctvo<\/h2>\r\n\r\n\r\n\r\n<p>V\u0161etok obsah webovej str\u00e1nky vr\u00e1tane textu, obr\u00e1zkov, grafiky a rozlo\u017eenia je v\u00fdhradn\u00fdm vlastn\u00edctvom spolo\u010dnosti Mk Reborns, pokia\u013e nie je uveden\u00e9 inak.<\/p>\r\n\r\n\r\n\r\n<p>\u017diadny obsah nesmie by\u0165 reprodukovan\u00fd, distribuovan\u00fd, upravovan\u00fd ani vyu\u017e\u00edvan\u00fd na komer\u010dn\u00e9 \u00fa\u010dely bez predch\u00e1dzaj\u00faceho p\u00edsomn\u00e9ho s\u00fahlasu, s v\u00fdnimkou osobn\u00e9ho, nekomer\u010dn\u00e9ho pou\u017eitia.<\/p>\r\n\r\n\r\n\r\n<p>S\u00fahlas\u00edte s t\u00fdm, \u017ee nebudete vytv\u00e1ra\u0165 odvoden\u00e9 diela z obsahu webovej str\u00e1nky.<\/p>\r\n\r\n\r\n<hr class=\"wp-block-separator has-alpha-channel-opacity\" \/>\r\n\r\n\r\n<h2 class=\"wp-block-heading\">12. Vyl\u00fa\u010denie z\u00e1ruk<\/h2>\r\n\r\n\r\n\r\n<p>T\u00e1to webov\u00e1 str\u00e1nka je poskytovan\u00e1 \u201ctak, ako je\u201d a \u201ctak, ako je dostupn\u00e1\u201d.<\/p>\r\n\r\n\r\n\r\n<p>Neposkytujeme \u017eiadne z\u00e1ruky, v\u00fdslovn\u00e9 ani implicitn\u00e9, t\u00fdkaj\u00face sa nepreru\u0161ovan\u00e9ho pr\u00edstupu, presnosti, bezchybnej prev\u00e1dzky alebo absencie \u0161kodliv\u00fdch komponentov.<\/p>\r\n\r\n\r\n\r\n<p>Ni\u010d v tomto vyhl\u00e1sen\u00ed neobmedzuje va\u0161e z\u00e1konn\u00e9 pr\u00e1va t\u00fdkaj\u00face sa zak\u00fapen\u00e9ho tovaru.<\/p>\r\n\r\n\r\n<hr class=\"wp-block-separator has-alpha-channel-opacity\" \/>\r\n\r\n\r\n<h2 class=\"wp-block-heading\">13. Obmedzenie zodpovednosti<\/h2>\r\n\r\n\r\n\r\n<p>V najv\u00e4\u010d\u0161om rozsahu povolenom z\u00e1konom spolo\u010dnos\u0165 Mk Reborns nezodpoved\u00e1 za:<\/p>\r\n\r\n\r\n\r\n<ul class=\"wp-block-list\">\r\n<li>straty, ktor\u00e9 neboli v \u010dase uzatvorenia zmluvy rozumne predv\u00eddate\u013en\u00e9;<\/li>\r\n\r\n\r\n\r\n<li>straty, ktor\u00e9 neboli sp\u00f4soben\u00e9 na\u0161\u00edm poru\u0161en\u00edm;<\/li>\r\n\r\n\r\n\r\n<li>obchodn\u00e9 straty alebo straty, ktor\u00e9 sa net\u00fdkaj\u00fa spotrebite\u013eov.<\/li>\r\n<\/ul>\r\n\r\n\r\n\r\n<p>Nevylu\u010dujeme ani neobmedzujeme zodpovednos\u0165 za:<\/p>\r\n\r\n\r\n\r\n<p>a) smr\u0165 alebo ubl\u00ed\u017eenie na zdrav\u00ed sp\u00f4soben\u00e9 nedbanlivos\u0165ou;<br \/>b) podvod alebo podvodn\u00e9 uvedenie do omylu;<br \/>(c) poru\u0161enie z\u00e1konn\u00fdch implicitn\u00fdch podmienok t\u00fdkaj\u00facich sa n\u00e1zvu, popisu, kvality alebo vhodnosti;<br \/>d) zodpovednos\u0165 pod\u013ea platn\u00fdch pr\u00e1vnych predpisov na ochranu spotrebite\u013ea.<\/p>\r\n\r\n\r\n<hr class=\"wp-block-separator has-alpha-channel-opacity\" \/>\r\n\r\n\r\n<h2 class=\"wp-block-heading\">14. Prijate\u013en\u00e9 pou\u017eitie<\/h2>\r\n\r\n\r\n\r\n<p>S\u00fahlas\u00edte s t\u00fdm, \u017ee budete t\u00fato webov\u00fa str\u00e1nku pou\u017e\u00edva\u0165 v\u00fdlu\u010dne na z\u00e1konn\u00e9 \u00fa\u010dely a sp\u00f4sobom, ktor\u00fd neporu\u0161uje pr\u00e1va in\u00fdch ani neobmedzuje ich pou\u017e\u00edvanie webovej str\u00e1nky.<\/p>\r\n\r\n\r\n\r\n<p>Zak\u00e1zan\u00e9 spr\u00e1vanie zah\u0155\u0148a okrem in\u00e9ho ob\u0165a\u017eovanie, \u0161\u00edrenie ur\u00e1\u017eliv\u00e9ho materi\u00e1lu alebo naru\u0161enie be\u017enej prev\u00e1dzky webovej str\u00e1nky.<\/p>\r\n\r\n\r\n<hr class=\"wp-block-separator has-alpha-channel-opacity\" \/>\r\n\r\n\r\n<h2 class=\"wp-block-heading\">15. Obsah generovan\u00fd pou\u017e\u00edvate\u013emi (recenzie, obr\u00e1zky, pr\u00edspevky)<\/h2>\r\n\r\n\r\n\r\n<p>Odoslan\u00edm recenzi\u00ed, hodnoten\u00ed, obr\u00e1zkov alebo in\u00e9ho obsahu vyhlasujete a zaru\u010dujete, \u017ee:<\/p>\r\n\r\n\r\n\r\n<ul class=\"wp-block-list\">\r\n<li>Vlastn\u00edte v\u0161etky pr\u00e1va du\u0161evn\u00e9ho vlastn\u00edctva k nim;<\/li>\r\n\r\n\r\n\r\n<li>Vzdali ste sa ak\u00fdchko\u013evek mor\u00e1lnych pr\u00e1v.<\/li>\r\n\r\n\r\n\r\n<li>Obsah je pravdiv\u00fd a z\u00e1konn\u00fd.<\/li>\r\n\r\n\r\n\r\n<li>M\u00e1te najmenej osemn\u00e1s\u0165 (18) rokov.<\/li>\r\n<\/ul>\r\n\r\n\r\n\r\n<p>Ude\u013eujete spolo\u010dnosti Mk Reborns trval\u00fa, neodvolate\u013en\u00fa, bezplatn\u00fa a celosvetov\u00fa licenciu na pou\u017e\u00edvanie, reprodukciu, \u00fapravu, publikovanie, preklad, distrib\u00faciu a in\u00e9 vyu\u017e\u00edvanie tak\u00e9hoto obsahu bez n\u00e1hrady.<\/p>\r\n\r\n\r\n\r\n<p>Vyhradzujeme si pr\u00e1vo upravi\u0165, odstr\u00e1ni\u0165 alebo odmietnu\u0165 zverejnenie ak\u00e9hoko\u013evek obsahu pod\u013ea vlastn\u00e9ho uv\u00e1\u017eenia.<\/p>\r\n\r\n\r\n\r\n<p>Za obsah, ktor\u00fd odo\u0161lete, nesiete v\u00fdhradn\u00fa zodpovednos\u0165.<\/p>\r\n\r\n\r\n<hr class=\"wp-block-separator has-alpha-channel-opacity\" \/>\r\n\r\n\r\n<h2 class=\"wp-block-heading\">16. Vernostn\u00fd program<\/h2>\r\n\r\n\r\n\r\n<p>Reorganizujeme n\u00e1\u0161 vernostn\u00fd program.<br \/>Existuj\u00face bodov\u00e9 syst\u00e9my m\u00f4\u017eu by\u0165 ukon\u010den\u00e9 bez \u010fal\u0161ieho pripisovania alebo uplat\u0148ovania.<\/p>\r\n\r\n\r\n<hr class=\"wp-block-separator has-alpha-channel-opacity\" \/>\r\n\r\n\r\n<h2 class=\"wp-block-heading\">17. Da\u0148 z predaja (Spojen\u00e9 \u0161t\u00e1ty)<\/h2>\r\n\r\n\r\n\r\n<p>Pr\u00edslu\u0161n\u00e1 da\u0148 z predaja alebo spotreby bude vypo\u010d\u00edtan\u00e1 na z\u00e1klade va\u0161ej dodacej adresy a zobrazen\u00e1 pri platbe.<\/p>\r\n\r\n\r\n\r\n<p>Zobrazen\u00e9 sumy dane s\u00fa odhady; kone\u010dn\u00e1 da\u0148 bude potvrden\u00e1 po dokon\u010den\u00ed objedn\u00e1vky.<\/p>\r\n\r\n\r\n<hr class=\"wp-block-separator has-alpha-channel-opacity\" \/>\r\n\r\n\r\n<h2 class=\"wp-block-heading\">18. Extern\u00e9 odkazy<\/h2>\r\n\r\n\r\n\r\n<p>T\u00e1to webov\u00e1 str\u00e1nka m\u00f4\u017ee obsahova\u0165 odkazy na str\u00e1nky tret\u00edch str\u00e1n.<br \/>Tak\u00e9to str\u00e1nky nekontrolujeme ani neschva\u013eujeme a nepreber\u00e1me \u017eiadnu zodpovednos\u0165 za ich obsah.<\/p>\r\n\r\n\r\n<hr class=\"wp-block-separator has-alpha-channel-opacity\" \/>\r\n\r\n\r\n<h2 class=\"wp-block-heading\">19. Rozhodn\u00e9 pr\u00e1vo a jurisdikcia<\/h2>\r\n<div>Tieto Podmienky a ak\u00fdko\u013evek spor alebo n\u00e1rok vypl\u00fdvaj\u00faci z nich alebo v s\u00favislosti s nimi (vr\u00e1tane mimozmluvn\u00fdch sporov alebo n\u00e1rokov) sa riadia a vykladaj\u00fa v s\u00falade so z\u00e1konmi Osobitnej administrat\u00edvnej oblasti Hongkong (HKSAR) bez oh\u013eadu na jej z\u00e1sady kol\u00edzie pr\u00e1vnych predpisov.<\/div>\r\n<div>Neodvolate\u013ene s\u00fahlas\u00edte s t\u00fdm, \u017ee s\u00fady Hongkongu maj\u00fa v\u00fdlu\u010dn\u00fa pr\u00e1vomoc rie\u0161i\u0165 ak\u00e9ko\u013evek spory alebo n\u00e1roky vypl\u00fdvaj\u00face z t\u00fdchto Podmienok alebo z v\u00e1\u0161ho pou\u017e\u00edvania Webovej str\u00e1nky alebo v s\u00favislosti s nimi.<\/div>\r\n\r\n\r\n<hr class=\"wp-block-separator has-alpha-channel-opacity\" \/>\r\n\r\n\r\n<h2 class=\"wp-block-heading\">20. Vy\u0161\u0161ia moc<\/h2>\r\n\r\n\r\n\r\n<p>Nezodpoved\u00e1me za zlyhanie alebo ome\u0161kanie plnenia sp\u00f4soben\u00e9 udalos\u0165ami mimo na\u0161ej primeranej kontroly, vr\u00e1tane, ale nie v\u00fdlu\u010dne, pr\u00edrodn\u00fdch katastrof, pand\u00e9mi\u00ed, vl\u00e1dnych opatren\u00ed alebo ob\u010dianskych nepokojov.<\/p>\r\n\r\n\r\n\r\n<p>Dotknut\u00e9 povinnosti sa pozastavia po\u010das trvania takejto udalosti.<\/p>\r\n\r\n\r\n<hr class=\"wp-block-separator has-alpha-channel-opacity\" \/>\r\n\r\n\r\n<h2 class=\"wp-block-heading\">21. Post\u00fapenie a oddelite\u013enos\u0165<\/h2>\r\n\r\n\r\n\r\n<p>Na\u0161e pr\u00e1va a povinnosti vypl\u00fdvaj\u00face z t\u00fdchto Podmienok m\u00f4\u017eeme post\u00fapi\u0165 bez toho, aby to ovplyvnilo va\u0161e pr\u00e1va.<\/p>\r\n\r\n\r\n\r\n<p>Svoje pr\u00e1va nesmiete post\u00fapi\u0165 bez n\u00e1\u0161ho p\u00edsomn\u00e9ho s\u00fahlasu.<\/p>\r\n\r\n\r\n\r\n<p>Ak sa niektor\u00e9 ustanovenie uk\u00e1\u017ee ako nevym\u00e1hate\u013en\u00e9, ostatn\u00e9 ustanovenia zost\u00e1vaj\u00fa v plnej platnosti.<\/p>\r\n\r\n\r\n<hr class=\"wp-block-separator has-alpha-channel-opacity\" \/>\r\n\r\n\r\n<h2 class=\"wp-block-heading\">22. Zrieknutie sa pr\u00e1v<\/h2>\r\n\r\n\r\n\r\n<p>Neuplatnenie ak\u00e9hoko\u013evek ustanovenia zo strany Mk Reborns nepredstavuje zrieknutie sa bud\u00faceho uplatnenia.<\/p>","protected":false},"excerpt":{"rendered":"<p>1. \u00davod Tieto zmluvn\u00e9 podmienky (\u201cpodmienky\u201d) upravuj\u00fa v\u00e1\u0161 pr\u00edstup a pou\u017e\u00edvanie str\u00e1nky mkreborns.com (\u201cwebov\u00e1 str\u00e1nka\u201d), digit\u00e1lnej<\/p>","protected":false},"author":1,"featured_media":0,"parent":0,"menu_order":0,"comment_status":"closed","ping_status":"closed","template":"","meta":{"footnotes":""},"class_list":["post-3449","page","type-page","status-publish","hentry"],"_links":{"self":[{"href":"https:\/\/www.mkreborns.com\/sk\/wp-json\/wp\/v2\/pages\/3449","targetHints":{"allow":["GET"]}}],"collection":[{"href":"https:\/\/www.mkreborns.com\/sk\/wp-json\/wp\/v2\/pages"}],"about":[{"href":"https:\/\/www.mkreborns.com\/sk\/wp-json\/wp\/v2\/types\/page"}],"author":[{"embeddable":true,"href":"https:\/\/www.mkreborns.com\/sk\/wp-json\/wp\/v2\/users\/1"}],"replies":[{"embeddable":true,"href":"https:\/\/www.mkreborns.com\/sk\/wp-json\/wp\/v2\/comments?post=3449"}],"version-history":[{"count":0,"href":"https:\/\/www.mkreborns.com\/sk\/wp-json\/wp\/v2\/pages\/3449\/revisions"}],"wp:attachment":[{"href":"https:\/\/www.mkreborns.com\/sk\/wp-json\/wp\/v2\/media?parent=3449"}],"curies":[{"name":"pracovn\u00fd list","href":"https:\/\/api.w.org\/{rel}","templated":true}]}}