{"id":3,"date":"2025-12-24T14:18:41","date_gmt":"2025-12-24T14:18:41","guid":{"rendered":"https:\/\/www.mkreborns.com\/?page_id=3"},"modified":"2026-01-20T10:07:36","modified_gmt":"2026-01-20T10:07:36","slug":"privacy-policy","status":"publish","type":"page","link":"https:\/\/www.mkreborns.com\/sk\/privacy-policy\/","title":{"rendered":"Z\u00e1sady ochrany osobn\u00fdch \u00fadajov"},"content":{"rendered":"<p>O <strong>Mk Reborns<\/strong>, kladieme ve\u013ek\u00fd d\u00f4raz na d\u00f4vernos\u0165, integritu a zodpovedn\u00e9 zaobch\u00e1dzanie s osobn\u00fdmi \u00fadajmi. Tieto Z\u00e1sady ochrany osobn\u00fdch \u00fadajov vysvet\u013euj\u00fa, ako sa \u00fadaje zhroma\u017e\u010fuj\u00fa, spracov\u00e1vaj\u00fa, ukladaj\u00fa a chr\u00e1nia, ke\u010f pristupujete na na\u0161u webov\u00fa str\u00e1nku alebo s \u0148ou interagujete.<\/p>\n\n\n\n<hr class=\"wp-block-separator has-alpha-channel-opacity\"\/>\n\n\n\n<h2 class=\"wp-block-heading\">1. Kto sme<\/h2>\n\n\n\n<p>Webov\u00e1 str\u00e1nka <strong><a href=\"https:\/\/www.mkreborns.com\/sk\/\">https:\/\/www.mkreborns.com<\/a><\/strong> je vo vlastn\u00edctve a prev\u00e1dzkuje ho <strong>Mk Reborns<\/strong>.<br>V t\u00fdchto z\u00e1sad\u00e1ch sa odkazy na \u201cmy\u201d, \u201cna\u0161e\u201d alebo \u201cn\u00e1s\u201d vz\u0165ahuj\u00fa v\u00fdlu\u010dne na Mk Reborns.<\/p>\n\n\n\n<hr class=\"wp-block-separator has-alpha-channel-opacity\"\/>\n\n\n\n<h2 class=\"wp-block-heading\">2. Koment\u00e1re a pou\u017e\u00edvate\u013esk\u00e9 pr\u00edspevky<\/h2>\n\n\n\n<p>Ke\u010f sa n\u00e1v\u0161tevn\u00edci rozhodn\u00fa zanecha\u0165 koment\u00e1re na na\u0161ej webovej str\u00e1nke, zhroma\u017e\u010fujeme inform\u00e1cie zobrazen\u00e9 vo formul\u00e1ri na odosielanie koment\u00e1rov spolu s \u00fadajmi n\u00e1v\u0161tevn\u00edka <strong>IP adresa<\/strong> a <strong>re\u0165azec pou\u017e\u00edvate\u013esk\u00e9ho agenta prehliada\u010da<\/strong>. Tieto inform\u00e1cie sa zhroma\u017e\u010fuj\u00fa v\u00fdlu\u010dne na \u00fa\u010dely udr\u017eiavania bezpe\u010dnosti platformy a predch\u00e1dzania nevy\u017eiadan\u00e9mu alebo ur\u00e1\u017eliv\u00e9mu obsahu.<\/p>\n\n\n\n<p>Anonymizovan\u00fd identifik\u00e1tor vygenerovan\u00fd z va\u0161ej e-mailovej adresy (be\u017ene ozna\u010dovan\u00fd ako <em>ha\u0161<\/em>) m\u00f4\u017eu by\u0165 pren\u00e1\u0161an\u00e9 do <strong>Gravatar<\/strong> slu\u017eba na ur\u010denie, \u010di existuje priraden\u00fd profil.<br>Slu\u017eba Gravatar funguje v r\u00e1mci vlastn\u00e9ho r\u00e1mca ochrany osobn\u00fdch \u00fadajov, ktor\u00fd si m\u00f4\u017eete pozrie\u0165 na adrese:<br><a href=\"https:\/\/automattic.com\/privacy\/\" target=\"_blank\" rel=\"noopener\">https:\/\/automattic.com\/privacy\/<\/a><\/p>\n\n\n\n<p>Po schv\u00e1len\u00ed koment\u00e1ra sa ak\u00fdko\u013evek priraden\u00fd profilov\u00fd obr\u00e1zok stane verejne vidite\u013en\u00fdm ved\u013ea koment\u00e1ra.<\/p>\n\n\n\n<hr class=\"wp-block-separator has-alpha-channel-opacity\"\/>\n\n\n\n<h2 class=\"wp-block-heading\">3. Nahr\u00e1vanie m\u00e9di\u00ed<\/h2>\n\n\n\n<p>Ak nahr\u00e1vate obr\u00e1zky na webov\u00fa str\u00e1nku, d\u00f4razne neodpor\u00fa\u010dame ich vklada\u0165 <strong>vlo\u017een\u00e9 metad\u00e1ta o polohe (EXIF GPS)<\/strong>.<br>N\u00e1v\u0161tevn\u00edci str\u00e1nky si m\u00f4\u017eu s\u0165ahova\u0165 obr\u00e1zky a extrahova\u0165 ak\u00e9ko\u013evek \u00fadaje o polohe, ktor\u00e9 s\u00fa v nich obsiahnut\u00e9. Mk Reborns nepreber\u00e1 \u017eiadnu zodpovednos\u0165 za metad\u00e1ta dobrovo\u013ene zahrnut\u00e9 v nahran\u00fdch m\u00e9di\u00e1ch.<\/p>\n\n\n\n<hr class=\"wp-block-separator has-alpha-channel-opacity\"\/>\n\n\n\n<h2 class=\"wp-block-heading\">4. S\u00fabory cookie a podobn\u00e9 technol\u00f3gie<\/h2>\n\n\n\n<p>Pre zv\u00fd\u0161enie pohodlia a funk\u010dnosti pou\u017e\u00edva na\u0161a webov\u00e1 str\u00e1nka s\u00fabory cookie za nasleduj\u00facich okolnost\u00ed:<\/p>\n\n\n\n<ul class=\"wp-block-list\">\n<li>Ke\u010f odo\u0161lete koment\u00e1r, m\u00f4\u017eete sa rozhodn\u00fa\u0165 ulo\u017ei\u0165 svoje meno, e-mailov\u00fa adresu a \u00fadaje o webovej str\u00e1nke do s\u00faborov cookie. Tieto s\u00fabory cookie sa uchov\u00e1vaj\u00fa <strong>jeden rok<\/strong> aby sa eliminovala potreba opakovan\u00e9ho zad\u00e1vania \u00fadajov.<\/li>\n\n\n\n<li>Po n\u00e1v\u0161teve prihlasovacej str\u00e1nky sa vygeneruje do\u010dasn\u00fd s\u00fabor cookie, ktor\u00fd over\u00ed, \u010di v\u00e1\u0161 prehliada\u010d akceptuje s\u00fabory cookie. Tento s\u00fabor cookie neobsahuje \u017eiadne osobn\u00e9 \u00fadaje a po zatvoren\u00ed prehliada\u010da sa zahod\u00ed.<\/li>\n\n\n\n<li>Ke\u010f sa prihl\u00e1site, vytvor\u00ed sa nieko\u013eko s\u00faborov cookie na zachovanie v\u00e1\u0161ho stavu overenia a preferenci\u00ed zobrazenia.\n<ul class=\"wp-block-list\">\n<li>Prihlasovacie s\u00fabory cookie zost\u00e1vaj\u00fa akt\u00edvne po dobu <strong>dva dni<\/strong><\/li>\n\n\n\n<li>S\u00fabory cookie preferenci\u00ed zobrazenia pretrv\u00e1vaj\u00fa <strong>jeden rok<\/strong><\/li>\n\n\n\n<li>Ak je vybrat\u00e1 mo\u017enos\u0165 \u201cZapam\u00e4ta\u0165 si ma\u201d, prihlasovacie \u00fadaje sa ulo\u017eia <strong>dva t\u00fd\u017edne<\/strong><\/li>\n<\/ul>\n<\/li>\n\n\n\n<li>Po odhl\u00e1sen\u00ed sa s\u00fabory cookie s\u00favisiace s prihl\u00e1sen\u00edm odstr\u00e1nia.<\/li>\n\n\n\n<li>Ak upravujete alebo publikujete obsah, vo va\u0161om prehliada\u010di sa ulo\u017e\u00ed \u010fal\u0161\u00ed s\u00fabor cookie. Tento s\u00fabor cookie neobsahuje \u017eiadne osobn\u00e9 \u00fadaje a sl\u00fa\u017ei v\u00fdlu\u010dne na identifik\u00e1ciu upraven\u00e9ho pr\u00edspevku. Jeho platnos\u0165 vypr\u0161\u00ed po <strong>24 hod\u00edn<\/strong>.<\/li>\n<\/ul>\n\n\n\n<hr class=\"wp-block-separator has-alpha-channel-opacity\"\/>\n\n\n\n<h2 class=\"wp-block-heading\">5. Vlo\u017een\u00fd obsah z webov\u00fdch str\u00e1nok tret\u00edch str\u00e1n<\/h2>\n\n\n\n<p>Str\u00e1nky na tejto webovej str\u00e1nke m\u00f4\u017eu obsahova\u0165 vlo\u017een\u00fd obsah (vr\u00e1tane, ale nie v\u00fdlu\u010dne, vide\u00ed, obr\u00e1zkov alebo \u010dl\u00e1nkov).<br>Vlo\u017een\u00fd obsah z extern\u00fdch webov\u00fdch str\u00e1nok sa spr\u00e1va rovnako, ako keby ste priamo nav\u0161t\u00edvili p\u00f4vodn\u00fa webov\u00fa str\u00e1nku.<\/p>\n\n\n\n<p>Tak\u00e9to webov\u00e9 str\u00e1nky tret\u00edch str\u00e1n m\u00f4\u017eu:<\/p>\n\n\n\n<ul class=\"wp-block-list\">\n<li>Zhroma\u017e\u010fova\u0165 \u00fadaje o v\u00e1s<\/li>\n\n\n\n<li>Pou\u017e\u00edvajte s\u00fabory cookie<\/li>\n\n\n\n<li>Pou\u017e\u00edvajte \u010fal\u0161ie n\u00e1stroje na sledovanie tret\u00edch str\u00e1n<\/li>\n\n\n\n<li>Monitorujte svoju interakciu s vlo\u017een\u00fdm obsahom<\/li>\n<\/ul>\n\n\n\n<p>M\u00f4\u017ee to zah\u0155\u0148a\u0165 sledovanie interakci\u00ed, ak m\u00e1te \u00fa\u010det na externej platforme a ste do nej prihl\u00e1sen\u00ed.<\/p>\n\n\n\n<hr class=\"wp-block-separator has-alpha-channel-opacity\"\/>\n\n\n\n<h2 class=\"wp-block-heading\">6. Zdie\u013eanie \u00fadajov<\/h2>\n\n\n\n<p>Ak po\u017eiadate o obnovenie hesla, va\u0161e <strong>IP adresa<\/strong> bud\u00fa zahrnut\u00e9 v komunik\u00e1cii o obnoven\u00ed hesla na \u00fa\u010dely overenia bezpe\u010dnosti.<\/p>\n\n\n\n<p>Mk Reborns nepred\u00e1va, neprenaj\u00edma ani neobchoduje s osobn\u00fdmi \u00fadajmi neopr\u00e1vnen\u00fdm tret\u00edm stran\u00e1m.<\/p>\n\n\n\n<hr class=\"wp-block-separator has-alpha-channel-opacity\"\/>\n\n\n\n<h2 class=\"wp-block-heading\">7. Uchov\u00e1vanie \u00fadajov<\/h2>\n\n\n\n<p>Koment\u00e1re a s nimi spojen\u00e9 metad\u00e1ta sa zachovaj\u00fa <strong>na neur\u010dito<\/strong>. To n\u00e1m umo\u017e\u0148uje automaticky rozpozna\u0165 a schv\u00e1li\u0165 n\u00e1sledn\u00e9 koment\u00e1re bez toho, aby sme ich moderovali.<\/p>\n\n\n\n<p>V pr\u00edpade pou\u017e\u00edvate\u013eov, ktor\u00ed sa zaregistruj\u00fa na na\u0161ej webovej str\u00e1nke (ak je to relevantn\u00e9), uchov\u00e1vame osobn\u00e9 \u00fadaje poskytnut\u00e9 v ich pou\u017e\u00edvate\u013esk\u00fdch profiloch.<br>Registrovan\u00ed pou\u017e\u00edvatelia si m\u00f4\u017eu kedyko\u013evek zobrazi\u0165, upravi\u0165 alebo vymaza\u0165 svoje osobn\u00e9 \u00fadaje s v\u00fdnimkou pou\u017e\u00edvate\u013esk\u00fdch mien. Spr\u00e1vcovia webov\u00fdch str\u00e1nok si ponech\u00e1vaj\u00fa mo\u017enos\u0165 pr\u00edstupu k t\u00fdmto inform\u00e1ci\u00e1m a ich \u00fapravy v pr\u00edpade potreby.<\/p>\n\n\n\n<hr class=\"wp-block-separator has-alpha-channel-opacity\"\/>\n\n\n\n<h2 class=\"wp-block-heading\">8. Va\u0161e pr\u00e1va t\u00fdkaj\u00face sa va\u0161ich \u00fadajov<\/h2>\n\n\n\n<p>Ak m\u00e1te na tejto webovej str\u00e1nke \u00fa\u010det alebo ste u\u017e predt\u00fdm odoslali koment\u00e1re, m\u00f4\u017eete po\u017eiada\u0165 o:<\/p>\n\n\n\n<ul class=\"wp-block-list\">\n<li>Exportovan\u00fd s\u00fabor obsahuj\u00faci osobn\u00e9 \u00fadaje, ktor\u00e9 o v\u00e1s uchov\u00e1vame<\/li>\n\n\n\n<li>Vymazanie osobn\u00fdch \u00fadajov spojen\u00fdch s vami<\/li>\n<\/ul>\n\n\n\n<p>\u017diadosti o vymazanie \u00fadajov sa nevz\u0165ahuj\u00fa na inform\u00e1cie, ktor\u00e9 sme zo z\u00e1kona alebo administrat\u00edvne povinn\u00ed uchov\u00e1va\u0165 na \u00fa\u010dely dodr\u017eiavania predpisov, bezpe\u010dnosti alebo prev\u00e1dzkov\u00e9 \u00fa\u010dely.<\/p>\n\n\n\n<hr class=\"wp-block-separator has-alpha-channel-opacity\"\/>\n\n\n\n<h2 class=\"wp-block-heading\">9. Kde sa va\u0161e \u00fadaje spracov\u00e1vaj\u00fa<\/h2>\n\n\n\n<p>Koment\u00e1re n\u00e1v\u0161tevn\u00edkov m\u00f4\u017eu by\u0165 presk\u00faman\u00e9 prostredn\u00edctvom automatizovan\u00fdch slu\u017eieb detekcie spamu, aby sa zabezpe\u010dila bezpe\u010dnos\u0165 a integrita webovej str\u00e1nky.<\/p>\n\n\n\n<hr class=\"wp-block-separator has-alpha-channel-opacity\"\/>\n\n\n\n<h2 class=\"wp-block-heading\">10. Kontaktn\u00e9 inform\u00e1cie<\/h2>\n\n\n\n<p>Ak m\u00e1te ak\u00e9ko\u013evek ot\u00e1zky t\u00fdkaj\u00face sa t\u00fdchto Z\u00e1sad ochrany osobn\u00fdch \u00fadajov alebo spracovania va\u0161ich osobn\u00fdch \u00fadajov, kontaktujte n\u00e1s na adrese:<\/p>\n\n\n\n<p>\ud83d\udce7 <strong><a href=\"mailto:support@mkreborns.com\">support@mkreborns.com<\/a><\/strong><\/p>\n\n\n\n<p><\/p>","protected":false},"excerpt":{"rendered":"<p>V spolo\u010dnosti Mk Reborns kladieme ve\u013ek\u00fd d\u00f4raz na d\u00f4vernos\u0165, integritu a zodpovedn\u00e9 zaobch\u00e1dzanie s osobn\u00fdmi \u00fadajmi. Tieto Z\u00e1sady ochrany osobn\u00fdch \u00fadajov<\/p>","protected":false},"author":1,"featured_media":0,"parent":0,"menu_order":0,"comment_status":"closed","ping_status":"closed","template":"","meta":{"footnotes":""},"class_list":["post-3","page","type-page","status-publish","hentry"],"_links":{"self":[{"href":"https:\/\/www.mkreborns.com\/sk\/wp-json\/wp\/v2\/pages\/3","targetHints":{"allow":["GET"]}}],"collection":[{"href":"https:\/\/www.mkreborns.com\/sk\/wp-json\/wp\/v2\/pages"}],"about":[{"href":"https:\/\/www.mkreborns.com\/sk\/wp-json\/wp\/v2\/types\/page"}],"author":[{"embeddable":true,"href":"https:\/\/www.mkreborns.com\/sk\/wp-json\/wp\/v2\/users\/1"}],"replies":[{"embeddable":true,"href":"https:\/\/www.mkreborns.com\/sk\/wp-json\/wp\/v2\/comments?post=3"}],"version-history":[{"count":0,"href":"https:\/\/www.mkreborns.com\/sk\/wp-json\/wp\/v2\/pages\/3\/revisions"}],"wp:attachment":[{"href":"https:\/\/www.mkreborns.com\/sk\/wp-json\/wp\/v2\/media?parent=3"}],"curies":[{"name":"pracovn\u00fd list","href":"https:\/\/api.w.org\/{rel}","templated":true}]}}