{"id":4602,"date":"2026-05-07T01:53:54","date_gmt":"2026-05-07T01:53:54","guid":{"rendered":"https:\/\/www.mkreborns.com\/?post_type=product&#038;p=4602"},"modified":"2026-05-13T14:41:14","modified_gmt":"2026-05-13T14:41:14","slug":"12-inch-full-silicone-children-gifts-reborn-baby-doll","status":"publish","type":"product","link":"https:\/\/www.mkreborns.com\/ro\/product\/12-inch-full-silicone-children-gifts-reborn-baby-doll\/","title":{"rendered":"P\u0103pu\u0219\u0103 ren\u0103scut\u0103 din silicon de 12 inch pentru copii"},"content":{"rendered":"<div class=\"product-specs-list-container\"><\/div>\n<div class=\"detailmodule_text\">\n<p class=\"detail-desc-decorate-content\" style=\"font-family: OpenSans; font-size: 14px; font-weight: 300; line-height: 20px; white-space: pre-wrap; margin-bottom: 12px;\"><span style=\"color: #000000;\">\u00cen\u0103l\u021bime: 30 cm<\/span><br \/>\n<span style=\"color: #000000;\">Greutate: 1,1 kg<\/span><br \/>\n<span style=\"color: #000000;\">Sex: B\u0103iat<\/span><br \/>\n<span style=\"color: #000000;\">Material: Silicon<\/span><br \/>\n<span style=\"color: #000000;\">Aceast\u0103 p\u0103pu\u0219\u0103 reborn este livrat\u0103 f\u0103r\u0103 haine; hainele nu sunt incluse. Dac\u0103 ave\u021bi nevoie de \u021binute, v\u0103 rug\u0103m s\u0103 r\u0103sfoi\u021bi sec\u021biunea noastr\u0103 Accesorii pentru p\u0103pu\u0219i Reborn pentru a selecta hainele care se potrivesc preferin\u021belor dumneavoastr\u0103.<\/span><br \/>\n<span style=\"color: #000000;\">P\u0103pu\u0219a reborn are membre flexibile, permi\u021b\u00e2ndu-i s\u0103 se ridice, s\u0103 se \u00eentind\u0103 sau s\u0103 adopte cu u\u0219urin\u021b\u0103 diverse pozi\u021bii de somn. Nu con\u021bine componente electronice suplimentare, reduc\u00e2nd astfel semnificativ nevoile de \u00eentre\u021binere. P\u0103pu\u0219ile reborn pot fi oferite persoanelor pe care le pre\u021buie\u0219ti cel mai mult ca daruri de ziua de na\u0219tere, cadouri de Cr\u0103ciun, juc\u0103rii pentru copii sau articole pentru o colec\u021bie de p\u0103pu\u0219i.<\/span><\/p>\n<p>&nbsp;<\/p>\n<\/div>\n<div class=\"detailmodule_image\"><img decoding=\"async\" class=\"detail-desc-decorate-image\" src=\"https:\/\/www.mkreborns.com\/wp-content\/uploads\/2026\/05\/kf-Sa2b8d47ad684458b990351e19f5d1a2bs-1.webp\" alt=\"\" title=\"\"><img decoding=\"async\" class=\"detail-desc-decorate-image\" src=\"https:\/\/www.mkreborns.com\/wp-content\/uploads\/2026\/05\/kf-S39ce9a8a554f438a96fcf130a132d83aa-1.webp\" alt=\"\" title=\"\"><img decoding=\"async\" class=\"detail-desc-decorate-image\" src=\"https:\/\/www.mkreborns.com\/wp-content\/uploads\/2026\/05\/kf-S3d4515f2deb64d17aeee4f89277607772-1.webp\" alt=\"P\u0103pu\u0219\u0103 ren\u0103scut\u0103 din silicon cu membre pozi\u021bionabile, perfect\u0103 pentru copii \u0219i colec\u021bionari. Moale, realist\u0103.\" title=\"\"> <img decoding=\"async\" class=\"detail-desc-decorate-image\" src=\"https:\/\/www.mkreborns.com\/wp-content\/uploads\/2026\/05\/kf-S83d31e6e6fb847929a053f66ca75cd2dp-1.webp\" alt=\"P\u0103pu\u0219\u0103 reborn realist\u0103, 12,2 inci, din silicon integral, potrivit\u0103 pentru copii \u0219i cadouri, cu detalii.\" title=\"\"> <img decoding=\"async\" class=\"detail-desc-decorate-image\" src=\"https:\/\/www.mkreborns.com\/wp-content\/uploads\/2026\/05\/kf-S1d7c4a92f2da488182c621f78f77ba35K-1.webp\" alt=\"\" title=\"\"><\/div>","protected":false},"excerpt":{"rendered":"<p>Aceast\u0103 p\u0103pu\u0219\u0103 reborn nou-n\u0103scut\u0103 este un cadou ideal pentru copii, prieteni sau membri ai familiei, servind drept o companie minunat\u0103. Membrele p\u0103pu\u0219ii reborn sunt pozi\u021bionabile, permi\u021b\u00e2nd a\u0219ezarea acesteia \u00eentr-o varietate de pozi\u021bii de somn - ad\u0103ug\u00e2nd o not\u0103 suplimentar\u0103 de realism natural rolului s\u0103u de companie.<\/p>","protected":false},"featured_media":4603,"comment_status":"open","ping_status":"closed","template":"","meta":[],"product_brand":[],"product_cat":[240,145,155,154,153],"product_tag":[],"class_list":{"0":"post-4602","1":"product","2":"type-product","3":"status-publish","4":"has-post-thumbnail","6":"product_cat-12-inch-reborn-dolls","7":"product_cat-baby-boy-reborn-dolls","8":"product_cat-cute-reborn-dolls","9":"product_cat-lifelike-reborn-dolls","10":"product_cat-newborn-reborn-dolls","12":"first","13":"instock","14":"sale","15":"shipping-taxable","16":"purchasable","17":"product-type-simple"},"_links":{"self":[{"href":"https:\/\/www.mkreborns.com\/ro\/wp-json\/wp\/v2\/product\/4602","targetHints":{"allow":["GET"]}}],"collection":[{"href":"https:\/\/www.mkreborns.com\/ro\/wp-json\/wp\/v2\/product"}],"about":[{"href":"https:\/\/www.mkreborns.com\/ro\/wp-json\/wp\/v2\/types\/product"}],"replies":[{"embeddable":true,"href":"https:\/\/www.mkreborns.com\/ro\/wp-json\/wp\/v2\/comments?post=4602"}],"wp:featuredmedia":[{"embeddable":true,"href":"https:\/\/www.mkreborns.com\/ro\/wp-json\/wp\/v2\/media\/4603"}],"wp:attachment":[{"href":"https:\/\/www.mkreborns.com\/ro\/wp-json\/wp\/v2\/media?parent=4602"}],"wp:term":[{"taxonomy":"product_brand","embeddable":true,"href":"https:\/\/www.mkreborns.com\/ro\/wp-json\/wp\/v2\/product_brand?post=4602"},{"taxonomy":"product_cat","embeddable":true,"href":"https:\/\/www.mkreborns.com\/ro\/wp-json\/wp\/v2\/product_cat?post=4602"},{"taxonomy":"product_tag","embeddable":true,"href":"https:\/\/www.mkreborns.com\/ro\/wp-json\/wp\/v2\/product_tag?post=4602"}],"curies":[{"name":"wp","href":"https:\/\/api.w.org\/{rel}","templated":true}]}}