{"id":4594,"date":"2026-05-07T01:52:24","date_gmt":"2026-05-07T01:52:24","guid":{"rendered":"https:\/\/www.mkreborns.com\/?post_type=product&#038;p=4594"},"modified":"2026-05-13T15:23:59","modified_gmt":"2026-05-13T15:23:59","slug":"19-inches-solid-silicone-cute-reborn-doll","status":"publish","type":"product","link":"https:\/\/www.mkreborns.com\/ro\/product\/19-inches-solid-silicone-cute-reborn-doll\/","title":{"rendered":"P\u0103pu\u0219\u0103 ren\u0103scut\u0103 dr\u0103gu\u021b\u0103 din silicon solid de 19 inci"},"content":{"rendered":"<div class=\"product-specs-list-container\"><\/div>\n<div class=\"detailmodule_text\">\n<p>\u00cen\u0103l\u021bime: 47 cm<br \/>\nSex: Bebelu\u0219 b\u0103ie\u021bel<br \/>\nGreutate: 3,1 kg<br \/>\nMaterial: Silicon<br \/>\nO \u021binut\u0103 selectat\u0103 aleatoriu va fi inclus\u0103 ca \u0219i cadou gratuit la achizi\u021bionarea acestei p\u0103pu\u0219i reborn.<\/p>\n<p>Aceast\u0103 p\u0103pu\u0219\u0103 reborn este fabricat\u0103 din silicon \u0219i poate fi cur\u0103\u021bat\u0103 cu ap\u0103 cald\u0103; cu toate acestea, trebuie uscat\u0103 bine imediat dup\u0103 sp\u0103lare. Fiind o p\u0103pu\u0219\u0103 reborn din silicon solid, ofer\u0103 o senza\u021bie tactil\u0103 remarcabil de similar\u0103 cu cea a pielii unui bebelu\u0219 real. Cu o \u00een\u0103l\u021bime de 48 cm, aceast\u0103 p\u0103pu\u0219\u0103 reborn aproximeaz\u0103 dimensiunile fizice ale unui nou-n\u0103scut real, fiind ideal\u0103 pentru \u00eembr\u0103\u021bi\u0219are sau expunere. Aceast\u0103 p\u0103pu\u0219\u0103 reborn dr\u0103gu\u021b\u0103 are o greutate moderat\u0103, ceea ce o face u\u0219or de transportat, p\u0103str\u00e2nd \u00een acela\u0219i timp greutatea autentic\u0103 \u0219i realist\u0103 a unui bebelu\u0219 real.<br \/>\nPentru depozitare, se recomand\u0103 a\u0219ezarea p\u0103pu\u0219ii reborn plat\u0103 sau \u00een pozi\u021bie vertical\u0103 pentru a preveni deformarea cauzat\u0103 de obiecte grele sau compresia prelungit\u0103. Pentru a asigura longevitatea p\u0103pu\u0219ii reborn, v\u0103 rug\u0103m s\u0103 o \u021bine\u021bi departe de lumina direct\u0103 \u0219i praf \u0219i s\u0103 o proteja\u021bi de obiecte ascu\u021bite \u0219i animale de companie pentru a evita deteriorarea materialului siliconic.<\/p>\n<p>&nbsp;<\/p>\n<\/div>\n<div class=\"detailmodule_image\"><img decoding=\"async\" class=\"detail-desc-decorate-image\" src=\"https:\/\/www.mkreborns.com\/wp-content\/uploads\/2026\/05\/kf-Sd449c2299cac4582b03493bccbd5ba86G.webp\" alt=\"P\u0103pu\u0219\u0103 reborn din silicon, de 18,9 inci, foarte detaliat\u0103, moale la atingere, lavabil\u0103, perfect\u0103 pentru colec\u021bie sau cadou.\" title=\"\"><\/div>","protected":false},"excerpt":{"rendered":"<p>P\u0103pu\u0219ile reborn simuleaz\u0103 moliciunea \u0219i elasticitatea pielii reale a bebelu\u0219ilor, oferind o atingere cald\u0103, bl\u00e2nd\u0103 \u0219i prietenoas\u0103 cu pielea. Fabricate din silicon solid, aceste p\u0103pu\u0219i reborn au o rezisten\u021b\u0103 excep\u021bional\u0103 la oxidare, asigur\u00e2ndu-se c\u0103 nu se \u00eeng\u0103lbenesc sau nu se crap\u0103 u\u0219or chiar \u0219i dup\u0103 o utilizare prelungit\u0103.<\/p>","protected":false},"featured_media":4595,"comment_status":"open","ping_status":"closed","template":"","meta":[],"product_brand":[],"product_cat":[241,145,243,155,146,154,153,157],"product_tag":[],"class_list":{"0":"post-4594","1":"product","2":"type-product","3":"status-publish","4":"has-post-thumbnail","6":"product_cat-19-inch-reborn-dolls","7":"product_cat-baby-boy-reborn-dolls","8":"product_cat-black-reborn-dolls","9":"product_cat-cute-reborn-dolls","10":"product_cat-full-silicone-reborn-dolls","11":"product_cat-lifelike-reborn-dolls","12":"product_cat-newborn-reborn-dolls","13":"product_cat-real-life-baby-dolls","15":"first","16":"instock","17":"sale","18":"shipping-taxable","19":"purchasable","20":"product-type-simple"},"_links":{"self":[{"href":"https:\/\/www.mkreborns.com\/ro\/wp-json\/wp\/v2\/product\/4594","targetHints":{"allow":["GET"]}}],"collection":[{"href":"https:\/\/www.mkreborns.com\/ro\/wp-json\/wp\/v2\/product"}],"about":[{"href":"https:\/\/www.mkreborns.com\/ro\/wp-json\/wp\/v2\/types\/product"}],"replies":[{"embeddable":true,"href":"https:\/\/www.mkreborns.com\/ro\/wp-json\/wp\/v2\/comments?post=4594"}],"wp:featuredmedia":[{"embeddable":true,"href":"https:\/\/www.mkreborns.com\/ro\/wp-json\/wp\/v2\/media\/4595"}],"wp:attachment":[{"href":"https:\/\/www.mkreborns.com\/ro\/wp-json\/wp\/v2\/media?parent=4594"}],"wp:term":[{"taxonomy":"product_brand","embeddable":true,"href":"https:\/\/www.mkreborns.com\/ro\/wp-json\/wp\/v2\/product_brand?post=4594"},{"taxonomy":"product_cat","embeddable":true,"href":"https:\/\/www.mkreborns.com\/ro\/wp-json\/wp\/v2\/product_cat?post=4594"},{"taxonomy":"product_tag","embeddable":true,"href":"https:\/\/www.mkreborns.com\/ro\/wp-json\/wp\/v2\/product_tag?post=4594"}],"curies":[{"name":"wp","href":"https:\/\/api.w.org\/{rel}","templated":true}]}}