{"id":4536,"date":"2026-04-29T14:41:57","date_gmt":"2026-04-29T14:41:57","guid":{"rendered":"https:\/\/www.mkreborns.com\/product\/%e6%b5%b7%e5%a4%96%e4%bb%93%e5%8f%af%e4%bb%a3%e5%8f%91%e5%b7%a5%e5%8e%82%e7%9b%b4%e9%94%8033cm%e7%a1%85%e8%83%b6%e9%87%8d%e7%94%9f%e5%a8%83%e5%a8%83%e4%bb%bf%e7%9c%9f%e5%a9%b4%e5%84%bf%e5%8f%af\/"},"modified":"2026-05-16T03:25:58","modified_gmt":"2026-05-16T03:25:58","slug":"33cm-portable-silicone-reborn-doll-toy","status":"publish","type":"product","link":"https:\/\/www.mkreborns.com\/ro\/product\/33cm-portable-silicone-reborn-doll-toy\/","title":{"rendered":"Juc\u0103rie portabil\u0103 pentru p\u0103pu\u0219\u0103 ren\u0103scut\u0103 din silicon de 33 cm"},"content":{"rendered":"<p>O juc\u0103rie creativ\u0103 poate aduce un sentiment de surpriz\u0103 \u00eenc\u00e2nt\u0103toare. Aceast\u0103 p\u0103pu\u0219\u0103 reborn de 33 cm are o piele supl\u0103 \u0219i elastic\u0103; cu doar pu\u021bin\u0103 \u00eembr\u0103care, cap\u0103t\u0103 un aspect remarcabil de realist. Dimensiunea sa compact\u0103 o face u\u0219or de mutat \u0219i transportat - chiar \u0219i un copil mic o poate ridica \u0219i c\u0103ra f\u0103r\u0103 efort.<\/p>\n<p>Material: Silicon<br \/>\nSex: Fat\u0103<br \/>\n\u00cen\u0103l\u021bime: 33 cm<br \/>\nGreutate: 1,4 kg<br \/>\nGreutatea ambalajului: 1,8 kg<\/p>\n<p>Pachetul complet include: haine \u0219i o sticl\u0103.<\/p>\n<p>V\u0103 rug\u0103m s\u0103 acorda\u021bi o toleran\u021b\u0103 manual\u0103 de 0,5-1 inch, deoarece produsul a fost m\u0103surat manual.<\/p>\n<p>&nbsp;<\/p>\n<p><img decoding=\"async\" src=\"https:\/\/www.mkreborns.com\/wp-content\/uploads\/2026\/04\/O1CN01rK6OAL1jfP7Qjj75E_2220331144575-0-cib.jpg\" alt=\"\" title=\"\"><\/p>\n<p><img decoding=\"async\" src=\"https:\/\/www.mkreborns.com\/wp-content\/uploads\/2026\/04\/O1CN015L1xRt1jfP7PcSVWO_2220331144575-0-cib.jpg\" alt=\"\" title=\"\"><\/p>\n<p><img decoding=\"async\" src=\"https:\/\/www.mkreborns.com\/wp-content\/uploads\/2026\/04\/O1CN01jzEZ1w1jfP7QeiqhF_2220331144575-0-cib.jpg\" alt=\"\" title=\"\"><\/p>\n<p><img decoding=\"async\" src=\"https:\/\/www.mkreborns.com\/wp-content\/uploads\/2026\/04\/O1CN01fTR5SE1jfP7R3hmhO_2220331144575-0-cib.jpg\" alt=\"\" title=\"\"><\/p>\n<p><img decoding=\"async\" src=\"https:\/\/www.mkreborns.com\/wp-content\/uploads\/2026\/04\/O1CN01r9No6E1jfP7R3kKgP_2220331144575-0-cib.jpg\" alt=\"\" title=\"\"><\/p>\n<p><img decoding=\"async\" src=\"https:\/\/www.mkreborns.com\/wp-content\/uploads\/2026\/04\/O1CN01ehxfZi1jfP7QxSLXJ_2220331144575-0-cib.jpg\" alt=\"P\u0103pu\u0219\u0103 ren\u0103scut\u0103 din silicon cu tr\u0103s\u0103turi realiste, \u00eembr\u0103cat\u0103 \u00een haine galben aprins, \u021bin\u00e2nd \u00een m\u00e2n\u0103 o figur\u0103 mov.\" title=\"\"><\/p>\n<p><img decoding=\"async\" src=\"https:\/\/www.mkreborns.com\/wp-content\/uploads\/2026\/04\/O1CN01qjIvNl1jfP7RcdYle_2220331144575-0-cib.jpg\" alt=\"\" title=\"\"><\/p>\n<p><img decoding=\"async\" src=\"https:\/\/www.mkreborns.com\/wp-content\/uploads\/2026\/04\/O1CN01nuNaaS1jfP7QTQ0dW_2220331144575-0-cib.jpg\" alt=\"P\u0103pu\u0219\u0103 reborn realist\u0103 din silicon, cu haine \u0219i c\u0103ciul\u0103 galbene, caracteristici realiste.\" title=\"\"><\/p>\n<p><img decoding=\"async\" src=\"https:\/\/www.mkreborns.com\/wp-content\/uploads\/2026\/04\/O1CN01vgMwM61jfP7QSNqXV_2220331144575-0-cib.jpg\" alt=\"\" title=\"\"><\/p>\n<p><img decoding=\"async\" src=\"https:\/\/www.mkreborns.com\/wp-content\/uploads\/2026\/04\/O1CN01A5x5TL1jfP7Psk5LM_2220331144575-0-cib.jpg\" alt=\"P\u0103pu\u0219\u0103 ren\u0103scut\u0103 cu tr\u0103s\u0103turi realiste, purt\u00e2nd o c\u0103ciul\u0103 galben\u0103 tricotat\u0103 \u0219i un pulover asortat, perfect\u0103 pentru.\" title=\"\"><\/p>\n<p><img decoding=\"async\" src=\"https:\/\/www.mkreborns.com\/wp-content\/uploads\/2026\/04\/O1CN01CIPvGu1jfP7Qei2sF_2220331144575-0-cib.jpg\" alt=\"P\u0103pu\u0219\u0103 reborn din silicon cu tr\u0103s\u0103turi realiste, \u00eembr\u0103cat\u0103 \u00een tricotaje galbene, perfect\u0103 pentru colec\u021bionari.\" title=\"\"><\/p>\n<p><img decoding=\"async\" src=\"https:\/\/www.mkreborns.com\/wp-content\/uploads\/2026\/04\/O1CN01r6RAcu1jfP7QALRMk_2220331144575-0-cib.jpg\" alt=\"P\u0103pu\u0219\u0103 ren\u0103scut\u0103 din silicon cu caracteristici realiste \u0219i textur\u0103 moale, perfect\u0103 pentru colec\u021bionari \u0219i copii.\" title=\"\"><\/p>\n<p><img decoding=\"async\" src=\"https:\/\/www.mkreborns.com\/wp-content\/uploads\/2026\/04\/O1CN01WDXtoK1jfP7QK3xqa_2220331144575-0-cib.jpg\" alt=\"\" title=\"\"><\/p>\n<p><img decoding=\"async\" src=\"https:\/\/www.mkreborns.com\/wp-content\/uploads\/2026\/04\/O1CN01NAz7Bu1jfP7QSOicW_2220331144575-0-cib.jpg\" alt=\"\" title=\"\"><\/p>","protected":false},"excerpt":{"rendered":"<p>O p\u0103pu\u0219\u0103 reborn portabil\u0103 poate oferi o companie t\u0103cut\u0103, st\u00e2nd \u00een lini\u0219te al\u0103turi de tine \u0219i f\u0103c\u00e2ndu-te s\u0103 sim\u021bi c\u0103 via\u021ba este mai interesant\u0103.<\/p>","protected":false},"featured_media":4555,"comment_status":"open","ping_status":"closed","template":"","meta":[],"product_brand":[],"product_cat":[156],"product_tag":[],"class_list":{"0":"post-4536","1":"product","2":"type-product","3":"status-publish","4":"has-post-thumbnail","6":"product_cat-life-sized-dolls","8":"first","9":"instock","10":"sale","11":"shipping-taxable","12":"purchasable","13":"product-type-simple"},"_links":{"self":[{"href":"https:\/\/www.mkreborns.com\/ro\/wp-json\/wp\/v2\/product\/4536","targetHints":{"allow":["GET"]}}],"collection":[{"href":"https:\/\/www.mkreborns.com\/ro\/wp-json\/wp\/v2\/product"}],"about":[{"href":"https:\/\/www.mkreborns.com\/ro\/wp-json\/wp\/v2\/types\/product"}],"replies":[{"embeddable":true,"href":"https:\/\/www.mkreborns.com\/ro\/wp-json\/wp\/v2\/comments?post=4536"}],"wp:featuredmedia":[{"embeddable":true,"href":"https:\/\/www.mkreborns.com\/ro\/wp-json\/wp\/v2\/media\/4555"}],"wp:attachment":[{"href":"https:\/\/www.mkreborns.com\/ro\/wp-json\/wp\/v2\/media?parent=4536"}],"wp:term":[{"taxonomy":"product_brand","embeddable":true,"href":"https:\/\/www.mkreborns.com\/ro\/wp-json\/wp\/v2\/product_brand?post=4536"},{"taxonomy":"product_cat","embeddable":true,"href":"https:\/\/www.mkreborns.com\/ro\/wp-json\/wp\/v2\/product_cat?post=4536"},{"taxonomy":"product_tag","embeddable":true,"href":"https:\/\/www.mkreborns.com\/ro\/wp-json\/wp\/v2\/product_tag?post=4536"}],"curies":[{"name":"wp","href":"https:\/\/api.w.org\/{rel}","templated":true}]}}