{"id":4430,"date":"2026-04-12T14:16:20","date_gmt":"2026-04-12T14:16:20","guid":{"rendered":"https:\/\/www.mkreborns.com\/?post_type=product&#038;p=4430"},"modified":"2026-04-12T15:16:32","modified_gmt":"2026-04-12T15:16:32","slug":"13-inch-crying-silicone-reborn-doll","status":"publish","type":"product","link":"https:\/\/www.mkreborns.com\/ro\/product\/13-inch-crying-silicone-reborn-doll\/","title":{"rendered":"P\u0103pu\u0219\u0103 ren\u0103scut\u0103 din silicon de 13 inci care pl\u00e2nge"},"content":{"rendered":"<p>Membrele, capul \u0219i corpul p\u0103pu\u0219ii pl\u00e2ng\u0103toare, cu o \u00een\u0103l\u021bime de 33 cm, sunt fabricate din silicon solid, moale, elastic \u0219i poate fi sp\u0103lat cu ap\u0103 cald\u0103 la 37 de grade. Datorit\u0103 naturii speciale a siliconului, nu trebuie tras sau tras cu for\u021b\u0103 \u00een timpul jocului \u0219i trebuie \u00eengrijit cu aten\u021bie pentru a rezista mai mult timp.<\/p>\n<p>Material: Silicon<br \/>\nSex: Fat\u0103<br \/>\n\u00cen\u0103l\u021bime: 33 cm<br \/>\nGreutate: 1,4 kg<br \/>\nGreutatea ambalajului: 1,8 kg<\/p>\n<p>Pachetul complet include: haine \u0219i o sticl\u0103.<\/p>\n<p>V\u0103 rug\u0103m s\u0103 acorda\u021bi o toleran\u021b\u0103 manual\u0103 de 0,5-1 inch, deoarece produsul a fost m\u0103surat manual.<\/p>\n<p><img decoding=\"async\" src=\"https:\/\/www.mkreborns.com\/wp-content\/uploads\/2026\/04\/O1CN01ON65FG1jfP7Pj2VhP_2220331144575-0-cib.jpg\" alt=\"\" title=\"\"><\/p>\n<p><img decoding=\"async\" src=\"https:\/\/www.mkreborns.com\/wp-content\/uploads\/2026\/04\/O1CN01Vmhokj1jfP7PuZuwV_2220331144575-0-cib.jpg\" alt=\"\" title=\"\"><\/p>\n<p><img decoding=\"async\" src=\"https:\/\/www.mkreborns.com\/wp-content\/uploads\/2026\/04\/O1CN01qKbtvK1jfP7PZjkwL_2220331144575-0-cib.jpg\" alt=\"\" title=\"\"><\/p>\n<p><img decoding=\"async\" src=\"https:\/\/www.mkreborns.com\/wp-content\/uploads\/2026\/04\/O1CN01UBS4M51jfP7QJPr5Y_2220331144575-0-cib.jpg\" alt=\"P\u0103pu\u0219\u0103 ren\u0103scut\u0103 din silicon care pl\u00e2nge, p\u0103pu\u0219\u0103 realist\u0103 cu biberon, perfect\u0103 pentru colec\u021bionari \u0219i copii.\" title=\"\"><\/p>\n<p><img decoding=\"async\" src=\"https:\/\/www.mkreborns.com\/wp-content\/uploads\/2026\/04\/O1CN01NWHI1G1jfP7OsCKVe_2220331144575-0-cib.jpg\" alt=\"P\u0103pu\u0219\u0103 reborn realist\u0103 din silicon, de 13 inci, care pl\u00e2nge, cu biberon, haine moi \u0219i c\u0103ciul\u0103 roz.\" title=\"\"><\/p>\n<p><img decoding=\"async\" src=\"https:\/\/www.mkreborns.com\/wp-content\/uploads\/2026\/04\/O1CN01WrErxo1jfP7QDMEjp_2220331144575-0-cib.jpg\" alt=\"P\u0103pu\u0219\u0103 din silicon ren\u0103scut\u0103 care pl\u00e2nge \u0219i \u021bine un biberon, caracteristici realiste, perfect\u0103 pentru colec\u021bionari \u0219i copii.\" title=\"\"><\/p>\n<p>&nbsp;<\/p>","protected":false},"excerpt":{"rendered":"<p>P\u0103pu\u0219a ren\u0103scut\u0103 pl\u00e2ng\u00e2nd arat\u0103 exact ca un nou-n\u0103scut care pl\u00e2nge dup\u0103 lapte, cu tr\u0103s\u0103turi dr\u0103gu\u021be \u0219i vii.<\/p>","protected":false},"featured_media":4461,"comment_status":"open","ping_status":"closed","template":"","meta":[],"product_brand":[],"product_cat":[238,242,144,146,156,154,153],"product_tag":[],"class_list":{"0":"post-4430","1":"product","2":"type-product","3":"status-publish","4":"has-post-thumbnail","6":"product_cat-13-inch-reborn-dolls","7":"product_cat-african-american-reborn-dolls","8":"product_cat-baby-girl-reborn-dolls","9":"product_cat-full-silicone-reborn-dolls","10":"product_cat-life-sized-dolls","11":"product_cat-lifelike-reborn-dolls","12":"product_cat-newborn-reborn-dolls","14":"first","15":"instock","16":"sale","17":"shipping-taxable","18":"purchasable","19":"product-type-simple"},"_links":{"self":[{"href":"https:\/\/www.mkreborns.com\/ro\/wp-json\/wp\/v2\/product\/4430","targetHints":{"allow":["GET"]}}],"collection":[{"href":"https:\/\/www.mkreborns.com\/ro\/wp-json\/wp\/v2\/product"}],"about":[{"href":"https:\/\/www.mkreborns.com\/ro\/wp-json\/wp\/v2\/types\/product"}],"replies":[{"embeddable":true,"href":"https:\/\/www.mkreborns.com\/ro\/wp-json\/wp\/v2\/comments?post=4430"}],"wp:featuredmedia":[{"embeddable":true,"href":"https:\/\/www.mkreborns.com\/ro\/wp-json\/wp\/v2\/media\/4461"}],"wp:attachment":[{"href":"https:\/\/www.mkreborns.com\/ro\/wp-json\/wp\/v2\/media?parent=4430"}],"wp:term":[{"taxonomy":"product_brand","embeddable":true,"href":"https:\/\/www.mkreborns.com\/ro\/wp-json\/wp\/v2\/product_brand?post=4430"},{"taxonomy":"product_cat","embeddable":true,"href":"https:\/\/www.mkreborns.com\/ro\/wp-json\/wp\/v2\/product_cat?post=4430"},{"taxonomy":"product_tag","embeddable":true,"href":"https:\/\/www.mkreborns.com\/ro\/wp-json\/wp\/v2\/product_tag?post=4430"}],"curies":[{"name":"wp","href":"https:\/\/api.w.org\/{rel}","templated":true}]}}