{"id":4220,"date":"2026-03-25T02:36:20","date_gmt":"2026-03-25T02:36:20","guid":{"rendered":"https:\/\/www.mkreborns.com\/?post_type=product&#038;p=4220"},"modified":"2026-03-25T02:47:14","modified_gmt":"2026-03-25T02:47:14","slug":"ronal-avatar-silicone-newborn-baby-reborn-doll","status":"publish","type":"product","link":"https:\/\/www.mkreborns.com\/ro\/product\/ronal-avatar-silicone-newborn-baby-reborn-doll\/","title":{"rendered":"P\u0103pu\u0219\u0103 ren\u0103scut\u0103 Ronal Avatar din silicon"},"content":{"rendered":"<p><strong>Parametri:<\/strong><\/p>\n<ul>\n<li>Substan\u021b\u0103 chimic\u0103 extrem de \u00eengrijor\u0103toare: Niciuna<\/li>\n<li>Sex: Unisex<\/li>\n<li>Dimensiuni: 12 inci, 30 cm<\/li>\n<li>Material: silicon<\/li>\n<li>Greutate: Greutatea net\u0103 a p\u0103pu\u0219ii este de aproximativ 1,15 kg<\/li>\n<\/ul>\n<h2>P\u0103pu\u0219i avatar reborn cu realism din silicon moale<\/h2>\n<div>Designul acestei p\u0103pu\u0219i avatar reborn este sculptat cu grij\u0103 pentru a reflecta propor\u021biile nou-n\u0103scutului, introduc\u00e2nd \u00een acela\u0219i timp o estetic\u0103 subtil\u0103, fantastic\u0103. Fabricat din silicon solid, \u00eentregul corp ofer\u0103 o senza\u021bie neted\u0103 \u0219i flexibil\u0103, care dep\u0103\u0219e\u0219te vinilul tradi\u021bional. \u00cen magazinele de p\u0103pu\u0219i avatar reborn din silicon integral, acest model se remarc\u0103 prin dimensiunile sale compacte de 30 cm \u0219i prin m\u0103iestria echilibrat\u0103.<\/div>\n<h3>Structur\u0103 durabil\u0103 cu detalii vizuale rafinate<\/h3>\n<div>Corpul din silicon f\u0103r\u0103 cus\u0103turi asigur\u0103 durabilitate, men\u021bin\u00e2nd \u00een acela\u0219i timp un r\u0103spuns tactil realist. Cu ochi acrilici transparen\u021bi \u0219i o greutate u\u0219oar\u0103 de 1,15 kg, ofer\u0103 o prindere natural\u0103. Fiind o p\u0103pu\u0219\u0103 avatar reborn realist\u0103 la un pre\u021b sc\u0103zut, ofer\u0103 o calitate fiabil\u0103 f\u0103r\u0103 un cost ridicat, fiind potrivit\u0103 at\u00e2t pentru colec\u021bionari, c\u00e2t \u0219i pentru cump\u0103r\u0103torii de cadouri.<\/div>\n<h3>Caracteristici \u0219i avantaje ale produsului<\/h3>\n<ol>\n<li>Corp integral din silicon cu textur\u0103 moale \u0219i elastic\u0103<\/li>\n<li>Dimensiunea de 12 inci este ideal\u0103 pentru afi\u0219are \u0219i manipulare<\/li>\n<li>Structur\u0103 u\u0219oar\u0103, de aproximativ 1,15 kg<\/li>\n<li>Ochi acrilici detalia\u021bi cu finisaj transparent<\/li>\n<li>Design unisex pentru un aspect versatil<\/li>\n<\/ol>","protected":false},"excerpt":{"rendered":"<p>Moale, compact\u0103 \u0219i atr\u0103g\u0103toare din punct de vedere vizual, aceast\u0103 p\u0103pu\u0219\u0103 avatar reborn \u00eembin\u0103 propor\u021biile delicate ale nou-n\u0103scutului cu textura neted\u0103 a siliconului pentru un aspect captivant.<\/p>","protected":false},"featured_media":4221,"comment_status":"open","ping_status":"closed","template":"","meta":[],"product_brand":[],"product_cat":[239,240,145,144,146,156,153],"product_tag":[],"class_list":{"0":"post-4220","1":"product","2":"type-product","3":"status-publish","4":"has-post-thumbnail","6":"product_cat-avatar-reborn-dolls","7":"product_cat-12-inch-reborn-dolls","8":"product_cat-baby-boy-reborn-dolls","9":"product_cat-baby-girl-reborn-dolls","10":"product_cat-full-silicone-reborn-dolls","11":"product_cat-life-sized-dolls","12":"product_cat-newborn-reborn-dolls","14":"first","15":"instock","16":"sale","17":"shipping-taxable","18":"purchasable","19":"product-type-simple"},"_links":{"self":[{"href":"https:\/\/www.mkreborns.com\/ro\/wp-json\/wp\/v2\/product\/4220","targetHints":{"allow":["GET"]}}],"collection":[{"href":"https:\/\/www.mkreborns.com\/ro\/wp-json\/wp\/v2\/product"}],"about":[{"href":"https:\/\/www.mkreborns.com\/ro\/wp-json\/wp\/v2\/types\/product"}],"replies":[{"embeddable":true,"href":"https:\/\/www.mkreborns.com\/ro\/wp-json\/wp\/v2\/comments?post=4220"}],"wp:featuredmedia":[{"embeddable":true,"href":"https:\/\/www.mkreborns.com\/ro\/wp-json\/wp\/v2\/media\/4221"}],"wp:attachment":[{"href":"https:\/\/www.mkreborns.com\/ro\/wp-json\/wp\/v2\/media?parent=4220"}],"wp:term":[{"taxonomy":"product_brand","embeddable":true,"href":"https:\/\/www.mkreborns.com\/ro\/wp-json\/wp\/v2\/product_brand?post=4220"},{"taxonomy":"product_cat","embeddable":true,"href":"https:\/\/www.mkreborns.com\/ro\/wp-json\/wp\/v2\/product_cat?post=4220"},{"taxonomy":"product_tag","embeddable":true,"href":"https:\/\/www.mkreborns.com\/ro\/wp-json\/wp\/v2\/product_tag?post=4220"}],"curies":[{"name":"wp","href":"https:\/\/api.w.org\/{rel}","templated":true}]}}