{"id":4165,"date":"2026-03-22T14:35:28","date_gmt":"2026-03-22T14:35:28","guid":{"rendered":"https:\/\/www.mkreborns.com\/product\/18-inch-soft-vinyl-open-eye-reborn-baby-doll\/"},"modified":"2026-03-22T15:34:35","modified_gmt":"2026-03-22T15:34:35","slug":"18-inch-soft-vinyl-open-eye-reborn-baby-doll","status":"publish","type":"product","link":"https:\/\/www.mkreborns.com\/ro\/product\/18-inch-soft-vinyl-open-eye-reborn-baby-doll\/","title":{"rendered":"P\u0103pu\u0219\u0103 ren\u0103scut\u0103 din vinil moale, cu ochi deschi\u0219i, de 45 cm"},"content":{"rendered":"<p>Aceast\u0103 p\u0103pu\u0219\u0103 reborn are vene clar vizibile \u0219i este foarte realist\u0103. Poate sta jos sau \u00eentins\u0103, nu vorbe\u0219te \u0219i nu clipe\u0219te \u0219i nu are componente electronice complicate, ceea ce o face u\u0219or de \u00eentre\u021binut \u0219i perfect\u0103 pentru colec\u021bionare. C\u00e2nd cur\u0103\u021ba\u021bi p\u0103pu\u0219a, manipula\u021bi-o cu grij\u0103; evita\u021bi s\u0103 v\u0103 freca\u021bi energic spr\u00e2ncenele pentru a preveni decolorarea.<\/p>\n<p>&nbsp;<\/p>\n<p>Material: PVC integral<br \/>\nSex: Alege\u021bi \u00eentre b\u0103iat sau fat\u0103<br \/>\n\u00cen\u0103l\u021bime: 45 cm<br \/>\nGreutate: 1,1 kg<br \/>\nGene: Genele adezive<br \/>\nGreutatea ambalajului: 1,6 kg<br \/>\nDimensiunile ambalajului: 46*20*13cm<br \/>\nPachetul complet include: haine, scutec, suzet\u0103 magnetic\u0103, biberon \u0219i certificat de na\u0219tere.<\/p>\n<p>&nbsp;<\/p>\n<p><img decoding=\"async\" src=\"https:\/\/www.mkreborns.com\/wp-content\/uploads\/2026\/03\/O1CN01PhbSDV1lsnmHX7b7l_2831564875-0-cib.jpg\" alt=\"\" title=\"\"><\/p>\n<p><img decoding=\"async\" src=\"https:\/\/www.mkreborns.com\/wp-content\/uploads\/2026\/03\/O1CN01Fqa8AT1lsnmKDSTq1_2831564875-0-cib.jpg\" alt=\"\" title=\"\"><\/p>\n<p>V\u0103 rug\u0103m s\u0103 acorda\u021bi o toleran\u021b\u0103 manual\u0103 de 0,5-1 inch, deoarece produsul a fost m\u0103surat manual.<\/p>","protected":false},"excerpt":{"rendered":"<p>Ca \u00eengrijitor al p\u0103pu\u0219ii reborn, po\u021bi cump\u0103ra diferite stiluri de \u00eembr\u0103c\u0103minte pentru p\u0103pu\u0219\u0103, pentru diferite ocazii.<\/p>","protected":false},"featured_media":4167,"comment_status":"open","ping_status":"closed","template":"","meta":[],"product_brand":[],"product_cat":[151,145,144,155,156,154,157,152],"product_tag":[],"class_list":{"0":"post-4165","1":"product","2":"type-product","3":"status-publish","4":"has-post-thumbnail","6":"product_cat-18-inch-reborn-dolls","7":"product_cat-baby-boy-reborn-dolls","8":"product_cat-baby-girl-reborn-dolls","9":"product_cat-cute-reborn-dolls","10":"product_cat-life-sized-dolls","11":"product_cat-lifelike-reborn-dolls","12":"product_cat-real-life-baby-dolls","13":"product_cat-vinyl-reborn-dolls","15":"first","16":"instock","17":"sale","18":"shipping-taxable","19":"purchasable","20":"product-type-variable","21":"has-default-attributes"},"_links":{"self":[{"href":"https:\/\/www.mkreborns.com\/ro\/wp-json\/wp\/v2\/product\/4165","targetHints":{"allow":["GET"]}}],"collection":[{"href":"https:\/\/www.mkreborns.com\/ro\/wp-json\/wp\/v2\/product"}],"about":[{"href":"https:\/\/www.mkreborns.com\/ro\/wp-json\/wp\/v2\/types\/product"}],"replies":[{"embeddable":true,"href":"https:\/\/www.mkreborns.com\/ro\/wp-json\/wp\/v2\/comments?post=4165"}],"wp:featuredmedia":[{"embeddable":true,"href":"https:\/\/www.mkreborns.com\/ro\/wp-json\/wp\/v2\/media\/4167"}],"wp:attachment":[{"href":"https:\/\/www.mkreborns.com\/ro\/wp-json\/wp\/v2\/media?parent=4165"}],"wp:term":[{"taxonomy":"product_brand","embeddable":true,"href":"https:\/\/www.mkreborns.com\/ro\/wp-json\/wp\/v2\/product_brand?post=4165"},{"taxonomy":"product_cat","embeddable":true,"href":"https:\/\/www.mkreborns.com\/ro\/wp-json\/wp\/v2\/product_cat?post=4165"},{"taxonomy":"product_tag","embeddable":true,"href":"https:\/\/www.mkreborns.com\/ro\/wp-json\/wp\/v2\/product_tag?post=4165"}],"curies":[{"name":"wp","href":"https:\/\/api.w.org\/{rel}","templated":true}]}}