{"id":4123,"date":"2026-03-19T03:34:52","date_gmt":"2026-03-19T03:34:52","guid":{"rendered":"https:\/\/www.mkreborns.com\/?post_type=product&#038;p=4123"},"modified":"2026-04-03T16:00:43","modified_gmt":"2026-04-03T16:00:43","slug":"magnetic-pacifiers-for-reborn-dolls-cute-dummy-set","status":"publish","type":"product","link":"https:\/\/www.mkreborns.com\/ro\/product\/magnetic-pacifiers-for-reborn-dolls-cute-dummy-set\/","title":{"rendered":"Suzete magnetice pentru p\u0103pu\u0219i ren\u0103scute, set dr\u0103gu\u021b de suzete"},"content":{"rendered":"<div class=\"product-specs-list-container\"><\/div>\n<div class=\"detailmodule_text\">\n<h2>Suzete magnetice pentru p\u0103pu\u0219i ren\u0103scute cu detalii realiste<\/h2>\n<div>Suzetele magnetice pentru p\u0103pu\u0219i reborn sunt create pentru a reflecta accesorii autentice pentru bebelu\u0219i, oferind o estetic\u0103 rafinat\u0103 pentru colec\u021bionari \u0219i arti\u0219ti de p\u0103pu\u0219i. Fabricate din plastic ABS durabil, fiecare pies\u0103 men\u021bine un profil u\u0219or, asigur&acirc;nd &icirc;n acela\u0219i timp o fixare magnetic\u0103 ferm\u0103. Aceste suzete magnetice pentru p\u0103pu\u0219i reborn se integreaz\u0103 perfect cu biberoanele pentru p\u0103pu\u0219i reborn \u0219i se coordoneaz\u0103 f\u0103r\u0103 efort cu biberoanele \u0219i suzetele pentru p\u0103pu\u0219i reborn, cre&acirc;nd o prezentare coerent\u0103 care spore\u0219te realismul afi\u0219ajului.&lt;\/p&gt;<\/div>\n<h3>Potrivire precis\u0103 \u0219i m\u0103iestrie subtil\u0103<\/h3>\n<div>Conceput\u0103 pentru p\u0103pu\u0219i cu dimensiuni de 20\u201322 de inci, structura compact\u0103 de 4\u00d72,8 cm asigur\u0103 o precizie propor\u021bional\u0103. Detaliile cu sf\u00e2rcuri pentru manechin ofer\u0103 un element vizual conving\u0103tor, f\u0103c\u00e2nd ca fiecare accesoriu s\u0103 par\u0103 atent selectat, mai degrab\u0103 dec\u00e2t produs \u00een mas\u0103.<\/div>\n<div>Avantajele \u0219i caracteristicile produsului<\/div>\n<ol>\n<li>Magnet intern stabil pentru o plasare uniform\u0103<\/li>\n<li>Suprafa\u021b\u0103 neted\u0103 din ABS cu contururi fine<\/li>\n<li>Dimensiuni scalate pentru propor\u021bii realiste<\/li>\n<li>Se armonizeaz\u0103 cu biberoanele \u0219i seturile pentru p\u0103pu\u0219i reborn<\/li>\n<li>Stil fin al mameloanelor pentru un aspect autentic<\/li>\n<\/ol>\n<div>Pentru colec\u021bionarii care apreciaz\u0103 detaliile nuan\u021bate \u0219i stilul coerent, aceste accesorii completeaz\u0103 orice prezentare cu echilibru \u0219i rafinament, f\u0103c\u00e2nd ca suzetele magnetice pentru p\u0103pu\u0219ile reborn s\u0103 fie indispensabile.<\/div>\n<\/div>\n<div><\/div>\n<div>\n<div>Material: Plastic ABS<br \/>\nDimensiuni: aproximativ 4 * 2,8 cm \/ 1,57 * 1,10\u201d<br \/>\nSex: Unisex<br \/>\nCaracteristica 1: Suzet\u0103 magnetic\u0103 pentru p\u0103pu\u0219\u0103<br \/>\nCaracteristica 2: Mameloane artificiale<br \/>\nCaracteristica 3: Biberon<br \/>\nAplica\u021bie: Suzeta magnetic\u0103 este potrivit\u0103 pentru p\u0103pu\u0219a simulat\u0103.<br \/>\nPotrivit pentru p\u0103pu\u0219i de 20-22 de inci<\/div>\n<div><\/div>\n<\/div>\n<div class=\"detailmodule_image\"><img decoding=\"async\" class=\"detail-desc-decorate-image\" src=\"https:\/\/www.mkreborns.com\/wp-content\/uploads\/2026\/03\/kf-S248844369ace4c1aa7ecadd1fb1d0d77o.webp\" alt=\"Set dr\u0103gu\u021b de suzete pentru p\u0103pu\u0219i ren\u0103scute, cu modele colorate.\" title=\"\"> <img decoding=\"async\" class=\"detail-desc-decorate-image\" src=\"https:\/\/www.mkreborns.com\/wp-content\/uploads\/2026\/03\/kf-S6c63382f84a445439fd1199024f840611.webp\" alt=\"Suzet\u0103 dr\u0103gu\u021b\u0103 \u00een form\u0103 de inim\u0103 roz pentru p\u0103pu\u0219i reborn, perfect\u0103 ca accesorii realiste pentru p\u0103pu\u0219i.\" title=\"\"> <img decoding=\"async\" class=\"detail-desc-decorate-image\" src=\"https:\/\/www.mkreborns.com\/wp-content\/uploads\/2026\/03\/kf-S488c94b7729a465194d2961210c54cf4W.webp\" alt=\"Set suzet\u0103 magnetic\u0103 roz pentru p\u0103pu\u0219i reborn, perfect\u0103 pentru accesorii \u0219i joac\u0103 cu p\u0103pu\u0219i realiste.\" title=\"\"> <img decoding=\"async\" class=\"detail-desc-decorate-image\" src=\"https:\/\/www.mkreborns.com\/wp-content\/uploads\/2026\/03\/kf-S6d9fe9cd873645dab6046f8da360a0a8b.webp\" alt=\"Suzet\u0103 dr\u0103gu\u021b\u0103 pentru p\u0103pu\u0219\u0103 reborn cu model leopard, roz \u0219i verde.\" title=\"\"> <img decoding=\"async\" class=\"detail-desc-decorate-image\" src=\"https:\/\/www.mkreborns.com\/wp-content\/uploads\/2026\/03\/kf-S36de425f031d44459e8cd61cbd96964e7.webp\" alt=\"Suzete pentru p\u0103pu\u0219i reborn cu cleme magnetice, roz \u0219i albastre, perfecte ca accesorii realiste pentru p\u0103pu\u0219i.\" title=\"\"> <img decoding=\"async\" class=\"detail-desc-decorate-image\" src=\"https:\/\/www.mkreborns.com\/wp-content\/uploads\/2026\/03\/kf-S8f01849a5e554d6f9882dc6eb12f4d74Q.webp\" alt=\"Suzet\u0103 pentru p\u0103pu\u0219\u0103 reborn cu mesajul &quot;Iube\u0219te-m\u0103 pe tata&quot; \u0219i o inim\u0103 roz.\" title=\"\"> <img decoding=\"async\" class=\"detail-desc-decorate-image\" src=\"https:\/\/www.mkreborns.com\/wp-content\/uploads\/2026\/03\/kf-S360412167aed492087b732d2883baf0dO.webp\" alt=\"\" title=\"\"><img decoding=\"async\" class=\"detail-desc-decorate-image\" src=\"https:\/\/www.mkreborns.com\/wp-content\/uploads\/2026\/03\/kf-Sf7b9cb29f2514cbaa1e852f7cbcb87d3y.webp\" alt=\"Set dr\u0103gu\u021b de manechin pentru accesorii de p\u0103pu\u0219i Reborn.\" title=\"\"> <img decoding=\"async\" class=\"detail-desc-decorate-image\" src=\"https:\/\/www.mkreborns.com\/wp-content\/uploads\/2026\/03\/kf-S764e1e37d2424828804a097b43bc71c2k.webp\" alt=\"Suzete magnetice realiste pentru p\u0103pu\u0219i reborn, perfecte pentru a ad\u0103uga un set dr\u0103gu\u021b de suzete colec\u021biei tale.\" title=\"\"> <img decoding=\"async\" class=\"detail-desc-decorate-image\" src=\"https:\/\/www.mkreborns.com\/wp-content\/uploads\/2026\/03\/kf-Sf1b85ed7bf994100bf9924d9ab1847392.webp\" alt=\"\" title=\"\"><\/div>\n<div class=\"detailmodule_image\"><img decoding=\"async\" class=\"detail-desc-decorate-image\" src=\"https:\/\/www.mkreborns.com\/wp-content\/uploads\/2026\/03\/kf-S5a111b8135df4b96aa04929da0abd73b6.webp\" alt=\"Suzet\u0103 pentru p\u0103pu\u0219\u0103 reborn cu un design o r\u0103\u021bu\u0219c\u0103 galben\u0103 \u0219i m\u00e2ner ro\u0219u, perfect\u0103 pentru accesorii realiste pentru p\u0103pu\u0219i.\" title=\"\"><\/div>","protected":false},"excerpt":{"rendered":"<p>Suzete magnetice pentru p\u0103pu\u0219i reborn, cu fixare sigur\u0103 \u0219i design realist. Accesoriu perfect pentru a se asorta cu biberoanele \u0219i seturile de suzete pentru p\u0103pu\u0219i reborn.<\/p>","protected":false},"featured_media":4124,"comment_status":"open","ping_status":"closed","template":"","meta":[],"product_brand":[],"product_cat":[148,162],"product_tag":[],"class_list":{"0":"post-4123","1":"product","2":"type-product","3":"status-publish","4":"has-post-thumbnail","6":"product_cat-reborn-doll-accessories","7":"product_cat-reborn-pacifier","9":"first","10":"instock","11":"sale","12":"shipping-taxable","13":"purchasable","14":"product-type-variable"},"_links":{"self":[{"href":"https:\/\/www.mkreborns.com\/ro\/wp-json\/wp\/v2\/product\/4123","targetHints":{"allow":["GET"]}}],"collection":[{"href":"https:\/\/www.mkreborns.com\/ro\/wp-json\/wp\/v2\/product"}],"about":[{"href":"https:\/\/www.mkreborns.com\/ro\/wp-json\/wp\/v2\/types\/product"}],"replies":[{"embeddable":true,"href":"https:\/\/www.mkreborns.com\/ro\/wp-json\/wp\/v2\/comments?post=4123"}],"wp:featuredmedia":[{"embeddable":true,"href":"https:\/\/www.mkreborns.com\/ro\/wp-json\/wp\/v2\/media\/4124"}],"wp:attachment":[{"href":"https:\/\/www.mkreborns.com\/ro\/wp-json\/wp\/v2\/media?parent=4123"}],"wp:term":[{"taxonomy":"product_brand","embeddable":true,"href":"https:\/\/www.mkreborns.com\/ro\/wp-json\/wp\/v2\/product_brand?post=4123"},{"taxonomy":"product_cat","embeddable":true,"href":"https:\/\/www.mkreborns.com\/ro\/wp-json\/wp\/v2\/product_cat?post=4123"},{"taxonomy":"product_tag","embeddable":true,"href":"https:\/\/www.mkreborns.com\/ro\/wp-json\/wp\/v2\/product_tag?post=4123"}],"curies":[{"name":"wp","href":"https:\/\/api.w.org\/{rel}","templated":true}]}}