{"id":4094,"date":"2026-03-19T02:43:43","date_gmt":"2026-03-19T02:43:43","guid":{"rendered":"https:\/\/www.mkreborns.com\/?post_type=product&#038;p=4094"},"modified":"2026-03-19T15:52:52","modified_gmt":"2026-03-19T15:52:52","slug":"reborn-baby-doll-magnetic-pacifier-realistic-fit","status":"publish","type":"product","link":"https:\/\/www.mkreborns.com\/ro\/product\/reborn-baby-doll-magnetic-pacifier-realistic-fit\/","title":{"rendered":"Suzet\u0103 magnetic\u0103 pentru p\u0103pu\u0219i ren\u0103scute, cu potrivire realist\u0103"},"content":{"rendered":"<h2>Suzet\u0103 magnetic\u0103 pentru p\u0103pu\u0219i ren\u0103scute<\/h2>\n<div>Suzeta magnetic\u0103 pentru p\u0103pu\u0219i reborn este conceput\u0103 pentru a crea o interac\u021biune conving\u0103toare \u0219i natural\u0103 \u00eentre p\u0103pu\u0219\u0103 \u0219i accesoriile sale. Construit\u0103 pentru compatibilitate cu p\u0103pu\u0219ile reborn cu configura\u021bii magnetice, aceast\u0103 pies\u0103 se ata\u0219eaz\u0103 perfect la p\u0103pu\u0219ile echipate cu magne\u021bi interni. Structura sa echilibrat\u0103 asigur\u0103 o aliniere corect\u0103 f\u0103r\u0103 deplasare, men\u021bin\u00e2nd o prezentare realist\u0103.<\/div>\n<h3>Fixare sigur\u0103 \u0219i detalii realiste<\/h3>\n<div>Aceast\u0103 suzet\u0103 are un miez magnetic \u00eencorporat care permite plasarea \u0219i scoaterea f\u0103r\u0103 efort, p\u0103str\u00e2nd \u00een acela\u0219i timp stabilitatea. Este potrivit\u0103 \u00een special pentru p\u0103pu\u0219ile reborn realiste care pot purta suzete reale, oferind o hr\u0103nire vizual\u0103 precis\u0103 sau o pozi\u021bie lini\u0219titoare. Suprafa\u021ba exterioar\u0103 neted\u0103 asigur\u0103 o manipulare sigur\u0103 \u0219i un finisaj rafinat.<\/div>\n<h3>Caracteristici \u0219i beneficii cheie<\/h3>\n<ul>\n<li>Magnet intern puternic pentru o pozi\u021bionare stabil\u0103<\/li>\n<li>Conceput pentru p\u0103pu\u0219i nou-n\u0103scute cu suzet\u0103 magnetic\u0103<\/li>\n<li>Compatibil cu p\u0103pu\u0219i reborn realiste care pot folosi suzete reale<\/li>\n<li>Construc\u021bie u\u0219oar\u0103 pentru o amplasare natural\u0103<\/li>\n<li>Material rezistent pentru utilizare repetat\u0103<\/li>\n<\/ul>\n<div>Acest accesoriu spore\u0219te realismul general al colec\u021biei tale, fiind un plus esen\u021bial pentru colec\u021bionarii care caut\u0103 o suzet\u0103 magnetic\u0103 de \u00eenalt\u0103 calitate pentru o p\u0103pu\u0219\u0103 reborn.<\/div>\n<div>Suzet\u0103 magnetic\u0103, este necesar\u0103 o suzet\u0103 pentru bebelu\u0219i reborn! Cu ea, p\u0103pu\u0219a (cu gura \u00eenchis\u0103) poate suge suzeta! Dar, \u00een primul r\u00e2nd, ar trebui s\u0103 existe un magnet \u00een gura p\u0103pu\u0219ii.<\/div>\n<div>Dimensiune: a\u0219a cum se vede \u00een fotografii<\/div>\n<div>Pachetul include: 1 buc.<\/div>\n<div class=\"detailmodule_image\"><img decoding=\"async\" class=\"detail-desc-decorate-image\" src=\"https:\/\/www.mkreborns.com\/wp-content\/uploads\/2026\/03\/kf-S57fdc27edc6e45fd90840739bcbc10bdK.webp\" alt=\"\" title=\"\"><img decoding=\"async\" class=\"detail-desc-decorate-image\" src=\"https:\/\/www.mkreborns.com\/wp-content\/uploads\/2026\/03\/kf-Scd0b0263191840aca2c6d9d9092853bb8.webp\" alt=\"\" title=\"\"><img decoding=\"async\" class=\"detail-desc-decorate-image\" src=\"https:\/\/www.mkreborns.com\/wp-content\/uploads\/2026\/03\/kf-Sad85ad6e0e2e4333b9ffe757ec183004e.webp\" alt=\"\" title=\"\"><img decoding=\"async\" class=\"detail-desc-decorate-image\" src=\"https:\/\/www.mkreborns.com\/wp-content\/uploads\/2026\/03\/kf-Sca74611577a2480781484c8c07bd4ff2F.webp\" alt=\"\" title=\"\"><img decoding=\"async\" class=\"detail-desc-decorate-image\" src=\"https:\/\/www.mkreborns.com\/wp-content\/uploads\/2026\/03\/kf-Sa13d45d1c7c54ba29181db819686fb23X.webp\" alt=\"\" title=\"\"><img decoding=\"async\" class=\"detail-desc-decorate-image\" src=\"https:\/\/www.mkreborns.com\/wp-content\/uploads\/2026\/03\/kf-S5499cdc26d4a40e9903777a859be4f1eP.webp\" alt=\"\" title=\"\"><img decoding=\"async\" class=\"detail-desc-decorate-image\" src=\"https:\/\/www.mkreborns.com\/wp-content\/uploads\/2026\/03\/kf-S11408845c0cb4f4193474b5608f40c9fI.webp\" alt=\"\" title=\"\"><img decoding=\"async\" class=\"detail-desc-decorate-image\" src=\"https:\/\/www.mkreborns.com\/wp-content\/uploads\/2026\/03\/kf-S0113e3dd80594293b07c453364e8fb07i.webp\" alt=\"\" title=\"\"><\/div>","protected":false},"excerpt":{"rendered":"<p>O suzet\u0103 magnetic\u0103, realizat\u0103 cu precizie, conceput\u0103 pentru a spori realismul, oferind o potrivire sigur\u0103 \u0219i natural\u0103 pentru p\u0103pu\u0219ile reborn compatibile.<\/p>","protected":false},"featured_media":4095,"comment_status":"open","ping_status":"closed","template":"","meta":[],"product_brand":[],"product_cat":[162,148],"product_tag":[],"class_list":{"0":"post-4094","1":"product","2":"type-product","3":"status-publish","4":"has-post-thumbnail","6":"product_cat-reborn-pacifier","7":"product_cat-reborn-doll-accessories","9":"first","10":"instock","11":"sale","12":"shipping-taxable","13":"purchasable","14":"product-type-variable"},"_links":{"self":[{"href":"https:\/\/www.mkreborns.com\/ro\/wp-json\/wp\/v2\/product\/4094","targetHints":{"allow":["GET"]}}],"collection":[{"href":"https:\/\/www.mkreborns.com\/ro\/wp-json\/wp\/v2\/product"}],"about":[{"href":"https:\/\/www.mkreborns.com\/ro\/wp-json\/wp\/v2\/types\/product"}],"replies":[{"embeddable":true,"href":"https:\/\/www.mkreborns.com\/ro\/wp-json\/wp\/v2\/comments?post=4094"}],"wp:featuredmedia":[{"embeddable":true,"href":"https:\/\/www.mkreborns.com\/ro\/wp-json\/wp\/v2\/media\/4095"}],"wp:attachment":[{"href":"https:\/\/www.mkreborns.com\/ro\/wp-json\/wp\/v2\/media?parent=4094"}],"wp:term":[{"taxonomy":"product_brand","embeddable":true,"href":"https:\/\/www.mkreborns.com\/ro\/wp-json\/wp\/v2\/product_brand?post=4094"},{"taxonomy":"product_cat","embeddable":true,"href":"https:\/\/www.mkreborns.com\/ro\/wp-json\/wp\/v2\/product_cat?post=4094"},{"taxonomy":"product_tag","embeddable":true,"href":"https:\/\/www.mkreborns.com\/ro\/wp-json\/wp\/v2\/product_tag?post=4094"}],"curies":[{"name":"wp","href":"https:\/\/api.w.org\/{rel}","templated":true}]}}