{"id":4029,"date":"2026-03-18T15:28:55","date_gmt":"2026-03-18T15:28:55","guid":{"rendered":"https:\/\/www.mkreborns.com\/?post_type=product&#038;p=4029"},"modified":"2026-03-19T15:51:56","modified_gmt":"2026-03-19T15:51:56","slug":"17-18-inch-reborn-doll-feeding-pacifier-accessories","status":"publish","type":"product","link":"https:\/\/www.mkreborns.com\/ro\/product\/17-18-inch-reborn-doll-feeding-pacifier-accessories\/","title":{"rendered":"Accesorii pentru suzet\u0103 pentru p\u0103pu\u0219i ren\u0103scute de 17-18 inch"},"content":{"rendered":"<div class=\"product-specs-list-container\"><\/div>\n<div class=\"detailmodule_html\">\n<div class=\"detail-desc-decorate-richtext\">\n<h2>Accesorii pentru p\u0103pu\u0219i ren\u0103scute, tetine f\u0103r\u0103 gaur\u0103<\/h2>\n<div>Accesoriile pentru p\u0103pu\u0219i reborn, tetinele f\u0103r\u0103 orificii pentru biberon, sunt create pentru a reproduce rutinele autentice de hr\u0103nire a sugarilor, men\u021bin\u00e2nd \u00een acela\u0219i timp integritatea p\u0103pu\u0219ii. Acest set include biberoane turnate cu grij\u0103, v\u00e2rfuri moi din silicon \u0219i piese coordonate care completeaz\u0103 stilul setului de suzete pentru p\u0103pu\u0219i reborn. Concepute pentru colec\u021bionarii care prioritizeaz\u0103 realismul, accesoriile creeaz\u0103 o impresie de \u00eengrijire realist\u0103, f\u0103r\u0103 a necesita modific\u0103ri structurale ale p\u0103pu\u0219ii.<\/div>\n<h3>Design sigur din silicon \u0219i detalii realiste<\/h3>\n<div>Tetinele din silicon f\u0103r\u0103 orificii pentru p\u0103pu\u0219ile premature reborn sunt proiectate cu o structur\u0103 cu v\u00e2rf \u00eenchis, prevenind curgerea lichidului, p\u0103str\u00e2nd \u00een acela\u0219i timp autenticitatea vizual\u0103. Fiecare component\u0103 este propor\u021bionat\u0103 pentru a se potrivi p\u0103pu\u0219ilor de 43-45 cm, asigur\u00e2nd o potrivire natural\u0103 atunci c\u00e2nd este asociat\u0103 cu scene de hr\u0103nire sau aranjamente decorative.<\/div>\n<h3>Caracteristici \u0219i beneficii cheie<\/h3>\n<ul>\n<li>Include biberoane \u0219i set de suzete pentru p\u0103pu\u0219i reborn<\/li>\n<li>Design cu v\u00e2rf \u00eenchis pentru simularea hr\u0103nirii sigure \u0219i nefunc\u021bionale<\/li>\n<li>Fabricat din silicon moale pentru o textur\u0103 realist\u0103<\/li>\n<li>Compatibil cu p\u0103pu\u0219i reborn de 17-18 inch<\/li>\n<li>Ideal pentru utilizare cu tetine din silicon f\u0103r\u0103 orificii pentru p\u0103pu\u0219i premature reborn<\/li>\n<\/ul>\n<div>Acest kit asamblat cu grij\u0103 \u00eembun\u0103t\u0103\u021be\u0219te povestirea vizual\u0103 \u0219i valoarea colec\u021biei, ceea ce \u00eel face o alegere fiabil\u0103 pentru oricine caut\u0103 accesorii pentru p\u0103pu\u0219i reborn, tetine f\u0103r\u0103 g\u0103uri.<\/div>\n<p><img decoding=\"async\" src=\"https:\/\/www.mkreborns.com\/wp-content\/uploads\/2026\/03\/kf-S821bc0c09e4b42a393cbbc2780b410d4P.webp\" alt=\"\" title=\"\"><img decoding=\"async\" src=\"https:\/\/www.mkreborns.com\/wp-content\/uploads\/2026\/03\/kf-S3ddca035184249b39a97908487b4d497n.webp\" alt=\"\" title=\"\"><img decoding=\"async\" src=\"https:\/\/www.mkreborns.com\/wp-content\/uploads\/2026\/03\/kf-Se4f5ae05ae6f4ec4a8ef9889288959d4L.webp\" alt=\"\" title=\"\"><img decoding=\"async\" src=\"https:\/\/www.mkreborns.com\/wp-content\/uploads\/2026\/03\/kf-S63a5bb887a674b8ab8ce2a3c3e8dc6den.webp\" alt=\"\" title=\"\"><span style=\"font-size: 18px;\"><strong>Roz m\u0103rime mic\u0103:<\/strong><\/span><img decoding=\"async\" src=\"https:\/\/www.mkreborns.com\/wp-content\/uploads\/2026\/03\/kf-S5937a950d18c457d9632bc051f5569f9r.webp\" alt=\"\" title=\"\"><\/p>\n<p><span style=\"font-size: 18px;\"><strong>Albastru m\u0103rime mic\u0103:<\/strong><\/span><img decoding=\"async\" src=\"https:\/\/www.mkreborns.com\/wp-content\/uploads\/2026\/03\/kf-Scbcae8c5f5a14ec8ac5007fdc863b93cg.webp\" alt=\"\" title=\"\"><img decoding=\"async\" src=\"https:\/\/www.mkreborns.com\/wp-content\/uploads\/2026\/03\/kf-S5e160258b8954f42a85e81b8690efd27l.webp\" alt=\"\" title=\"\"><img decoding=\"async\" src=\"https:\/\/www.mkreborns.com\/wp-content\/uploads\/2026\/03\/kf-Sb8e5eb1c653f4d77bd66c73376d647894.webp\" alt=\"\" title=\"\"><img decoding=\"async\" src=\"https:\/\/www.mkreborns.com\/wp-content\/uploads\/2026\/03\/kf-S42bdf04560824f58a60c86c965c4d3f5Q.webp\" alt=\"\" title=\"\"><img decoding=\"async\" src=\"https:\/\/www.mkreborns.com\/wp-content\/uploads\/2026\/03\/kf-Sf8bed42865e04064a00206620943d9dfR.webp\" alt=\"\" title=\"\"><img decoding=\"async\" src=\"https:\/\/www.mkreborns.com\/wp-content\/uploads\/2026\/03\/kf-S419dce937a6049f997aa62428da2071dR.webp\" alt=\"Accesorii pentru hr\u0103nirea p\u0103pu\u0219ilor reborn, inclusiv biberon, suzet\u0103 \u0219i instrumente de hr\u0103nire.\" title=\"\"><\/p>\n<\/div>\n<\/div>","protected":false},"excerpt":{"rendered":"<div>Un set complet de accesorii pentru hr\u0103nire, conceput pentru p\u0103pu\u0219i reborn de 43-46 cm, combin\u00e2nd realismul, siguran\u021ba \u0219i detaliile delicate \u00eentr-un singur kit compact.<\/div>","protected":false},"featured_media":4030,"comment_status":"open","ping_status":"closed","template":"","meta":[],"product_brand":[],"product_cat":[148,162],"product_tag":[],"class_list":{"0":"post-4029","1":"product","2":"type-product","3":"status-publish","4":"has-post-thumbnail","6":"product_cat-reborn-doll-accessories","7":"product_cat-reborn-pacifier","9":"first","10":"instock","11":"sale","12":"shipping-taxable","13":"purchasable","14":"product-type-variable","15":"has-default-attributes"},"_links":{"self":[{"href":"https:\/\/www.mkreborns.com\/ro\/wp-json\/wp\/v2\/product\/4029","targetHints":{"allow":["GET"]}}],"collection":[{"href":"https:\/\/www.mkreborns.com\/ro\/wp-json\/wp\/v2\/product"}],"about":[{"href":"https:\/\/www.mkreborns.com\/ro\/wp-json\/wp\/v2\/types\/product"}],"replies":[{"embeddable":true,"href":"https:\/\/www.mkreborns.com\/ro\/wp-json\/wp\/v2\/comments?post=4029"}],"wp:featuredmedia":[{"embeddable":true,"href":"https:\/\/www.mkreborns.com\/ro\/wp-json\/wp\/v2\/media\/4030"}],"wp:attachment":[{"href":"https:\/\/www.mkreborns.com\/ro\/wp-json\/wp\/v2\/media?parent=4029"}],"wp:term":[{"taxonomy":"product_brand","embeddable":true,"href":"https:\/\/www.mkreborns.com\/ro\/wp-json\/wp\/v2\/product_brand?post=4029"},{"taxonomy":"product_cat","embeddable":true,"href":"https:\/\/www.mkreborns.com\/ro\/wp-json\/wp\/v2\/product_cat?post=4029"},{"taxonomy":"product_tag","embeddable":true,"href":"https:\/\/www.mkreborns.com\/ro\/wp-json\/wp\/v2\/product_tag?post=4029"}],"curies":[{"name":"wp","href":"https:\/\/api.w.org\/{rel}","templated":true}]}}