{"id":4000,"date":"2026-03-18T14:46:48","date_gmt":"2026-03-18T14:46:48","guid":{"rendered":"https:\/\/www.mkreborns.com\/?post_type=product&#038;p=4000"},"modified":"2026-03-19T15:52:09","modified_gmt":"2026-03-19T15:52:09","slug":"american-girl-doll-clothes-fit-18-inch-reborns-set","status":"publish","type":"product","link":"https:\/\/www.mkreborns.com\/ro\/product\/american-girl-doll-clothes-fit-18-inch-reborns-set\/","title":{"rendered":"Haine pentru p\u0103pu\u0219i American Girl, potrivite pentru setul Reborns de 18 inch"},"content":{"rendered":"<div class=\"product-specs-list-container\">\n<h2>Hainele pentru p\u0103pu\u0219i American Girl se potrivesc p\u0103pu\u0219ilor reborn<\/h2>\n<div>Hainele pentru p\u0103pu\u0219ile American Girl se potrivesc p\u0103pu\u0219ilor reborn cu o precizie remarcabil\u0103, asigur\u00e2nd compatibilitatea cu p\u0103pu\u0219ile de 18 inch care respect\u0103 propor\u021bii realiste. Aceste \u021binute sunt structurate pentru a se alinia cu noile stiluri de corpuri de p\u0103pu\u0219i reborn din p\u00e2nz\u0103, oferind o siluet\u0103 echilibrat\u0103 care spore\u0219te autenticitatea. Fie c\u0103 este conceput\u0103 pentru expunere sau pentru o manipulare delicat\u0103, fiecare pies\u0103 reflect\u0103 m\u0103iestria atent\u0103.<\/div>\n<h3>Design personalizat \u0219i integritate a materialelor<\/h3>\n<div>Fabricate dintr-un material moale, dar rezistent, aceste seturi de haine pentru p\u0103pu\u0219i reborn lucrate manual \u00ee\u0219i men\u021bin structura f\u0103r\u0103 a fi rigide. Cus\u0103turile urmeaz\u0103 contururile anatomice, permi\u021b\u00e2nd hainei s\u0103 se a\u0219eze natural pe cadrul p\u0103pu\u0219ii. Acest lucru asigur\u0103 at\u00e2t acurate\u021be vizual\u0103, c\u00e2t \u0219i utilizabilitate pe termen lung.<\/div>\n<h3>Caracteristici \u0219i beneficii cheie<\/h3>\n<ul>\n<li>Conceput pentru a se potrivi cu precizie bebelu\u0219ilor reborn de 43 cm \/ 18 inch<\/li>\n<li>Potrivit at\u00e2t pentru haine de p\u0103pu\u0219i reborn pentru b\u0103ie\u021bi, c\u00e2t \u0219i pentru stiluri neutre<\/li>\n<li>Cus\u0103turi \u00eent\u0103rite pentru durabilitate extins\u0103<\/li>\n<li>Material textil u\u0219or pentru o manevrare confortabil\u0103<\/li>\n<li>Compatibil cu corpurile de p\u0103pu\u0219i reborn din p\u00e2nz\u0103 de noi stiluri<\/li>\n<\/ul>\n<div>Cu un echilibru \u00eentre structur\u0103 \u0219i moliciune, acest set de \u021binute adaug\u0103 profunzime \u0219i realism oric\u0103rei colec\u021bii, fiind o alegere fiabil\u0103 pentru colec\u021bionarii care caut\u0103 haine pentru p\u0103pu\u0219ile American Girl potrivite pentru Reborns.<\/div>\n<div><\/div>\n<\/div>\n<div class=\"detailmodule_html\">\n<div class=\"detail-desc-decorate-richtext\">\n<p style=\"text-align: center; margin: 0px;\" align=\"center\"><img decoding=\"async\" src=\"https:\/\/www.mkreborns.com\/wp-content\/uploads\/2026\/03\/kf-Sbb815d83d55a42c6b75a953932f9eec9r.webp\" alt=\"\" title=\"\"><img decoding=\"async\" src=\"https:\/\/www.mkreborns.com\/wp-content\/uploads\/2026\/03\/kf-Sc2b352c412684bd7acc6bb9bcdf0c927X.webp\" alt=\"\" title=\"\"><img decoding=\"async\" src=\"https:\/\/www.mkreborns.com\/wp-content\/uploads\/2026\/03\/kf-S359e5961003a4ef683ca7929699e081fB.webp\" alt=\"\" title=\"\"><img decoding=\"async\" src=\"https:\/\/www.mkreborns.com\/wp-content\/uploads\/2026\/03\/kf-Scc518a1bba6e434daac8f2dece7ee61fs.webp\" alt=\"\" title=\"\"><img decoding=\"async\" src=\"https:\/\/www.mkreborns.com\/wp-content\/uploads\/2026\/03\/kf-S5c9fd673d94b407495c1b13241048299B.webp\" alt=\"\" title=\"\"><img decoding=\"async\" src=\"https:\/\/www.mkreborns.com\/wp-content\/uploads\/2026\/03\/kf-S4b118a05358c496d84bb2426874d92c8u.webp\" alt=\"\" title=\"\"><img decoding=\"async\" src=\"https:\/\/www.mkreborns.com\/wp-content\/uploads\/2026\/03\/kf-S41958fdfe8b14b4481003fedf9275197D.webp\" alt=\"\" title=\"\"><img decoding=\"async\" src=\"https:\/\/www.mkreborns.com\/wp-content\/uploads\/2026\/03\/kf-Sb7de3410d1f5466194271c86cc3b11047.webp\" alt=\"\" title=\"\"><img decoding=\"async\" src=\"https:\/\/www.mkreborns.com\/wp-content\/uploads\/2026\/03\/kf-Sf2d8e29dcfbb4426a9b5e0f048bc41bbl.webp\" alt=\"\" title=\"\"><img decoding=\"async\" src=\"https:\/\/www.mkreborns.com\/wp-content\/uploads\/2026\/03\/kf-S87f2002a343949f78d65c595eb6297c7W.webp\" alt=\"\" title=\"\"><img decoding=\"async\" src=\"https:\/\/www.mkreborns.com\/wp-content\/uploads\/2026\/03\/kf-Se889b72926b445a58aea59fc7b6b49b5L.webp\" alt=\"\" title=\"\"><\/p>\n<\/div>\n<\/div>","protected":false},"excerpt":{"rendered":"<div>\u021ainute atent croite pentru a se potrivi bebelu\u0219ilor reborn de 45 cm, \u00eembin\u00e2nd stilul clasic cu materiale moi pentru un aspect rafinat \u0219i realist.<\/div>","protected":false},"featured_media":4001,"comment_status":"open","ping_status":"closed","template":"","meta":[],"product_brand":[],"product_cat":[159,148],"product_tag":[],"class_list":{"0":"post-4000","1":"product","2":"type-product","3":"status-publish","4":"has-post-thumbnail","6":"product_cat-clothes-for-reborn-dolls","7":"product_cat-reborn-doll-accessories","9":"first","10":"instock","11":"sale","12":"shipping-taxable","13":"purchasable","14":"product-type-variable","15":"has-default-attributes"},"_links":{"self":[{"href":"https:\/\/www.mkreborns.com\/ro\/wp-json\/wp\/v2\/product\/4000","targetHints":{"allow":["GET"]}}],"collection":[{"href":"https:\/\/www.mkreborns.com\/ro\/wp-json\/wp\/v2\/product"}],"about":[{"href":"https:\/\/www.mkreborns.com\/ro\/wp-json\/wp\/v2\/types\/product"}],"replies":[{"embeddable":true,"href":"https:\/\/www.mkreborns.com\/ro\/wp-json\/wp\/v2\/comments?post=4000"}],"wp:featuredmedia":[{"embeddable":true,"href":"https:\/\/www.mkreborns.com\/ro\/wp-json\/wp\/v2\/media\/4001"}],"wp:attachment":[{"href":"https:\/\/www.mkreborns.com\/ro\/wp-json\/wp\/v2\/media?parent=4000"}],"wp:term":[{"taxonomy":"product_brand","embeddable":true,"href":"https:\/\/www.mkreborns.com\/ro\/wp-json\/wp\/v2\/product_brand?post=4000"},{"taxonomy":"product_cat","embeddable":true,"href":"https:\/\/www.mkreborns.com\/ro\/wp-json\/wp\/v2\/product_cat?post=4000"},{"taxonomy":"product_tag","embeddable":true,"href":"https:\/\/www.mkreborns.com\/ro\/wp-json\/wp\/v2\/product_tag?post=4000"}],"curies":[{"name":"wp","href":"https:\/\/api.w.org\/{rel}","templated":true}]}}