{"id":3914,"date":"2026-03-18T13:49:16","date_gmt":"2026-03-18T13:49:16","guid":{"rendered":"https:\/\/www.mkreborns.com\/?post_type=product&#038;p=3914"},"modified":"2026-03-19T15:50:41","modified_gmt":"2026-03-19T15:50:41","slug":"handmade-20-22-inch-reborn-doll-outfits-and-princess-dress-sets","status":"publish","type":"product","link":"https:\/\/www.mkreborns.com\/ro\/product\/handmade-20-22-inch-reborn-doll-outfits-and-princess-dress-sets\/","title":{"rendered":"\u021ainute \u0219i seturi de rochii de prin\u021bes\u0103 pentru p\u0103pu\u0219i ren\u0103scute manual de 20-22 de inci"},"content":{"rendered":"<div class=\"product-specs-list-container\">\n<h2>Articole esen\u021biale rafinate pentru garderoba bebelu\u0219ilor t\u0103i reali\u0219ti<\/h2>\n<div>\u00cengrijirea unui bebelu\u0219 ren\u0103scut implic\u0103 mai mult dec\u00e2t simple atingeri bl\u00e2nde; necesit\u0103 o garderob\u0103 care s\u0103 reflecte frumuse\u021bea sa delicat\u0103. Colec\u021bia noastr\u0103 atent selec\u021bionat\u0103 de haine pentru p\u0103pu\u0219i ren\u0103scute de 20-22 de inci ofer\u0103 o potrivire perfect\u0103 pentru p\u0103pu\u0219i cu \u00een\u0103l\u021bimea cuprins\u0103 \u00eentre cincizeci \u0219i cincizeci \u0219i cinci de centimetri. Fiecare ansamblu este cusut meticulos folosind materiale textile premium care ofer\u0103 o senza\u021bie tactil\u0103 delicat\u0103 pe suprafe\u021bele de vinil sau silicon ale obiectului t\u0103u de colec\u021bie. Indiferent dac\u0103 \u00eembraci o feti\u021b\u0103 sau o figurin\u0103 de m\u0103rimea unui nou-n\u0103scut, aceste articole vestimentare ofer\u0103 rafinamentul estetic pe care \u00eel cere hobby-ul t\u0103u, f\u0103r\u0103 un pre\u021b premium.<\/div>\n<h3>Stiluri sezoniere versatile \u0219i accesorii func\u021bionale<\/h3>\n<div>Men\u021binerea realismului camerei tale de copii \u00eenseamn\u0103 a avea \u021binuta potrivit\u0103 pentru fiecare climat. De la amestecuri de bumbac respirabil pentru ie\u0219irile de var\u0103, la tricotaje stratificate \u0219i confortabile pentru decora\u021biuni de iarn\u0103, selec\u021bia noastr\u0103 satisface orice preferin\u021b\u0103 stilistic\u0103. Aceste haine ieftine pentru p\u0103pu\u0219i reborn ofer\u0103 o modalitate accesibil\u0103 de a extinde versatilitatea colec\u021biei tale, men\u021bin\u00e2nd \u00een acela\u0219i timp standarde \u00eenalte de m\u0103iestrie.<\/div>\n<ul>\n<li>Rochii de prin\u021bes\u0103, croite manual, cu detalii complexe din dantel\u0103 \u0219i panglici.<\/li>\n<li>Construc\u021bie din material durabil care rezist\u0103 \u00eembr\u0103c\u0103rii \u0219i poz\u0103rii frecvente.<\/li>\n<li>Coloran\u021bi vibran\u021bi, non-toxici, care asigur\u0103 siguran\u021b\u0103 \u0219i satura\u021bie de lung\u0103 durat\u0103 a culorii.<\/li>\n<li>Seturi coordonate care simplific\u0103 stilizarea at\u00e2t pentru colec\u021bionarii amatori, c\u00e2t \u0219i pentru cei profesioni\u0219ti.<\/li>\n<\/ul>\n<div>Bucuria de a de\u021bine o p\u0103pu\u0219\u0103 este amplificat\u0103 atunci c\u00e2nd alegi hainele \u0219i accesoriile perfecte din silicon pentru p\u0103pu\u0219i reborn, care s\u0103 completeze aspectul unic al camerei tale. Aleg\u00e2nd hainele noastre de \u00eenalt\u0103 calitate pentru p\u0103pu\u0219i reborn de 20 de inch, te asiguri c\u0103 bebelu\u0219ul t\u0103u r\u0103m\u00e2ne piesa central\u0103 a colec\u021biei tale, fiind \u00eembr\u0103cat \u00een cele mai fine haine pentru p\u0103pu\u0219i reborn de 22 de inch.<\/div>\n<\/div>\n<p><img decoding=\"async\" src=\"https:\/\/www.mkreborns.com\/wp-content\/uploads\/2026\/03\/kf-S2e01ded1844b4877bf4c33f55020ae11c.webp\" alt=\"\" title=\"\"><img decoding=\"async\" src=\"https:\/\/www.mkreborns.com\/wp-content\/uploads\/2026\/03\/kf-S9e3f070a33d54057b89198cde073cd612.webp\" alt=\"\" title=\"\"><img decoding=\"async\" src=\"https:\/\/www.mkreborns.com\/wp-content\/uploads\/2026\/03\/kf-S6e3bf7adc684427696336b2801fea85fY.webp\" alt=\"\" title=\"\"><img decoding=\"async\" src=\"https:\/\/www.mkreborns.com\/wp-content\/uploads\/2026\/03\/kf-S33fd522146264b3d872df87a701c2946b.webp\" alt=\"\" title=\"\"><img decoding=\"async\" src=\"https:\/\/www.mkreborns.com\/wp-content\/uploads\/2026\/03\/kf-Sbf836be53df845d68bbc0b7a1f9c781f2.webp\" alt=\"\" title=\"\"><img decoding=\"async\" src=\"https:\/\/www.mkreborns.com\/wp-content\/uploads\/2026\/03\/kf-Sf1a7b314b8d347688f83c99d60dce0a3A.webp\" alt=\"\" title=\"\"><img decoding=\"async\" src=\"https:\/\/www.mkreborns.com\/wp-content\/uploads\/2026\/03\/kf-S61f931d28b264579b6dae3d8565e2e50T.webp\" alt=\"\" title=\"\"><img decoding=\"async\" src=\"https:\/\/www.mkreborns.com\/wp-content\/uploads\/2026\/03\/kf-S0c2952b48d644b18bd24e6028052eb98U.webp\" alt=\"\" title=\"\"><img decoding=\"async\" src=\"https:\/\/www.mkreborns.com\/wp-content\/uploads\/2026\/03\/kf-S9e63ed215fae43ad819d86d2033ee969r.webp\" alt=\"\" title=\"\"><img decoding=\"async\" src=\"https:\/\/www.mkreborns.com\/wp-content\/uploads\/2026\/03\/kf-S753c136e65d641e4943f67baf9baf5ccc.webp\" alt=\"\" title=\"\"><img decoding=\"async\" src=\"https:\/\/www.mkreborns.com\/wp-content\/uploads\/2026\/03\/kf-S67c85d54bdd34203a836b3a36c4bd4eaS.webp\" alt=\"\" title=\"\"><img decoding=\"async\" src=\"https:\/\/www.mkreborns.com\/wp-content\/uploads\/2026\/03\/kf-S50dfe06eb5cd479983c46dcf6260faee1.webp\" alt=\"\" title=\"\"><img decoding=\"async\" src=\"https:\/\/www.mkreborns.com\/wp-content\/uploads\/2026\/03\/kf-Sb5f6a65275bd4f43ab927c391e4be4d5i.webp\" alt=\"\" title=\"\"><img decoding=\"async\" src=\"https:\/\/www.mkreborns.com\/wp-content\/uploads\/2026\/03\/kf-S267c5a5569df43c99eeeb243ed4f3022A.webp\" alt=\"\" title=\"\"><img decoding=\"async\" src=\"https:\/\/www.mkreborns.com\/wp-content\/uploads\/2026\/03\/kf-Sfd4f91fa317844e6a20bedeb546fe009P.webp\" alt=\"Rochie de prin\u021bes\u0103 pentru p\u0103pu\u0219\u0103 reborn, cu volane \u0219i culori pastelate.\" title=\"\"> <img decoding=\"async\" src=\"https:\/\/www.mkreborns.com\/wp-content\/uploads\/2026\/03\/kf-Sf6881c96b70f469dae3e5e917a9a797c2.webp\" alt=\"\" title=\"\"><img decoding=\"async\" src=\"https:\/\/www.mkreborns.com\/wp-content\/uploads\/2026\/03\/kf-S37d300d49be64c689cdc2d9ac655ee8ef.webp\" alt=\"\" title=\"\"><img decoding=\"async\" src=\"https:\/\/www.mkreborns.com\/wp-content\/uploads\/2026\/03\/kf-Se12b5d5751db49a598419c27633fa249h.webp\" alt=\"Set rochie de prin\u021bes\u0103 pentru p\u0103pu\u0219i Reborn cu imprimeu galaxie \u0219i accente roz, perfect\u0103 pentru p\u0103pu\u0219i de 20-22 de inch. Uni.\" title=\"\"> <img decoding=\"async\" src=\"https:\/\/www.mkreborns.com\/wp-content\/uploads\/2026\/03\/kf-Sfec6353fabc249739a9bfc7ff9c19194J.webp\" alt=\"Rochie adorabil\u0103 de prin\u021bes\u0103 pentru p\u0103pu\u0219\u0103 reborn de 20-22 de inch, lucrat\u0103 manual, cu imprimeu galaxie \u0219i accente roz.\" title=\"\"> <img decoding=\"async\" src=\"https:\/\/www.mkreborns.com\/wp-content\/uploads\/2026\/03\/kf-S2fe53c2cf60a4dca806d62c9507c1527k.webp\" alt=\"\" title=\"\"><img decoding=\"async\" src=\"https:\/\/www.mkreborns.com\/wp-content\/uploads\/2026\/03\/kf-Scc80fb4332204489b9e54a2f1cd37684Y.webp\" alt=\"\u021ainut\u0103 pentru p\u0103pu\u0219\u0103 reborn, cu o rochie roz cu carouri, dantel\u0103 \u0219i un jupon alb. Perfect\u0103 pentru.\" title=\"\"> <img decoding=\"async\" src=\"https:\/\/www.mkreborns.com\/wp-content\/uploads\/2026\/03\/kf-Sa287f36538e54509a74becedf5d1e80aI.webp\" alt=\"\u021ainut\u0103 pentru p\u0103pu\u0219\u0103 reborn cu volane roz gingham \u0219i funde din satin, perfect\u0103 pentru p\u0103pu\u0219i de 20-22 de inci.\" title=\"\"> <img decoding=\"async\" src=\"https:\/\/www.mkreborns.com\/wp-content\/uploads\/2026\/03\/kf-S804968ae87294c959b219b6c3d88016bB.webp\" alt=\"P\u0103pu\u0219\u0103 reborn purt\u00e2nd o rochie de prin\u021bes\u0103 cu motive florale, \u021bin\u00e2nd \u00een m\u00e2n\u0103 o juc\u0103rie de plu\u0219 cu flamingo roz \u0219i o sticl\u0103 \u00een apropiere.\" title=\"\"> <img decoding=\"async\" src=\"https:\/\/www.mkreborns.com\/wp-content\/uploads\/2026\/03\/kf-Sd9fc481645ee4d3288511c710a4aa6fac.webp\" alt=\"\" title=\"\"><img decoding=\"async\" src=\"https:\/\/www.mkreborns.com\/wp-content\/uploads\/2026\/03\/kf-S5d746b3f7dda43a98510624ed31c719bq.webp\" alt=\"\" title=\"\"><img decoding=\"async\" src=\"https:\/\/www.mkreborns.com\/wp-content\/uploads\/2026\/03\/kf-Sdb0e2483cf38440085aa085deb7e8e72l.webp\" alt=\"Set rochie de prin\u021bes\u0103 pentru p\u0103pu\u0219i Reborn cu imprimeu floral, lucrat\u0103 manual pentru p\u0103pu\u0219i de 20-22 de inch.\" title=\"\"> <img decoding=\"async\" src=\"https:\/\/www.mkreborns.com\/wp-content\/uploads\/2026\/03\/kf-S9b482f7f72f848b28fede3ec4a85ed32b.webp\" alt=\"\" title=\"\"><img decoding=\"async\" src=\"https:\/\/www.mkreborns.com\/wp-content\/uploads\/2026\/03\/kf-S09152d43a02f4b4f9bef4d5cfa7531daK.webp\" alt=\"\u021ainut\u0103 pentru p\u0103pu\u0219\u0103 reborn cu rochie floral\u0103 \u0219i panglic\u0103 galben\u0103, perfect\u0103 pentru p\u0103pu\u0219i de 20-22 de inci.\" title=\"\"> <img decoding=\"async\" src=\"https:\/\/www.mkreborns.com\/wp-content\/uploads\/2026\/03\/kf-Sc4c910a0f2e8414fa5bd80aa5709c8ecK.webp\" alt=\"\" title=\"\"><img decoding=\"async\" src=\"https:\/\/www.mkreborns.com\/wp-content\/uploads\/2026\/03\/kf-S6f2f906babe64407abb39604df6914a1J.webp\" alt=\"\" title=\"\"><img decoding=\"async\" src=\"https:\/\/www.mkreborns.com\/wp-content\/uploads\/2026\/03\/kf-S3492369ac2ce462f897f81971cc88ea2i.webp\" alt=\"P\u0103pu\u0219\u0103 reborn purt\u00e2nd o rochie roz de prin\u021bes\u0103 lucrat\u0103 manual, cu guler alb pufos \u0219i pompoane.\" title=\"\"> <img decoding=\"async\" src=\"https:\/\/www.mkreborns.com\/wp-content\/uploads\/2026\/03\/kf-Se51597a0a9504fc688712ba8acc06b61X.webp\" alt=\"\" title=\"\"><img decoding=\"async\" src=\"https:\/\/www.mkreborns.com\/wp-content\/uploads\/2026\/03\/kf-S2cd722838c3444e8853dfdd6cb7c6eeaF.webp\" alt=\"\u021ainut\u0103 pentru p\u0103pu\u0219\u0103 Reborn cu rochie roz, colan\u021bi albi \u0219i cizme asortate pentru p\u0103pu\u0219i de 20-22 de inci.\" title=\"\"> <img decoding=\"async\" src=\"https:\/\/www.mkreborns.com\/wp-content\/uploads\/2026\/03\/kf-S4485fab01df04a52b37771c9fd6fb6808.webp\" alt=\"Set de haine pentru p\u0103pu\u0219i Reborn, cu pantaloni cu imprimeu flamingo \u0219i c\u0103\u0219ti asortate, perfect pentru handmade.\" title=\"\"> <img decoding=\"async\" src=\"https:\/\/www.mkreborns.com\/wp-content\/uploads\/2026\/03\/kf-S119e2ed0c63449e780a45353deed672fV.webp\" alt=\"Ghetu\u021be roz pentru p\u0103pu\u0219i reborn cu blan\u0103 artificial\u0103 alb\u0103, pentru p\u0103pu\u0219i de 20-22 de inch.\" title=\"\"> <img decoding=\"async\" src=\"https:\/\/www.mkreborns.com\/wp-content\/uploads\/2026\/03\/kf-Sc540755ac9cf4146835605b7b7171a0fT.webp\" alt=\"\u021ainut\u0103 pentru p\u0103pu\u0219\u0103 Reborn cu rochie roz, colan\u021bi albi \u0219i cizme asortate pentru p\u0103pu\u0219i de 20-22 de inci.\" title=\"\"><\/p>\n<div style=\"width: 640px;\" class=\"wp-video\"><video class=\"wp-video-shortcode\" id=\"video-3914-1\" width=\"640\" height=\"360\" preload=\"metadata\" controls=\"controls\"><source type=\"video\/mp4\" src=\"https:\/\/video.aliexpress-media.com\/play\/u\/ae_sg_item\/2216133796552\/p\/1\/e\/6\/t\/10301\/1100164358417.mp4?_=1\" \/><a href=\"https:\/\/video.aliexpress-media.com\/play\/u\/ae_sg_item\/2216133796552\/p\/1\/e\/6\/t\/10301\/1100164358417.mp4\" target=\"_blank\" rel=\"noopener\">https:\/\/video.aliexpress-media.com\/play\/u\/ae_sg_item\/2216133796552\/p\/1\/e\/6\/t\/10301\/1100164358417.mp4<\/a><\/video><\/div>","protected":false},"excerpt":{"rendered":"<p>\u00cembrac\u0103-\u021bi dragul partener de joac\u0103 cu o \u021binut\u0103 rafinat\u0103, lucrat\u0103 manual, conceput\u0103 pentru a reflecta farmecul hainelor autentice pentru bebelu\u0219i, asigur\u00e2ndu-te c\u0103 fiecare moment de joac\u0103 este remarcabil de autentic \u0219i emo\u021bionant.<\/p>","protected":false},"featured_media":3915,"comment_status":"open","ping_status":"closed","template":"","meta":[],"product_brand":[],"product_cat":[159,148],"product_tag":[],"class_list":{"0":"post-3914","1":"product","2":"type-product","3":"status-publish","4":"has-post-thumbnail","6":"product_cat-clothes-for-reborn-dolls","7":"product_cat-reborn-doll-accessories","9":"first","10":"instock","11":"sale","12":"shipping-taxable","13":"purchasable","14":"product-type-variable","15":"has-default-attributes"},"_links":{"self":[{"href":"https:\/\/www.mkreborns.com\/ro\/wp-json\/wp\/v2\/product\/3914","targetHints":{"allow":["GET"]}}],"collection":[{"href":"https:\/\/www.mkreborns.com\/ro\/wp-json\/wp\/v2\/product"}],"about":[{"href":"https:\/\/www.mkreborns.com\/ro\/wp-json\/wp\/v2\/types\/product"}],"replies":[{"embeddable":true,"href":"https:\/\/www.mkreborns.com\/ro\/wp-json\/wp\/v2\/comments?post=3914"}],"wp:featuredmedia":[{"embeddable":true,"href":"https:\/\/www.mkreborns.com\/ro\/wp-json\/wp\/v2\/media\/3915"}],"wp:attachment":[{"href":"https:\/\/www.mkreborns.com\/ro\/wp-json\/wp\/v2\/media?parent=3914"}],"wp:term":[{"taxonomy":"product_brand","embeddable":true,"href":"https:\/\/www.mkreborns.com\/ro\/wp-json\/wp\/v2\/product_brand?post=3914"},{"taxonomy":"product_cat","embeddable":true,"href":"https:\/\/www.mkreborns.com\/ro\/wp-json\/wp\/v2\/product_cat?post=3914"},{"taxonomy":"product_tag","embeddable":true,"href":"https:\/\/www.mkreborns.com\/ro\/wp-json\/wp\/v2\/product_tag?post=3914"}],"curies":[{"name":"wp","href":"https:\/\/api.w.org\/{rel}","templated":true}]}}