{"id":3908,"date":"2026-03-18T13:24:18","date_gmt":"2026-03-18T13:24:18","guid":{"rendered":"https:\/\/www.mkreborns.com\/?post_type=product&#038;p=3908"},"modified":"2026-03-19T15:51:18","modified_gmt":"2026-03-19T15:51:18","slug":"18-inch-reborn-dolls-clothes-for-baby-doll-outfits","status":"publish","type":"product","link":"https:\/\/www.mkreborns.com\/ro\/product\/18-inch-reborn-dolls-clothes-for-baby-doll-outfits\/","title":{"rendered":"Haine pentru p\u0103pu\u0219i ren\u0103scute de 18 inch"},"content":{"rendered":"<h2>Haine elegante pentru p\u0103pu\u0219i reborn de 18 inch pentru orice ocazie<\/h2>\n<div>Adu farmec \u0219i autenticitate colec\u021biei tale de p\u0103pu\u0219i cu hainele noastre pentru p\u0103pu\u0219i reborn de 45 cm. Fiecare \u021binut\u0103 este conceput\u0103 cu grij\u0103 pentru a se potrivi perfect p\u0103pu\u0219ilor reborn, oferind \u00een acela\u0219i timp confort \u0219i un aspect realist. Ideale at\u00e2t pentru joac\u0103, c\u00e2t \u0219i pentru expunere, aceste haine transform\u0103 fiecare p\u0103pu\u0219\u0103 \u00eentr-un companion la mod\u0103.<\/div>\n<h3>Design detaliat \u0219i potrivire confortabil\u0103<\/h3>\n<div>Colec\u021bia noastr\u0103 prezint\u0103 haine pentru p\u0103pu\u0219i reborn, cu aten\u021bie la corpul din material textil al p\u0103pu\u0219ilor reborn, asigur\u00e2ndu-ne c\u0103 fiecare pies\u0103 se potrive\u0219te perfect, eviden\u021biind \u00een acela\u0219i timp caracteristici realiste. De la salopete juc\u0103u\u0219e la rochii elegante, aceste \u021binute ofer\u0103 versatilitate \u0219i stil, f\u0103c\u00e2nd ca p\u0103pu\u0219a ta de 45 cm s\u0103 ias\u0103 \u00een eviden\u021b\u0103.<\/div>\n<ul>\n<li>Dimensiuni precise: Conceput pentru p\u0103pu\u0219i de 18 inci pentru a asigura o potrivire perfect\u0103 \u0219i o \u00eembr\u0103care u\u0219oar\u0103.<\/li>\n<li>Materiale de \u00eenalt\u0103 calitate: Materialele moi \u0219i durabile ofer\u0103 confort \u0219i o purtare de lung\u0103 durat\u0103.<\/li>\n<li>Detalii realiste: Cus\u0103turile \u0219i modelele complicate reflect\u0103 hainele autentice pentru bebelu\u0219i.<\/li>\n<li>Varietate de stiluri: Include \u021binute casual, formale \u0219i sezoniere pentru toate ocaziile.<\/li>\n<li>Realism \u00eembun\u0103t\u0103\u021bit al p\u0103pu\u0219ii: Croit\u0103 pentru a completa corpul din p\u00e2nz\u0103 al p\u0103pu\u0219ii reborn, pentru un farmec realist.<\/li>\n<\/ul>\n<div>\u00cembun\u0103t\u0103\u021be\u0219te-\u021bi garderoba pentru p\u0103pu\u0219i cu aceste haine rafinate pentru p\u0103pu\u0219i reborn de 45 cm, care \u00eembin\u0103 stilul, confortul \u0219i autenticitatea.<\/div>\n<p style=\"text-align: center;\" align=\"center\"><img decoding=\"async\" src=\"https:\/\/www.mkreborns.com\/wp-content\/uploads\/2026\/03\/kf-S9d31fc2e9fcd434fafe9c0f471411531G.webp\" alt=\"\" title=\"\"><img decoding=\"async\" src=\"https:\/\/www.mkreborns.com\/wp-content\/uploads\/2026\/03\/kf-Sb94cdf6699bc46d3a5df6fd0f3b9305eP.webp\" alt=\"\" title=\"\"><img decoding=\"async\" src=\"https:\/\/www.mkreborns.com\/wp-content\/uploads\/2026\/03\/kf-S2c32be6ab85b4bc298e8b61239d41026x.webp\" alt=\"\" title=\"\"><img decoding=\"async\" src=\"https:\/\/www.mkreborns.com\/wp-content\/uploads\/2026\/03\/kf-S572f25d107b74315a31d1340abf1216fq.webp\" alt=\"\" title=\"\"><img decoding=\"async\" src=\"https:\/\/www.mkreborns.com\/wp-content\/uploads\/2026\/03\/kf-S5255329b890042289e03e8edbc8650fdh.webp\" alt=\"\" title=\"\"><\/p>","protected":false},"excerpt":{"rendered":"<p>\u00cempodobe\u0219te-\u021bi p\u0103pu\u0219a reborn de 45 cm cu \u021binute elegante, moi \u0219i detaliate, create pentru o joac\u0103 realist\u0103 \u0219i o elegan\u021b\u0103 de durat\u0103.<\/p>","protected":false},"featured_media":3909,"comment_status":"open","ping_status":"closed","template":"","meta":[],"product_brand":[],"product_cat":[159,148],"product_tag":[],"class_list":{"0":"post-3908","1":"product","2":"type-product","3":"status-publish","4":"has-post-thumbnail","6":"product_cat-clothes-for-reborn-dolls","7":"product_cat-reborn-doll-accessories","9":"first","10":"instock","11":"sale","12":"shipping-taxable","13":"purchasable","14":"product-type-simple"},"_links":{"self":[{"href":"https:\/\/www.mkreborns.com\/ro\/wp-json\/wp\/v2\/product\/3908","targetHints":{"allow":["GET"]}}],"collection":[{"href":"https:\/\/www.mkreborns.com\/ro\/wp-json\/wp\/v2\/product"}],"about":[{"href":"https:\/\/www.mkreborns.com\/ro\/wp-json\/wp\/v2\/types\/product"}],"replies":[{"embeddable":true,"href":"https:\/\/www.mkreborns.com\/ro\/wp-json\/wp\/v2\/comments?post=3908"}],"wp:featuredmedia":[{"embeddable":true,"href":"https:\/\/www.mkreborns.com\/ro\/wp-json\/wp\/v2\/media\/3909"}],"wp:attachment":[{"href":"https:\/\/www.mkreborns.com\/ro\/wp-json\/wp\/v2\/media?parent=3908"}],"wp:term":[{"taxonomy":"product_brand","embeddable":true,"href":"https:\/\/www.mkreborns.com\/ro\/wp-json\/wp\/v2\/product_brand?post=3908"},{"taxonomy":"product_cat","embeddable":true,"href":"https:\/\/www.mkreborns.com\/ro\/wp-json\/wp\/v2\/product_cat?post=3908"},{"taxonomy":"product_tag","embeddable":true,"href":"https:\/\/www.mkreborns.com\/ro\/wp-json\/wp\/v2\/product_tag?post=3908"}],"curies":[{"name":"wp","href":"https:\/\/api.w.org\/{rel}","templated":true}]}}