{"id":3890,"date":"2026-03-18T13:08:27","date_gmt":"2026-03-18T13:08:27","guid":{"rendered":"https:\/\/www.mkreborns.com\/?post_type=product&#038;p=3890"},"modified":"2026-03-19T15:52:23","modified_gmt":"2026-03-19T15:52:23","slug":"baby-doll-clothes-17-18-inch-reborn-outfits-for-girls","status":"publish","type":"product","link":"https:\/\/www.mkreborns.com\/ro\/product\/baby-doll-clothes-17-18-inch-reborn-outfits-for-girls\/","title":{"rendered":"Haine pentru p\u0103pu\u0219i bebelu\u0219i de 17-18 inci, \u021binute pentru fete ren\u0103scute"},"content":{"rendered":"<div class=\"detailmodule_html\">\n<div class=\"detail-desc-decorate-richtext\">\n<h2>Stiluri fermec\u0103toare pentru haine de p\u0103pu\u0219i bebelu\u0219i Reborn de 17-18 inci<\/h2>\n<div>\u00cembun\u0103t\u0103\u021be\u0219te-\u021bi colec\u021bia de p\u0103pu\u0219i reborn cu hainele noastre premium pentru p\u0103pu\u0219i reborn de 43 cm \u0219i 45 cm. Fiecare \u021binut\u0103 este meticulos conceput\u0103 pentru a completa hainele pentru p\u0103pu\u0219i reborn, combin\u00e2nd confortul, durabilitatea \u0219i detaliile realiste. Fie c\u0103 este vorba de joac\u0103 sau de prezentare, aceste haine ofer\u0103 o potrivire perfect\u0103 \u0219i modele vibrante \u0219i atr\u0103g\u0103toare.<\/div>\n<h3>Designuri unice \u0219i detalii modelate<\/h3>\n<div>Selec\u021bia noastr\u0103 prezint\u0103 modele complexe de \u021bes\u0103turi pentru corpurile p\u0103pu\u0219ilor reborn, permi\u021b\u00e2nd fiec\u0103rei p\u0103pu\u0219i s\u0103 \u00ee\u0219i etaleze personalitatea \u0219i stilul. Alege\u021bi dintre rochi\u021be, salopete \u0219i seturi coordonate, adaptate at\u00e2t pentru p\u0103pu\u0219ile reborn de 17 inch, c\u00e2t \u0219i pentru cele de 18 inch. Cu materiale moi \u0219i finisaje realiste, fiecare \u021binut\u0103 spore\u0219te farmecul realist al p\u0103pu\u0219ii dumneavoastr\u0103.<\/div>\n<ul>\n<li>Potrivire personalizat\u0103: Dimensiuni precise pentru p\u0103pu\u0219i reborn de 17-18 inch pentru \u00eembr\u0103care f\u0103r\u0103 probleme.<\/li>\n<li>Materiale de \u00eenalt\u0103 calitate: Materiale fine \u0219i durabile care \u00ee\u0219i men\u021bin forma \u0219i culoarea.<\/li>\n<li>Varietate de modele: Modelul corpului din p\u00e2nz\u0103 al p\u0103pu\u0219ii Reborn adaug\u0103 individualitate fiec\u0103rei \u021binute.<\/li>\n<li>Garderob\u0103 versatil\u0103: Include \u021binute casual, rochii formale \u0219i seturi juc\u0103u\u0219e.<\/li>\n<li>Realism \u00eembun\u0103t\u0103\u021bit: Cus\u0103turile \u0219i finisajele detaliate aduc autenticitate fiec\u0103rei piese.<\/li>\n<\/ul>\n<div>Aduce\u021bi bucurie \u0219i rafinament fiec\u0103rei prezent\u0103ri de p\u0103pu\u0219i cu aceste haine frumos lucrate pentru p\u0103pu\u0219i reborn de 17-18 inch, care combin\u0103 stilul, confortul \u0219i elegan\u021ba realist\u0103.<\/div>\n<div><\/div>\n<p style=\"text-align: center; margin: 0px;\" align=\"center\"><img decoding=\"async\" src=\"https:\/\/www.mkreborns.com\/wp-content\/uploads\/2026\/03\/kf-Sff4af0a0ce8d4485b7c09410cb094249I.webp\" alt=\"\" title=\"\"><img decoding=\"async\" src=\"https:\/\/www.mkreborns.com\/wp-content\/uploads\/2026\/03\/kf-S10d68fad596841c589219dc0c10319fbZ.webp\" alt=\"\" title=\"\"><img decoding=\"async\" src=\"https:\/\/www.mkreborns.com\/wp-content\/uploads\/2026\/03\/kf-S8dbdfa36fe014c8fa0765011983d82caD.webp\" alt=\"\" title=\"\"><img decoding=\"async\" src=\"https:\/\/www.mkreborns.com\/wp-content\/uploads\/2026\/03\/kf-S920d035ab985467b8517b1483d4f6bbaY.webp\" alt=\"\" title=\"\"><img decoding=\"async\" src=\"https:\/\/www.mkreborns.com\/wp-content\/uploads\/2026\/03\/kf-S4b96cea014a44b709b752532f6113fbfu.webp\" alt=\"\" title=\"\"><img decoding=\"async\" src=\"https:\/\/www.mkreborns.com\/wp-content\/uploads\/2026\/03\/kf-S44c92652455b47b98527b3aa131f6b1eT.webp\" alt=\"\" title=\"\"><img decoding=\"async\" src=\"https:\/\/www.mkreborns.com\/wp-content\/uploads\/2026\/03\/kf-S56de3d76be034bbfb5ae1261f59232a1O.webp\" alt=\"\" title=\"\"><img decoding=\"async\" src=\"https:\/\/www.mkreborns.com\/wp-content\/uploads\/2026\/03\/kf-S0590e45ab54740c38d581d7611ef244cS.webp\" alt=\"\" title=\"\"><img decoding=\"async\" src=\"https:\/\/www.mkreborns.com\/wp-content\/uploads\/2026\/03\/kf-S4d9af2659e454d8b87e97bd159ed9cdfz.webp\" alt=\"\" title=\"\"><img decoding=\"async\" src=\"https:\/\/www.mkreborns.com\/wp-content\/uploads\/2026\/03\/kf-Sb9c38680031e40f6b3db3e4e386af5c5l.webp\" alt=\"\" title=\"\"><\/p>\n<\/div>\n<\/div>","protected":false},"excerpt":{"rendered":"<p>Transform\u0103-\u021bi p\u0103pu\u0219a ren\u0103scut\u0103 \u00eentr-o companion\u0103 elegant\u0103 cu haine moi \u0219i detaliate, concepute pentru o joac\u0103 realist\u0103 \u0219i un farmec nesf\u00e2r\u0219it.<\/p>","protected":false},"featured_media":3891,"comment_status":"open","ping_status":"closed","template":"","meta":[],"product_brand":[],"product_cat":[159,148],"product_tag":[],"class_list":{"0":"post-3890","1":"product","2":"type-product","3":"status-publish","4":"has-post-thumbnail","6":"product_cat-clothes-for-reborn-dolls","7":"product_cat-reborn-doll-accessories","9":"first","10":"instock","11":"sale","12":"shipping-taxable","13":"purchasable","14":"product-type-variable","15":"has-default-attributes"},"_links":{"self":[{"href":"https:\/\/www.mkreborns.com\/ro\/wp-json\/wp\/v2\/product\/3890","targetHints":{"allow":["GET"]}}],"collection":[{"href":"https:\/\/www.mkreborns.com\/ro\/wp-json\/wp\/v2\/product"}],"about":[{"href":"https:\/\/www.mkreborns.com\/ro\/wp-json\/wp\/v2\/types\/product"}],"replies":[{"embeddable":true,"href":"https:\/\/www.mkreborns.com\/ro\/wp-json\/wp\/v2\/comments?post=3890"}],"wp:featuredmedia":[{"embeddable":true,"href":"https:\/\/www.mkreborns.com\/ro\/wp-json\/wp\/v2\/media\/3891"}],"wp:attachment":[{"href":"https:\/\/www.mkreborns.com\/ro\/wp-json\/wp\/v2\/media?parent=3890"}],"wp:term":[{"taxonomy":"product_brand","embeddable":true,"href":"https:\/\/www.mkreborns.com\/ro\/wp-json\/wp\/v2\/product_brand?post=3890"},{"taxonomy":"product_cat","embeddable":true,"href":"https:\/\/www.mkreborns.com\/ro\/wp-json\/wp\/v2\/product_cat?post=3890"},{"taxonomy":"product_tag","embeddable":true,"href":"https:\/\/www.mkreborns.com\/ro\/wp-json\/wp\/v2\/product_tag?post=3890"}],"curies":[{"name":"wp","href":"https:\/\/api.w.org\/{rel}","templated":true}]}}