{"id":3868,"date":"2026-03-18T10:01:51","date_gmt":"2026-03-18T10:01:51","guid":{"rendered":"https:\/\/www.mkreborns.com\/?post_type=product&#038;p=3868"},"modified":"2026-03-19T15:52:36","modified_gmt":"2026-03-19T15:52:36","slug":"18-inch-reborn-doll-clothes-for-toddlers-and-girls","status":"publish","type":"product","link":"https:\/\/www.mkreborns.com\/ro\/product\/18-inch-reborn-doll-clothes-for-toddlers-and-girls\/","title":{"rendered":"Haine de p\u0103pu\u0219i ren\u0103scute de 18 inch pentru copii mici \u0219i fete"},"content":{"rendered":"<div class=\"product-specs-list-container\">\n<h2>\u021ainute elegante pentru fiecare p\u0103pu\u0219\u0103 ren\u0103scut\u0103 de 45 cm<\/h2>\n<div>Transform\u0103-\u021bi p\u0103pu\u0219a reborn \u00een centrul aten\u021biei cu hainele noastre premium pentru p\u0103pu\u0219i reborn de 45 cm. Concepute pentru a se potrivi perfect p\u0103pu\u0219ilor reborn, fiecare \u021binut\u0103 echilibreaz\u0103 detaliile realiste cu materiale moi \u0219i durabile. De la purtarea de zi cu zi la ocazii speciale, aceste haine asigur\u0103 c\u0103 p\u0103pu\u0219a ta arat\u0103 \u00eentotdeauna perfect.<\/div>\n<h3>Varietate \u0219i accesorii elegante<\/h3>\n<div>Colec\u021bia noastr\u0103 include haine \u0219i accesorii din silicon pentru p\u0103pu\u0219i reborn, menite s\u0103 \u00eembun\u0103t\u0103\u021beasc\u0103 garderoba fiec\u0103rei p\u0103pu\u0219i. Alege\u021bi dintre \u021binute violet vibrante pentru p\u0103pu\u0219i reborn, rochi\u021be delicate pentru p\u0103pu\u0219i fete reborn \u0219i haine versatile pentru bebelu\u0219i, potrivite pentru orice scenariu. Fiecare pies\u0103 este croit\u0103 pentru a permite o \u00eembr\u0103care u\u0219oar\u0103, men\u021bin\u00e2nd \u00een acela\u0219i timp un aspect realist, lucrat manual.<\/div>\n<ul>\n<li>Potrivire premium: Dimensiune perfect\u0103 pentru p\u0103pu\u0219i reborn de 45 cm, asigur\u00e2nd confort \u0219i elegan\u021b\u0103.<\/li>\n<li>Materiale de \u00eenalt\u0103 calitate: Materiale moi \u0219i durabile care imit\u0103 texturile reale ale hainelor pentru bebelu\u0219i.<\/li>\n<li>Stiluri versatile: De la \u021binute casual juc\u0103u\u0219e la \u021binute mov sofisticate.<\/li>\n<li>Op\u021biuni de accesorii: Include p\u0103l\u0103rii, pantofi \u0219i p\u0103turi asortate pentru ansambluri complete.<\/li>\n<li>Detalii realiste: Cus\u0103turi finisate manual \u0219i ornamente fermec\u0103toare pentru un aspect realist.<\/li>\n<\/ul>\n<div>Adu farmec, realism \u0219i distrac\u021bie colec\u021biei tale cu aceste haine pentru p\u0103pu\u0219i reborn de 45 cm, frumos lucrate, care \u00eembog\u0103\u021besc fiecare aventur\u0103 de joac\u0103.<\/div>\n<div><\/div>\n<\/div>\n<div class=\"detailmodule_html\">\n<div class=\"detail-desc-decorate-richtext\">\n<p style=\"text-align: center; margin: 0px;\" align=\"center\"><img decoding=\"async\" src=\"https:\/\/www.mkreborns.com\/wp-content\/uploads\/2026\/03\/kf-S7d8ebb1a885d44398f64514886946629E.webp\" alt=\"\" title=\"\"><img decoding=\"async\" src=\"https:\/\/www.mkreborns.com\/wp-content\/uploads\/2026\/03\/kf-S89a1ffaead92487d9a130af90b3d4fc5K.webp\" alt=\"\" title=\"\"><img decoding=\"async\" src=\"https:\/\/www.mkreborns.com\/wp-content\/uploads\/2026\/03\/kf-Sc34b80cf2d3a4c60b3a32babd9f3f5548.webp\" alt=\"\" title=\"\"><img decoding=\"async\" src=\"https:\/\/www.mkreborns.com\/wp-content\/uploads\/2026\/03\/kf-S160a0246ec60450ba40c67d32c0961672.webp\" alt=\"\" title=\"\"><img decoding=\"async\" src=\"https:\/\/www.mkreborns.com\/wp-content\/uploads\/2026\/03\/kf-S4d9f66438f1f42e0b260f4684f54fb0bW.webp\" alt=\"\" title=\"\"><img decoding=\"async\" src=\"https:\/\/ae01.alicdn.com\/kf\/S9f14fbaf63524021b86c7a946d713f30N.jpg\" alt=\"\" title=\"\"><img decoding=\"async\" src=\"https:\/\/ae01.alicdn.com\/kf\/Sf7fd6a137dba47e9aecbf4de66cb87df3.jpg\" alt=\"\" title=\"\"><img decoding=\"async\" src=\"https:\/\/ae01.alicdn.com\/kf\/S06ea55e7d37a45acb579364f3408aa76B.jpg\" alt=\"\" title=\"\"><img decoding=\"async\" src=\"https:\/\/ae01.alicdn.com\/kf\/S81d380c3ee694b8eafebd8a9c2653a1at.jpg\" alt=\"\" title=\"\"><img decoding=\"async\" src=\"https:\/\/ae01.alicdn.com\/kf\/S580e530ac6c84a7a82ce96a246202693U.jpg\" alt=\"\" title=\"\"><img decoding=\"async\" src=\"https:\/\/ae01.alicdn.com\/kf\/S4fce4907e8dd42a7b8679f2512ebba25I.jpg\" alt=\"\" title=\"\"><img decoding=\"async\" src=\"https:\/\/ae01.alicdn.com\/kf\/S0f517424cd3642999a0a881e47972c1du.jpg\" alt=\"\" title=\"\"><img decoding=\"async\" src=\"https:\/\/ae01.alicdn.com\/kf\/Sca06b8ff57b34251853a9fb540f747afw.jpg\" alt=\"\" title=\"\"><img decoding=\"async\" src=\"https:\/\/ae01.alicdn.com\/kf\/Sfd3631ab03ee426692991be15c6afe4ee.jpg\" alt=\"\" title=\"\"><\/p>\n<\/div>\n<\/div>","protected":false},"excerpt":{"rendered":"<p>\u00cembrac\u0103-\u021bi p\u0103pu\u0219a reborn cu stil, cu \u021binute confortabile \u0219i de \u00eenalt\u0103 calitate, care combin\u0103 farmecul \u0219i confortul pentru ore \u00eentregi de joac\u0103 imaginativ\u0103.<\/p>","protected":false},"featured_media":3869,"comment_status":"open","ping_status":"closed","template":"","meta":[],"product_brand":[],"product_cat":[159,148],"product_tag":[],"class_list":{"0":"post-3868","1":"product","2":"type-product","3":"status-publish","4":"has-post-thumbnail","6":"product_cat-clothes-for-reborn-dolls","7":"product_cat-reborn-doll-accessories","9":"first","10":"instock","11":"sale","12":"shipping-taxable","13":"purchasable","14":"product-type-variable","15":"has-default-attributes"},"_links":{"self":[{"href":"https:\/\/www.mkreborns.com\/ro\/wp-json\/wp\/v2\/product\/3868","targetHints":{"allow":["GET"]}}],"collection":[{"href":"https:\/\/www.mkreborns.com\/ro\/wp-json\/wp\/v2\/product"}],"about":[{"href":"https:\/\/www.mkreborns.com\/ro\/wp-json\/wp\/v2\/types\/product"}],"replies":[{"embeddable":true,"href":"https:\/\/www.mkreborns.com\/ro\/wp-json\/wp\/v2\/comments?post=3868"}],"wp:featuredmedia":[{"embeddable":true,"href":"https:\/\/www.mkreborns.com\/ro\/wp-json\/wp\/v2\/media\/3869"}],"wp:attachment":[{"href":"https:\/\/www.mkreborns.com\/ro\/wp-json\/wp\/v2\/media?parent=3868"}],"wp:term":[{"taxonomy":"product_brand","embeddable":true,"href":"https:\/\/www.mkreborns.com\/ro\/wp-json\/wp\/v2\/product_brand?post=3868"},{"taxonomy":"product_cat","embeddable":true,"href":"https:\/\/www.mkreborns.com\/ro\/wp-json\/wp\/v2\/product_cat?post=3868"},{"taxonomy":"product_tag","embeddable":true,"href":"https:\/\/www.mkreborns.com\/ro\/wp-json\/wp\/v2\/product_tag?post=3868"}],"curies":[{"name":"wp","href":"https:\/\/api.w.org\/{rel}","templated":true}]}}