{"id":3859,"date":"2026-03-09T16:08:41","date_gmt":"2026-03-09T16:08:41","guid":{"rendered":"https:\/\/www.mkreborns.com\/?post_type=product&#038;p=3859"},"modified":"2026-03-20T15:54:07","modified_gmt":"2026-03-20T15:54:07","slug":"peter-custom-silicone-toy-reborn-doll","status":"publish","type":"product","link":"https:\/\/www.mkreborns.com\/ro\/product\/peter-custom-silicone-toy-reborn-doll\/","title":{"rendered":"P\u0103pu\u0219\u0103 ren\u0103scut\u0103 personalizat\u0103 din silicon Peter"},"content":{"rendered":"<p>P\u0103pu\u0219ile reborn din silicon nu sunt doar opere de art\u0103; ele pot servi \u0219i ca o repeti\u021bie u\u0219oar\u0103 pentru viitorii p\u0103rin\u021bi, oferind o experien\u021b\u0103 captivant\u0103. Exersarea schimb\u0103rii scutecului, a \u00eenf\u0103\u0219atului \u0219i a \u021binerii \u00een bra\u021be a unei noi vie\u021bi cu o p\u0103pu\u0219\u0103 reborn din silicon de 40 cm \u00een\u0103l\u021bime \u00eei poate ajuta pe proaspe\u021bii p\u0103rin\u021bi s\u0103 atenueze anxietatea \u0219i s\u0103-\u0219i dezvolte \u00eencrederea.<\/p>\n<p>Sex: B\u0103iat<br \/>\n\u00cen\u0103l\u021bime: 40 cm<br \/>\nGreutate: 1,6 kg<br \/>\nGreutatea ambalajului: 2,3 kg<br \/>\nDimensiunile ambalajului: 46*21*15cm<\/p>\n<p>&nbsp;<\/p>\n<p><img decoding=\"async\" class=\"aligncenter wp-image-3860 size-full\" src=\"https:\/\/www.mkreborns.com\/wp-content\/themes\/woodmart\/images\/lazy.svg\" data-src=\"https:\/\/www.mkreborns.com\/wp-content\/uploads\/2026\/03\/Peter-reborn-doll1.jpg\" alt=\"\" width=\"1500\" height=\"1500\" title=\"\" srcset=\"\" data-srcset=\"https:\/\/www.mkreborns.com\/wp-content\/uploads\/2026\/03\/Peter-reborn-doll1.jpg 1500w, https:\/\/www.mkreborns.com\/wp-content\/uploads\/2026\/03\/Peter-reborn-doll1-300x300.jpg 300w, https:\/\/www.mkreborns.com\/wp-content\/uploads\/2026\/03\/Peter-reborn-doll1-800x800.jpg 800w, https:\/\/www.mkreborns.com\/wp-content\/uploads\/2026\/03\/Peter-reborn-doll1-150x150.jpg 150w, https:\/\/www.mkreborns.com\/wp-content\/uploads\/2026\/03\/Peter-reborn-doll1-768x768.jpg 768w, https:\/\/www.mkreborns.com\/wp-content\/uploads\/2026\/03\/Peter-reborn-doll1-12x12.jpg 12w, https:\/\/www.mkreborns.com\/wp-content\/uploads\/2026\/03\/Peter-reborn-doll1-700x700.jpg 700w\" sizes=\"(max-width: 1500px) 100vw, 1500px\" \/> <img decoding=\"async\" class=\"aligncenter wp-image-3867 size-full\" src=\"https:\/\/www.mkreborns.com\/wp-content\/themes\/woodmart\/images\/lazy.svg\" data-src=\"https:\/\/www.mkreborns.com\/wp-content\/uploads\/2026\/03\/Peter-reborn-doll8.jpg\" alt=\"P\u0103pu\u0219\u0103 reborn realist\u0103 Kelly din silicon cu ursule\u021b de plu\u0219 moale, perfect\u0103 pentru colec\u021bionarul de cadouri creative.\" width=\"1500\" height=\"1500\" title=\"\" srcset=\"\" data-srcset=\"https:\/\/www.mkreborns.com\/wp-content\/uploads\/2026\/03\/Peter-reborn-doll8.jpg 1500w, https:\/\/www.mkreborns.com\/wp-content\/uploads\/2026\/03\/Peter-reborn-doll8-300x300.jpg 300w, https:\/\/www.mkreborns.com\/wp-content\/uploads\/2026\/03\/Peter-reborn-doll8-800x800.jpg 800w, https:\/\/www.mkreborns.com\/wp-content\/uploads\/2026\/03\/Peter-reborn-doll8-150x150.jpg 150w, https:\/\/www.mkreborns.com\/wp-content\/uploads\/2026\/03\/Peter-reborn-doll8-768x768.jpg 768w, https:\/\/www.mkreborns.com\/wp-content\/uploads\/2026\/03\/Peter-reborn-doll8-12x12.jpg 12w, https:\/\/www.mkreborns.com\/wp-content\/uploads\/2026\/03\/Peter-reborn-doll8-700x700.jpg 700w\" sizes=\"(max-width: 1500px) 100vw, 1500px\" \/><\/p>","protected":false},"excerpt":{"rendered":"<p>Cel mai emo\u021bionant aspect al p\u0103pu\u0219ii reborn din silicon este c\u0103 tr\u0103ie\u0219te \u00een eternul moment prezent.<\/p>","protected":false},"featured_media":3865,"comment_status":"open","ping_status":"closed","template":"","meta":[],"product_brand":[],"product_cat":[158,145,155,146,154,153,157],"product_tag":[],"class_list":{"0":"post-3859","1":"product","2":"type-product","3":"status-publish","4":"has-post-thumbnail","6":"product_cat-15-inch-baby-dolls","7":"product_cat-baby-boy-reborn-dolls","8":"product_cat-cute-reborn-dolls","9":"product_cat-full-silicone-reborn-dolls","10":"product_cat-lifelike-reborn-dolls","11":"product_cat-newborn-reborn-dolls","12":"product_cat-real-life-baby-dolls","14":"first","15":"instock","16":"sale","17":"shipping-taxable","18":"purchasable","19":"product-type-simple"},"_links":{"self":[{"href":"https:\/\/www.mkreborns.com\/ro\/wp-json\/wp\/v2\/product\/3859","targetHints":{"allow":["GET"]}}],"collection":[{"href":"https:\/\/www.mkreborns.com\/ro\/wp-json\/wp\/v2\/product"}],"about":[{"href":"https:\/\/www.mkreborns.com\/ro\/wp-json\/wp\/v2\/types\/product"}],"replies":[{"embeddable":true,"href":"https:\/\/www.mkreborns.com\/ro\/wp-json\/wp\/v2\/comments?post=3859"}],"wp:featuredmedia":[{"embeddable":true,"href":"https:\/\/www.mkreborns.com\/ro\/wp-json\/wp\/v2\/media\/3865"}],"wp:attachment":[{"href":"https:\/\/www.mkreborns.com\/ro\/wp-json\/wp\/v2\/media?parent=3859"}],"wp:term":[{"taxonomy":"product_brand","embeddable":true,"href":"https:\/\/www.mkreborns.com\/ro\/wp-json\/wp\/v2\/product_brand?post=3859"},{"taxonomy":"product_cat","embeddable":true,"href":"https:\/\/www.mkreborns.com\/ro\/wp-json\/wp\/v2\/product_cat?post=3859"},{"taxonomy":"product_tag","embeddable":true,"href":"https:\/\/www.mkreborns.com\/ro\/wp-json\/wp\/v2\/product_tag?post=3859"}],"curies":[{"name":"wp","href":"https:\/\/api.w.org\/{rel}","templated":true}]}}