{"id":3837,"date":"2026-03-09T03:19:58","date_gmt":"2026-03-09T03:19:58","guid":{"rendered":"https:\/\/www.mkreborns.com\/?post_type=product&#038;p=3837"},"modified":"2026-03-18T15:33:57","modified_gmt":"2026-03-18T15:33:57","slug":"shrek-silicone-toy-little-reborn-doll","status":"publish","type":"product","link":"https:\/\/www.mkreborns.com\/ro\/product\/shrek-silicone-toy-little-reborn-doll\/","title":{"rendered":"P\u0103pu\u0219\u0103 Shrek din silicon, mic\u0103, ren\u0103scut\u0103"},"content":{"rendered":"<p>Micu\u021ba p\u0103pu\u0219\u0103 ren\u0103scut\u0103 va r\u0103m\u00e2ne pentru totdeauna la v\u00e2rsta la care are cea mai mare nevoie de \u00eengrijire, veghind mereu asupra ta \u0219i a lumii cu acei ochi lini\u0219ti\u021bi. Nu va cre\u0219te, nu va pleca, nu se va schimba. C\u00e2nd vei avea cea mai mare nevoie de alinare, va fi acolo \u00een lini\u0219te, spun\u00e2ndu-\u021bi cu bl\u00e2nde\u021be, cu adev\u0103rata sa fa\u021b\u0103, c\u0103 nu e\u0219ti singur.<\/p>\n<p>Sex: B\u0103iat<br \/>\n\u00cen\u0103l\u021bime: 30 cm<br \/>\nGreutate: 0,8 kg<br \/>\nGreutatea ambalajului: 1,5 kg<br \/>\nDimensiunile ambalajului: 36*17*11cm<\/p>\n<p><img decoding=\"async\" class=\"aligncenter wp-image-3848 size-full\" src=\"https:\/\/www.mkreborns.com\/wp-content\/themes\/woodmart\/images\/lazy.svg\" data-src=\"https:\/\/www.mkreborns.com\/wp-content\/uploads\/2026\/03\/Shrek-reborn-doll11.jpg\" alt=\"\" width=\"1400\" height=\"933\" title=\"\" srcset=\"\" data-srcset=\"https:\/\/www.mkreborns.com\/wp-content\/uploads\/2026\/03\/Shrek-reborn-doll11.jpg 1400w, https:\/\/www.mkreborns.com\/wp-content\/uploads\/2026\/03\/Shrek-reborn-doll11-400x267.jpg 400w, https:\/\/www.mkreborns.com\/wp-content\/uploads\/2026\/03\/Shrek-reborn-doll11-1200x800.jpg 1200w, https:\/\/www.mkreborns.com\/wp-content\/uploads\/2026\/03\/Shrek-reborn-doll11-768x512.jpg 768w, https:\/\/www.mkreborns.com\/wp-content\/uploads\/2026\/03\/Shrek-reborn-doll11-18x12.jpg 18w, https:\/\/www.mkreborns.com\/wp-content\/uploads\/2026\/03\/Shrek-reborn-doll11-700x467.jpg 700w, https:\/\/www.mkreborns.com\/wp-content\/uploads\/2026\/03\/Shrek-reborn-doll11-150x100.jpg 150w\" sizes=\"(max-width: 1400px) 100vw, 1400px\" \/> <img decoding=\"async\" class=\"aligncenter wp-image-3838 size-full\" src=\"https:\/\/www.mkreborns.com\/wp-content\/themes\/woodmart\/images\/lazy.svg\" data-src=\"https:\/\/www.mkreborns.com\/wp-content\/uploads\/2026\/03\/Shrek-reborn-doll1.jpg\" alt=\"\" width=\"1400\" height=\"933\" title=\"\" srcset=\"\" data-srcset=\"https:\/\/www.mkreborns.com\/wp-content\/uploads\/2026\/03\/Shrek-reborn-doll1.jpg 1400w, https:\/\/www.mkreborns.com\/wp-content\/uploads\/2026\/03\/Shrek-reborn-doll1-400x267.jpg 400w, https:\/\/www.mkreborns.com\/wp-content\/uploads\/2026\/03\/Shrek-reborn-doll1-1200x800.jpg 1200w, https:\/\/www.mkreborns.com\/wp-content\/uploads\/2026\/03\/Shrek-reborn-doll1-768x512.jpg 768w, https:\/\/www.mkreborns.com\/wp-content\/uploads\/2026\/03\/Shrek-reborn-doll1-18x12.jpg 18w, https:\/\/www.mkreborns.com\/wp-content\/uploads\/2026\/03\/Shrek-reborn-doll1-700x467.jpg 700w, https:\/\/www.mkreborns.com\/wp-content\/uploads\/2026\/03\/Shrek-reborn-doll1-150x100.jpg 150w\" sizes=\"(max-width: 1400px) 100vw, 1400px\" \/><\/p>","protected":false},"excerpt":{"rendered":"<p>P\u0103pu\u0219a reborn de 30 cm \u00een\u0103l\u021bime, cu corpul s\u0103u de m\u0103rimea unei palme, \u00ee\u021bi poate aduce multe beneficii spirituale. C\u00e2nd o \u00eembr\u0103\u021bi\u0219ezi, vei descoperi c\u0103 te ajut\u0103 s\u0103 reduci stresul \u0219i emo\u021biile negative pe care \u021bi le aduce via\u021ba.<\/p>","protected":false},"featured_media":3840,"comment_status":"open","ping_status":"closed","template":"","meta":[],"product_brand":[],"product_cat":[158,145,155,146,154,153,157],"product_tag":[],"class_list":{"0":"post-3837","1":"product","2":"type-product","3":"status-publish","4":"has-post-thumbnail","6":"product_cat-15-inch-baby-dolls","7":"product_cat-baby-boy-reborn-dolls","8":"product_cat-cute-reborn-dolls","9":"product_cat-full-silicone-reborn-dolls","10":"product_cat-lifelike-reborn-dolls","11":"product_cat-newborn-reborn-dolls","12":"product_cat-real-life-baby-dolls","14":"first","15":"instock","16":"sale","17":"shipping-taxable","18":"purchasable","19":"product-type-simple"},"_links":{"self":[{"href":"https:\/\/www.mkreborns.com\/ro\/wp-json\/wp\/v2\/product\/3837","targetHints":{"allow":["GET"]}}],"collection":[{"href":"https:\/\/www.mkreborns.com\/ro\/wp-json\/wp\/v2\/product"}],"about":[{"href":"https:\/\/www.mkreborns.com\/ro\/wp-json\/wp\/v2\/types\/product"}],"replies":[{"embeddable":true,"href":"https:\/\/www.mkreborns.com\/ro\/wp-json\/wp\/v2\/comments?post=3837"}],"wp:featuredmedia":[{"embeddable":true,"href":"https:\/\/www.mkreborns.com\/ro\/wp-json\/wp\/v2\/media\/3840"}],"wp:attachment":[{"href":"https:\/\/www.mkreborns.com\/ro\/wp-json\/wp\/v2\/media?parent=3837"}],"wp:term":[{"taxonomy":"product_brand","embeddable":true,"href":"https:\/\/www.mkreborns.com\/ro\/wp-json\/wp\/v2\/product_brand?post=3837"},{"taxonomy":"product_cat","embeddable":true,"href":"https:\/\/www.mkreborns.com\/ro\/wp-json\/wp\/v2\/product_cat?post=3837"},{"taxonomy":"product_tag","embeddable":true,"href":"https:\/\/www.mkreborns.com\/ro\/wp-json\/wp\/v2\/product_tag?post=3837"}],"curies":[{"name":"wp","href":"https:\/\/api.w.org\/{rel}","templated":true}]}}