{"id":3815,"date":"2026-03-09T03:08:37","date_gmt":"2026-03-09T03:08:37","guid":{"rendered":"https:\/\/www.mkreborns.com\/?post_type=product&#038;p=3815"},"modified":"2026-03-18T15:28:50","modified_gmt":"2026-03-18T15:28:50","slug":"mary-realistic-silicone-toy-reborn-doll","status":"publish","type":"product","link":"https:\/\/www.mkreborns.com\/ro\/product\/mary-realistic-silicone-toy-reborn-doll\/","title":{"rendered":"P\u0103pu\u0219\u0103 Mary realist\u0103 din silicon, juc\u0103rie ren\u0103scut\u0103"},"content":{"rendered":"<p>\u00centre\u021binerea unei p\u0103pu\u0219i reborn din silicon este, de asemenea, foarte simpl\u0103. Evita\u021bi doar \u00eenmuierea \u0219i \u021bine\u021bi-o departe de sursele de c\u0103ldur\u0103. \u0218terge\u021bi-o u\u0219or cu o c\u00e2rp\u0103 moale \u0219i umed\u0103, iar aceasta \u00ee\u0219i va p\u0103stra aspectul original. Cu o \u00eengrijire adecvat\u0103, p\u0103pu\u0219a reborn realist\u0103 v\u0103 poate \u00eenso\u021bi ca o juc\u0103rie sau o oper\u0103 de art\u0103, r\u0103m\u00e2n\u00e2nd neschimbat\u0103 \u0219i neclintit\u0103.<\/p>\n<p>Sex: Fat\u0103<br \/>\n\u00cen\u0103l\u021bime: 40 cm<br \/>\nGreutate: 1,75 kg<br \/>\nGreutatea ambalajului: 2,5 kg<br \/>\nDimensiunile ambalajului: 46*21*15cm<\/p>\n<p><img decoding=\"async\" class=\"aligncenter wp-image-3826 size-full\" src=\"https:\/\/www.mkreborns.com\/wp-content\/themes\/woodmart\/images\/lazy.svg\" data-src=\"https:\/\/www.mkreborns.com\/wp-content\/uploads\/2026\/03\/Mary-Reborn-doll11.jpg\" alt=\"\" width=\"1400\" height=\"933\" title=\"\" srcset=\"\" data-srcset=\"https:\/\/www.mkreborns.com\/wp-content\/uploads\/2026\/03\/Mary-Reborn-doll11.jpg 1400w, https:\/\/www.mkreborns.com\/wp-content\/uploads\/2026\/03\/Mary-Reborn-doll11-400x267.jpg 400w, https:\/\/www.mkreborns.com\/wp-content\/uploads\/2026\/03\/Mary-Reborn-doll11-1200x800.jpg 1200w, https:\/\/www.mkreborns.com\/wp-content\/uploads\/2026\/03\/Mary-Reborn-doll11-768x512.jpg 768w, https:\/\/www.mkreborns.com\/wp-content\/uploads\/2026\/03\/Mary-Reborn-doll11-18x12.jpg 18w, https:\/\/www.mkreborns.com\/wp-content\/uploads\/2026\/03\/Mary-Reborn-doll11-700x467.jpg 700w, https:\/\/www.mkreborns.com\/wp-content\/uploads\/2026\/03\/Mary-Reborn-doll11-150x100.jpg 150w\" sizes=\"(max-width: 1400px) 100vw, 1400px\" \/> <img decoding=\"async\" class=\"aligncenter wp-image-3830 size-full\" src=\"https:\/\/www.mkreborns.com\/wp-content\/themes\/woodmart\/images\/lazy.svg\" data-src=\"https:\/\/www.mkreborns.com\/wp-content\/uploads\/2026\/03\/Mary-Reborn-doll15.jpg\" alt=\"P\u0103pu\u0219a ren\u0103scut\u0103 Bonnie, realizat\u0103 din silicon, cu tr\u0103s\u0103turi realiste, \u00eentins\u0103 pe o p\u0103tur\u0103 mov \u00eentr-un loc confortabil.\" width=\"1400\" height=\"933\" title=\"\" srcset=\"\" data-srcset=\"https:\/\/www.mkreborns.com\/wp-content\/uploads\/2026\/03\/Mary-Reborn-doll15.jpg 1400w, https:\/\/www.mkreborns.com\/wp-content\/uploads\/2026\/03\/Mary-Reborn-doll15-400x267.jpg 400w, https:\/\/www.mkreborns.com\/wp-content\/uploads\/2026\/03\/Mary-Reborn-doll15-1200x800.jpg 1200w, https:\/\/www.mkreborns.com\/wp-content\/uploads\/2026\/03\/Mary-Reborn-doll15-768x512.jpg 768w, https:\/\/www.mkreborns.com\/wp-content\/uploads\/2026\/03\/Mary-Reborn-doll15-18x12.jpg 18w, https:\/\/www.mkreborns.com\/wp-content\/uploads\/2026\/03\/Mary-Reborn-doll15-700x467.jpg 700w, https:\/\/www.mkreborns.com\/wp-content\/uploads\/2026\/03\/Mary-Reborn-doll15-150x100.jpg 150w\" sizes=\"(max-width: 1400px) 100vw, 1400px\" \/><\/p>","protected":false},"excerpt":{"rendered":"<p>Dac\u0103 te g\u00e2nde\u0219ti s\u0103 oferi o p\u0103pu\u0219\u0103 reborn feti\u021b\u0103 cadou prietenului sau familiei tale, s-ar putea s\u0103 nu fie un cadou obi\u0219nuit. P\u0103pu\u0219a reborn va fi un cadou plin de bun\u0103tate \u0219i putere vindec\u0103toare.<\/p>","protected":false},"featured_media":3827,"comment_status":"open","ping_status":"closed","template":"","meta":[],"product_brand":[],"product_cat":[158,144,155,146,154,153,157],"product_tag":[],"class_list":{"0":"post-3815","1":"product","2":"type-product","3":"status-publish","4":"has-post-thumbnail","6":"product_cat-15-inch-baby-dolls","7":"product_cat-baby-girl-reborn-dolls","8":"product_cat-cute-reborn-dolls","9":"product_cat-full-silicone-reborn-dolls","10":"product_cat-lifelike-reborn-dolls","11":"product_cat-newborn-reborn-dolls","12":"product_cat-real-life-baby-dolls","14":"first","15":"instock","16":"sale","17":"shipping-taxable","18":"purchasable","19":"product-type-simple"},"_links":{"self":[{"href":"https:\/\/www.mkreborns.com\/ro\/wp-json\/wp\/v2\/product\/3815","targetHints":{"allow":["GET"]}}],"collection":[{"href":"https:\/\/www.mkreborns.com\/ro\/wp-json\/wp\/v2\/product"}],"about":[{"href":"https:\/\/www.mkreborns.com\/ro\/wp-json\/wp\/v2\/types\/product"}],"replies":[{"embeddable":true,"href":"https:\/\/www.mkreborns.com\/ro\/wp-json\/wp\/v2\/comments?post=3815"}],"wp:featuredmedia":[{"embeddable":true,"href":"https:\/\/www.mkreborns.com\/ro\/wp-json\/wp\/v2\/media\/3827"}],"wp:attachment":[{"href":"https:\/\/www.mkreborns.com\/ro\/wp-json\/wp\/v2\/media?parent=3815"}],"wp:term":[{"taxonomy":"product_brand","embeddable":true,"href":"https:\/\/www.mkreborns.com\/ro\/wp-json\/wp\/v2\/product_brand?post=3815"},{"taxonomy":"product_cat","embeddable":true,"href":"https:\/\/www.mkreborns.com\/ro\/wp-json\/wp\/v2\/product_cat?post=3815"},{"taxonomy":"product_tag","embeddable":true,"href":"https:\/\/www.mkreborns.com\/ro\/wp-json\/wp\/v2\/product_tag?post=3815"}],"curies":[{"name":"wp","href":"https:\/\/api.w.org\/{rel}","templated":true}]}}