{"id":3800,"date":"2026-03-08T16:05:18","date_gmt":"2026-03-08T16:05:18","guid":{"rendered":"https:\/\/www.mkreborns.com\/?post_type=product&#038;p=3800"},"modified":"2026-03-18T15:18:26","modified_gmt":"2026-03-18T15:18:26","slug":"bonnie-all-silicone-realistic-reborn-doll","status":"publish","type":"product","link":"https:\/\/www.mkreborns.com\/ro\/product\/bonnie-all-silicone-realistic-reborn-doll\/","title":{"rendered":"P\u0103pu\u0219\u0103 Bonnie din silicon realist\u0103 ren\u0103scut\u0103"},"content":{"rendered":"<p>Fabricat\u0103 \u00een \u00eentregime din silicon, aceast\u0103 p\u0103pu\u0219\u0103 reborn nu numai c\u0103 se simte realist\u0103, dar reprezint\u0103 \u0219i siguran\u021b\u0103 \u0219i durabilitate. P\u0103pu\u0219a rebirth din silicon este non-toxic\u0103, inodor\u0103 \u0219i prietenoas\u0103 cu pielea, fiind sigur\u0103 pentru \u00eembr\u0103\u021bi\u0219\u0103ri. Nu con\u021bine baterii sau componente electronice complexe, ceea ce o face o juc\u0103rie de companie cu adev\u0103rat pur\u0103 \u0219i silen\u021bioas\u0103.<\/p>\n<p>Sex: Fat\u0103<br \/>\n\u00cen\u0103l\u021bime: 40 cm<br \/>\nGreutate: 1,5 kg<br \/>\nGreutate ambalaj: 2,2 kg<br \/>\nDimensiunile ambalajului: 46*21*15cm<\/p>\n<p>&nbsp;<\/p>\n<p><img decoding=\"async\" class=\"aligncenter wp-image-3805 size-full\" src=\"https:\/\/www.mkreborns.com\/wp-content\/themes\/woodmart\/images\/lazy.svg\" data-src=\"https:\/\/www.mkreborns.com\/wp-content\/uploads\/2026\/03\/Boy-reborn-doll5.jpg\" alt=\"\" width=\"1400\" height=\"933\" title=\"\" srcset=\"\" data-srcset=\"https:\/\/www.mkreborns.com\/wp-content\/uploads\/2026\/03\/Boy-reborn-doll5.jpg 1400w, https:\/\/www.mkreborns.com\/wp-content\/uploads\/2026\/03\/Boy-reborn-doll5-400x267.jpg 400w, https:\/\/www.mkreborns.com\/wp-content\/uploads\/2026\/03\/Boy-reborn-doll5-1200x800.jpg 1200w, https:\/\/www.mkreborns.com\/wp-content\/uploads\/2026\/03\/Boy-reborn-doll5-768x512.jpg 768w, https:\/\/www.mkreborns.com\/wp-content\/uploads\/2026\/03\/Boy-reborn-doll5-18x12.jpg 18w, https:\/\/www.mkreborns.com\/wp-content\/uploads\/2026\/03\/Boy-reborn-doll5-700x467.jpg 700w, https:\/\/www.mkreborns.com\/wp-content\/uploads\/2026\/03\/Boy-reborn-doll5-150x100.jpg 150w\" sizes=\"(max-width: 1400px) 100vw, 1400px\" \/><img decoding=\"async\" class=\"aligncenter wp-image-3814 size-full\" src=\"https:\/\/www.mkreborns.com\/wp-content\/themes\/woodmart\/images\/lazy.svg\" data-src=\"https:\/\/www.mkreborns.com\/wp-content\/uploads\/2026\/03\/Boy-reborn-doll14.jpg\" alt=\"\" width=\"1400\" height=\"933\" title=\"\" srcset=\"\" data-srcset=\"https:\/\/www.mkreborns.com\/wp-content\/uploads\/2026\/03\/Boy-reborn-doll14.jpg 1400w, https:\/\/www.mkreborns.com\/wp-content\/uploads\/2026\/03\/Boy-reborn-doll14-400x267.jpg 400w, https:\/\/www.mkreborns.com\/wp-content\/uploads\/2026\/03\/Boy-reborn-doll14-1200x800.jpg 1200w, https:\/\/www.mkreborns.com\/wp-content\/uploads\/2026\/03\/Boy-reborn-doll14-768x512.jpg 768w, https:\/\/www.mkreborns.com\/wp-content\/uploads\/2026\/03\/Boy-reborn-doll14-18x12.jpg 18w, https:\/\/www.mkreborns.com\/wp-content\/uploads\/2026\/03\/Boy-reborn-doll14-700x467.jpg 700w, https:\/\/www.mkreborns.com\/wp-content\/uploads\/2026\/03\/Boy-reborn-doll14-150x100.jpg 150w\" sizes=\"(max-width: 1400px) 100vw, 1400px\" \/><\/p>","protected":false},"excerpt":{"rendered":"<p>P\u0103pu\u0219ile reborn realiste sunt potrivite pentru o varietate de persoane. Ele pot servi nu doar ca tovar\u0103\u0219i pentru copii, ci \u0219i pot atenua singur\u0103tatea persoanelor \u00een v\u00e2rst\u0103, tinerilor \u0219i persoanelor de v\u00e2rst\u0103 mijlocie.<\/p>","protected":false},"featured_media":3806,"comment_status":"open","ping_status":"closed","template":"","meta":[],"product_brand":[],"product_cat":[158,144,155,146,153],"product_tag":[],"class_list":{"0":"post-3800","1":"product","2":"type-product","3":"status-publish","4":"has-post-thumbnail","6":"product_cat-15-inch-baby-dolls","7":"product_cat-baby-girl-reborn-dolls","8":"product_cat-cute-reborn-dolls","9":"product_cat-full-silicone-reborn-dolls","10":"product_cat-newborn-reborn-dolls","12":"first","13":"instock","14":"sale","15":"shipping-taxable","16":"purchasable","17":"product-type-simple"},"_links":{"self":[{"href":"https:\/\/www.mkreborns.com\/ro\/wp-json\/wp\/v2\/product\/3800","targetHints":{"allow":["GET"]}}],"collection":[{"href":"https:\/\/www.mkreborns.com\/ro\/wp-json\/wp\/v2\/product"}],"about":[{"href":"https:\/\/www.mkreborns.com\/ro\/wp-json\/wp\/v2\/types\/product"}],"replies":[{"embeddable":true,"href":"https:\/\/www.mkreborns.com\/ro\/wp-json\/wp\/v2\/comments?post=3800"}],"wp:featuredmedia":[{"embeddable":true,"href":"https:\/\/www.mkreborns.com\/ro\/wp-json\/wp\/v2\/media\/3806"}],"wp:attachment":[{"href":"https:\/\/www.mkreborns.com\/ro\/wp-json\/wp\/v2\/media?parent=3800"}],"wp:term":[{"taxonomy":"product_brand","embeddable":true,"href":"https:\/\/www.mkreborns.com\/ro\/wp-json\/wp\/v2\/product_brand?post=3800"},{"taxonomy":"product_cat","embeddable":true,"href":"https:\/\/www.mkreborns.com\/ro\/wp-json\/wp\/v2\/product_cat?post=3800"},{"taxonomy":"product_tag","embeddable":true,"href":"https:\/\/www.mkreborns.com\/ro\/wp-json\/wp\/v2\/product_tag?post=3800"}],"curies":[{"name":"wp","href":"https:\/\/api.w.org\/{rel}","templated":true}]}}