{"id":3742,"date":"2026-03-08T14:06:59","date_gmt":"2026-03-08T14:06:59","guid":{"rendered":"https:\/\/www.mkreborns.com\/?post_type=product&#038;p=3742"},"modified":"2026-03-18T14:28:06","modified_gmt":"2026-03-18T14:28:06","slug":"bonnie-silicone-real-life-reborn-doll","status":"publish","type":"product","link":"https:\/\/www.mkreborns.com\/ro\/product\/bonnie-silicone-real-life-reborn-doll\/","title":{"rendered":"P\u0103pu\u0219\u0103 Bonnie din silicon, din via\u021ba real\u0103, ren\u0103scut\u0103"},"content":{"rendered":"<p>Dup\u0103 ce alegi aceast\u0103 p\u0103pu\u0219\u0103 reborn, \u00eei po\u021bi da un nume \u0219i po\u021bi dezvolta treptat o leg\u0103tur\u0103 cu ea prin \u00eengrijirea zilnic\u0103, ad\u0103ug\u00e2nd o not\u0103 de confort vie\u021bii tale singuratice \u0219i obositoare. \u00cen timp ce ai grij\u0103 de p\u0103pu\u0219a reborn, \u00eei po\u021bi cump\u0103ra \u0219i haine \u0219i p\u0103l\u0103rii frumoase. Dac\u0103 trebuie s\u0103 o duci la diferite ocazii, \u00eei po\u021bi schimba \u0219i hainele \u0219i p\u0103l\u0103riile.<\/p>\n<p>Sex: B\u0103iat<br \/>\n\u00cen\u0103l\u021bime: 40 cm<br \/>\nGreutate: 1,8 kg<br \/>\nGreutatea ambalajului: 2,5 kg<br \/>\nDimensiunile ambalajului: 46*21*15cm<\/p>\n<p><img decoding=\"async\" class=\"aligncenter wp-image-3755 size-full\" src=\"https:\/\/www.mkreborns.com\/wp-content\/themes\/woodmart\/images\/lazy.svg\" data-src=\"https:\/\/www.mkreborns.com\/wp-content\/uploads\/2026\/03\/closed-eye-reborn-doll13.jpg\" alt=\"\" width=\"1400\" height=\"2100\" title=\"\" srcset=\"\" data-srcset=\"https:\/\/www.mkreborns.com\/wp-content\/uploads\/2026\/03\/closed-eye-reborn-doll13.jpg 1400w, https:\/\/www.mkreborns.com\/wp-content\/uploads\/2026\/03\/closed-eye-reborn-doll13-200x300.jpg 200w, https:\/\/www.mkreborns.com\/wp-content\/uploads\/2026\/03\/closed-eye-reborn-doll13-533x800.jpg 533w, https:\/\/www.mkreborns.com\/wp-content\/uploads\/2026\/03\/closed-eye-reborn-doll13-768x1152.jpg 768w, https:\/\/www.mkreborns.com\/wp-content\/uploads\/2026\/03\/closed-eye-reborn-doll13-1024x1536.jpg 1024w, https:\/\/www.mkreborns.com\/wp-content\/uploads\/2026\/03\/closed-eye-reborn-doll13-1365x2048.jpg 1365w, https:\/\/www.mkreborns.com\/wp-content\/uploads\/2026\/03\/closed-eye-reborn-doll13-8x12.jpg 8w, https:\/\/www.mkreborns.com\/wp-content\/uploads\/2026\/03\/closed-eye-reborn-doll13-700x1050.jpg 700w, https:\/\/www.mkreborns.com\/wp-content\/uploads\/2026\/03\/closed-eye-reborn-doll13-150x225.jpg 150w\" sizes=\"(max-width: 1400px) 100vw, 1400px\" \/> <img decoding=\"async\" class=\"aligncenter wp-image-3754 size-full\" src=\"https:\/\/www.mkreborns.com\/wp-content\/themes\/woodmart\/images\/lazy.svg\" data-src=\"https:\/\/www.mkreborns.com\/wp-content\/uploads\/2026\/03\/closed-eye-reborn-doll12.jpg\" alt=\"P\u0103pu\u0219\u0103 reborn mini din silicon, pentru colec\u021bionari \u0219i copii. P\u0103pu\u0219\u0103 bebelu\u0219 realist\u0103, moale \u0219i cu aspect de animale de companie.\" width=\"1400\" height=\"2100\" title=\"\" srcset=\"\" data-srcset=\"https:\/\/www.mkreborns.com\/wp-content\/uploads\/2026\/03\/closed-eye-reborn-doll12.jpg 1400w, https:\/\/www.mkreborns.com\/wp-content\/uploads\/2026\/03\/closed-eye-reborn-doll12-200x300.jpg 200w, https:\/\/www.mkreborns.com\/wp-content\/uploads\/2026\/03\/closed-eye-reborn-doll12-533x800.jpg 533w, https:\/\/www.mkreborns.com\/wp-content\/uploads\/2026\/03\/closed-eye-reborn-doll12-768x1152.jpg 768w, https:\/\/www.mkreborns.com\/wp-content\/uploads\/2026\/03\/closed-eye-reborn-doll12-1024x1536.jpg 1024w, https:\/\/www.mkreborns.com\/wp-content\/uploads\/2026\/03\/closed-eye-reborn-doll12-1365x2048.jpg 1365w, https:\/\/www.mkreborns.com\/wp-content\/uploads\/2026\/03\/closed-eye-reborn-doll12-8x12.jpg 8w, https:\/\/www.mkreborns.com\/wp-content\/uploads\/2026\/03\/closed-eye-reborn-doll12-700x1050.jpg 700w, https:\/\/www.mkreborns.com\/wp-content\/uploads\/2026\/03\/closed-eye-reborn-doll12-150x225.jpg 150w\" sizes=\"(max-width: 1400px) 100vw, 1400px\" \/> <img decoding=\"async\" class=\"aligncenter wp-image-3744 size-full\" src=\"https:\/\/www.mkreborns.com\/wp-content\/themes\/woodmart\/images\/lazy.svg\" data-src=\"https:\/\/www.mkreborns.com\/wp-content\/uploads\/2026\/03\/closed-eye-reborn-doll2.jpg\" alt=\"\" width=\"1400\" height=\"2100\" title=\"\" srcset=\"\" data-srcset=\"https:\/\/www.mkreborns.com\/wp-content\/uploads\/2026\/03\/closed-eye-reborn-doll2.jpg 1400w, https:\/\/www.mkreborns.com\/wp-content\/uploads\/2026\/03\/closed-eye-reborn-doll2-200x300.jpg 200w, https:\/\/www.mkreborns.com\/wp-content\/uploads\/2026\/03\/closed-eye-reborn-doll2-533x800.jpg 533w, https:\/\/www.mkreborns.com\/wp-content\/uploads\/2026\/03\/closed-eye-reborn-doll2-768x1152.jpg 768w, https:\/\/www.mkreborns.com\/wp-content\/uploads\/2026\/03\/closed-eye-reborn-doll2-1024x1536.jpg 1024w, https:\/\/www.mkreborns.com\/wp-content\/uploads\/2026\/03\/closed-eye-reborn-doll2-1365x2048.jpg 1365w, https:\/\/www.mkreborns.com\/wp-content\/uploads\/2026\/03\/closed-eye-reborn-doll2-8x12.jpg 8w, https:\/\/www.mkreborns.com\/wp-content\/uploads\/2026\/03\/closed-eye-reborn-doll2-700x1050.jpg 700w, https:\/\/www.mkreborns.com\/wp-content\/uploads\/2026\/03\/closed-eye-reborn-doll2-150x225.jpg 150w\" sizes=\"(max-width: 1400px) 100vw, 1400px\" \/><\/p>","protected":false},"excerpt":{"rendered":"<p>Odat\u0103 ce alegi aceast\u0103 p\u0103pu\u0219\u0103 ren\u0103scut\u0103, \u00eei po\u021bi da un nume \u0219i po\u021bi dezvolta treptat o leg\u0103tur\u0103 cu ea prin intermediul...<\/p>","protected":false},"featured_media":3756,"comment_status":"open","ping_status":"closed","template":"","meta":[],"product_brand":[],"product_cat":[145,158,155,146,153],"product_tag":[],"class_list":{"0":"post-3742","1":"product","2":"type-product","3":"status-publish","4":"has-post-thumbnail","6":"product_cat-baby-boy-reborn-dolls","7":"product_cat-15-inch-baby-dolls","8":"product_cat-cute-reborn-dolls","9":"product_cat-full-silicone-reborn-dolls","10":"product_cat-newborn-reborn-dolls","12":"first","13":"instock","14":"sale","15":"shipping-taxable","16":"purchasable","17":"product-type-simple"},"_links":{"self":[{"href":"https:\/\/www.mkreborns.com\/ro\/wp-json\/wp\/v2\/product\/3742","targetHints":{"allow":["GET"]}}],"collection":[{"href":"https:\/\/www.mkreborns.com\/ro\/wp-json\/wp\/v2\/product"}],"about":[{"href":"https:\/\/www.mkreborns.com\/ro\/wp-json\/wp\/v2\/types\/product"}],"replies":[{"embeddable":true,"href":"https:\/\/www.mkreborns.com\/ro\/wp-json\/wp\/v2\/comments?post=3742"}],"wp:featuredmedia":[{"embeddable":true,"href":"https:\/\/www.mkreborns.com\/ro\/wp-json\/wp\/v2\/media\/3756"}],"wp:attachment":[{"href":"https:\/\/www.mkreborns.com\/ro\/wp-json\/wp\/v2\/media?parent=3742"}],"wp:term":[{"taxonomy":"product_brand","embeddable":true,"href":"https:\/\/www.mkreborns.com\/ro\/wp-json\/wp\/v2\/product_brand?post=3742"},{"taxonomy":"product_cat","embeddable":true,"href":"https:\/\/www.mkreborns.com\/ro\/wp-json\/wp\/v2\/product_cat?post=3742"},{"taxonomy":"product_tag","embeddable":true,"href":"https:\/\/www.mkreborns.com\/ro\/wp-json\/wp\/v2\/product_tag?post=3742"}],"curies":[{"name":"wp","href":"https:\/\/api.w.org\/{rel}","templated":true}]}}