{"id":3622,"date":"2026-02-04T15:19:37","date_gmt":"2026-02-04T15:19:37","guid":{"rendered":"https:\/\/www.mkreborns.com\/?post_type=product&#038;p=3622"},"modified":"2026-03-18T15:10:13","modified_gmt":"2026-03-18T15:10:13","slug":"bagot-miniature-cuddle-fake-reborn-dolls","status":"publish","type":"product","link":"https:\/\/www.mkreborns.com\/ro\/product\/bagot-miniature-cuddle-fake-reborn-dolls\/","title":{"rendered":"P\u0103pu\u0219i Bagot Miniature Cuddle Fake Reborn"},"content":{"rendered":"<p>P\u0103pu\u0219ile reborn au un aspect realist \u0219i pot fi folosite ca juc\u0103rii educa\u021bionale pentru copii. P\u0103pu\u0219ile reborn \u00een miniatur\u0103 sunt u\u0219oare \u0219i de dimensiuni mici, astfel \u00eenc\u00e2t copiii le pot ridica \u0219i pune jos cu u\u0219urin\u021b\u0103. Aspectul realist al p\u0103pu\u0219ilor reborn \u00eei poate \u00eendruma pe copii s\u0103 dezvolte empatia \u0219i responsabilitatea prin jocul de rol \u0219i s\u0103 \u00eenve\u021be s\u0103 aib\u0103 grij\u0103 de ceilal\u021bi.<\/p>\n<p>&nbsp;<\/p>\n<p>Sex: B\u0103iat<br \/>\nGreutate: 1,3 kg<br \/>\n\u00cen\u0103l\u021bime: 45 cm<br \/>\nMaterial: PVC<\/p>\n<p>&nbsp;<\/p>\n<div style=\"width: 720px;\" class=\"wp-video\"><video class=\"wp-video-shortcode\" id=\"video-3622-1\" width=\"720\" height=\"960\" preload=\"metadata\" controls=\"controls\"><source type=\"video\/mp4\" src=\"https:\/\/www.mkreborns.com\/wp-content\/uploads\/2026\/02\/Bagot-Cuddle-Reborn.mp4?_=1\" \/><a href=\"https:\/\/www.mkreborns.com\/wp-content\/uploads\/2026\/02\/Bagot-Cuddle-Reborn.mp4\">https:\/\/www.mkreborns.com\/wp-content\/uploads\/2026\/02\/Bagot-Cuddle-Reborn.mp4<\/a><\/video><\/div>\n<p><img decoding=\"async\" class=\"aligncenter wp-image-3631 size-full\" src=\"https:\/\/www.mkreborns.com\/wp-content\/themes\/woodmart\/images\/lazy.svg\" data-src=\"https:\/\/www.mkreborns.com\/wp-content\/uploads\/2026\/02\/Bagot-Cuddle-Reborn9.jpg\" alt=\"P\u0103pu\u0219\u0103 miniatural\u0103 ren\u0103scut\u0103 autentic\u0103 Bagot, cu m\u00e2ini moi \u0219i fa\u021b\u0103 moale.\" width=\"800\" height=\"800\" title=\"\" srcset=\"\" data-srcset=\"https:\/\/www.mkreborns.com\/wp-content\/uploads\/2026\/02\/Bagot-Cuddle-Reborn9.jpg 800w, https:\/\/www.mkreborns.com\/wp-content\/uploads\/2026\/02\/Bagot-Cuddle-Reborn9-150x150.jpg 150w, https:\/\/www.mkreborns.com\/wp-content\/uploads\/2026\/02\/Bagot-Cuddle-Reborn9-700x700.jpg 700w, https:\/\/www.mkreborns.com\/wp-content\/uploads\/2026\/02\/Bagot-Cuddle-Reborn9-300x300.jpg 300w, https:\/\/www.mkreborns.com\/wp-content\/uploads\/2026\/02\/Bagot-Cuddle-Reborn9-768x768.jpg 768w\" sizes=\"(max-width: 800px) 100vw, 800px\" \/> <img decoding=\"async\" class=\"aligncenter wp-image-3629 size-full\" src=\"https:\/\/www.mkreborns.com\/wp-content\/themes\/woodmart\/images\/lazy.svg\" data-src=\"https:\/\/www.mkreborns.com\/wp-content\/uploads\/2026\/02\/Bagot-Cuddle-Reborn7.jpg\" alt=\"P\u0103pu\u0219\u0103 reborn miniatural\u0103 adorabil\u0103 cu \u021binut\u0103, p\u0103l\u0103rie \u0219i accesorii pentru colec\u021bionari.\" width=\"800\" height=\"800\" title=\"\" srcset=\"\" data-srcset=\"https:\/\/www.mkreborns.com\/wp-content\/uploads\/2026\/02\/Bagot-Cuddle-Reborn7.jpg 800w, https:\/\/www.mkreborns.com\/wp-content\/uploads\/2026\/02\/Bagot-Cuddle-Reborn7-150x150.jpg 150w, https:\/\/www.mkreborns.com\/wp-content\/uploads\/2026\/02\/Bagot-Cuddle-Reborn7-700x700.jpg 700w, https:\/\/www.mkreborns.com\/wp-content\/uploads\/2026\/02\/Bagot-Cuddle-Reborn7-300x300.jpg 300w, https:\/\/www.mkreborns.com\/wp-content\/uploads\/2026\/02\/Bagot-Cuddle-Reborn7-768x768.jpg 768w\" sizes=\"(max-width: 800px) 100vw, 800px\" \/><\/p>","protected":false},"excerpt":{"rendered":"<p>P\u0103pu\u0219ile reborn \u00een miniatur\u0103 pot fi folosite ca juc\u0103rii pentru a ajuta persoanele care au pierdut un copil s\u0103 fac\u0103 fa\u021b\u0103 durerii \u0219i s\u0103 \u00ee\u0219i atenueze durerea.<\/p>\n<p>Gura p\u0103pu\u0219ii Reborn este magnetic\u0103, permi\u021b\u00e2ndu-v\u0103 s\u0103 folosi\u021bi o suzet\u0103 magnetic\u0103.<\/p>","protected":false},"featured_media":3630,"comment_status":"open","ping_status":"closed","template":"","meta":[],"product_brand":[],"product_cat":[151,145,154,153,152],"product_tag":[],"class_list":{"0":"post-3622","1":"product","2":"type-product","3":"status-publish","4":"has-post-thumbnail","6":"product_cat-18-inch-reborn-dolls","7":"product_cat-baby-boy-reborn-dolls","8":"product_cat-lifelike-reborn-dolls","9":"product_cat-newborn-reborn-dolls","10":"product_cat-vinyl-reborn-dolls","12":"first","13":"instock","14":"sale","15":"shipping-taxable","16":"purchasable","17":"product-type-simple"},"_links":{"self":[{"href":"https:\/\/www.mkreborns.com\/ro\/wp-json\/wp\/v2\/product\/3622","targetHints":{"allow":["GET"]}}],"collection":[{"href":"https:\/\/www.mkreborns.com\/ro\/wp-json\/wp\/v2\/product"}],"about":[{"href":"https:\/\/www.mkreborns.com\/ro\/wp-json\/wp\/v2\/types\/product"}],"replies":[{"embeddable":true,"href":"https:\/\/www.mkreborns.com\/ro\/wp-json\/wp\/v2\/comments?post=3622"}],"wp:featuredmedia":[{"embeddable":true,"href":"https:\/\/www.mkreborns.com\/ro\/wp-json\/wp\/v2\/media\/3630"}],"wp:attachment":[{"href":"https:\/\/www.mkreborns.com\/ro\/wp-json\/wp\/v2\/media?parent=3622"}],"wp:term":[{"taxonomy":"product_brand","embeddable":true,"href":"https:\/\/www.mkreborns.com\/ro\/wp-json\/wp\/v2\/product_brand?post=3622"},{"taxonomy":"product_cat","embeddable":true,"href":"https:\/\/www.mkreborns.com\/ro\/wp-json\/wp\/v2\/product_cat?post=3622"},{"taxonomy":"product_tag","embeddable":true,"href":"https:\/\/www.mkreborns.com\/ro\/wp-json\/wp\/v2\/product_tag?post=3622"}],"curies":[{"name":"wp","href":"https:\/\/api.w.org\/{rel}","templated":true}]}}