{"id":3552,"date":"2026-01-30T08:42:16","date_gmt":"2026-01-30T08:42:16","guid":{"rendered":"https:\/\/www.mkreborns.com\/?post_type=product&#038;p=3552"},"modified":"2026-03-18T15:09:45","modified_gmt":"2026-03-18T15:09:45","slug":"owen-lifelike-pvc-baby-reborn-doll","status":"publish","type":"product","link":"https:\/\/www.mkreborns.com\/ro\/product\/owen-lifelike-pvc-baby-reborn-doll\/","title":{"rendered":"P\u0103pu\u0219\u0103 ren\u0103scut\u0103 Owen din PVC realist\u0103"},"content":{"rendered":"<p>Unul dintre cele mai atractive avantaje ale acestor p\u0103pu\u0219i reborn din vinil este pre\u021bul lor. P\u0103pu\u0219ile reborn din silicon integral sunt de obicei mult mai scumpe din cauza diferen\u021belor de materiale \u0219i procese de vopsire. Pe de alt\u0103 parte, p\u0103pu\u0219ile reborn din vinil integral sunt relativ ieftine, dar multe sunt totu\u0219i capodopere artistice. Aceasta \u00eenseamn\u0103 c\u0103 pute\u021bi cump\u0103ra o p\u0103pu\u0219\u0103 Reborn la fel de frumoas\u0103 \u0219i reconfortant\u0103 pentru mai pu\u021bini bani, ceea ce o face o op\u021biune foarte prietenoas\u0103 pentru cei care cump\u0103r\u0103 pentru prima dat\u0103 sau pentru cei cu buget limitat. Dac\u0103 sunte\u021bi \u00een c\u0103utarea unui cadou pentru un prieten sau un membru al familiei, o p\u0103pu\u0219\u0103 reborn din vinil de \u00eenalt\u0103 calitate este, de asemenea, o alegere excelent\u0103.<\/p>\n<p>P\u0103pu\u0219a ren\u0103scut\u0103 arat\u0103 incredibil de dr\u0103gu\u021b\u0103 \u00een timp ce suge mul\u021bumit\u0103 suzeta.<\/p>\n<p>Sex: B\u0103iat<br \/>\nGreutate: 1,3 kg<br \/>\n\u00cen\u0103l\u021bime: 45 cm<br \/>\nMaterial: PVC<\/p>\n<div style=\"width: 720px;\" class=\"wp-video\"><video class=\"wp-video-shortcode\" id=\"video-3552-1\" width=\"720\" height=\"960\" preload=\"metadata\" controls=\"controls\"><source type=\"video\/mp4\" src=\"https:\/\/www.mkreborns.com\/wp-content\/uploads\/2026\/01\/angel-baby-doll.mp4?_=1\" \/><a href=\"https:\/\/www.mkreborns.com\/wp-content\/uploads\/2026\/01\/angel-baby-doll.mp4\">https:\/\/www.mkreborns.com\/wp-content\/uploads\/2026\/01\/angel-baby-doll.mp4<\/a><\/video><\/div>\n<p><img decoding=\"async\" class=\"aligncenter wp-image-3601 size-full\" src=\"https:\/\/www.mkreborns.com\/wp-content\/themes\/woodmart\/images\/lazy.svg\" data-src=\"https:\/\/www.mkreborns.com\/wp-content\/uploads\/2026\/01\/angel-baby-doll10.jpg\" alt=\"\" width=\"800\" height=\"800\" title=\"\" srcset=\"\" data-srcset=\"https:\/\/www.mkreborns.com\/wp-content\/uploads\/2026\/01\/angel-baby-doll10.jpg 800w, https:\/\/www.mkreborns.com\/wp-content\/uploads\/2026\/01\/angel-baby-doll10-150x150.jpg 150w, https:\/\/www.mkreborns.com\/wp-content\/uploads\/2026\/01\/angel-baby-doll10-700x700.jpg 700w, https:\/\/www.mkreborns.com\/wp-content\/uploads\/2026\/01\/angel-baby-doll10-300x300.jpg 300w, https:\/\/www.mkreborns.com\/wp-content\/uploads\/2026\/01\/angel-baby-doll10-768x768.jpg 768w\" sizes=\"(max-width: 800px) 100vw, 800px\" \/><img decoding=\"async\" class=\"aligncenter wp-image-3599 size-full\" src=\"https:\/\/www.mkreborns.com\/wp-content\/themes\/woodmart\/images\/lazy.svg\" data-src=\"https:\/\/www.mkreborns.com\/wp-content\/uploads\/2026\/01\/angel-baby-doll8.jpg\" alt=\"P\u0103pu\u0219\u0103 realist\u0103 din PVC pentru colec\u021bionari \u0219i copii.\" width=\"800\" height=\"800\" title=\"\" srcset=\"\" data-srcset=\"https:\/\/www.mkreborns.com\/wp-content\/uploads\/2026\/01\/angel-baby-doll8.jpg 800w, https:\/\/www.mkreborns.com\/wp-content\/uploads\/2026\/01\/angel-baby-doll8-150x150.jpg 150w, https:\/\/www.mkreborns.com\/wp-content\/uploads\/2026\/01\/angel-baby-doll8-700x700.jpg 700w, https:\/\/www.mkreborns.com\/wp-content\/uploads\/2026\/01\/angel-baby-doll8-300x300.jpg 300w, https:\/\/www.mkreborns.com\/wp-content\/uploads\/2026\/01\/angel-baby-doll8-768x768.jpg 768w\" sizes=\"(max-width: 800px) 100vw, 800px\" \/><\/p>","protected":false},"excerpt":{"rendered":"<p>Cump\u0103r\u0103 aceast\u0103 p\u0103pu\u0219\u0103 reborn din vinil \u0219i prime\u0219ti gratuit haine, scutece \u0219i un certificat de na\u0219tere. Gura p\u0103pu\u0219ii Reborn este magnetic\u0103, permi\u021b\u00e2ndu-\u021bi s\u0103 folose\u0219ti o suzet\u0103 magnetic\u0103.<\/p>","protected":false},"featured_media":3592,"comment_status":"open","ping_status":"closed","template":"","meta":[],"product_brand":[],"product_cat":[151,145,154,157,152],"product_tag":[],"class_list":{"0":"post-3552","1":"product","2":"type-product","3":"status-publish","4":"has-post-thumbnail","6":"product_cat-18-inch-reborn-dolls","7":"product_cat-baby-boy-reborn-dolls","8":"product_cat-lifelike-reborn-dolls","9":"product_cat-real-life-baby-dolls","10":"product_cat-vinyl-reborn-dolls","12":"first","13":"instock","14":"sale","15":"shipping-taxable","16":"purchasable","17":"product-type-simple"},"_links":{"self":[{"href":"https:\/\/www.mkreborns.com\/ro\/wp-json\/wp\/v2\/product\/3552","targetHints":{"allow":["GET"]}}],"collection":[{"href":"https:\/\/www.mkreborns.com\/ro\/wp-json\/wp\/v2\/product"}],"about":[{"href":"https:\/\/www.mkreborns.com\/ro\/wp-json\/wp\/v2\/types\/product"}],"replies":[{"embeddable":true,"href":"https:\/\/www.mkreborns.com\/ro\/wp-json\/wp\/v2\/comments?post=3552"}],"wp:featuredmedia":[{"embeddable":true,"href":"https:\/\/www.mkreborns.com\/ro\/wp-json\/wp\/v2\/media\/3592"}],"wp:attachment":[{"href":"https:\/\/www.mkreborns.com\/ro\/wp-json\/wp\/v2\/media?parent=3552"}],"wp:term":[{"taxonomy":"product_brand","embeddable":true,"href":"https:\/\/www.mkreborns.com\/ro\/wp-json\/wp\/v2\/product_brand?post=3552"},{"taxonomy":"product_cat","embeddable":true,"href":"https:\/\/www.mkreborns.com\/ro\/wp-json\/wp\/v2\/product_cat?post=3552"},{"taxonomy":"product_tag","embeddable":true,"href":"https:\/\/www.mkreborns.com\/ro\/wp-json\/wp\/v2\/product_tag?post=3552"}],"curies":[{"name":"wp","href":"https:\/\/api.w.org\/{rel}","templated":true}]}}