{"id":3455,"date":"2026-01-21T15:17:36","date_gmt":"2026-01-21T15:17:36","guid":{"rendered":"https:\/\/www.mkreborns.com\/?page_id=3455"},"modified":"2026-01-21T15:17:36","modified_gmt":"2026-01-21T15:17:36","slug":"help-faqs","status":"publish","type":"page","link":"https:\/\/www.mkreborns.com\/ro\/help-faqs\/","title":{"rendered":"Ajutor \u0219i \u00centreb\u0103ri frecvente"},"content":{"rendered":"<h3>Cum ar trebui s\u0103 sp\u0103l \u0219i s\u0103 \u00eengrijesc p\u0103pu\u0219a mea ren\u0103scut\u0103?<\/h3>\n<div>P\u0103pu\u0219ile din silicon pot fi sp\u0103late u\u0219or. P\u0103pu\u0219ile cu corp din p\u00e2nz\u0103 trebuie cur\u0103\u021bate doar cu o c\u00e2rp\u0103 u\u0219or umezit\u0103 \u0219i apoi uscate la aer \u00eentr-un spa\u021biu bine ventilat.<br \/>\nC\u00e2nd nu este utilizat\u0103, v\u0103 recomand\u0103m s\u0103 depozita\u021bi p\u0103pu\u0219a \u00een siguran\u021b\u0103 \u00een cutia sa \u0219i s\u0103 o feri\u021bi de lumina soarelui prelungit\u0103.<\/div>\n<hr \/>\n<h3>Pot fi bebelu\u0219ii t\u0103i poza\u021bi?<\/h3>\n<div>Da. To\u021bi bebelu\u0219ii Mk Reborns au un anumit grad de articula\u021bie. Cu toate acestea, la fel ca bebelu\u0219ii reali, ace\u0219tia pot necesita sprijin u\u0219or sau leg\u0103nare pentru a men\u021bine anumite pozi\u021bii.<\/div>\n<hr \/>\n<h3>P\u0103pu\u0219ile reborn vin cu accesorii?<\/h3>\n<div>Absolut. Fiecare bebelu\u0219 Mk Reborn ajunge complet \u00eembr\u0103cat, cu suzet\u0103 \u0219i scutec. P\u0103pu\u0219a ta este gata de \u00eembr\u0103\u021bi\u0219\u0103ri din momentul \u00een care este despachetat\u0103.<\/div>\n<hr \/>\n<h3>Cutele ro\u0219u \u00eenchis de pe piele sunt defecte sau zg\u00e2rieturi?<\/h3>\n<div>Deloc. Aceste cute ro\u0219ii mai intense sunt o caracteristic\u0103 distinctiv\u0103 \u0219i inten\u021bionat\u0103, nu defecte. Apar \u00een mod natural \u00een jurul membrelor, \u00een special la p\u0103pu\u0219ile cu dimensiuni de 55-60 cm \u0219i sporesc realismul.<\/div>\n<hr \/>\n<h3>Ce m\u0103rimi de haine se potrivesc diferitelor dimensiuni de p\u0103pu\u0219i reborn?<\/h3>\n<div>P\u0103pu\u0219ile noastre au dimensiuni cuprinse \u00eentre 5 \u0219i 24 de inci:<\/div>\n<ul>\n<li>5 inci: Sunt necesare \u00eembr\u0103c\u0103minte f\u0103cut\u0103 la comand\u0103<\/li>\n<li>30\u201350 cm: Potrivit pentru haine de nou-n\u0103scut \/ bebelu\u0219i cu v\u00e2rsta cuprins\u0103 \u00eentre 0 \u0219i 3 luni<\/li>\n<li>22 de inci: Se potrive\u0219te cu haine pentru bebelu\u0219i de 3-6 luni<\/li>\n<li>24 de inci: Potrivit pentru haine de bebelu\u0219i cu v\u00e2rsta cuprins\u0103 \u00eentre 6 \u0219i 9 luni<\/li>\n<\/ul>\n<hr \/>\n<h3>P\u0103pu\u0219ile voastre reborn con\u021bin magne\u021bi?<\/h3>\n<div>Da. Multe dintre p\u0103pu\u0219ile noastre includ magne\u021bi mici (pentru suzete sau accesorii). Aceste p\u0103pu\u0219i nu sunt recomandate persoanelor cu stimulatoare cardiace, aparate auditive sau sensibilitate la c\u00e2mpuri magnetice.<\/div>\n<hr \/>\n<h3>P\u0103pu\u0219ile tale sunt potrivite pentru copii sub 14 ani?<\/h3>\n<div>Toate p\u0103pu\u0219ile Mk Reborns sunt testate pentru siguran\u021b\u0103 \u0219i potrivite pentru v\u00e2rstele de 3 ani \u0219i peste, de\u0219i colec\u021bionarii adul\u021bi le apreciaz\u0103 \u00een mod special.<br \/>\nP\u0103pu\u0219ile noastre mini de 5 inci sunt potrivite pentru copiii mai mici doar sub supravegherea atent\u0103 a unui adult.<\/div>\n<hr \/>\n<h3>Ce metode de plat\u0103 accepta\u021bi?<\/h3>\n<div>Comenzile pot fi plasate direct pe site-ul nostru web folosind principalele carduri de credit, carduri de debit sau PayPal.<\/div>\n<hr \/>\n<h3>Cum \u00eemi urm\u0103resc comanda \u0219i timpul de livrare?<\/h3>\n<div>Dup\u0103 ce comanda dvs. este expediat\u0103, ve\u021bi primi un e-mail de confirmare care con\u021bine un num\u0103r de urm\u0103rire.<br \/>\nPentru metodele de livrare \u0219i timpii estima\u021bi de livrare, v\u0103 rug\u0103m s\u0103 consulta\u021bi pagina noastr\u0103 cu Informa\u021bii despre livrare.<\/div>\n<hr \/>\n<h3>Livra\u021bi \u00een \u021bara mea?<\/h3>\n<div>Da. De\u021binem stocuri locale \u00een Statele Unite, UE, Canada, Australia \u0219i Regatul Unit.<br \/>\nComenzile sunt livrate \u00een termen de 3-7 zile lucr\u0103toare, iar livrarea este gratuit\u0103 pentru toate achizi\u021biile de p\u0103pu\u0219i reborn.<\/div>\n<hr \/>\n<h3>\u00cenc\u0103 mai ai nevoie de ajutor?<\/h3>\n<div>Suntem \u00eentotdeauna bucuro\u0219i s\u0103 v\u0103 ajut\u0103m.<\/div>\n<div>\ud83d\udce7 E-mail: <a href=\"mailto:support@mkreborns.com\">support@mkreborns.com<\/a><\/div>","protected":false},"excerpt":{"rendered":"<p>Cum ar trebui s\u0103 sp\u0103l \u0219i s\u0103 \u00eengrijesc p\u0103pu\u0219a mea ren\u0103scut\u0103? P\u0103pu\u0219ile complet din silicon pot fi \u00eemb\u0103iate u\u0219or. P\u0103pu\u0219ile cu corp din p\u00e2nz\u0103 ar trebui<\/p>","protected":false},"author":1,"featured_media":0,"parent":0,"menu_order":0,"comment_status":"closed","ping_status":"closed","template":"","meta":{"footnotes":""},"class_list":["post-3455","page","type-page","status-publish","hentry"],"_links":{"self":[{"href":"https:\/\/www.mkreborns.com\/ro\/wp-json\/wp\/v2\/pages\/3455","targetHints":{"allow":["GET"]}}],"collection":[{"href":"https:\/\/www.mkreborns.com\/ro\/wp-json\/wp\/v2\/pages"}],"about":[{"href":"https:\/\/www.mkreborns.com\/ro\/wp-json\/wp\/v2\/types\/page"}],"author":[{"embeddable":true,"href":"https:\/\/www.mkreborns.com\/ro\/wp-json\/wp\/v2\/users\/1"}],"replies":[{"embeddable":true,"href":"https:\/\/www.mkreborns.com\/ro\/wp-json\/wp\/v2\/comments?post=3455"}],"version-history":[{"count":0,"href":"https:\/\/www.mkreborns.com\/ro\/wp-json\/wp\/v2\/pages\/3455\/revisions"}],"wp:attachment":[{"href":"https:\/\/www.mkreborns.com\/ro\/wp-json\/wp\/v2\/media?parent=3455"}],"curies":[{"name":"wp","href":"https:\/\/api.w.org\/{rel}","templated":true}]}}