{"id":4614,"date":"2026-05-07T01:55:32","date_gmt":"2026-05-07T01:55:32","guid":{"rendered":"https:\/\/www.mkreborns.com\/?post_type=product&#038;p=4614"},"modified":"2026-05-07T03:27:22","modified_gmt":"2026-05-07T03:27:22","slug":"potato-7-inch-mini-reborn-dolls-smiling-baby-toy","status":"publish","type":"product","link":"https:\/\/www.mkreborns.com\/pt\/product\/potato-7-inch-mini-reborn-dolls-smiling-baby-toy\/","title":{"rendered":"Mini boneca reborn de 7 polegadas, beb\u00ea sorridente."},"content":{"rendered":"<h2>Mini bonecas reborn em formato de batata com detalhes de sorriso encantador.<\/h2>\n<div>Potato \u00e9 uma das mini bonecas reborn mais encantadoras criadas para colecionadores que adoram pequenas companheiras realistas. Com sua express\u00e3o alegre, escultura delicada e v\u00edvidos olhos azuis de acr\u00edlico, Potato carrega o charme de um rec\u00e9m-nascido tranquilo em suas m\u00e3os. Seu tamanho compacto de 18 cm a torna ideal para exibi\u00e7\u00e3o em prateleiras, como companheira de viagem, como adere\u00e7o fotogr\u00e1fico e para momentos especiais de presentear.<\/div>\n<h3>Uma pequena boneca reborn sorridente e cheia de personalidade.<\/h3>\n<div>Diferentemente das figuras de brinquedo comuns, Potato \u00e9 feita de vinil macio, o que confere \u00e0 boneca uma textura suave e delicada. Seus membros articulados e cabe\u00e7a flex\u00edvel permitem poses naturais, enquanto seu sorriso de boneca reborn cria uma atmosfera acolhedora em qualquer quarto de beb\u00ea ou cole\u00e7\u00e3o de reborns. Colecionadores que procuram mini bonecas reborn \u00e0 venda geralmente buscam esculturas faciais distintas e propor\u00e7\u00f5es realistas, e Potato oferece ambos em um formato compacto com personalidade marcante.<\/div>\n<h2>Especifica\u00e7\u00f5es do produto<\/h2>\n<ul>\n<li>Nome da boneca: Batata<\/li>\n<li>Tamanho: 7 polegadas \/ 17 cm<\/li>\n<li>Material: Vinil macio<\/li>\n<li>G\u00eanero: Unissex<\/li>\n<li>Olhos: Olhos de acr\u00edlico azuis<\/li>\n<li>Posabilidade: Cabe\u00e7a e membros m\u00f3veis<\/li>\n<li>\u00c0 prova d&#039;\u00e1gua: Ideal para brincar na banheira<\/li>\n<li>Subst\u00e2ncia qu\u00edmica de alta preocupa\u00e7\u00e3o: Nenhuma<\/li>\n<\/ul>\n<div>Potato re\u00fane realismo, delicadeza e o valor art\u00edstico de uma pe\u00e7a colecion\u00e1vel em uma \u00fanica cria\u00e7\u00e3o em miniatura, tornando-a uma escolha encantadora para quem procura bonecas reborn em miniatura.<\/div>\n<p><img decoding=\"async\" src=\"https:\/\/www.mkreborns.com\/wp-content\/uploads\/2026\/05\/kf-Se154f858f6a849349cdcd76bbf1872d0W.webp\" alt=\"\" title=\"\"><img decoding=\"async\" src=\"https:\/\/www.mkreborns.com\/wp-content\/uploads\/2026\/05\/kf-S410aa67aa548435698fbd27a3fb64c19p.webp\" alt=\"\" title=\"\"><img decoding=\"async\" src=\"https:\/\/www.mkreborns.com\/wp-content\/uploads\/2026\/05\/kf-S4125dbf4d532429b9571597763eb7d3eI-1.webp\" alt=\"\" title=\"\"><img decoding=\"async\" src=\"https:\/\/www.mkreborns.com\/wp-content\/uploads\/2026\/05\/kf-Sf180e3a8185c4ab5a05c6659d3876e49U-1.webp\" alt=\"\" title=\"\"><img decoding=\"async\" src=\"https:\/\/www.mkreborns.com\/wp-content\/uploads\/2026\/05\/kf-S23d6d7b83f794931857b73f6bd85a9a9c-1.webp\" alt=\"\" title=\"\"><img decoding=\"async\" src=\"https:\/\/www.mkreborns.com\/wp-content\/uploads\/2026\/05\/kf-S9684c1e9c66040cfa84f6ae70eb82a03a-1.webp\" alt=\"\" title=\"\"><img decoding=\"async\" src=\"https:\/\/www.mkreborns.com\/wp-content\/uploads\/2026\/05\/kf-S2371c35111914378822505f3c2dd234bx-1.webp\" alt=\"\" title=\"\"><img decoding=\"async\" src=\"https:\/\/www.mkreborns.com\/wp-content\/uploads\/2026\/05\/kf-S213e1f76af814b5398bc23eda5fded5et.webp\" alt=\"\" title=\"\"><img decoding=\"async\" src=\"https:\/\/www.mkreborns.com\/wp-content\/uploads\/2026\/05\/kf-Sc2a2e60655264e8abb4ad94432039d95L.webp\" alt=\"\" title=\"\"><img decoding=\"async\" src=\"https:\/\/www.mkreborns.com\/wp-content\/uploads\/2026\/05\/kf-S6b0ee659018143f6ba8f9ba3cf98f50fd.webp\" alt=\"\" title=\"\"><\/p>","protected":false},"excerpt":{"rendered":"<div>Potato \u00e9 um pequeno companheiro sorridente com olhos azuis brilhantes e um corpo macio de vinil que cabe perfeitamente na palma da sua m\u00e3o. Este ador\u00e1vel beb\u00ea traz aconchego, conforto e detalhes realistas para cada cole\u00e7\u00e3o.<\/div>","protected":false},"featured_media":4615,"comment_status":"open","ping_status":"closed","template":"","meta":[],"product_brand":[],"product_cat":[250,145,144,155,152],"product_tag":[],"class_list":{"0":"post-4614","1":"product","2":"type-product","3":"status-publish","4":"has-post-thumbnail","6":"product_cat-7-inch-reborn-dolls","7":"product_cat-baby-boy-reborn-dolls","8":"product_cat-baby-girl-reborn-dolls","9":"product_cat-cute-reborn-dolls","10":"product_cat-vinyl-reborn-dolls","12":"first","13":"instock","14":"sale","15":"shipping-taxable","16":"purchasable","17":"product-type-simple"},"_links":{"self":[{"href":"https:\/\/www.mkreborns.com\/pt\/wp-json\/wp\/v2\/product\/4614","targetHints":{"allow":["GET"]}}],"collection":[{"href":"https:\/\/www.mkreborns.com\/pt\/wp-json\/wp\/v2\/product"}],"about":[{"href":"https:\/\/www.mkreborns.com\/pt\/wp-json\/wp\/v2\/types\/product"}],"replies":[{"embeddable":true,"href":"https:\/\/www.mkreborns.com\/pt\/wp-json\/wp\/v2\/comments?post=4614"}],"wp:featuredmedia":[{"embeddable":true,"href":"https:\/\/www.mkreborns.com\/pt\/wp-json\/wp\/v2\/media\/4615"}],"wp:attachment":[{"href":"https:\/\/www.mkreborns.com\/pt\/wp-json\/wp\/v2\/media?parent=4614"}],"wp:term":[{"taxonomy":"product_brand","embeddable":true,"href":"https:\/\/www.mkreborns.com\/pt\/wp-json\/wp\/v2\/product_brand?post=4614"},{"taxonomy":"product_cat","embeddable":true,"href":"https:\/\/www.mkreborns.com\/pt\/wp-json\/wp\/v2\/product_cat?post=4614"},{"taxonomy":"product_tag","embeddable":true,"href":"https:\/\/www.mkreborns.com\/pt\/wp-json\/wp\/v2\/product_tag?post=4614"}],"curies":[{"name":"wp","href":"https:\/\/api.w.org\/{rel}","templated":true}]}}