{"id":4602,"date":"2026-05-07T01:53:54","date_gmt":"2026-05-07T01:53:54","guid":{"rendered":"https:\/\/www.mkreborns.com\/?post_type=product&#038;p=4602"},"modified":"2026-05-13T14:41:14","modified_gmt":"2026-05-13T14:41:14","slug":"12-inch-full-silicone-children-gifts-reborn-baby-doll","status":"publish","type":"product","link":"https:\/\/www.mkreborns.com\/pt\/product\/12-inch-full-silicone-children-gifts-reborn-baby-doll\/","title":{"rendered":"Beb\u00ea Reborn de 30 cm (12 polegadas), totalmente em silicone, ideal para presentear crian\u00e7as."},"content":{"rendered":"<div class=\"product-specs-list-container\"><\/div>\n<div class=\"detailmodule_text\">\n<p class=\"detail-desc-decorate-content\" style=\"font-family: OpenSans; font-size: 14px; font-weight: 300; line-height: 20px; white-space: pre-wrap; margin-bottom: 12px;\"><span style=\"color: #000000;\">Altura: 30 cent\u00edmetros<\/span><br \/>\n<span style=\"color: #000000;\">Peso: 1,1 kg<\/span><br \/>\n<span style=\"color: #000000;\">Sexo: Menino<\/span><br \/>\n<span style=\"color: #000000;\">Material: Silicone<\/span><br \/>\n<span style=\"color: #000000;\">Esta boneca reborn \u00e9 enviada sem roupa; as roupas n\u00e3o est\u00e3o inclu\u00eddas. Se desejar roupas, consulte nossa se\u00e7\u00e3o de Acess\u00f3rios para Bonecas Reborn para selecionar pe\u00e7as que atendam \u00e0s suas prefer\u00eancias.<\/span><br \/>\n<span style=\"color: #000000;\">A boneca reborn possui membros flex\u00edveis, permitindo que ela se sente, deite ou assuma diversas poses de sono com facilidade. Ela n\u00e3o cont\u00e9m componentes eletr\u00f4nicos adicionais, reduzindo significativamente a necessidade de manuten\u00e7\u00e3o. Bonecas reborn podem ser oferecidas \u00e0s pessoas que voc\u00ea mais ama como presentes de anivers\u00e1rio, presentes de Natal, brinquedos infantis ou itens para uma cole\u00e7\u00e3o de bonecas.<\/span><\/p>\n<p>&nbsp;<\/p>\n<\/div>\n<div class=\"detailmodule_image\"><img decoding=\"async\" class=\"detail-desc-decorate-image\" src=\"https:\/\/www.mkreborns.com\/wp-content\/uploads\/2026\/05\/kf-Sa2b8d47ad684458b990351e19f5d1a2bs-1.webp\" alt=\"\" title=\"\"><img decoding=\"async\" class=\"detail-desc-decorate-image\" src=\"https:\/\/www.mkreborns.com\/wp-content\/uploads\/2026\/05\/kf-S39ce9a8a554f438a96fcf130a132d83aa-1.webp\" alt=\"\" title=\"\"><img decoding=\"async\" class=\"detail-desc-decorate-image\" src=\"https:\/\/www.mkreborns.com\/wp-content\/uploads\/2026\/05\/kf-S3d4515f2deb64d17aeee4f89277607772-1.webp\" alt=\"Beb\u00ea reborn de silicone com membros articulados, perfeito para crian\u00e7as e colecionadores. Macio e realista.\" title=\"\"> <img decoding=\"async\" class=\"detail-desc-decorate-image\" src=\"https:\/\/www.mkreborns.com\/wp-content\/uploads\/2026\/05\/kf-S83d31e6e6fb847929a053f66ca75cd2dp-1.webp\" alt=\"Beb\u00ea reborn realista, 31 cm (12,2 polegadas), totalmente em silicone, ideal para crian\u00e7as e para presentear, com detalhes incr\u00edveis.\" title=\"\"> <img decoding=\"async\" class=\"detail-desc-decorate-image\" src=\"https:\/\/www.mkreborns.com\/wp-content\/uploads\/2026\/05\/kf-S1d7c4a92f2da488182c621f78f77ba35K-1.webp\" alt=\"\" title=\"\"><\/div>","protected":false},"excerpt":{"rendered":"<p>Esta boneca reborn rec\u00e9m-nascida \u00e9 um presente ideal para crian\u00e7as, amigos ou familiares, servindo como uma companhia maravilhosa. Os membros da boneca reborn s\u00e3o articulados, permitindo que ela seja posicionada em diversas posi\u00e7\u00f5es para dormir, adicionando um toque extra de realismo \u00e0 sua fun\u00e7\u00e3o de companheira.<\/p>","protected":false},"featured_media":4603,"comment_status":"open","ping_status":"closed","template":"","meta":[],"product_brand":[],"product_cat":[240,145,155,154,153],"product_tag":[],"class_list":{"0":"post-4602","1":"product","2":"type-product","3":"status-publish","4":"has-post-thumbnail","6":"product_cat-12-inch-reborn-dolls","7":"product_cat-baby-boy-reborn-dolls","8":"product_cat-cute-reborn-dolls","9":"product_cat-lifelike-reborn-dolls","10":"product_cat-newborn-reborn-dolls","12":"first","13":"instock","14":"sale","15":"shipping-taxable","16":"purchasable","17":"product-type-simple"},"_links":{"self":[{"href":"https:\/\/www.mkreborns.com\/pt\/wp-json\/wp\/v2\/product\/4602","targetHints":{"allow":["GET"]}}],"collection":[{"href":"https:\/\/www.mkreborns.com\/pt\/wp-json\/wp\/v2\/product"}],"about":[{"href":"https:\/\/www.mkreborns.com\/pt\/wp-json\/wp\/v2\/types\/product"}],"replies":[{"embeddable":true,"href":"https:\/\/www.mkreborns.com\/pt\/wp-json\/wp\/v2\/comments?post=4602"}],"wp:featuredmedia":[{"embeddable":true,"href":"https:\/\/www.mkreborns.com\/pt\/wp-json\/wp\/v2\/media\/4603"}],"wp:attachment":[{"href":"https:\/\/www.mkreborns.com\/pt\/wp-json\/wp\/v2\/media?parent=4602"}],"wp:term":[{"taxonomy":"product_brand","embeddable":true,"href":"https:\/\/www.mkreborns.com\/pt\/wp-json\/wp\/v2\/product_brand?post=4602"},{"taxonomy":"product_cat","embeddable":true,"href":"https:\/\/www.mkreborns.com\/pt\/wp-json\/wp\/v2\/product_cat?post=4602"},{"taxonomy":"product_tag","embeddable":true,"href":"https:\/\/www.mkreborns.com\/pt\/wp-json\/wp\/v2\/product_tag?post=4602"}],"curies":[{"name":"wp","href":"https:\/\/api.w.org\/{rel}","templated":true}]}}