{"id":4466,"date":"2026-04-23T14:30:10","date_gmt":"2026-04-23T14:30:10","guid":{"rendered":"https:\/\/www.mkreborns.com\/?post_type=product&#038;p=4466"},"modified":"2026-04-30T16:16:29","modified_gmt":"2026-04-30T16:16:29","slug":"8-inch-palm-sized-bald-baby-girl-reborn-doll","status":"publish","type":"product","link":"https:\/\/www.mkreborns.com\/pt\/product\/8-inch-palm-sized-bald-baby-girl-reborn-doll\/","title":{"rendered":"Beb\u00ea reborn careca de 20 cm (8 polegadas), tamanho ideal para a palma da m\u00e3o."},"content":{"rendered":"<p>Feita de silicone macio e el\u00e1stico, esta boneca reborn \u00e9 f\u00e1cil de cuidar gra\u00e7as ao seu design sem cabelo. Este brinquedo criativo, do tamanho da palma da m\u00e3o, \u00e9 altamente port\u00e1til, evitando o inc\u00f4modo geralmente associado a itens maiores.<\/p>\n<p>Material: Silicone<br \/>\nG\u00eanero: Menina<br \/>\nAltura: 8 polegadas<br \/>\nPeso: 0,5 kg<br \/>\nPeso da embalagem: 1 kg<\/p>\n<p>O pacote completo inclui: Roupas.<\/p>\n<p>Por favor, considere uma toler\u00e2ncia manual de 0,5 a 1 polegada, visto que o produto foi medido manualmente.<\/p>\n<div style=\"width: 720px;\" class=\"wp-video\"><video class=\"wp-video-shortcode\" id=\"video-4466-1\" width=\"720\" height=\"1280\" preload=\"metadata\" controls=\"controls\"><source type=\"video\/mp4\" src=\"https:\/\/www.mkreborns.com\/wp-content\/uploads\/2026\/04\/8-inch-reborn-doll.mp4?_=1\" \/><a href=\"https:\/\/www.mkreborns.com\/wp-content\/uploads\/2026\/04\/8-inch-reborn-doll.mp4\">https:\/\/www.mkreborns.com\/wp-content\/uploads\/2026\/04\/8-inch-reborn-doll.mp4<\/a><\/video><\/div>\n<p><img decoding=\"async\" src=\"https:\/\/www.mkreborns.com\/wp-content\/uploads\/2026\/04\/O1CN01T3SK6B1jfP7VBeqTY_2220331144575-0-cib.jpg\" alt=\"\" title=\"\"><\/p>\n<p><img decoding=\"async\" src=\"https:\/\/www.mkreborns.com\/wp-content\/uploads\/2026\/04\/O1CN01hEV4qH1jfP7UhqGsO_2220331144575-0-cib.jpg\" alt=\"\" title=\"\"><\/p>\n<p><img decoding=\"async\" src=\"https:\/\/www.mkreborns.com\/wp-content\/uploads\/2026\/04\/O1CN01IZPdQF1jfP7V1pSFH_2220331144575-0-cib.jpg\" alt=\"\" title=\"\"><\/p>\n<p><img decoding=\"async\" src=\"https:\/\/www.mkreborns.com\/wp-content\/uploads\/2026\/04\/O1CN01CGYU6v1jfP7Q10uc3_2220331144575-0-cib.jpg\" alt=\"\" title=\"\"><\/p>\n<p><img decoding=\"async\" src=\"https:\/\/www.mkreborns.com\/wp-content\/uploads\/2026\/04\/O1CN01CtP74H1jfP7VRQuYb_2220331144575-0-cib.jpg\" alt=\"\" title=\"\"><\/p>\n<p><img decoding=\"async\" src=\"https:\/\/www.mkreborns.com\/wp-content\/uploads\/2026\/04\/O1CN01wMCZ4Y1jfP7VjiVzB_2220331144575-0-cib.jpg\" alt=\"\" title=\"\"><\/p>\n<p>&nbsp;<\/p>\n<p><img decoding=\"async\" src=\"https:\/\/www.mkreborns.com\/wp-content\/uploads\/2026\/04\/O1CN01BTPreB1jfP7VCIS8w_2220331144575-0-cib.jpg\" alt=\"\" title=\"\"><\/p>\n<p><img decoding=\"async\" src=\"https:\/\/www.mkreborns.com\/wp-content\/uploads\/2026\/04\/O1CN01DWeB5p1jfP7VCGAly_2220331144575-0-cib.jpg\" alt=\"\" title=\"\"><\/p>\n<p><img decoding=\"async\" src=\"https:\/\/www.mkreborns.com\/wp-content\/uploads\/2026\/04\/O1CN010AjmP01jfP7ULKLJ9_2220331144575-0-cib.jpg\" alt=\"\" title=\"\"><\/p>\n<p>&nbsp;<\/p>","protected":false},"excerpt":{"rendered":"<p>Esta boneca reborn, do tamanho da palma da m\u00e3o, mede aproximadamente 20 cent\u00edmetros, tornando-a f\u00e1cil de levar para onde voc\u00ea for; se voc\u00ea estiver se sentindo estressado(a), este brinquedo pode at\u00e9 ajudar a aliviar o estresse.<\/p>","protected":false},"featured_media":4480,"comment_status":"open","ping_status":"closed","template":"","meta":[],"product_brand":[],"product_cat":[153,260,144,155,146,157],"product_tag":[],"class_list":{"0":"post-4466","1":"product","2":"type-product","3":"status-publish","4":"has-post-thumbnail","6":"product_cat-newborn-reborn-dolls","7":"product_cat-8-inch-reborn-dolls","8":"product_cat-baby-girl-reborn-dolls","9":"product_cat-cute-reborn-dolls","10":"product_cat-full-silicone-reborn-dolls","11":"product_cat-real-life-baby-dolls","13":"first","14":"instock","15":"sale","16":"shipping-taxable","17":"purchasable","18":"product-type-simple"},"_links":{"self":[{"href":"https:\/\/www.mkreborns.com\/pt\/wp-json\/wp\/v2\/product\/4466","targetHints":{"allow":["GET"]}}],"collection":[{"href":"https:\/\/www.mkreborns.com\/pt\/wp-json\/wp\/v2\/product"}],"about":[{"href":"https:\/\/www.mkreborns.com\/pt\/wp-json\/wp\/v2\/types\/product"}],"replies":[{"embeddable":true,"href":"https:\/\/www.mkreborns.com\/pt\/wp-json\/wp\/v2\/comments?post=4466"}],"wp:featuredmedia":[{"embeddable":true,"href":"https:\/\/www.mkreborns.com\/pt\/wp-json\/wp\/v2\/media\/4480"}],"wp:attachment":[{"href":"https:\/\/www.mkreborns.com\/pt\/wp-json\/wp\/v2\/media?parent=4466"}],"wp:term":[{"taxonomy":"product_brand","embeddable":true,"href":"https:\/\/www.mkreborns.com\/pt\/wp-json\/wp\/v2\/product_brand?post=4466"},{"taxonomy":"product_cat","embeddable":true,"href":"https:\/\/www.mkreborns.com\/pt\/wp-json\/wp\/v2\/product_cat?post=4466"},{"taxonomy":"product_tag","embeddable":true,"href":"https:\/\/www.mkreborns.com\/pt\/wp-json\/wp\/v2\/product_tag?post=4466"}],"curies":[{"name":"wp","href":"https:\/\/api.w.org\/{rel}","templated":true}]}}