{"id":4369,"date":"2026-03-26T14:51:00","date_gmt":"2026-03-26T14:51:00","guid":{"rendered":"https:\/\/www.mkreborns.com\/?post_type=product&#038;p=4369"},"modified":"2026-03-30T14:07:22","modified_gmt":"2026-03-30T14:07:22","slug":"miaio-13-inch-companion-gift-reborn-doll","status":"publish","type":"product","link":"https:\/\/www.mkreborns.com\/pt\/product\/miaio-13-inch-companion-gift-reborn-doll\/","title":{"rendered":"Boneca Reborn Miaio de 33 cm (13 polegadas) para presentear."},"content":{"rendered":"<p>Uma boneca reborn pode ser uma companheira. Quando a vida parecer mon\u00f3tona, um beb\u00ea reborn de silicone pode trazer alegria, permitindo que voc\u00ea se dedique integralmente aos cuidados com o beb\u00ea. Ou, se precisar de uma companhia silenciosa para ouvir seus pensamentos mais \u00edntimos, uma boneca reborn tamb\u00e9m pode suprir essa necessidade, permanecendo ao seu lado em sil\u00eancio e ouvindo tudo o que voc\u00ea tem a dizer.<\/p>\n<p>Material: Silicone<br \/>\nG\u00eanero: Menina<br \/>\nAltura: 13 polegadas<br \/>\nPeso: 1,3 kg<br \/>\nC\u00edlios: C\u00edlios posti\u00e7os adesivos<br \/>\nPeso da embalagem: 2 kg<br \/>\nO pacote completo inclui: roupas, uma fralda e uma mamadeira.<\/p>\n<p>&nbsp;<\/p>\n<div style=\"width: 720px;\" class=\"wp-video\"><video class=\"wp-video-shortcode\" id=\"video-4369-1\" width=\"720\" height=\"960\" preload=\"metadata\" controls=\"controls\"><source type=\"video\/mp4\" src=\"https:\/\/www.mkreborns.com\/wp-content\/uploads\/2026\/03\/reborn-doll.mp4?_=1\" \/><a href=\"https:\/\/www.mkreborns.com\/wp-content\/uploads\/2026\/03\/reborn-doll.mp4\">https:\/\/www.mkreborns.com\/wp-content\/uploads\/2026\/03\/reborn-doll.mp4<\/a><\/video><\/div>\n<p><img decoding=\"async\" src=\"https:\/\/www.mkreborns.com\/wp-content\/uploads\/2026\/03\/O1CN01tpXSNz1jfP5uMinr4_2220331144575-0-cib.jpg\" alt=\"\" title=\"\"><\/p>\n<p><img decoding=\"async\" src=\"https:\/\/www.mkreborns.com\/wp-content\/uploads\/2026\/03\/O1CN01AVPBuk1jfP5t1YSja_2220331144575-0-cib.jpg\" alt=\"\" title=\"\"><\/p>","protected":false},"excerpt":{"rendered":"<p>Envie uma boneca reborn para fazer companhia a algu\u00e9m importante para voc\u00ea e trazer mais alegria a essa pessoa.<\/p>","protected":false},"featured_media":4373,"comment_status":"open","ping_status":"closed","template":"","meta":[],"product_brand":[],"product_cat":[238,242,144,146,156,154,153,157],"product_tag":[],"class_list":{"0":"post-4369","1":"product","2":"type-product","3":"status-publish","4":"has-post-thumbnail","6":"product_cat-13-inch-reborn-dolls","7":"product_cat-african-american-reborn-dolls","8":"product_cat-baby-girl-reborn-dolls","9":"product_cat-full-silicone-reborn-dolls","10":"product_cat-life-sized-dolls","11":"product_cat-lifelike-reborn-dolls","12":"product_cat-newborn-reborn-dolls","13":"product_cat-real-life-baby-dolls","15":"first","16":"instock","17":"sale","18":"shipping-taxable","19":"purchasable","20":"product-type-simple"},"_links":{"self":[{"href":"https:\/\/www.mkreborns.com\/pt\/wp-json\/wp\/v2\/product\/4369","targetHints":{"allow":["GET"]}}],"collection":[{"href":"https:\/\/www.mkreborns.com\/pt\/wp-json\/wp\/v2\/product"}],"about":[{"href":"https:\/\/www.mkreborns.com\/pt\/wp-json\/wp\/v2\/types\/product"}],"replies":[{"embeddable":true,"href":"https:\/\/www.mkreborns.com\/pt\/wp-json\/wp\/v2\/comments?post=4369"}],"wp:featuredmedia":[{"embeddable":true,"href":"https:\/\/www.mkreborns.com\/pt\/wp-json\/wp\/v2\/media\/4373"}],"wp:attachment":[{"href":"https:\/\/www.mkreborns.com\/pt\/wp-json\/wp\/v2\/media?parent=4369"}],"wp:term":[{"taxonomy":"product_brand","embeddable":true,"href":"https:\/\/www.mkreborns.com\/pt\/wp-json\/wp\/v2\/product_brand?post=4369"},{"taxonomy":"product_cat","embeddable":true,"href":"https:\/\/www.mkreborns.com\/pt\/wp-json\/wp\/v2\/product_cat?post=4369"},{"taxonomy":"product_tag","embeddable":true,"href":"https:\/\/www.mkreborns.com\/pt\/wp-json\/wp\/v2\/product_tag?post=4369"}],"curies":[{"name":"wp","href":"https:\/\/api.w.org\/{rel}","templated":true}]}}