{"id":4271,"date":"2026-03-25T10:42:59","date_gmt":"2026-03-25T10:42:59","guid":{"rendered":"https:\/\/www.mkreborns.com\/product\/ruby-exquisite-3d-painted-reborn-doll\/"},"modified":"2026-04-06T02:57:42","modified_gmt":"2026-04-06T02:57:42","slug":"ruby-exquisite-3d-painted-reborn-doll","status":"publish","type":"product","link":"https:\/\/www.mkreborns.com\/pt\/product\/ruby-exquisite-3d-painted-reborn-doll\/","title":{"rendered":"Ruby, uma boneca reborn pintada em 3D de alta qualidade."},"content":{"rendered":"<p>Essas bonecas reborn em PVC apresentam pintura 3D avan\u00e7ada, exibindo detalhes requintados. Semelhantes a rec\u00e9m-nascidos, elas podem ser vestidas e s\u00e3o adequadas para diversas ocasi\u00f5es.<\/p>\n<p>Material: PVC de corpo inteiro<br \/>\nG\u00eanero: Menina<br \/>\nAltura: 22 polegadas<br \/>\nPeso: 1,6 kg<br \/>\nC\u00edlios: C\u00edlios posti\u00e7os adesivos<br \/>\nPeso da embalagem: 2,8 kg<br \/>\nO pacote completo inclui: roupa, fralda, chupeta magn\u00e9tica e mamadeira.<\/p>\n<div id=\"attachment_4276\" style=\"width: 1076px\" class=\"wp-caption aligncenter\"><img decoding=\"async\" aria-describedby=\"caption-attachment-4276\" class=\"wp-image-4276 size-full\" src=\"https:\/\/www.mkreborns.com\/wp-content\/themes\/woodmart\/images\/lazy.svg\" data-src=\"https:\/\/www.mkreborns.com\/wp-content\/uploads\/2026\/03\/O1CN01YqFS1B1Q2xABgQUNB_2214704711919-0-cib.jpg\" alt=\"Boneca reborn com pintura 3D realista, perfeita para colecionadores e entusiastas. Beb\u00ea boneca feito \u00e0 m\u00e3o.\" width=\"1066\" height=\"1066\" title=\"\" srcset=\"\" data-srcset=\"https:\/\/www.mkreborns.com\/wp-content\/uploads\/2026\/03\/O1CN01YqFS1B1Q2xABgQUNB_2214704711919-0-cib.jpg 1066w, https:\/\/www.mkreborns.com\/wp-content\/uploads\/2026\/03\/O1CN01YqFS1B1Q2xABgQUNB_2214704711919-0-cib-300x300.jpg 300w, https:\/\/www.mkreborns.com\/wp-content\/uploads\/2026\/03\/O1CN01YqFS1B1Q2xABgQUNB_2214704711919-0-cib-800x800.jpg 800w, https:\/\/www.mkreborns.com\/wp-content\/uploads\/2026\/03\/O1CN01YqFS1B1Q2xABgQUNB_2214704711919-0-cib-150x150.jpg 150w, https:\/\/www.mkreborns.com\/wp-content\/uploads\/2026\/03\/O1CN01YqFS1B1Q2xABgQUNB_2214704711919-0-cib-768x768.jpg 768w, https:\/\/www.mkreborns.com\/wp-content\/uploads\/2026\/03\/O1CN01YqFS1B1Q2xABgQUNB_2214704711919-0-cib-12x12.jpg 12w, https:\/\/www.mkreborns.com\/wp-content\/uploads\/2026\/03\/O1CN01YqFS1B1Q2xABgQUNB_2214704711919-0-cib-700x700.jpg 700w\" sizes=\"(max-width: 1066px) 100vw, 1066px\" \/><p id=\"caption-attachment-4276\" class=\"wp-caption-text\">\u00a0<\/p><\/div>","protected":false},"excerpt":{"rendered":"<p>As ador\u00e1veis bonecas reborn t\u00eam uma apar\u00eancia delicada e podem acalmar rapidamente um cora\u00e7\u00e3o ansioso. Elas s\u00e3o muito populares.<\/p>","protected":false},"featured_media":4272,"comment_status":"open","ping_status":"closed","template":"","meta":[],"product_brand":[],"product_cat":[151,144,156,153,152],"product_tag":[],"class_list":{"0":"post-4271","1":"product","2":"type-product","3":"status-publish","4":"has-post-thumbnail","6":"product_cat-18-inch-reborn-dolls","7":"product_cat-baby-girl-reborn-dolls","8":"product_cat-life-sized-dolls","9":"product_cat-newborn-reborn-dolls","10":"product_cat-vinyl-reborn-dolls","12":"first","13":"instock","14":"sale","15":"shipping-taxable","16":"purchasable","17":"product-type-simple"},"_links":{"self":[{"href":"https:\/\/www.mkreborns.com\/pt\/wp-json\/wp\/v2\/product\/4271","targetHints":{"allow":["GET"]}}],"collection":[{"href":"https:\/\/www.mkreborns.com\/pt\/wp-json\/wp\/v2\/product"}],"about":[{"href":"https:\/\/www.mkreborns.com\/pt\/wp-json\/wp\/v2\/types\/product"}],"replies":[{"embeddable":true,"href":"https:\/\/www.mkreborns.com\/pt\/wp-json\/wp\/v2\/comments?post=4271"}],"wp:featuredmedia":[{"embeddable":true,"href":"https:\/\/www.mkreborns.com\/pt\/wp-json\/wp\/v2\/media\/4272"}],"wp:attachment":[{"href":"https:\/\/www.mkreborns.com\/pt\/wp-json\/wp\/v2\/media?parent=4271"}],"wp:term":[{"taxonomy":"product_brand","embeddable":true,"href":"https:\/\/www.mkreborns.com\/pt\/wp-json\/wp\/v2\/product_brand?post=4271"},{"taxonomy":"product_cat","embeddable":true,"href":"https:\/\/www.mkreborns.com\/pt\/wp-json\/wp\/v2\/product_cat?post=4271"},{"taxonomy":"product_tag","embeddable":true,"href":"https:\/\/www.mkreborns.com\/pt\/wp-json\/wp\/v2\/product_tag?post=4271"}],"curies":[{"name":"wp","href":"https:\/\/api.w.org\/{rel}","templated":true}]}}